{"id":1038,"date":"2025-09-28T04:38:24","date_gmt":"2025-09-27T21:38:24","guid":{"rendered":"https:\/\/dienmay1.pluginaz.com\/index.php\/san-pham\/tau-sac-ugreen-2-cong-usb-ed018\/"},"modified":"2025-09-28T04:38:34","modified_gmt":"2025-09-27T21:38:34","slug":"tau-sac-ugreen-2-cong-usb-ed018","status":"publish","type":"product","link":"https:\/\/dienmay1.pluginaz.com\/index.php\/san-pham\/tau-sac-ugreen-2-cong-usb-ed018\/","title":{"rendered":"T\u1ea9u s\u1ea1c Ugreen 2 c\u1ed5ng USB ED018"},"content":{"rendered":"<div class=\"luanlt_content_tab\">\n<p>T\u1ea9u s\u1ea1c Ugreen 2 c\u1ed5ng USB ED018gi\u1ea3i ph\u00e1p th\u00f4ng minh \u0111\u1ec3 gi\u1eef thi\u1ebft b\u1ecb c\u1ee7a b\u1ea1n lu\u00f4n \u0111\u01b0\u1ee3c s\u1ea1c \u0111\u1ea7y khi b\u1ea1n di chuy\u1ec3n. V\u1edbi thi\u1ebft k\u1ebf th\u00f4ng minh c\u1ee7a n\u00f3, b\u1ed9 s\u1ea1c n\u00e0y nh\u1eadn d\u1ea1ng thi\u1ebft b\u1ecb c\u1ee7a b\u1ea1n m\u1ed9t c\u00e1ch th\u00f4ng minh v\u00e0 \u0111\u1ea3m b\u1ea3o s\u1ea1c an to\u00e0n v\u00e0 hi\u1ec7u qu\u1ea3.<\/p>\n<p>V\u1edbi kh\u1ea3 n\u0103ng t\u01b0\u01a1ng th\u00edch ph\u1ed5 qu\u00e1t, b\u1ed9 s\u1ea1c n\u00e0y ho\u1ea1t \u0111\u1ed9ng t\u01b0\u01a1ng th\u00edch ho\u00e0n h\u1ea3o v\u1edbi nhi\u1ec1u thi\u1ebft b\u1ecb kh\u00e1c nhau, bao g\u1ed3m iPhone, iPad, Samsung Galaxy, LG Nexus, Google Pixel v\u00e0 nhi\u1ec1u h\u01a1n n\u1eefa. D\u00f9 b\u1ea1n s\u1edf h\u1eefu thi\u1ebft b\u1ecb n\u00e0o, UGREEN ED018 \u0111\u1ec1u \u0111\u00e1p \u1ee9ng \u0111\u01b0\u1ee3c.<\/p>\n<figure id=\"attachment_66453\" aria-describedby=\"caption-attachment-66453\" class=\"wp-caption aligncenter\"><img decoding=\"async\" src=\"https:\/\/dienmay1.pluginaz.com\/wp-content\/uploads\/2025\/09\/tau-sac-ugreen-2-cong-usb-ed018-4.jpg\" class=\"wp-image-66453 size-full\" alt=\"T\u1ea9u s\u1ea1c Ugreen 2 c\u1ed5ng USB ED018 - H\u00ecnh \u1ea3nh 3\" width=\"960\" height=\"844\" title=\"T\u1ea9u s\u1ea1c Ugreen 2 c\u1ed5ng USB ED018 3\" loading=\"lazy\"><figcaption id=\"caption-attachment-66453\" class=\"wp-caption-text\">T\u1ea9u s\u1ea1c Ugreen 2 c\u1ed5ng USB ED018<\/figcaption><\/figure>\n<p>V\u1edbi k\u00edch th\u01b0\u1edbc nh\u1ecf nh\u1ea5t v\u00e0 nh\u1eb9 nh\u1ea5t tr\u00ean th\u1ecb tr\u01b0\u1eddng, b\u1ed9 s\u1ea1c \u00f4 t\u00f4 n\u00e0y \u0111\u01b0\u1ee3c trang b\u1ecb hai c\u1ed5ng USB si\u00eau m\u1ea1nh. Thi\u1ebft k\u1ebf si\u00eau nh\u1ecf n\u00e0y ti\u1ebft ki\u1ec7m kh\u00f4ng gian, cho ph\u00e9p b\u1ea1n d\u1ec5 d\u00e0ng truy c\u1eadp v\u00e0o c\u00e1c ph\u1ea7n kh\u00e1c tr\u00ean b\u1ea3ng \u0111i\u1ec1u khi\u1ec3n c\u1ee7a xe. \u0110\u1eebng \u0111\u1ec3 k\u00edch th\u01b0\u1edbc nh\u1ecf g\u00e2y hi\u1ec3u l\u1ea7m \u2013 b\u1ed9 s\u1ea1c \u00f4 t\u00f4 nh\u1ecf g\u1ecdn n\u00e0y c\u00f3 s\u1ee9c m\u1ea1nh kh\u00f4ng th\u1ec3 ng\u1edd.<\/p>\n<p>V\u1edbi ch\u1ea5t li\u1ec7u ch\u1ea5t l\u01b0\u1ee3ng cao v\u00e0 thi\u1ebft k\u1ebf t\u1ec9 m\u1ec9, UGREEN ED018 b\u1ea3o v\u1ec7 t\u1ed1i \u0111a cho b\u1ea1n v\u00e0 thi\u1ebft b\u1ecb c\u1ee7a b\u1ea1n. N\u00f3 b\u1ea3o v\u1ec7 ch\u1ed1ng qu\u00e1 \u00e1p, qu\u00e1 nhi\u1ec7t, qu\u00e1 d\u00f2ng v\u00e0 t\u0129nh, mang l\u1ea1i s\u1ef1 y\u00ean t\u00e2m khi b\u1ea1n \u0111ang l\u00e1i xe.<\/p>\n<p>Tr\u1ea3i nghi\u1ec7m c\u00f4ng ngh\u1ec7 s\u1ea1c th\u00f4ng minh tuy\u1ec7t v\u1eddi. Chip IC th\u00f4ng minh t\u00edch h\u1ee3p t\u1ef1 \u0111\u1ed9ng ph\u00e1t hi\u1ec7n v\u00e0 cung c\u1ea5p ngu\u1ed3n \u0111i\u1ec7n t\u1ed1i \u01b0u cho thi\u1ebft b\u1ecb c\u1ee7a b\u1ea1n, cung c\u1ea5p t\u1ed1i \u0111a 2.4A khi s\u1eed d\u1ee5ng m\u1ed9t c\u1ed5ng. Hi\u1ec7u su\u1ea5t s\u1ea1c \u0111\u01b0\u1ee3c c\u1ea3i thi\u1ec7n l\u00ean \u0111\u1ebfn 30%. B\u1ed9 s\u1ea1c \u00f4 t\u00f4 USB n\u00e0y ho\u00e0n h\u1ea3o \u0111\u1ec3 cung c\u1ea5p n\u0103ng l\u01b0\u1ee3ng cho thi\u1ebft b\u1ecb c\u1ee7a b\u1ea1n.<\/p>\n<p><em><strong>Vui l\u00f2ng l\u01b0u \u00fd:<\/strong><\/em><\/p>\n<ul>\n<li>C\u00e1c c\u00e0i \u0111\u1eb7t hi\u1ec3n th\u1ecb kh\u00e1c nhau c\u00f3 th\u1ec3 l\u00e0m thay \u0111\u1ed5i m\u00e0u s\u1eafc c\u1ee7a s\u1ea3n ph\u1ea9m so v\u1edbi h\u00e0ng th\u1ef1c t\u1ebf.<\/li>\n<li>Sai s\u1ed1 \u0111o l\u01b0\u1eddng cho ph\u00e9p l\u00e0 \u00b1(1-3)cm.<\/li>\n<\/ul>\n<p>\u0110\u1eebng \u0111\u1ec3 t\u1ed1c \u0111\u1ed9 s\u1ea1c v\u00e0 an to\u00e0n b\u1ecb gi\u1ea3m khi b\u1ea1n \u0111ang l\u00e1i xe. N\u00e2ng c\u1ea5p l\u00ean b\u1ed9 s\u1ea1c \u00f4 t\u00f4 2 c\u1ed5ng USB s\u1ea1c xe h\u01a1i c\u00f4ng su\u1ea5t cao UGREEN ED018 v\u00e0 t\u1eadn h\u01b0\u1edfng s\u1ef1 s\u1ea1c \u0111\u00e1ng tin c\u1eady v\u00e0 hi\u1ec7u qu\u1ea3 cho t\u1ea5t c\u1ea3 thi\u1ebft b\u1ecb c\u1ee7a b\u1ea1n. H\u00e3y lu\u00f4n gi\u1eef k\u1ebft n\u1ed1i v\u00e0 n\u0103ng l\u01b0\u1ee3ng khi b\u1ea1n \u0111i \u0111\u00e2u c\u00f9ng UGREEN ED018.<\/p>\n<\/div>\n","protected":false},"excerpt":{"rendered":"<p>T\u1ea9u s\u1ea1c Ugreen 2 c\u1ed5ng USB ED018gi\u1ea3i ph\u00e1p th\u00f4ng minh \u0111\u1ec3 gi\u1eef thi\u1ebft b\u1ecb c\u1ee7a b\u1ea1n lu\u00f4n \u0111\u01b0\u1ee3c s\u1ea1c \u0111\u1ea7y khi b\u1ea1n di chuy\u1ec3n. V\u1edbi thi\u1ebft k\u1ebf th\u00f4ng minh c\u1ee7a n\u00f3, b\u1ed9 s\u1ea1c n\u00e0y nh\u1eadn d\u1ea1ng thi\u1ebft b\u1ecb c\u1ee7a b\u1ea1n m\u1ed9t c\u00e1ch th\u00f4ng minh v\u00e0 \u0111\u1ea3m b\u1ea3o s\u1ea1c an to\u00e0n v\u00e0 hi\u1ec7u qu\u1ea3. V\u1edbi kh\u1ea3 [&#8230;]\n","protected":false},"featured_media":1039,"comment_status":"closed","ping_status":"closed","template":"","meta":{"_acf_changed":false},"product_brand":[25],"product_cat":[16],"product_tag":[],"class_list":{"0":"post-1038","1":"product","2":"type-product","3":"status-publish","4":"has-post-thumbnail","6":"product_brand-ugreen","7":"product_cat-phu-kien-dien-thoai","9":"first","10":"instock","11":"sale","12":"shipping-taxable","13":"purchasable","14":"product-type-simple"},"acf":[],"_links":{"self":[{"href":"https:\/\/dienmay1.pluginaz.com\/index.php\/wp-json\/wp\/v2\/product\/1038","targetHints":{"allow":["GET"]}}],"collection":[{"href":"https:\/\/dienmay1.pluginaz.com\/index.php\/wp-json\/wp\/v2\/product"}],"about":[{"href":"https:\/\/dienmay1.pluginaz.com\/index.php\/wp-json\/wp\/v2\/types\/product"}],"replies":[{"embeddable":true,"href":"https:\/\/dienmay1.pluginaz.com\/index.php\/wp-json\/wp\/v2\/comments?post=1038"}],"wp:featuredmedia":[{"embeddable":true,"href":"https:\/\/dienmay1.pluginaz.com\/index.php\/wp-json\/wp\/v2\/media\/1039"}],"wp:attachment":[{"href":"https:\/\/dienmay1.pluginaz.com\/index.php\/wp-json\/wp\/v2\/media?parent=1038"}],"wp:term":[{"taxonomy":"product_brand","embeddable":true,"href":"https:\/\/dienmay1.pluginaz.com\/index.php\/wp-json\/wp\/v2\/product_brand?post=1038"},{"taxonomy":"product_cat","embeddable":true,"href":"https:\/\/dienmay1.pluginaz.com\/index.php\/wp-json\/wp\/v2\/product_cat?post=1038"},{"taxonomy":"product_tag","embeddable":true,"href":"https:\/\/dienmay1.pluginaz.com\/index.php\/wp-json\/wp\/v2\/product_tag?post=1038"}],"curies":[{"name":"wp","href":"https:\/\/api.w.org\/{rel}","templated":true}]}}