{"id":1059,"date":"2025-09-28T05:32:02","date_gmt":"2025-09-27T22:32:02","guid":{"rendered":"https:\/\/dienmay1.pluginaz.com\/index.php\/san-pham\/day-sac-nhanh-noi-dai-type-c-ugreen-40574-truyen-tai-video-hinh-anh-4k-full-hd\/"},"modified":"2025-09-28T05:32:07","modified_gmt":"2025-09-27T22:32:07","slug":"day-sac-nhanh-noi-dai-type-c-ugreen-40574-truyen-tai-video-hinh-anh-4k-full-hd","status":"publish","type":"product","link":"https:\/\/dienmay1.pluginaz.com\/index.php\/san-pham\/day-sac-nhanh-noi-dai-type-c-ugreen-40574-truyen-tai-video-hinh-anh-4k-full-hd\/","title":{"rendered":"D\u00e2y s\u1ea1c nhanh n\u1ed1i d\u00e0i Type C UGREEN 40574 \u2013 Truy\u1ec1n t\u1ea3i video, h\u00ecnh \u1ea3nh 4K full HD"},"content":{"rendered":"","protected":false},"excerpt":{"rendered":"<ul>\n<li><span><span><span>Th\u01b0\u01a1ng hi\u1ec7u: UGREEN<\/span><\/span><\/span><\/li>\n<li><span><span><span>C\u00e1p n\u1ed1i d\u00e0i UGREEN USB Type-C thi\u1ebft k\u1ebf gi\u00fap m\u1edf r\u1ed9ng k\u1ebft n\u1ed1i gi\u1eefa c\u00e1c thi\u1ebft b\u1ecb c\u00f3 c\u1ed5ng Type-C b\u1ecb gi\u1edbi h\u1ea1n v\u1ec1 chi\u1ec1u d\u00e0i ho\u1eb7c v\u1ecb tr\u00ed, gi\u00fap m\u1ecdi vi\u1ec7c tr\u1edf n\u00ean d\u1ec5 d\u00e0ng v\u00e0 thu\u1eadn ti\u1ec7n h\u01a1n<\/span><\/span><\/span><\/li>\n<li><span><span><span>L\u00fd t\u01b0\u1edfng khi d\u00f9ng cho Hub ho\u1eb7c dock USB-C v\u00e0 h\u01a1n th\u1ebf n\u1eefa<\/span><\/span><\/span><\/li>\n<li><span><span><span>C\u00e1p s\u1ea1c nhanh v\u00e0 \u0111\u1ed3ng b\u1ed9 d\u1eef li\u1ec7u, c\u00f3 th\u1ec3 h\u1ed7 tr\u1ee3\u0111i\u1ec7n \u00e1p v\u00e0 d\u00f2ng \u0111i\u1ec7n l\u00ean \u0111\u1ebfn 20V-3A \u0111\u1ec3 s\u1ea1c, t\u1ed1c \u0111\u1ed9 th\u1ef1c t\u1ebf ph\u1ee5 thu\u1ed9c v\u00e0o c\u00e1p USB-C v\u00e0 thi\u1ebft b\u1ecb ch\u1ee7 c\u1ee7a b\u1ea1n<\/span><\/span><\/span><\/li>\n<li><span><span><span>T\u1ed1c \u0111\u1ed9 truy\u1ec1n t\u1ea3i l\u00ean \u0111\u1ebfn 5Gbps, c\u00f3 th\u1ec3 truy\u1ec1n c\u00e1c t\u1ec7p c\u1ed3ng k\u1ec1nh nh\u01b0 video HD ch\u1ec9 trong v\u00e0i gi\u00e2y<\/span><\/span><\/span><\/li>\n<li><span><span><span>H\u1ed7 tr\u1ee3 \u0111\u1ea7u ra video 4K full HD \u1edf m\u1ee9c t\u1ed1i \u0111a 3840\u00d72160 30Hz<\/span><\/span><\/span><\/li>\n<li><span><span><span>\u0110\u1ed9 d\u00e0i d\u00e2y c\u00e1p: 0.45 cm<\/span><\/span><\/span><\/li>\n<li><span><span>Ph\u01b0\u01a1ng th\u1ee9c v\u00e0 th\u1eddi gian b\u1ea3o h\u00e0nh: B\u1ea3o h\u00e0nh \u0111i\u1ec7n t\u1eed 24\u00a0th\u00e1ng \u0111\u1ed5i m\u1edbi v\u1edbi l\u1ed7i do s\u1ea3n xu\u1ea5t<\/span><\/span><\/li>\n<\/ul>\n","protected":false},"featured_media":1060,"comment_status":"closed","ping_status":"closed","template":"","meta":{"_acf_changed":false},"product_brand":[25],"product_cat":[20],"product_tag":[],"class_list":{"0":"post-1059","1":"product","2":"type-product","3":"status-publish","4":"has-post-thumbnail","6":"product_brand-ugreen","7":"product_cat-cap-data-du-lieu","9":"first","10":"instock","11":"sale","12":"shipping-taxable","13":"purchasable","14":"product-type-simple"},"acf":[],"_links":{"self":[{"href":"https:\/\/dienmay1.pluginaz.com\/index.php\/wp-json\/wp\/v2\/product\/1059","targetHints":{"allow":["GET"]}}],"collection":[{"href":"https:\/\/dienmay1.pluginaz.com\/index.php\/wp-json\/wp\/v2\/product"}],"about":[{"href":"https:\/\/dienmay1.pluginaz.com\/index.php\/wp-json\/wp\/v2\/types\/product"}],"replies":[{"embeddable":true,"href":"https:\/\/dienmay1.pluginaz.com\/index.php\/wp-json\/wp\/v2\/comments?post=1059"}],"wp:featuredmedia":[{"embeddable":true,"href":"https:\/\/dienmay1.pluginaz.com\/index.php\/wp-json\/wp\/v2\/media\/1060"}],"wp:attachment":[{"href":"https:\/\/dienmay1.pluginaz.com\/index.php\/wp-json\/wp\/v2\/media?parent=1059"}],"wp:term":[{"taxonomy":"product_brand","embeddable":true,"href":"https:\/\/dienmay1.pluginaz.com\/index.php\/wp-json\/wp\/v2\/product_brand?post=1059"},{"taxonomy":"product_cat","embeddable":true,"href":"https:\/\/dienmay1.pluginaz.com\/index.php\/wp-json\/wp\/v2\/product_cat?post=1059"},{"taxonomy":"product_tag","embeddable":true,"href":"https:\/\/dienmay1.pluginaz.com\/index.php\/wp-json\/wp\/v2\/product_tag?post=1059"}],"curies":[{"name":"wp","href":"https:\/\/api.w.org\/{rel}","templated":true}]}}