{"id":111,"date":"2025-09-27T18:16:59","date_gmt":"2025-09-27T11:16:59","guid":{"rendered":"https:\/\/dienmay1.pluginaz.com\/index.php\/san-pham\/hop-dung-o-cung-dual-slot-m-2-sata-6gbps-ugreen-70534\/"},"modified":"2025-09-27T18:17:10","modified_gmt":"2025-09-27T11:17:10","slug":"hop-dung-o-cung-dual-slot-m-2-sata-6gbps-ugreen-70534","status":"publish","type":"product","link":"https:\/\/dienmay1.pluginaz.com\/index.php\/san-pham\/hop-dung-o-cung-dual-slot-m-2-sata-6gbps-ugreen-70534\/","title":{"rendered":"H\u1ed9p \u0110\u1ef1ng \u1ed4 C\u1ee9ng dual slot M.2 Sata 6Gbps UGREEN 70534"},"content":{"rendered":"<div class=\"luanlt_excerpt\">\n<h2>\u0110\u1eb7c \u0111i\u1ec3m n\u1ed5i b\u1eadt  70534<\/h2>\n<ul>\n<li><strong data-start=\"287\" data-end=\"309\">T\u1ed1c \u0111\u1ed9 si\u00eau nhanh:<\/strong> H\u1ed7 tr\u1ee3 t\u1ed1c \u0111\u1ed9 truy\u1ec1n d\u1eef li\u1ec7u l\u00ean \u0111\u1ebfn <strong data-start=\"347\" data-end=\"357\">10Gbps<\/strong> \u2014 l\u00fd t\u01b0\u1edfng cho sao l\u01b0u d\u1eef li\u1ec7u, n\u00e2ng c\u1ea5p h\u1ec7 th\u1ed1ng v\u00e0 truy\u1ec1n t\u1ea3i t\u1ec7p l\u1edbn.<\/li>\n<li><strong data-start=\"436\" data-end=\"465\">H\u1ed7 tr\u1ee3 nhi\u1ec1u ch\u1ebf \u0111\u1ed9 RAID:<\/strong> T\u00edch h\u1ee3p RAID 0, RAID 1 gi\u00fap t\u1ed1i \u01b0u h\u00f3a t\u1ed1c \u0111\u1ed9 ho\u1eb7c b\u1ea3o v\u1ec7 d\u1eef li\u1ec7u, \u0111\u00e1p \u1ee9ng nhu c\u1ea7u c\u1ee7a ng\u01b0\u1eddi d\u00f9ng chuy\u00ean nghi\u1ec7p.<\/li>\n<li><strong data-start=\"585\" data-end=\"620\">Thi\u1ebft k\u1ebf b\u1ec1n b\u1ec9, t\u1ea3n nhi\u1ec7t t\u1ed1t:<\/strong> V\u1ecf nh\u00f4m cao c\u1ea5p v\u1edbi c\u00e1c l\u1ed7 t\u1ea3n nhi\u1ec7t gi\u00fap thi\u1ebft b\u1ecb ho\u1ea1t \u0111\u1ed9ng m\u00e1t m\u1ebb, kh\u00f4ng c\u1ea7n qu\u1ea1t l\u00e0m m\u00e1t.<\/li>\n<li><strong data-start=\"719\" data-end=\"739\">D\u1ec5 d\u00e0ng s\u1eed d\u1ee5ng:<\/strong> C\u1eafm l\u00e0 ch\u1ea1y, kh\u00f4ng c\u1ea7n c\u00e0i \u0111\u1eb7t ph\u1ea7n m\u1ec1m, h\u1ed7 tr\u1ee3 hot-swapping, ph\u00f9 h\u1ee3p cho c\u1ea3 ng\u01b0\u1eddi d\u00f9ng ph\u1ed5 th\u00f4ng.<\/li>\n<li><strong data-start=\"844\" data-end=\"876\">T\u00ednh n\u0103ng b\u1ea3o v\u1ec7 th\u00f4ng minh:<\/strong> T\u00edch h\u1ee3p b\u1ea3o v\u1ec7 ch\u1ed1ng \u0111o\u1ea3n m\u1ea1ch, qu\u00e1 d\u00f2ng v\u00e0 qu\u00e1 nhi\u1ec7t, \u0111\u1ea3m b\u1ea3o an to\u00e0n cho \u1ed5 SSD v\u00e0 d\u1eef li\u1ec7u quan tr\u1ecdng.<\/li>\n<\/ul>\n<\/div>\n<div class=\"luanlt_content_tab\">\n<p><strong>H\u1ed9p \u0110\u1ef1ng \u1ed4 C\u1ee9ng UGREEN 70534 M.2 SATA Dual Bay RAID Enclosure B-Key 6Gbps CM299<\/strong> \u0111\u01b0\u1ee3c thi\u1ebft k\u1ebf d\u00e0nh ri\u00eang cho c\u00e1c \u1ed5 SSD SATA NGFF chu\u1ea9n B-Key v\u00e0 M+B Key. V\u1edbi hai khe c\u1eafm M.2, s\u1ea3n ph\u1ea9m h\u1ed7 tr\u1ee3 nhi\u1ec1u ch\u1ebf \u0111\u1ed9 RAID: RAID 0, RAID 1, Span Mode v\u00e0 PM Mode. Gi\u1ea3i ph\u00e1p ho\u00e0n h\u1ea3o \u0111\u1ec3 k\u1ebft n\u1ed1i \u1ed5 c\u1ee9ng M.2 SSD v\u1edbi laptop, PS4, Xbox \u2014 ph\u1ee5c v\u1ee5 nhu c\u1ea7u truy\u1ec1n d\u1eef li\u1ec7u t\u1ed1c \u0111\u1ed9 cao, m\u1edf r\u1ed9ng b\u1ed9 nh\u1edb, sao l\u01b0u d\u1eef li\u1ec7u, kh\u00f4i ph\u1ee5c d\u1eef li\u1ec7u, n\u00e2ng c\u1ea5p h\u1ec7 th\u1ed1ng v\u00e0 sao ch\u00e9p \u1ed5 \u0111\u0129a. <strong>L\u01b0u \u00fd:<\/strong> Kh\u00f4ng h\u1ed7 tr\u1ee3 c\u00e1c \u1ed5 NVMe PCIe (M-Key ho\u1eb7c M+B Key), M.2 PCIe AHCI, v\u00e0 mSATA SSD.<\/p>\n<figure class=\"wp-block-image aligncenter size-full\"><img decoding=\"async\" src=\"https:\/\/dienmay1.pluginaz.com\/wp-content\/uploads\/2025\/09\/png-1.png\" width=\"800\" height=\"800\" alt=\"H\u1ed9p \u0110\u1ef1ng \u1ed4 C\u1ee9ng dual slot M.2 Sata 6Gbps UGREEN 70534\" class=\"wp-image-80909\" title=\"H\u1ed9p \u0110\u1ef1ng \u1ed4 C\u1ee9ng dual slot M.2 Sata 6Gbps UGREEN 70534 1\" loading=\"lazy\"><figcaption class=\"wp-element-caption\">H\u1ed9p \u0110\u1ef1ng \u1ed4 C\u1ee9ng dual slot M.2 Sata 6Gbps UGREEN 70534<\/figcaption><\/figure>\n<p><strong>2. T\u1ed1c \u0110\u1ed9 Truy\u1ec1n T\u1ea3i Si\u00eau Nhanh<\/strong><br \/>S\u1ea3n ph\u1ea9m s\u1eed d\u1ee5ng giao th\u1ee9c USB 3.1 Gen 2 k\u1ebft h\u1ee3p v\u1edbi M.2 SATA III v\u00e0 UASP (USB Attached SCSI Protocol), cho t\u1ed1c \u0111\u1ed9 truy\u1ec1n d\u1eef li\u1ec7u v\u01b0\u1ee3t tr\u1ed9i:<\/p>\n<ul class=\"wp-block-list\">\n<li><strong>RAID 0 Mode:<\/strong> l\u00ean \u0111\u1ebfn <strong>10Gbps<\/strong><\/li>\n<li><strong>RAID 1 Mode:<\/strong> l\u00ean \u0111\u1ebfn <strong>6Gbps<\/strong><br \/>Chip x\u1eed l\u00fd ASM1352R ti\u00ean ti\u1ebfn \u0111\u1ea3m b\u1ea3o t\u1ed1c \u0111\u1ed9 truy\u1ec1n t\u1ea3i nhanh v\u00e0 an to\u00e0n cho d\u1eef li\u1ec7u quan tr\u1ecdng c\u1ee7a b\u1ea1n.<\/li>\n<\/ul>\n<p><strong>3. B\u1ec1n B\u1ec9 v\u00e0 An To\u00e0n<\/strong><br \/>\u0110\u01b0\u1ee3c ch\u1ebf t\u1ea1o t\u1eeb h\u1ee3p kim nh\u00f4m cao c\u1ea5p, h\u1ed9p \u0111\u1ef1ng UGREEN c\u00f3 kh\u1ea3 n\u0103ng t\u1ea3n nhi\u1ec7t t\u1ed1t nh\u1edd c\u00e1c l\u1ed7 tho\u00e1t nhi\u1ec7t, kh\u00f4ng c\u1ea7n qu\u1ea1t l\u00e0m m\u00e1t ngay c\u1ea3 khi ho\u1ea1t \u0111\u1ed9ng \u1edf t\u1ed1c \u0111\u1ed9 cao. T\u00edch h\u1ee3p c\u00e1c t\u00ednh n\u0103ng b\u1ea3o v\u1ec7 th\u00f4ng minh:<\/p>\n<ul class=\"wp-block-list\">\n<li><strong>Ch\u1ed1ng \u0111o\u1ea3n m\u1ea1ch<\/strong><\/li>\n<li><strong>Ch\u1ed1ng qu\u00e1 d\u00f2ng<\/strong><\/li>\n<li><strong>Ch\u1ed1ng qu\u00e1 nhi\u1ec7t<\/strong><br \/>Ngo\u00e0i ra, s\u1ea3n ph\u1ea9m h\u1ed7 tr\u1ee3 ch\u1ee9c n\u0103ng <strong>S.M.A.R.T<\/strong> gi\u00fap b\u1ea1n ki\u1ec3m tra tr\u1ea1ng th\u00e1i \u1ed5 c\u1ee9ng M.2 SSD m\u1ed9t c\u00e1ch d\u1ec5 d\u00e0ng. \u0110\u00e8n LED b\u00e1o hi\u1ec7u tr\u1ea1ng th\u00e1i ho\u1ea1t \u0111\u1ed9ng tr\u1ef1c quan.<\/li>\n<\/ul>\n<p><strong>4. D\u1ec5 D\u00e0ng S\u1eed D\u1ee5ng<\/strong><br \/>Thi\u1ebft k\u1ebf <strong>c\u1eafm l\u00e0 ch\u1ea1y<\/strong> (Plug and Play) kh\u00f4ng c\u1ea7n c\u00e0i \u0111\u1eb7t tr\u00ecnh \u0111i\u1ec1u khi\u1ec3n. Ch\u1ec9 c\u1ea7n:<\/p>\n<ol class=\"wp-block-list\">\n<li>Tr\u01b0\u1ee3t m\u1edf n\u1eafp h\u1ed9p.<\/li>\n<li>C\u1eafm \u1ed5 M.2 SSD v\u00e0o khe B-Key.<\/li>\n<li>C\u1ed1 \u0111\u1ecbnh b\u1eb1ng hai mi\u1ebfng cao su \u0111i k\u00e8m.<\/li>\n<li>\u0110\u00f3ng n\u1eafp l\u1ea1i.<\/li>\n<li>\u0110i\u1ec1u ch\u1ec9nh DIP Switch \u0111\u1ec3 chuy\u1ec3n \u0111\u1ed5i ch\u1ebf \u0111\u1ed9 RAID.<br \/>Kh\u00f4ng c\u1ea7n ngu\u1ed3n \u0111i\u1ec7n ngo\u00e0i, h\u1ed7 tr\u1ee3 <strong>hot-swapping<\/strong> (thay \u1ed5 c\u1ee9ng n\u00f3ng). K\u00edch th\u01b0\u1edbc nh\u1ecf g\u1ecdn, v\u1ecf nh\u00f4m sang tr\u1ecdng \u2014 d\u1ec5 d\u00e0ng mang theo b\u00ean m\u00ecnh. B\u1ed9 s\u1ea3n ph\u1ea9m bao g\u1ed3m:<\/li>\n<\/ol>\n<ul class=\"wp-block-list\">\n<li><strong>C\u00e1p USB-A to USB-C<\/strong><\/li>\n<li><strong>C\u00e1p USB-C to USB-C<\/strong><\/li>\n<\/ul>\n<p><strong>5. T\u01b0\u01a1ng Th\u00edch R\u1ed9ng R\u00e3i<\/strong><br \/>T\u01b0\u01a1ng th\u00edch v\u1edbi nhi\u1ec1u h\u1ec7 \u0111i\u1ec1u h\u00e0nh: <strong>Windows 10\/8\/7\/XP\/Vista, Mac OS, Linux, Chrome OS<\/strong>. Ph\u00f9 h\u1ee3p v\u1edbi h\u1ea7u h\u1ebft c\u00e1c \u1ed5 SSD M.2 SATA NGFF nh\u01b0:<\/p>\n<ul class=\"wp-block-list\">\n<li><strong>Samsung 860 EVO \/ 850 EVO M.2 SATA III SSD<\/strong><\/li>\n<li><strong>WD Green M.2 2280, WD Blue 3D NAND SATA SSD<\/strong><\/li>\n<li><strong>Crucial MX500 \/ MX300 M.2 2280<\/strong><\/li>\n<li><strong>Kingston A400 \/ UV500 M.2 2280<\/strong><\/li>\n<li><strong>ADATA SU800, SL700<\/strong><\/li>\n<li><strong>YUCUN M.2 NGFF SSD<\/strong><\/li>\n<li><strong>DREVO D1<\/strong><\/li>\n<\/ul>\n<p><strong>H\u1ed9p \u0111\u1ef1ng \u1ed5 c\u1ee9ng UGREEN 70534<\/strong> l\u00e0 s\u1ef1 l\u1ef1a ch\u1ecdn l\u00fd t\u01b0\u1edfng cho nh\u1eefng ai c\u1ea7n m\u1ed9t gi\u1ea3i ph\u00e1p l\u01b0u tr\u1eef di \u0111\u1ed9ng, nhanh ch\u00f3ng v\u00e0 \u0111\u00e1ng tin c\u1eady!<\/p>\n<\/div>\n","protected":false},"excerpt":{"rendered":"<ul>\n<li><strong data-start=\"35\" data-end=\"55\">Chu\u1ea9n giao ti\u1ebfp:<\/strong> USB 3.1 Gen 2 (10Gbps) v\u00e0 M.2 SATA III (6Gbps)<\/li>\n<li><strong data-start=\"108\" data-end=\"126\">H\u1ed7 tr\u1ee3 \u1ed5 c\u1ee9ng:<\/strong> B-Key &amp; M+B Key SATA NGFF M.2 SSD (kh\u00f4ng h\u1ed7 tr\u1ee3 NVMe PCIe)<\/li>\n<li><strong data-start=\"191\" data-end=\"207\">Ch\u1ebf \u0111\u1ed9 RAID:<\/strong> RAID 0, RAID 1, Span Mode, PM Mode<\/li>\n<\/ul>\n","protected":false},"featured_media":112,"comment_status":"closed","ping_status":"closed","template":"","meta":{"_acf_changed":false},"product_brand":[],"product_cat":[15],"product_tag":[],"class_list":{"0":"post-111","1":"product","2":"type-product","3":"status-publish","4":"has-post-thumbnail","6":"product_cat-phu-kien-laptop-va-pc","8":"first","9":"instock","10":"shipping-taxable","11":"product-type-simple"},"acf":[],"_links":{"self":[{"href":"https:\/\/dienmay1.pluginaz.com\/index.php\/wp-json\/wp\/v2\/product\/111","targetHints":{"allow":["GET"]}}],"collection":[{"href":"https:\/\/dienmay1.pluginaz.com\/index.php\/wp-json\/wp\/v2\/product"}],"about":[{"href":"https:\/\/dienmay1.pluginaz.com\/index.php\/wp-json\/wp\/v2\/types\/product"}],"replies":[{"embeddable":true,"href":"https:\/\/dienmay1.pluginaz.com\/index.php\/wp-json\/wp\/v2\/comments?post=111"}],"wp:featuredmedia":[{"embeddable":true,"href":"https:\/\/dienmay1.pluginaz.com\/index.php\/wp-json\/wp\/v2\/media\/112"}],"wp:attachment":[{"href":"https:\/\/dienmay1.pluginaz.com\/index.php\/wp-json\/wp\/v2\/media?parent=111"}],"wp:term":[{"taxonomy":"product_brand","embeddable":true,"href":"https:\/\/dienmay1.pluginaz.com\/index.php\/wp-json\/wp\/v2\/product_brand?post=111"},{"taxonomy":"product_cat","embeddable":true,"href":"https:\/\/dienmay1.pluginaz.com\/index.php\/wp-json\/wp\/v2\/product_cat?post=111"},{"taxonomy":"product_tag","embeddable":true,"href":"https:\/\/dienmay1.pluginaz.com\/index.php\/wp-json\/wp\/v2\/product_tag?post=111"}],"curies":[{"name":"wp","href":"https:\/\/api.w.org\/{rel}","templated":true}]}}