{"id":1135,"date":"2025-09-28T06:41:36","date_gmt":"2025-09-27T23:41:36","guid":{"rendered":"https:\/\/dienmay1.pluginaz.com\/index.php\/san-pham\/day-cap-may-in-ugreen-us135-chuyen-tu-usb-a-sang-usb-b\/"},"modified":"2025-09-28T06:41:48","modified_gmt":"2025-09-27T23:41:48","slug":"day-cap-may-in-ugreen-us135-chuyen-tu-usb-a-sang-usb-b","status":"publish","type":"product","link":"https:\/\/dienmay1.pluginaz.com\/index.php\/san-pham\/day-cap-may-in-ugreen-us135-chuyen-tu-usb-a-sang-usb-b\/","title":{"rendered":"D\u00e2y c\u00e1p m\u00e1y in Ugreen US135 chuy\u1ec3n t\u1eeb USB-A sang USB-B"},"content":{"rendered":"<div class=\"luanlt_content_tab\">\n<p>D\u00e2y c\u00e1p m\u00e1y in Ugreen US135 l\u00e0 m\u1ed9t gi\u1ea3i ph\u00e1p k\u1ebft n\u1ed1i hi\u1ec7u qu\u1ea3 cho vi\u1ec7c n\u1ed1i m\u00e1y in ho\u1eb7c c\u00e1c thi\u1ebft b\u1ecb s\u1eed d\u1ee5ng c\u1ed5ng USB-B v\u1edbi m\u00e1y t\u00ednh ho\u1eb7c c\u00e1c thi\u1ebft b\u1ecb kh\u00e1c th\u00f4ng qua c\u1ed5ng USB-A. V\u1edbi c\u00e1c t\u00ednh n\u0103ng v\u00e0 th\u00f4ng s\u1ed1 k\u1ef9 thu\u1eadt d\u01b0\u1edbi \u0111\u00e2y, s\u1ea3n ph\u1ea9m n\u00e0y \u0111\u00e1p \u1ee9ng \u0111\u1ea7y \u0111\u1ee7 nhu c\u1ea7u truy\u1ec1n d\u1eef li\u1ec7u nhanh ch\u00f3ng v\u00e0 \u0111\u1ea3m b\u1ea3o s\u1ef1 \u0111\u00e1ng tin c\u1eady:<\/p>\n<figure class=\"wp-block-image size-full\"><img decoding=\"async\" src=\"https:\/\/dienmay1.pluginaz.com\/wp-content\/uploads\/2025\/09\/day-may-in-usb-20-sang-usb-b-ugreen-us135-toc-do-truyen-len-den-480mbps-de-su-dung-khong-cai-dat-driver-4.jpg\" width=\"1000\" height=\"1330\" alt=\"D\u00e2y m\u00e1y in USB 2.0 sang USB B UGREEN US135 - T\u1ed1c \u0111\u1ed9 truy\u1ec1n l\u00ean \u0111\u1ebfn 480Mbps - D\u1ec5 s\u1eed d\u1ee5ng, kh\u00f4ng c\u00e0i \u0111\u1eb7t driver\" class=\"wp-image-60945\" title=\"D\u00e2y c\u00e1p m\u00e1y in Ugreen US135 chuy\u1ec3n t\u1eeb USB-A sang USB-B 4\" loading=\"lazy\"><figcaption>D\u00e2y c\u00e1p m\u00e1y in Ugreen US135 chuy\u1ec3n t\u1eeb USB-A sang USB-B<\/figcaption><\/figure>\n<ul class=\"wp-block-list\">\n<li>T\u1ed1c \u0111\u1ed9 truy\u1ec1n d\u1eef li\u1ec7u l\u00ean \u0111\u1ebfn 480Mbps: S\u1ea3n ph\u1ea9m h\u1ed7 tr\u1ee3 t\u1ed1c \u0111\u1ed9 truy\u1ec1n d\u1eef li\u1ec7u l\u00ean \u0111\u1ebfn 480Mbps, gi\u00fap b\u1ea1n chuy\u1ec3n d\u1eef li\u1ec7u m\u1ed9t c\u00e1ch nhanh ch\u00f3ng v\u00e0 hi\u1ec7u qu\u1ea3 gi\u1eefa m\u00e1y in v\u00e0 m\u00e1y t\u00ednh ho\u1eb7c thi\u1ebft b\u1ecb kh\u00e1c.<\/li>\n<li>Ch\u1ea5t li\u1ec7u m\u1ea1 v\u00e0ng: C\u00e1c \u0111\u1ea7u c\u1eafm c\u1ee7a c\u00e1p \u0111\u01b0\u1ee3c m\u1ea1 v\u00e0ng, t\u0103ng c\u01b0\u1eddng \u0111\u1ed9 \u1ed5n \u0111\u1ecbnh v\u00e0 \u0111\u1ed9 b\u1ec1n c\u1ee7a k\u1ebft n\u1ed1i, gi\u00fap tr\u00e1nh nhi\u1ec5u t\u00edn hi\u1ec7u.<\/li>\n<li>L\u00f5i \u0111\u1ed3ng c\u00f3 l\u1edbp b\u1ea1c 28\/22AWG: L\u00f5i d\u00e2y c\u00e1p l\u00e0m t\u1eeb \u0111\u1ed3ng m\u1ea1, c\u00f3 l\u1edbp b\u1ea1c b\u00ean ngo\u00e0i \u0111\u1ec3 t\u1ed1i \u01b0u h\u00f3a truy\u1ec1n t\u1ea3i t\u00edn hi\u1ec7u ch\u1ea5t l\u01b0\u1ee3ng cao.<\/li>\n<li>Thi\u1ebft k\u1ebf v\u1edbi nhi\u1ec1u l\u1edbp ch\u1eafn: S\u1ea3n ph\u1ea9m \u0111\u01b0\u1ee3c thi\u1ebft k\u1ebf v\u1edbi nhi\u1ec1u l\u1edbp ch\u1eafn \u0111\u1ec3 b\u1ea3o v\u1ec7 kh\u1ecfi nhi\u1ec5u v\u00e0 can thi\u1ec7p t\u1eeb m\u00f4i tr\u01b0\u1eddng b\u00ean ngo\u00e0i.<\/li>\n<li>V\u1ecf b\u1ecdc linh ho\u1ea1t v\u00e0 \u0111\u1ea7u c\u1eafm b\u1ec1n: V\u1ecf b\u1ecdc c\u00e1p linh ho\u1ea1t v\u00e0 \u0111\u1ea7u c\u1eafm \u0111\u01b0\u1ee3c thi\u1ebft k\u1ebf \u0111\u1ec3 \u0111\u1ea3m b\u1ea3o \u0111\u1ed9 b\u1ec1n v\u00e0 kh\u1ea3 n\u0103ng s\u1eed d\u1ee5ng l\u00e2u d\u00e0i.<\/li>\n<li>C\u1eafm v\u00e0 ch\u1ea1y (Plug-&amp;-Play): Kh\u00f4ng c\u1ea7n c\u00e0i \u0111\u1eb7t driver ho\u1eb7c ph\u1ea7n m\u1ec1m ph\u1ee5 tr\u1ee3, s\u1ea3n ph\u1ea9m c\u00f3 th\u1ec3 s\u1eed d\u1ee5ng ngay l\u1eadp t\u1ee9c sau khi c\u1eafm v\u00e0o.<\/li>\n<li>\u0110\u01b0\u1eddng k\u00ednh ngo\u00e0i (OD): 4.5MM: \u0110\u01b0\u1eddng k\u00ednh t\u1ed5ng c\u1ee7a c\u00e1p.<\/li>\n<li>T\u00f9y ch\u1ecdn v\u00f2ng t\u1eeb: S\u1ea3n ph\u1ea9m \u0111i k\u00e8m v\u1edbi v\u00f2ng t\u1eeb t\u1eeb \u0111\u1ec3 gi\u1ea3m nhi\u1ec5u t\u00edn hi\u1ec7u. Phi\u00ean b\u1ea3n d\u00e0i 3 m\u00e9t c\u00f3 1 v\u00f2ng t\u1eeb, trong khi phi\u00ean b\u1ea3n d\u00e0i 5 m\u00e9t \u0111i k\u00e8m v\u1edbi 2 v\u00f2ng t\u1eeb t\u1eeb.<\/li>\n<\/ul>\n<p>D\u00e2y c\u00e1p m\u00e1y in Ugreen US135 l\u00e0 m\u1ed9t s\u1ea3n ph\u1ea9m ch\u1ea5t l\u01b0\u1ee3ng cao t\u1eeb th\u01b0\u01a1ng hi\u1ec7u Ugreen, gi\u00fap b\u1ea1n k\u1ebft n\u1ed1i m\u00e1y in ho\u1eb7c c\u00e1c thi\u1ebft b\u1ecb USB-B v\u1edbi m\u00e1y t\u00ednh ho\u1eb7c thi\u1ebft b\u1ecb kh\u00e1c m\u1ed9t c\u00e1ch d\u1ec5 d\u00e0ng v\u00e0 \u0111\u00e1ng tin c\u1eady, \u0111\u1ed3ng th\u1eddi \u0111\u1ea3m b\u1ea3o t\u1ed1c \u0111\u1ed9 truy\u1ec1n d\u1eef li\u1ec7u nhanh ch\u00f3ng v\u00e0 \u1ed5n \u0111\u1ecbnh.<\/p>\n<\/div>\n","protected":false},"excerpt":{"rendered":"<ul>\n<li>C\u00e1p m\u00e1y in USB 2.0 (chu\u1ea9n A)sangUSB (chu\u1ea9n B)<\/li>\n<li>cho ph\u00e9p b\u1ea1n k\u1ebft n\u1ed1i m\u00e1y t\u00ednh, laptop v\u1edbi m\u00e1y in, m\u00e1y qu\u00e9t\u2026<\/li>\n<li>T\u1ed1c \u0111\u1ed9 l\u00ean \u0111\u1ebfn 480Mbps.<\/li>\n<li>Kh\u00f4ng c\u1ea7n c\u00e0i \u0111\u1eb7t driver<\/li>\n<li>Ti\u1ec7n d\u1ee5ng<\/li>\n<\/ul>\n","protected":false},"featured_media":1136,"comment_status":"closed","ping_status":"closed","template":"","meta":{"_acf_changed":false},"product_brand":[25],"product_cat":[20],"product_tag":[],"class_list":{"0":"post-1135","1":"product","2":"type-product","3":"status-publish","4":"has-post-thumbnail","6":"product_brand-ugreen","7":"product_cat-cap-data-du-lieu","9":"first","10":"instock","11":"sale","12":"shipping-taxable","13":"purchasable","14":"product-type-simple"},"acf":[],"_links":{"self":[{"href":"https:\/\/dienmay1.pluginaz.com\/index.php\/wp-json\/wp\/v2\/product\/1135","targetHints":{"allow":["GET"]}}],"collection":[{"href":"https:\/\/dienmay1.pluginaz.com\/index.php\/wp-json\/wp\/v2\/product"}],"about":[{"href":"https:\/\/dienmay1.pluginaz.com\/index.php\/wp-json\/wp\/v2\/types\/product"}],"replies":[{"embeddable":true,"href":"https:\/\/dienmay1.pluginaz.com\/index.php\/wp-json\/wp\/v2\/comments?post=1135"}],"wp:featuredmedia":[{"embeddable":true,"href":"https:\/\/dienmay1.pluginaz.com\/index.php\/wp-json\/wp\/v2\/media\/1136"}],"wp:attachment":[{"href":"https:\/\/dienmay1.pluginaz.com\/index.php\/wp-json\/wp\/v2\/media?parent=1135"}],"wp:term":[{"taxonomy":"product_brand","embeddable":true,"href":"https:\/\/dienmay1.pluginaz.com\/index.php\/wp-json\/wp\/v2\/product_brand?post=1135"},{"taxonomy":"product_cat","embeddable":true,"href":"https:\/\/dienmay1.pluginaz.com\/index.php\/wp-json\/wp\/v2\/product_cat?post=1135"},{"taxonomy":"product_tag","embeddable":true,"href":"https:\/\/dienmay1.pluginaz.com\/index.php\/wp-json\/wp\/v2\/product_tag?post=1135"}],"curies":[{"name":"wp","href":"https:\/\/api.w.org\/{rel}","templated":true}]}}