{"id":1153,"date":"2025-09-28T06:41:59","date_gmt":"2025-09-27T23:41:59","guid":{"rendered":"https:\/\/dienmay1.pluginaz.com\/index.php\/san-pham\/cap-hoa-sen-ugreen-av104-2-dau-hoa-sen-2rca-duc-sang-2rca-duc-chuyen-tin-hieu-am-thanh-tu-tivi-dvd-cd-player-ra-loa-amplifier\/"},"modified":"2025-09-28T06:42:08","modified_gmt":"2025-09-27T23:42:08","slug":"cap-hoa-sen-ugreen-av104-2-dau-hoa-sen-2rca-duc-sang-2rca-duc-chuyen-tin-hieu-am-thanh-tu-tivi-dvd-cd-player-ra-loa-amplifier","status":"publish","type":"product","link":"https:\/\/dienmay1.pluginaz.com\/index.php\/san-pham\/cap-hoa-sen-ugreen-av104-2-dau-hoa-sen-2rca-duc-sang-2rca-duc-chuyen-tin-hieu-am-thanh-tu-tivi-dvd-cd-player-ra-loa-amplifier\/","title":{"rendered":"C\u00e1p hoa sen UGREEN AV104 \u2013 2 \u0111\u1ea7u hoa sen 2RCA \u0111\u1ef1c sang 2RCA \u0111\u1ef1c chuy\u1ec3n t\u00edn hi\u1ec7u \u00e2m thanh t\u1eeb Tivi DVD CD player\u2026 ra Loa Amplifier"},"content":{"rendered":"","protected":false},"excerpt":{"rendered":"<ul>\n<li>C\u00e1p AV \u0111\u1ea7u hoa sen 2RCA \u0111\u1ef1c sang 2RCA \u0111\u1ef1c<\/li>\n<li>V\u1ecf b\u1ecdc PVC c\u00e1ch \u0111i\u1ec7n m\u1ec1m d\u1ebbo, b\u1ec1n \u0111\u1eb9p<\/li>\n<li>L\u00f5i c\u00e1p l\u00e0m b\u1eb1ng nh\u1eefng s\u1ee3i \u0111\u1ed3ng nguy\u00ean ch\u1ea5t m\u1ea1 thi\u1ebfc<\/li>\n<li>L\u1edbp ch\u1ed1ng nhi\u1ec5u b\u1eb1ng l\u00e1 ch\u1eafn kim lo\u1ea1i \u0111\u01b0\u1ee3c ch\u1ea1y xuy\u00ean su\u1ed1t d\u00e2y, gi\u00fap t\u00edn hi\u1ec7u lu\u00f4n \u1ed5n \u0111\u1ecbnh tr\u00ean \u0111\u01b0\u1eddng truy\u1ec1n<\/li>\n<\/ul>\n","protected":false},"featured_media":1154,"comment_status":"closed","ping_status":"closed","template":"","meta":{"_acf_changed":false},"product_brand":[25],"product_cat":[23],"product_tag":[],"class_list":{"0":"post-1153","1":"product","2":"type-product","3":"status-publish","4":"has-post-thumbnail","6":"product_brand-ugreen","7":"product_cat-phu-kien-am-thanh","9":"first","10":"instock","11":"sale","12":"shipping-taxable","13":"purchasable","14":"product-type-simple"},"acf":[],"_links":{"self":[{"href":"https:\/\/dienmay1.pluginaz.com\/index.php\/wp-json\/wp\/v2\/product\/1153","targetHints":{"allow":["GET"]}}],"collection":[{"href":"https:\/\/dienmay1.pluginaz.com\/index.php\/wp-json\/wp\/v2\/product"}],"about":[{"href":"https:\/\/dienmay1.pluginaz.com\/index.php\/wp-json\/wp\/v2\/types\/product"}],"replies":[{"embeddable":true,"href":"https:\/\/dienmay1.pluginaz.com\/index.php\/wp-json\/wp\/v2\/comments?post=1153"}],"wp:featuredmedia":[{"embeddable":true,"href":"https:\/\/dienmay1.pluginaz.com\/index.php\/wp-json\/wp\/v2\/media\/1154"}],"wp:attachment":[{"href":"https:\/\/dienmay1.pluginaz.com\/index.php\/wp-json\/wp\/v2\/media?parent=1153"}],"wp:term":[{"taxonomy":"product_brand","embeddable":true,"href":"https:\/\/dienmay1.pluginaz.com\/index.php\/wp-json\/wp\/v2\/product_brand?post=1153"},{"taxonomy":"product_cat","embeddable":true,"href":"https:\/\/dienmay1.pluginaz.com\/index.php\/wp-json\/wp\/v2\/product_cat?post=1153"},{"taxonomy":"product_tag","embeddable":true,"href":"https:\/\/dienmay1.pluginaz.com\/index.php\/wp-json\/wp\/v2\/product_tag?post=1153"}],"curies":[{"name":"wp","href":"https:\/\/api.w.org\/{rel}","templated":true}]}}