{"id":1169,"date":"2025-09-28T07:31:00","date_gmt":"2025-09-28T00:31:00","guid":{"rendered":"https:\/\/dienmay1.pluginaz.com\/index.php\/san-pham\/ban-phim-bluetooth-ugreen-ku005-sieu-mong-ho-tro-wifi\/"},"modified":"2025-09-28T07:31:15","modified_gmt":"2025-09-28T00:31:15","slug":"ban-phim-bluetooth-ugreen-ku005-sieu-mong-ho-tro-wifi","status":"publish","type":"product","link":"https:\/\/dienmay1.pluginaz.com\/index.php\/san-pham\/ban-phim-bluetooth-ugreen-ku005-sieu-mong-ho-tro-wifi\/","title":{"rendered":"B\u00e0n ph\u00edm Bluetooth Ugreen KU005 si\u00eau m\u1ecfng, h\u1ed7 tr\u1ee3 Wifi"},"content":{"rendered":"<div class=\"luanlt_content_tab\">\n<p><strong>B\u00e0n ph\u00edm Bluetooth Ugreen KU005 si\u00eau m\u1ecfng, h\u1ed7 tr\u1ee3 Wifi<\/strong> l\u00e0 s\u1ef1 k\u1ebft h\u1ee3p ho\u00e0n h\u1ea3o gi\u1eefa thi\u1ebft k\u1ebf hi\u1ec7n \u0111\u1ea1i v\u00e0 c\u00f4ng ngh\u1ec7 kh\u00f4ng d\u00e2y ti\u00ean ti\u1ebfn. V\u1edbi kh\u1ea3 n\u0103ng k\u1ebft n\u1ed1i l\u00ean \u0111\u1ebfn 4 thi\u1ebft b\u1ecb c\u00f9ng l\u00fac, b\u00e0n ph\u00edm n\u00e0y kh\u00f4ng ch\u1ec9 mang l\u1ea1i s\u1ef1 ti\u1ec7n l\u1ee3i m\u00e0 c\u00f2n c\u1ea3i thi\u1ec7n tr\u1ea3i nghi\u1ec7m l\u00e0m vi\u1ec7c c\u1ee7a b\u1ea1n. Thi\u1ebft k\u1ebf m\u1ecfng g\u1ecdn, ph\u00edm b\u1ea5m nh\u1eb9 nh\u00e0ng v\u00e0 t\u01b0\u01a1ng th\u00edch r\u1ed9ng r\u00e3i, Ugreen KU005 l\u00e0 l\u1ef1a ch\u1ecdn l\u00fd t\u01b0\u1edfng cho nh\u1eefng ai \u0111\u1ec1 cao s\u1ef1 linh ho\u1ea1t v\u00e0 hi\u1ec7u su\u1ea5t.<\/p>\n<h2 class=\"wp-block-heading\">Thi\u1ebft k\u1ebf tinh t\u1ebf v\u00e0 b\u1ed1 c\u1ee5c ti\u1ec7n d\u1ee5ng<\/h2>\n<p>Ugreen KU005 c\u00f3 thi\u1ebft k\u1ebf theo phong c\u00e1ch MacBook, v\u1edbi 99 ph\u00edm b\u1ea5m, \u0111\u1ea3m b\u1ea3o \u0111\u1ea7y \u0111\u1ee7 ch\u1ee9c n\u0103ng trong m\u1ed9t k\u00edch th\u01b0\u1edbc nh\u1ecf g\u1ecdn. Ch\u1ea5t li\u1ec7u h\u1ee3p kim nh\u00f4m k\u1ebft h\u1ee3p PVC kh\u00f4ng ch\u1ec9 mang l\u1ea1i v\u1ebb ngo\u00e0i sang tr\u1ecdng m\u00e0 c\u00f2n \u0111\u1ea3m b\u1ea3o \u0111\u1ed9 b\u1ec1n b\u1ec9. V\u1edbi tr\u1ecdng l\u01b0\u1ee3ng ch\u1ec9 510g, b\u1ea1n c\u00f3 th\u1ec3 d\u1ec5 d\u00e0ng mang theo b\u00e0n ph\u00edm n\u00e0y \u0111\u1ebfn b\u1ea5t c\u1ee9 \u0111\u00e2u. Ch\u00e2n \u0111\u1ebf \u0111\u01b0\u1ee3c t\u00edch h\u1ee3p gi\u00fap b\u00e0n ph\u00edm nghi\u00eang 6\u00b0 \u0111\u1ec3 gi\u1ea3m thi\u1ec3u \u00e1p l\u1ef1c l\u00ean c\u1ed5 tay trong su\u1ed1t th\u1eddi gian l\u00e0m vi\u1ec7c d\u00e0i.<\/p>\n<figure class=\"wp-block-image aligncenter size-full\"><img decoding=\"async\" src=\"https:\/\/dienmay1.pluginaz.com\/wp-content\/uploads\/2025\/09\/8-1.jpg\" width=\"1000\" height=\"638\" alt=\"B\u00e0n ph\u00edm Bluetooth Ugreen KU005 si\u00eau m\u1ecfng, h\u1ed7 tr\u1ee3 Wifi\" class=\"wp-image-71855\" title=\"B\u00e0n ph\u00edm Bluetooth Ugreen KU005 si\u00eau m\u1ecfng, h\u1ed7 tr\u1ee3 Wifi 24\" loading=\"lazy\"><figcaption class=\"wp-element-caption\">B\u00e0n ph\u00edm Bluetooth Ugreen KU005 si\u00eau m\u1ecfng, h\u1ed7 tr\u1ee3 Wifi<\/figcaption><\/figure>\n<h2 class=\"wp-block-heading\">Kh\u00f4ng c\u1ea7n d\u00e2y c\u00e1p r\u01b0\u1eddm r\u00e0<\/h2>\n<p>V\u1edbi Bluetooth 5.0 v\u00e0 2.4GHz, Ugreen KU005 cung c\u1ea5p k\u1ebft n\u1ed1i kh\u00f4ng d\u00e2y \u1ed5n \u0111\u1ecbnh, nhanh ch\u00f3ng. B\u00e0n ph\u00edm n\u00e0y h\u1ed7 tr\u1ee3 k\u1ebft n\u1ed1i l\u00ean \u0111\u1ebfn 4 thi\u1ebft b\u1ecb c\u00f9ng l\u00fac, mang l\u1ea1i s\u1ef1 tho\u1ea3i m\u00e1i v\u00e0 linh ho\u1ea1t cho c\u1ea3 c\u00f4ng vi\u1ec7c l\u1eabn gi\u1ea3i tr\u00ed.<\/p>\n<figure class=\"wp-block-image size-full\"><img decoding=\"async\" src=\"https:\/\/dienmay1.pluginaz.com\/wp-content\/uploads\/2025\/09\/3.jpg\" width=\"1000\" height=\"637\" alt=\"Kh\u00f4ng c\u1ea7n d\u00e2y c\u00e1p r\u01b0\u1eddm r\u00e0\" class=\"wp-image-71852\" title=\"B\u00e0n ph\u00edm Bluetooth Ugreen KU005 si\u00eau m\u1ecfng, h\u1ed7 tr\u1ee3 Wifi 25\" loading=\"lazy\"><figcaption class=\"wp-element-caption\">Kh\u00f4ng c\u1ea7n d\u00e2y c\u00e1p r\u01b0\u1eddm r\u00e0<\/figcaption><\/figure>\n<h2 class=\"wp-block-heading\">Hi\u1ec7u su\u1ea5t pin \u1ea5n t\u01b0\u1ee3ng<\/h2>\n<p>Ugreen KU005 \u0111\u01b0\u1ee3c trang b\u1ecb pin lithium 400 mAh, cho ph\u00e9p b\u1ea1n s\u1eed d\u1ee5ng l\u00e2u d\u00e0i m\u00e0 kh\u00f4ng c\u1ea7n s\u1ea1c th\u01b0\u1eddng xuy\u00ean. Khi c\u1ea7n, b\u1ea1n ch\u1ec9 c\u1ea7n s\u1ea1c qua c\u1ed5ng USB-C, nhanh ch\u00f3ng v\u00e0 ti\u1ec7n l\u1ee3i.<\/p>\n<figure class=\"wp-block-image aligncenter size-full\"><img decoding=\"async\" src=\"https:\/\/dienmay1.pluginaz.com\/wp-content\/uploads\/2025\/09\/7-2.jpg\" width=\"1000\" height=\"637\" alt=\"Hi\u1ec7u su\u1ea5t pin \u1ea5n t\u01b0\u1ee3ng\" class=\"wp-image-71853\" title=\"B\u00e0n ph\u00edm Bluetooth Ugreen KU005 si\u00eau m\u1ecfng, h\u1ed7 tr\u1ee3 Wifi 26\" loading=\"lazy\"><figcaption class=\"wp-element-caption\">Hi\u1ec7u su\u1ea5t pin \u1ea5n t\u01b0\u1ee3ng<\/figcaption><\/figure>\n<h3 class=\"wp-block-heading\">\u0110\u1ed9 tin c\u1eady cao trong m\u1ecdi \u0111i\u1ec1u ki\u1ec7n<\/h3>\n<p>B\u00e0n ph\u00edm n\u00e0y ho\u1ea1t \u0111\u1ed9ng \u1ed5n \u0111\u1ecbnh trong nhi\u1ec7t \u0111\u1ed9 t\u1eeb -5\u2103 \u0111\u1ebfn 40\u2103, \u0111\u1ea3m b\u1ea3o ho\u1ea1t \u0111\u1ed9ng b\u1ec1n b\u1ec9 d\u00f9 trong m\u00f4i tr\u01b0\u1eddng n\u00e0o. Ngo\u00e0i ra, c\u00e1c mi\u1ebfng \u0111\u1ec7m cao su \u1edf m\u1eb7t d\u01b0\u1edbi gi\u00fap b\u00e0n ph\u00edm kh\u00f4ng b\u1ecb tr\u01b0\u1ee3t, ngay c\u1ea3 khi b\u1ea1n g\u00f5 ph\u00edm nhanh v\u00e0 m\u1ea1nh.<\/p>\n<figure class=\"wp-block-image size-full\"><img decoding=\"async\" src=\"https:\/\/dienmay1.pluginaz.com\/wp-content\/uploads\/2025\/09\/6-2.jpg\" width=\"1000\" height=\"637\" alt=\"\u0110\u1ed9 tin c\u1eady cao trong m\u1ecdi \u0111i\u1ec1u ki\u1ec7n\" class=\"wp-image-71854\" title=\"B\u00e0n ph\u00edm Bluetooth Ugreen KU005 si\u00eau m\u1ecfng, h\u1ed7 tr\u1ee3 Wifi 27\" loading=\"lazy\"><figcaption class=\"wp-element-caption\">\u0110\u1ed9 tin c\u1eady cao trong m\u1ecdi \u0111i\u1ec1u ki\u1ec7n<\/figcaption><\/figure>\n<h3 class=\"wp-block-heading\">Ph\u00edm ch\u1ee9c n\u0103ng \u0111a d\u1ea1ng<\/h3>\n<p>Ugreen KU005 \u0111i k\u00e8m nhi\u1ec1u ph\u00edm ch\u1ee9c n\u0103ng, cho ph\u00e9p b\u1ea1n d\u1ec5 d\u00e0ng \u0111i\u1ec1u ch\u1ec9nh \u0111\u1ed9 s\u00e1ng, qu\u1ea3n l\u00fd tr\u00ecnh ph\u00e1t nh\u1ea1c hay l\u00e0m m\u1edbi trang web m\u00e0 kh\u00f4ng c\u1ea7n s\u1eed d\u1ee5ng chu\u1ed9t. C\u00e1c ph\u00edm t\u1eaft n\u00e0y s\u1ebd gi\u00fap b\u1ea1n ti\u1ebft ki\u1ec7m th\u1eddi gian v\u00e0 n\u00e2ng cao hi\u1ec7u qu\u1ea3 l\u00e0m vi\u1ec7c.<\/p>\n<figure class=\"wp-block-image size-full\"><img decoding=\"async\" src=\"https:\/\/dienmay1.pluginaz.com\/wp-content\/uploads\/2025\/09\/5-2.jpg\" width=\"1000\" height=\"637\" alt=\"Ph\u00edm ch\u1ee9c n\u0103ng \u0111a d\u1ea1ng\" class=\"wp-image-71856\" title=\"B\u00e0n ph\u00edm Bluetooth Ugreen KU005 si\u00eau m\u1ecfng, h\u1ed7 tr\u1ee3 Wifi 28\" loading=\"lazy\"><figcaption class=\"wp-element-caption\">Ph\u00edm ch\u1ee9c n\u0103ng \u0111a d\u1ea1ng<\/figcaption><\/figure>\n<h3 class=\"wp-block-heading\">T\u00ednh di \u0111\u1ed9ng v\u00e0 nh\u1ecf g\u1ecdn<\/h3>\n<p>V\u1edbi k\u00edch th\u01b0\u1edbc 365 \u00d7 123 \u00d7 7.1 mm, Ugreen KU005 l\u00e0 s\u1ef1 l\u1ef1a ch\u1ecdn ho\u00e0n h\u1ea3o cho nh\u1eefng ng\u01b0\u1eddi c\u1ea7n m\u1ed9t b\u00e0n ph\u00edm di \u0111\u1ed9ng m\u00e0 v\u1eabn \u0111\u1ea3m b\u1ea3o \u0111\u1ea7y \u0111\u1ee7 ch\u1ee9c n\u0103ng. D\u00f9 b\u1ea1n \u1edf nh\u00e0, v\u0103n ph\u00f2ng hay qu\u00e1n c\u00e0 ph\u00ea, b\u00e0n ph\u00edm n\u00e0y \u0111\u1ec1u \u0111\u00e1p \u1ee9ng t\u1ed1t nhu c\u1ea7u c\u1ee7a b\u1ea1n.<\/p>\n<figure class=\"wp-block-image size-full\"><img decoding=\"async\" src=\"https:\/\/dienmay1.pluginaz.com\/wp-content\/uploads\/2025\/09\/4.jpg\" width=\"1000\" height=\"638\" alt=\"T\u00ednh di \u0111\u1ed9ng v\u00e0 nh\u1ecf g\u1ecdn\" class=\"wp-image-71857\" title=\"B\u00e0n ph\u00edm Bluetooth Ugreen KU005 si\u00eau m\u1ecfng, h\u1ed7 tr\u1ee3 Wifi 29\" loading=\"lazy\"><figcaption class=\"wp-element-caption\">T\u00ednh di \u0111\u1ed9ng v\u00e0 nh\u1ecf g\u1ecdn<\/figcaption><\/figure>\n<h3 class=\"wp-block-heading\">Th\u00f4ng s\u1ed1 k\u1ef9 thu\u1eadt<\/h3>\n<ul class=\"wp-block-list\">\n<li><strong>Lo\u1ea1i k\u1ebft n\u1ed1i kh\u00f4ng d\u00e2y:<\/strong> Bluetooth 5.0\/3.0; 2.4 GHz<\/li>\n<li><strong>Pin s\u1ea1c:<\/strong> Lithium 400 mAh<\/li>\n<li><strong>Ch\u1ea5t li\u1ec7u:<\/strong> H\u1ee3p kim nh\u00f4m + PVC<\/li>\n<li><strong>Tr\u1ecdng l\u01b0\u1ee3ng:<\/strong> 510g<\/li>\n<li><strong>K\u00edch th\u01b0\u1edbc:<\/strong> 365 x 123 x 7.1 mm<\/li>\n<li><strong>Nhi\u1ec7t \u0111\u1ed9 ho\u1ea1t \u0111\u1ed9ng:<\/strong> -5\u2103 ~ 40\u2103<\/li>\n<li><strong>T\u01b0\u01a1ng th\u00edch:<\/strong> Windows, macOS, iOS, iPadOS, Linux, Chrome OS, Android<\/li>\n<\/ul>\n<h3 class=\"wp-block-heading\">T\u1ed5ng k\u1ebft<\/h3>\n<p><strong>B\u00e0n ph\u00edm kh\u00f4ng d\u00e2y Ugreen KU005<\/strong> l\u00e0 s\u1ea3n ph\u1ea9m ho\u00e0n h\u1ea3o cho nh\u1eefng ai \u0111ang t\u00ecm ki\u1ebfm m\u1ed9t b\u00e0n ph\u00edm m\u1ecfng g\u1ecdn, b\u1ec1n b\u1ec9 v\u1edbi pin tr\u00e2u. V\u1edbi thi\u1ebft k\u1ebf hi\u1ec7n \u0111\u1ea1i, kh\u1ea3 n\u0103ng k\u1ebft n\u1ed1i \u0111a thi\u1ebft b\u1ecb v\u00e0 hi\u1ec7u su\u1ea5t cao, \u0111\u00e2y l\u00e0 l\u1ef1a ch\u1ecdn kh\u00f4ng th\u1ec3 b\u1ecf qua cho c\u1ea3 c\u00f4ng vi\u1ec7c l\u1eabn gi\u1ea3i tr\u00ed.<\/p>\n<\/div>\n","protected":false},"excerpt":{"rendered":"<ul>\n<li><strong>K\u1ebft n\u1ed1i \u0111a thi\u1ebft b\u1ecb:<\/strong> H\u1ed7 tr\u1ee3 k\u1ebft n\u1ed1i t\u1ed1i \u0111a 4 thi\u1ebft b\u1ecb c\u00f9ng l\u00fac qua Bluetooth 5.0\/3.0 v\u00e0 2.4 GHz.<\/li>\n<li><strong>Thi\u1ebft k\u1ebf m\u1ecfng g\u1ecdn:<\/strong> Ki\u1ec3u d\u00e1ng hi\u1ec7n \u0111\u1ea1i v\u1edbi 99 ph\u00edm, tr\u1ecdng l\u01b0\u1ee3ng ch\u1ec9 510g, d\u1ec5 d\u00e0ng mang theo.<\/li>\n<li><strong>Pin dung l\u01b0\u1ee3ng l\u1edbn:<\/strong> Pin lithium 400 mAh cho th\u1eddi gian s\u1eed d\u1ee5ng l\u00e2u d\u00e0i, s\u1ea1c nhanh qua USB-C.<\/li>\n<li><strong>\u0110\u1ed9 b\u1ec1n cao:<\/strong> Ch\u1ea5t li\u1ec7u h\u1ee3p kim nh\u00f4m + PVC, ho\u1ea1t \u0111\u1ed9ng \u1ed5n \u0111\u1ecbnh trong nhi\u1ec7t \u0111\u1ed9 t\u1eeb -5\u2103 \u0111\u1ebfn 40\u2103.<\/li>\n<li><strong>Ph\u00edm ch\u1ee9c n\u0103ng ti\u1ec7n \u00edch:<\/strong> Nhi\u1ec1u ph\u00edm t\u1eaft cho ph\u00e9p \u0111i\u1ec1u ch\u1ec9nh nhanh ch\u00f3ng m\u00e0 kh\u00f4ng c\u1ea7n d\u00f9ng chu\u1ed9t.<\/li>\n<\/ul>\n","protected":false},"featured_media":1170,"comment_status":"closed","ping_status":"closed","template":"","meta":{"_acf_changed":false},"product_brand":[25],"product_cat":[15],"product_tag":[],"class_list":{"0":"post-1169","1":"product","2":"type-product","3":"status-publish","4":"has-post-thumbnail","6":"product_brand-ugreen","7":"product_cat-phu-kien-laptop-va-pc","9":"first","10":"instock","11":"sale","12":"shipping-taxable","13":"purchasable","14":"product-type-simple"},"acf":[],"_links":{"self":[{"href":"https:\/\/dienmay1.pluginaz.com\/index.php\/wp-json\/wp\/v2\/product\/1169","targetHints":{"allow":["GET"]}}],"collection":[{"href":"https:\/\/dienmay1.pluginaz.com\/index.php\/wp-json\/wp\/v2\/product"}],"about":[{"href":"https:\/\/dienmay1.pluginaz.com\/index.php\/wp-json\/wp\/v2\/types\/product"}],"replies":[{"embeddable":true,"href":"https:\/\/dienmay1.pluginaz.com\/index.php\/wp-json\/wp\/v2\/comments?post=1169"}],"wp:featuredmedia":[{"embeddable":true,"href":"https:\/\/dienmay1.pluginaz.com\/index.php\/wp-json\/wp\/v2\/media\/1170"}],"wp:attachment":[{"href":"https:\/\/dienmay1.pluginaz.com\/index.php\/wp-json\/wp\/v2\/media?parent=1169"}],"wp:term":[{"taxonomy":"product_brand","embeddable":true,"href":"https:\/\/dienmay1.pluginaz.com\/index.php\/wp-json\/wp\/v2\/product_brand?post=1169"},{"taxonomy":"product_cat","embeddable":true,"href":"https:\/\/dienmay1.pluginaz.com\/index.php\/wp-json\/wp\/v2\/product_cat?post=1169"},{"taxonomy":"product_tag","embeddable":true,"href":"https:\/\/dienmay1.pluginaz.com\/index.php\/wp-json\/wp\/v2\/product_tag?post=1169"}],"curies":[{"name":"wp","href":"https:\/\/api.w.org\/{rel}","templated":true}]}}