{"id":1199,"date":"2025-09-28T07:49:33","date_gmt":"2025-09-28T00:49:33","guid":{"rendered":"https:\/\/dienmay1.pluginaz.com\/index.php\/san-pham\/pin-sac-du-phong-cho-laptop-dien-thoai-ugreen-pb720\/"},"modified":"2025-09-28T07:49:57","modified_gmt":"2025-09-28T00:49:57","slug":"pin-sac-du-phong-cho-laptop-dien-thoai-ugreen-pb720","status":"publish","type":"product","link":"https:\/\/dienmay1.pluginaz.com\/index.php\/san-pham\/pin-sac-du-phong-cho-laptop-dien-thoai-ugreen-pb720\/","title":{"rendered":"Pin S\u1ea1c d\u1ef1 ph\u00f2ng cho laptop, \u0111i\u1ec7n tho\u1ea1i Ugreen PB720"},"content":{"rendered":"<div class=\"luanlt_content_tab\">\n<p><strong>Pin S\u1ea1c D\u1ef1 Ph\u00f2ng 100W Ugreen PB720:<\/strong> \u0110\u01b0\u1ee3c trang b\u1ecb hai c\u1ed5ng USB-C (USB-C1 100W + USB-C2 30W) v\u00e0 m\u1ed9t c\u1ed5ng USB-A 22.5W, s\u1ea1c d\u1ef1 ph\u00f2ng n\u00e0y c\u00f3 kh\u1ea3 n\u0103ng s\u1ea1c nhanh cho ba thi\u1ebft b\u1ecb c\u00f9ng l\u00fac.<\/p>\n<h2 class=\"wp-block-heading\"><strong>S\u1ea1c Nhanh 100W Cho Laptop V\u1edbi Hai C\u1ed5ng USB Type-C<\/strong><\/h2>\n<p>V\u1edbi hai c\u1ed5ng USB Type-C h\u1ed7 tr\u1ee3 Power Delivery, c\u1ed5ng USB-C1 c\u00f3 \u0111\u1ea7u ra m\u1ea1nh m\u1ebd l\u00ean \u0111\u1ebfn 100W, pin s\u1ea1c d\u1ef1 ph\u00f2ng <strong>Ugreen PB720<\/strong> ph\u00f9 h\u1ee3p cho c\u00e1c thi\u1ebft b\u1ecb nh\u01b0 MacBook Pro.<\/p>\n<p>S\u1ea3n ph\u1ea9m n\u00e0y nhanh ch\u00f3ng \u0111\u00e1p \u1ee9ng nhu c\u1ea7u s\u1ea1c pin di \u0111\u1ed9ng khi di chuy\u1ec3n, k\u1ebft h\u1ee3p c\u00f9ng \u0111i\u1ec7n tho\u1ea1i th\u00f4ng minh v\u00e0 m\u00e1y t\u00ednh x\u00e1ch tay.<\/p>\n<figure class=\"wp-block-image aligncenter size-full\"><img decoding=\"async\" src=\"https:\/\/dienmay1.pluginaz.com\/wp-content\/uploads\/2025\/09\/pin-sac-du-phong-cho-laptop-dien-thoai-ugreen-pb720-12-jpg.webp\" width=\"1200\" height=\"1600\" class=\"wp-image-64806\" title=\"Pin S\u1ea1c d\u1ef1 ph\u00f2ng cho laptop, \u0111i\u1ec7n tho\u1ea1i Ugreen PB720 8\" alt=\"Pin S\u1ea1c d\u1ef1 ph\u00f2ng cho laptop, \u0111i\u1ec7n tho\u1ea1i Ugreen PB720 1\" loading=\"lazy\"><figcaption class=\"wp-element-caption\"><em>Pin S\u1ea1c d\u1ef1 ph\u00f2ng cho laptop, \u0111i\u1ec7n tho\u1ea1i Ugreen PB720<\/em><\/figcaption><\/figure>\n<h2 class=\"wp-block-heading\"><strong>Pin Di \u0110\u1ed9ng 20000mAh V\u1edbi Hi\u1ec7u Su\u1ea5t S\u1ea1c \u0110a \u0110i\u1ec7n \u00c1p<\/strong><\/h2>\n<p>Kh\u00f4ng ch\u1ec9 c\u00f3 c\u00f4ng su\u1ea5t 100W, m\u00e0 pin s\u1ea1c d\u1ef1 ph\u00f2ng PB720 c\u00f2n t\u00edch h\u1ee3p pin dung l\u01b0\u1ee3ng l\u1edbn 20000mAh, an to\u00e0n v\u00e0 ph\u00f9 h\u1ee3p \u0111\u1ec3 s\u1ea1c l\u1ea1i iPhone 15 Pro kho\u1ea3ng 4,5 l\u1ea7n, Galaxy S23 Ultra kho\u1ea3ng 3 l\u1ea7n, ho\u1eb7c s\u1ea1c \u0111\u1ea7y MacBook Air M2 15\u201d kho\u1ea3ng 1,1 l\u1ea7n v\u00e0 DJI Mavic Pro kho\u1ea3ng 3,9 l\u1ea7n.<\/p>\n<p>\u0110\u01b0\u1ee3c thi\u1ebft k\u1ebf v\u1edbi c\u00f4ng ngh\u1ec7 pin n\u0103ng l\u01b0\u1ee3ng cao v\u00e0 nhi\u1ec1u t\u00ednh n\u0103ng b\u1ea3o v\u1ec7, ng\u0103n ch\u1eb7n qu\u00e1 d\u00f2ng, qu\u00e1 \u0111i\u1ec7n \u00e1p v\u00e0 \u0111o\u1ea3n m\u1ea1ch, t\u1ea1o n\u00ean m\u1ed9t s\u1ea3n ph\u1ea9m pin di \u0111\u1ed9ng an to\u00e0n v\u00e0 hi\u1ec7u su\u1ea5t cao.<\/p>\n<figure class=\"wp-block-image aligncenter size-full\"><img decoding=\"async\" src=\"https:\/\/dienmay1.pluginaz.com\/wp-content\/uploads\/2025\/09\/pin-sac-du-phong-cho-laptop-dien-thoai-ugreen-pb720-14-jpg.webp\" width=\"1200\" height=\"1600\" class=\"wp-image-64808\" title=\"Pin S\u1ea1c d\u1ef1 ph\u00f2ng cho laptop, \u0111i\u1ec7n tho\u1ea1i Ugreen PB720 9\" alt=\"Pin S\u1ea1c d\u1ef1 ph\u00f2ng cho laptop, \u0111i\u1ec7n tho\u1ea1i Ugreen PB720 2\" loading=\"lazy\"><figcaption class=\"wp-element-caption\"><em>Pin S\u1ea1c d\u1ef1 ph\u00f2ng cho laptop, \u0111i\u1ec7n tho\u1ea1i Ugreen PB720<\/em><\/figcaption><\/figure>\n<h2 class=\"wp-block-heading\"><strong>3 C\u1ed5ng S\u1ea1c \u0110a N\u0103ng V\u1edbi C\u00f4ng Su\u1ea5t 65W Duy Tr\u00ec<\/strong><\/h2>\n<p>V\u1edbi 3 c\u1ed5ng k\u1ebft h\u1ee3p, bao g\u1ed3m 2 c\u1ed5ng USB Type-C h\u1ed7 tr\u1ee3 Power Delivery (USB-C1 \u2013 100W v\u00e0 USB-C2 \u2013 30W) c\u00f9ng c\u1ed5ng USB-A (22,5W thay v\u00ec 18W th\u00f4ng th\u01b0\u1eddng), pin s\u1ea1c d\u1ef1 ph\u00f2ng n\u00e0y linh ho\u1ea1t v\u00e0 duy tr\u00ec c\u00f4ng su\u1ea5t cao 65W ngay c\u1ea3 khi s\u1eed d\u1ee5ng \u0111\u1ed3ng th\u1eddi nhi\u1ec1u thi\u1ebft b\u1ecb.<\/p>\n<p>B\u1ea1n c\u00f3 th\u1ec3 s\u1ea1c nhi\u1ec1u thi\u1ebft b\u1ecb c\u00f9ng l\u00fac m\u00e0 kh\u00f4ng lo l\u1eafng v\u1ec1 vi\u1ec7c m\u1ea5t \u0111i\u1ec7n do s\u1ea1c qu\u00e1 nhi\u1ec1u.<\/p>\n<figure class=\"wp-block-image aligncenter size-full\"><img decoding=\"async\" src=\"https:\/\/dienmay1.pluginaz.com\/wp-content\/uploads\/2025\/09\/pin-sac-du-phong-cho-laptop-dien-thoai-ugreen-pb720-13-jpg.webp\" width=\"1200\" height=\"1600\" class=\"wp-image-64807\" alt=\"Pin S\u1ea1c d\u1ef1 ph\u00f2ng cho laptop, \u0111i\u1ec7n tho\u1ea1i Ugreen PB720 3\" title=\"Pin S\u1ea1c d\u1ef1 ph\u00f2ng cho laptop, \u0111i\u1ec7n tho\u1ea1i Ugreen PB720 14\" loading=\"lazy\"><figcaption class=\"wp-element-caption\"><em>S\u1ea1c \u0111a n\u0103ng cho m\u1ecdi thi\u1ebft b\u1ecb kh\u00e1c nhau<\/em><\/figcaption><\/figure>\n<h2 class=\"wp-block-heading\"><strong>C\u00e1c ch\u1ee9c n\u0103ng n\u1ed5i tr\u1ed9i kh\u00e1c c\u1ee7a pin s\u1ea1c d\u1ef1 ph\u00f2ng PB270<\/strong><\/h2>\n<p><strong>T\u01b0\u01a1ng Th\u00edch V\u1edbi C\u00e1c Giao Th\u1ee9c S\u1ea1c Si\u00eau Nhanh:<\/strong><\/p>\n<p>V\u1edbi kh\u1ea3 n\u0103ng h\u1ed7 tr\u1ee3 Power Delivery v\u00e0 c\u00e1c giao th\u1ee9c s\u1ea1c nhanh nh\u01b0 PPS 2.0, QC, FCP, AFC, SCP, v.v., s\u1ea3n ph\u1ea9m n\u00e0y c\u00f3 kh\u1ea3 n\u0103ng t\u01b0\u01a1ng th\u00edch t\u1ed1t v\u1edbi nhi\u1ec1u thi\u1ebft b\u1ecb kh\u00e1c nhau. N\u1ebfu b\u1ea1n c\u1ea7n s\u1ea1c nhanh \u0111i\u1ec7n tho\u1ea1i, pin di \u0111\u1ed9ng UGREEN 100W l\u00e0 s\u1ef1 l\u1ef1a ch\u1ecdn \u0111\u00e1ng tin c\u1eady.<\/p>\n<p><strong>Ch\u1ee9c N\u0103ng D\u00f2ng \u0110i\u1ec7n Th\u1ea5p v\u00e0 Truy\u1ec1n T\u1ea3i Thi\u1ebft B\u1ecb:<\/strong><\/p>\n<p>Pin s\u1ea1c d\u1ef1 ph\u00f2ng n\u00e0y c\u00f3 ch\u1ebf \u0111\u1ed9 d\u00f2ng \u0111i\u1ec7n th\u1ea5p v\u00e0 ch\u1ee9c n\u0103ng truy\u1ec1n t\u1ea3i thu\u1eadn ti\u1ec7n, gi\u00fap s\u1ea1c c\u00e1c thi\u1ebft b\u1ecb nh\u01b0 tai nghe, iWatch v\u00e0 c\u00e1c thi\u1ebft b\u1ecb kh\u00e1c c\u00f9ng l\u00fac v\u1edbi vi\u1ec7c s\u1ea1c b\u1ed9 ph\u1eadn ch\u00ednh.<\/p>\n<p>B\u1ea1n c\u00f3 th\u1ec3 chuy\u1ec3n \u0111\u1ed5i ch\u1ebf \u0111\u1ed9 ch\u1ec9 b\u1eb1ng c\u00e1ch nh\u1ea5n n\u00fat trong 3 gi\u00e2y, t\u1ed1i \u01b0u h\u00f3a tr\u1ea3i nghi\u1ec7m s\u1eed d\u1ee5ng.<\/p>\n<\/div>\n","protected":false},"excerpt":{"rendered":"<p>Pin S\u1ea1c D\u1ef1 Ph\u00f2ng 100W Ugreen PB720: \u0110\u01b0\u1ee3c trang b\u1ecb hai c\u1ed5ng USB-C (USB-C1 100W + USB-C2 30W) v\u00e0 m\u1ed9t c\u1ed5ng USB-A 22.5W, s\u1ea1c d\u1ef1 ph\u00f2ng n\u00e0y c\u00f3 kh\u1ea3 n\u0103ng s\u1ea1c nhanh cho ba thi\u1ebft b\u1ecb c\u00f9ng l\u00fac. S\u1ea1c Nhanh 100W Cho Laptop V\u1edbi Hai C\u1ed5ng USB Type-C V\u1edbi hai c\u1ed5ng USB Type-C h\u1ed7 tr\u1ee3 [&#8230;]\n","protected":false},"featured_media":1200,"comment_status":"closed","ping_status":"closed","template":"","meta":{"_acf_changed":false},"product_brand":[25],"product_cat":[16],"product_tag":[],"class_list":{"0":"post-1199","1":"product","2":"type-product","3":"status-publish","4":"has-post-thumbnail","6":"product_brand-ugreen","7":"product_cat-phu-kien-dien-thoai","9":"first","10":"instock","11":"sale","12":"shipping-taxable","13":"purchasable","14":"product-type-simple"},"acf":[],"_links":{"self":[{"href":"https:\/\/dienmay1.pluginaz.com\/index.php\/wp-json\/wp\/v2\/product\/1199","targetHints":{"allow":["GET"]}}],"collection":[{"href":"https:\/\/dienmay1.pluginaz.com\/index.php\/wp-json\/wp\/v2\/product"}],"about":[{"href":"https:\/\/dienmay1.pluginaz.com\/index.php\/wp-json\/wp\/v2\/types\/product"}],"replies":[{"embeddable":true,"href":"https:\/\/dienmay1.pluginaz.com\/index.php\/wp-json\/wp\/v2\/comments?post=1199"}],"wp:featuredmedia":[{"embeddable":true,"href":"https:\/\/dienmay1.pluginaz.com\/index.php\/wp-json\/wp\/v2\/media\/1200"}],"wp:attachment":[{"href":"https:\/\/dienmay1.pluginaz.com\/index.php\/wp-json\/wp\/v2\/media?parent=1199"}],"wp:term":[{"taxonomy":"product_brand","embeddable":true,"href":"https:\/\/dienmay1.pluginaz.com\/index.php\/wp-json\/wp\/v2\/product_brand?post=1199"},{"taxonomy":"product_cat","embeddable":true,"href":"https:\/\/dienmay1.pluginaz.com\/index.php\/wp-json\/wp\/v2\/product_cat?post=1199"},{"taxonomy":"product_tag","embeddable":true,"href":"https:\/\/dienmay1.pluginaz.com\/index.php\/wp-json\/wp\/v2\/product_tag?post=1199"}],"curies":[{"name":"wp","href":"https:\/\/api.w.org\/{rel}","templated":true}]}}