{"id":1245,"date":"2025-09-28T08:35:28","date_gmt":"2025-09-28T01:35:28","guid":{"rendered":"https:\/\/dienmay1.pluginaz.com\/index.php\/san-pham\/sac-nhanh-30w-ugreen-robogan-mini-cd359\/"},"modified":"2025-09-28T08:35:41","modified_gmt":"2025-09-28T01:35:41","slug":"sac-nhanh-30w-ugreen-robogan-mini-cd359","status":"publish","type":"product","link":"https:\/\/dienmay1.pluginaz.com\/index.php\/san-pham\/sac-nhanh-30w-ugreen-robogan-mini-cd359\/","title":{"rendered":"S\u1ea1c nhanh 30W Ugreen RoboGaN Mini CD359"},"content":{"rendered":"<div class=\"luanlt_content_tab\">\n<h2 class=\"wp-block-heading\"><strong>S\u1ea1c nhanh 30W Ugreen RoboGaN Mini CD359 S\u00e1ng T\u1ea1o v\u00e0 T\u00ednh N\u0103ng \u0110\u1eb7c Bi\u1ec7t<\/strong><\/h2>\n<p><strong>C\u1ee7 s\u1ea1c nhanh<\/strong> Ugreen RoboGaN kh\u00f4ng ch\u1ec9 l\u00e0 m\u1ed9t b\u1ed9 s\u1ea1c th\u00f4ng th\u01b0\u1eddng m\u00e0 c\u00f2n l\u00e0 m\u1ed9t ng\u01b0\u1eddi b\u1ea1n c\u00f4ng ngh\u1ec7 \u0111\u00e1ng y\u00eau v\u00e0 \u0111\u1ed9c \u0111\u00e1o tr\u00ean b\u00e0n l\u00e0m vi\u1ec7c c\u1ee7a b\u1ea1n. Thi\u1ebft k\u1ebf tinh t\u1ebf v\u1edbi h\u00ecnh d\u00e1ng ng\u1ed9 ngh\u0129nh c\u1ee7a m\u1ed9t robot, gi\u00fap b\u1ea1n kh\u00f4ng ch\u1ec9 n\u1ea1p n\u0103ng l\u01b0\u1ee3ng cho thi\u1ebft b\u1ecb m\u00e0 c\u00f2n th\u00eam m\u1ed9t ch\u00fat ni\u1ec1m vui v\u00e0 s\u00e1ng t\u1ea1o v\u00e0o kh\u00f4ng gian c\u00e1 nh\u00e2n.<\/p>\n<p><strong>S\u1ea1c Nhanh, M\u1ea1nh M\u1ebd 30W<\/strong><br \/>V\u1edbi c\u00f4ng su\u1ea5t s\u1ea1c 30W, RoboGaN Mini c\u00f3 kh\u1ea3 n\u0103ng \u0111\u01b0a iPhone 14 Pro Max c\u1ee7a b\u1ea1n t\u1eeb 0% l\u00ean \u0111\u1ebfn 55% ch\u1ec9 trong v\u00f2ng 30 ph\u00fat. Kh\u1ea3 n\u0103ng s\u1ea1c nhanh n\u00e0y kh\u00f4ng ch\u1ec9 ti\u1ec7n l\u1ee3i m\u00e0 c\u00f2n l\u00e0 gi\u1ea3i ph\u00e1p l\u00fd t\u01b0\u1edfng cho nh\u1eefng ng\u01b0\u1eddi lu\u00f4n c\u1ea7n \u0111i\u1ec7n tho\u1ea1i trong tay.<\/p>\n<figure class=\"wp-block-image aligncenter size-full\"><img decoding=\"async\" src=\"https:\/\/dienmay1.pluginaz.com\/wp-content\/uploads\/2025\/09\/sac-nhanh-30w-ugreen-robogan-mini-cd359-ghi-2-png.webp\" width=\"600\" height=\"600\" class=\"wp-image-64229\" alt=\"S\u1ea1c nhanh 30W Ugreen RoboGaN Mini CD359 1\" title=\"S\u1ea1c nhanh 30W Ugreen RoboGaN Mini CD359 22\" loading=\"lazy\"><figcaption class=\"wp-element-caption\">S\u1ea1c nhanh 30W Ugreen RoboGaN Mini CD359 thi\u1ebft k\u1ebf \u0111\u1ed9c \u0111\u00e1o<\/figcaption><\/figure>\n<h2 class=\"wp-block-heading\">C\u1ee7 s\u1ea1c Robot Ugreen CD359 c\u00f3 m\u00e0n h\u00ecnh LED<\/h2>\n<p>M\u1ed9t \u0111i\u1ec3m nh\u1ea5n \u0111\u1ed9c \u0111\u00e1o l\u00e0 h\u1ec7 th\u1ed1ng hi\u1ec3n th\u1ecb LED, bi\u1ec3u c\u1ea3m khu\u00f4n m\u1eb7t robot s\u1ebd thay \u0111\u1ed5i t\u01b0\u01a1ng \u1ee9ng v\u1edbi c\u00e1c tr\u1ea1ng th\u00e1i s\u1ea1c kh\u00e1c nhau, mang l\u1ea1i tr\u1ea3i nghi\u1ec7m ng\u01b0\u1eddi d\u00f9ng vui m\u1eaft v\u00e0 th\u00f4ng minh.<\/p>\n<figure class=\"wp-block-image aligncenter size-full\"><img decoding=\"async\" src=\"https:\/\/dienmay1.pluginaz.com\/wp-content\/uploads\/2025\/09\/sac-nhanh-30w-ugreen-robogan-mini-cd359-ghi-5-png.webp\" width=\"600\" height=\"600\" class=\"wp-image-64232\" alt=\"S\u1ea1c nhanh 30W Ugreen RoboGaN Mini CD359 2\" title=\"S\u1ea1c nhanh 30W Ugreen RoboGaN Mini CD359 23\" loading=\"lazy\"><figcaption class=\"wp-element-caption\">C\u1ee7 s\u1ea1c Robot Ugreen c\u00f3 m\u00e0n h\u00ecnh LED<\/figcaption><\/figure>\n<h2 class=\"wp-block-heading\">Ugreen CD359 c\u00f4ng ngh\u1ec7 s\u1ea1c GaN an to\u00e0n<\/h2>\n<p>\u0110\u01b0\u1ee3c t\u00edch h\u1ee3p h\u1ec7 th\u1ed1ng an to\u00e0n \u0111a chi\u1ec1u v\u1edbi b\u1ea3o v\u1ec7 ng\u1eafn m\u1ea1ch, b\u1ea3o v\u1ec7 qu\u00e1 t\u1ea3i, b\u1ea3o v\u1ec7 qu\u00e1 nhi\u1ec7t v\u00e0 b\u1ea3o v\u1ec7 qu\u00e1 \u00e1p, RoboGaN Mini \u0111\u1ea3m b\u1ea3o an to\u00e0n t\u1ed1i \u0111a cho t\u1ea5t c\u1ea3 thi\u1ebft b\u1ecb c\u1ee7a b\u1ea1n trong qu\u00e1 tr\u00ecnh s\u1ea1c.<\/p>\n<figure class=\"wp-block-image aligncenter size-full\"><img decoding=\"async\" src=\"https:\/\/dienmay1.pluginaz.com\/wp-content\/uploads\/2025\/09\/sac-nhanh-30w-ugreen-robogan-mini-cd359-ghi-1-png.webp\" width=\"600\" height=\"600\" class=\"wp-image-64228\" alt=\"S\u1ea1c nhanh 30W Ugreen RoboGaN Mini CD359 3\" title=\"S\u1ea1c nhanh 30W Ugreen RoboGaN Mini CD359 24\" loading=\"lazy\"><figcaption class=\"wp-element-caption\">B\u1ed9 s\u1ea1c nhanh GaN c\u00f4ng ngh\u1ec7 chip m\u1edbi an to\u00e0n<\/figcaption><\/figure>\n<h2 class=\"wp-block-heading\"><strong>B\u1ed9 s\u1ea1c 30W Ugreen RoboGan cho m\u1ecdi thi\u1ebft b\u1ecb<\/strong><\/h2>\n<p>B\u1ea3o h\u00e0nh s\u1ef1 linh ho\u1ea1t v\u00e0 t\u00ednh n\u0103ng s\u1ea1c \u0111a d\u1ea1ng, Ugreen RoboGaN Mini CD359 h\u1ed7 tr\u1ee3 nhi\u1ec1u giao th\u1ee9c s\u1ea1c nhanh, cung c\u1ea5p kh\u1ea3 n\u0103ng t\u01b0\u01a1ng th\u00edch r\u1ed9ng l\u1edbn v\u1edbi nhi\u1ec1u thi\u1ebft b\u1ecb kh\u00e1c nhau nh\u01b0 tai nghe, \u0111i\u1ec7n tho\u1ea1i, m\u00e1y t\u00ednh b\u1ea3ng v\u00e0 th\u1eadm ch\u00ed l\u00e0 MacBook Air.<\/p>\n<figure class=\"wp-block-image aligncenter size-full\"><img decoding=\"async\" src=\"https:\/\/dienmay1.pluginaz.com\/wp-content\/uploads\/2025\/09\/sac-nhanh-30w-ugreen-robogan-mini-cd359-ghi-6-png.webp\" width=\"600\" height=\"600\" class=\"wp-image-64233\" alt=\"S\u1ea1c nhanh 30W Ugreen RoboGaN Mini CD359 4\" title=\"S\u1ea1c nhanh 30W Ugreen RoboGaN Mini CD359 25\" loading=\"lazy\"><figcaption>S\u1ea1c nhanh 30W Ugreen RoboGaN Mini CD359<\/figcaption><\/figure>\n<p><strong>Th\u00f4ng S\u1ed1 K\u1ef9 Thu\u1eadt \u0110\u1ea7y \u0110\u1ee7<\/strong><\/p>\n<ul class=\"wp-block-list\">\n<li>\u0110\u1ea7u v\u00e0o: 100-240V~50\/60Hz 800mA Max<\/li>\n<li>USB-C \u0110\u1ea7u ra: 5.0V 3.0A\/9.0V 3.0A\/12.0V 2.5A\/15.0V 2.0A\/20.0V 1.5A\/3.3-11.0V 2.7A<\/li>\n<li>C\u00f4ng su\u1ea5t t\u1ed1i \u0111a: 30.0W<\/li>\n<\/ul>\n<h3 class=\"wp-block-heading\">K\u1ebft Lu\u1eadn<\/h3>\n<p>Ugreen RoboGaN Mini CD359 kh\u00f4ng ch\u1ec9 l\u00e0 m\u1ed9t b\u1ed9 s\u1ea1c, m\u00e0 c\u00f2n l\u00e0 bi\u1ec3u t\u01b0\u1ee3ng c\u1ee7a s\u1ef1 s\u00e1ng t\u1ea1o v\u00e0 ti\u1ec7n \u00edch. \u0110\u01b0\u1ee3c thi\u1ebft k\u1ebf \u0111\u1ec3 \u0111\u00e1p \u1ee9ng m\u1ecdi nhu c\u1ea7u s\u1ea1c c\u1ee7a b\u1ea1n m\u1ed9t c\u00e1ch linh ho\u1ea1t v\u00e0 an to\u00e0n, s\u1ea3n ph\u1ea9m n\u00e0y kh\u00f4ng nh\u1eefng hi\u1ec7u qu\u1ea3 m\u00e0 c\u00f2n mang l\u1ea1i ni\u1ec1m vui v\u00e0 s\u1ef1 m\u1edbi m\u1ebb cho kh\u00f4ng gian s\u1ed1ng v\u00e0 l\u00e0m vi\u1ec7c c\u1ee7a b\u1ea1n.<\/p>\n<\/div>\n","protected":false},"excerpt":{"rendered":"<p>S\u1ea1c nhanh 30W Ugreen RoboGaN Mini CD359 S\u00e1ng T\u1ea1o v\u00e0 T\u00ednh N\u0103ng \u0110\u1eb7c Bi\u1ec7t C\u1ee7 s\u1ea1c nhanh Ugreen RoboGaN kh\u00f4ng ch\u1ec9 l\u00e0 m\u1ed9t b\u1ed9 s\u1ea1c th\u00f4ng th\u01b0\u1eddng m\u00e0 c\u00f2n l\u00e0 m\u1ed9t ng\u01b0\u1eddi b\u1ea1n c\u00f4ng ngh\u1ec7 \u0111\u00e1ng y\u00eau v\u00e0 \u0111\u1ed9c \u0111\u00e1o tr\u00ean b\u00e0n l\u00e0m vi\u1ec7c c\u1ee7a b\u1ea1n. Thi\u1ebft k\u1ebf tinh t\u1ebf v\u1edbi h\u00ecnh d\u00e1ng ng\u1ed9 ngh\u0129nh [&#8230;]\n","protected":false},"featured_media":1246,"comment_status":"closed","ping_status":"closed","template":"","meta":{"_acf_changed":false},"product_brand":[25],"product_cat":[16],"product_tag":[],"class_list":{"0":"post-1245","1":"product","2":"type-product","3":"status-publish","4":"has-post-thumbnail","6":"product_brand-ugreen","7":"product_cat-phu-kien-dien-thoai","9":"first","10":"instock","11":"sale","12":"shipping-taxable","13":"purchasable","14":"product-type-simple"},"acf":[],"_links":{"self":[{"href":"https:\/\/dienmay1.pluginaz.com\/index.php\/wp-json\/wp\/v2\/product\/1245","targetHints":{"allow":["GET"]}}],"collection":[{"href":"https:\/\/dienmay1.pluginaz.com\/index.php\/wp-json\/wp\/v2\/product"}],"about":[{"href":"https:\/\/dienmay1.pluginaz.com\/index.php\/wp-json\/wp\/v2\/types\/product"}],"replies":[{"embeddable":true,"href":"https:\/\/dienmay1.pluginaz.com\/index.php\/wp-json\/wp\/v2\/comments?post=1245"}],"wp:featuredmedia":[{"embeddable":true,"href":"https:\/\/dienmay1.pluginaz.com\/index.php\/wp-json\/wp\/v2\/media\/1246"}],"wp:attachment":[{"href":"https:\/\/dienmay1.pluginaz.com\/index.php\/wp-json\/wp\/v2\/media?parent=1245"}],"wp:term":[{"taxonomy":"product_brand","embeddable":true,"href":"https:\/\/dienmay1.pluginaz.com\/index.php\/wp-json\/wp\/v2\/product_brand?post=1245"},{"taxonomy":"product_cat","embeddable":true,"href":"https:\/\/dienmay1.pluginaz.com\/index.php\/wp-json\/wp\/v2\/product_cat?post=1245"},{"taxonomy":"product_tag","embeddable":true,"href":"https:\/\/dienmay1.pluginaz.com\/index.php\/wp-json\/wp\/v2\/product_tag?post=1245"}],"curies":[{"name":"wp","href":"https:\/\/api.w.org\/{rel}","templated":true}]}}