{"id":1273,"date":"2025-09-28T09:15:21","date_gmt":"2025-09-28T02:15:21","guid":{"rendered":"https:\/\/dienmay1.pluginaz.com\/index.php\/san-pham\/cap-sac-nhanh-type-c-to-micro-b-ugreen-us312-truyen-du-lieu-5gbps-15w\/"},"modified":"2025-09-28T09:15:31","modified_gmt":"2025-09-28T02:15:31","slug":"cap-sac-nhanh-type-c-to-micro-b-ugreen-us312-truyen-du-lieu-5gbps-15w","status":"publish","type":"product","link":"https:\/\/dienmay1.pluginaz.com\/index.php\/san-pham\/cap-sac-nhanh-type-c-to-micro-b-ugreen-us312-truyen-du-lieu-5gbps-15w\/","title":{"rendered":"C\u00e1p s\u1ea1c nhanh Type C to Micro B UGREEN US312 | Truy\u1ec1n d\u1eef li\u1ec7u 5Gbps, 15W"},"content":{"rendered":"","protected":false},"excerpt":{"rendered":"<ul>\n<li>C\u00e1p s\u1ea1c nhanh USB type C sang Micro B thi\u1ebft k\u1ebf \u0111\u1ec3 k\u1ebft n\u1ed1i tr\u1ef1c ti\u1ebfp \u1ed5 c\u1ee9ng g\u1eafn ngo\u00e0i di \u0111\u1ed9ng lo\u1ea1i \u0111\u1eddi c\u0169 v\u1edbi m\u00e1y t\u00ednh \u0111\u1ec3 b\u00e0n\/ m\u00e1y t\u00ednh b\u1ea3ng\/ m\u00e1y USB\/ Thunderbolt m\u1edbi nh\u01b0: MacBook\/ Mac Air\/ Mac Pro 2018, Dell XPS 13\/15, Samsung Tab S4, Surface Go\u2026<\/li>\n<li>T\u1ed1c \u0111\u1ed9 si\u00eau nhanh 5Gbps, c\u00f4ng su\u1ea5t 15W<\/li>\n<li>Truy\u1ec1n video 1G trong v\u00e0i gi\u00e2y<\/li>\n<li>H\u1ed7 tr\u1ee3 ngu\u1ed3n 5V-3A \u0111\u1ea3m b\u1ea3o cung c\u1ea5p \u0111\u1ee7 n\u0103ng l\u01b0\u1ee3ng v\u00e0 an to\u00e0n<\/li>\n<\/ul>\n","protected":false},"featured_media":1274,"comment_status":"closed","ping_status":"closed","template":"","meta":{"_acf_changed":false},"product_brand":[25],"product_cat":[20],"product_tag":[],"class_list":{"0":"post-1273","1":"product","2":"type-product","3":"status-publish","4":"has-post-thumbnail","6":"product_brand-ugreen","7":"product_cat-cap-data-du-lieu","9":"first","10":"instock","11":"sale","12":"shipping-taxable","13":"purchasable","14":"product-type-simple"},"acf":[],"_links":{"self":[{"href":"https:\/\/dienmay1.pluginaz.com\/index.php\/wp-json\/wp\/v2\/product\/1273","targetHints":{"allow":["GET"]}}],"collection":[{"href":"https:\/\/dienmay1.pluginaz.com\/index.php\/wp-json\/wp\/v2\/product"}],"about":[{"href":"https:\/\/dienmay1.pluginaz.com\/index.php\/wp-json\/wp\/v2\/types\/product"}],"replies":[{"embeddable":true,"href":"https:\/\/dienmay1.pluginaz.com\/index.php\/wp-json\/wp\/v2\/comments?post=1273"}],"wp:featuredmedia":[{"embeddable":true,"href":"https:\/\/dienmay1.pluginaz.com\/index.php\/wp-json\/wp\/v2\/media\/1274"}],"wp:attachment":[{"href":"https:\/\/dienmay1.pluginaz.com\/index.php\/wp-json\/wp\/v2\/media?parent=1273"}],"wp:term":[{"taxonomy":"product_brand","embeddable":true,"href":"https:\/\/dienmay1.pluginaz.com\/index.php\/wp-json\/wp\/v2\/product_brand?post=1273"},{"taxonomy":"product_cat","embeddable":true,"href":"https:\/\/dienmay1.pluginaz.com\/index.php\/wp-json\/wp\/v2\/product_cat?post=1273"},{"taxonomy":"product_tag","embeddable":true,"href":"https:\/\/dienmay1.pluginaz.com\/index.php\/wp-json\/wp\/v2\/product_tag?post=1273"}],"curies":[{"name":"wp","href":"https:\/\/api.w.org\/{rel}","templated":true}]}}