{"id":1294,"date":"2025-09-28T12:59:57","date_gmt":"2025-09-28T05:59:57","guid":{"rendered":"https:\/\/dienmay1.pluginaz.com\/index.php\/san-pham\/but-cam-ung-ipad-ugreen-lp221\/"},"modified":"2025-09-28T13:00:05","modified_gmt":"2025-09-28T06:00:05","slug":"but-cam-ung-ipad-ugreen-lp221","status":"publish","type":"product","link":"https:\/\/dienmay1.pluginaz.com\/index.php\/san-pham\/but-cam-ung-ipad-ugreen-lp221\/","title":{"rendered":"B\u00fat C\u1ea3m \u1ee8ng iPad Ugreen LP221"},"content":{"rendered":"<div class=\"luanlt_content_tab\">\n<p><strong>B\u00fat C\u1ea3m \u1ee8ng iPad Ugreen LP221<\/strong><strong> t\u01b0\u01a1ng th\u00edch nhi\u1ec1u thi\u1ebft b\u1ecb<\/strong><\/p>\n<p>Thi\u1ebft k\u1ebf \u0111\u1eb7c bi\u1ec7t \u0111\u1ec3 t\u01b0\u01a1ng th\u00edch v\u1edbi nhi\u1ec1u d\u00f2ng iPad c\u1ee7a Apple, bao g\u1ed3m iPad Mini, iPad Air, iPad Pro v\u00e0 c\u00e1c dong iPad kh\u00e1c t\u1eeb n\u0103m 2018 tr\u1edf \u0111i.<\/p>\n<p>S\u1eed d\u1ee5ng ch\u1ea5t li\u1ec7u h\u1ee3p kim nh\u00f4m cao c\u1ea5p, tone m\u00e0u x\u00e1m sang tr\u1ecdng gi\u1ed1ng v\u1edbi c\u00e1c s\u1ea3n ph\u1ea9m Macbook v\u00e0 iPad Pro 2020.<\/p>\n<figure class=\"wp-block-image aligncenter size-full\"><img decoding=\"async\" src=\"https:\/\/dienmay1.pluginaz.com\/wp-content\/uploads\/2025\/09\/but-cam-ung-ipad-ugreen-lp221-2-1.jpg.webp\" width=\"800\" height=\"800\" alt=\"B\u00fat C\u1ea3m \u1ee8ng iPad Ugreen LP221\" class=\"wp-image-64100\" title=\"B\u00fat C\u1ea3m \u1ee8ng iPad Ugreen LP221 1\" loading=\"lazy\"><figcaption class=\"wp-element-caption\">B\u00fat C\u1ea3m \u1ee8ng iPad Ugreen LP221 chu\u1ea9n cho Apple<\/figcaption><\/figure>\n<p><strong>B\u00fat C\u1ea3m \u1ee8ng iPad Ti\u1ec7n \u00cdch v\u00e0 Ti\u1ebft Ki\u1ec7m N\u0103ng L\u01b0\u1ee3ng:<\/strong><\/p>\n<p>T\u00edch h\u1ee3p vi x\u1eed l\u00fd th\u00f4ng minh, t\u1ef1 \u0111\u1ed9ng t\u1eaft ngu\u1ed3n sau 5 ph\u00fat kh\u00f4ng s\u1eed d\u1ee5ng, \u0111\u1ea3m b\u1ea3o th\u1eddi gian s\u1eed d\u1ee5ng l\u00ean \u0111\u1ebfn 18 gi\u1edd li\u00ean t\u1ee5c.<\/p>\n<p>Kh\u1ea3 n\u0103ng t\u1ef1 \u0111\u1ed9ng h\u00edt nam ch\u00e2m l\u00ean l\u01b0ng iPad (n\u1ebfu d\u00f2ng iPad h\u1ed7 tr\u1ee3).<\/p>\n<figure class=\"wp-block-image size-full\"><img decoding=\"async\" src=\"https:\/\/dienmay1.pluginaz.com\/wp-content\/uploads\/2025\/09\/but-cam-ung-ipad-ugreen-lp221-1-jpg.webp\" width=\"800\" height=\"800\" alt=\"B\u00fat C\u1ea3m \u1ee8ng iPad Ugreen LP221 1\" class=\"wp-image-64099\" title=\"B\u00fat C\u1ea3m \u1ee8ng iPad Ugreen LP221 13\" loading=\"lazy\"><figcaption class=\"wp-element-caption\">B\u00fat C\u1ea3m \u1ee8ng iPad Ugreen LP221 ti\u1ebft ki\u1ec7m n\u0103ng l\u01b0\u1ee3ng<\/figcaption><\/figure>\n<p><strong>D\u1ec5 D\u00e0ng S\u1eed D\u1ee5ng v\u00e0 Hi\u1ec3n Th\u1ecb Tr\u1ea1ng Th\u00e1i:<\/strong><\/p>\n<p>B\u00fat c\u1ea3m \u1ee9ng c\u00f3 \u0111\u00e8n LED hi\u1ec3n th\u1ecb tr\u1ea1ng th\u00e1i: xanh d\u01b0\u01a1ng khi ho\u1ea1t \u0111\u1ed9ng, \u0111\u1ecf khi pin y\u1ebfu, v\u00e0 xanh l\u00e1 khi \u0111\u1ea7y pin.<\/p>\n<p><strong>Thi\u1ebft K\u1ebf v\u00e0 Tr\u1ea3i Nghi\u1ec7m S\u1eed D\u1ee5ng:<\/strong><\/p>\n<p>Thi\u1ebft k\u1ebf t\u1ed1i \u01b0u gi\u00fap ng\u01b0\u1eddi d\u00f9ng d\u1ec5 d\u00e0ng ki\u1ec3m so\u00e1t v\u00e0 s\u1eed d\u1ee5ng b\u00fat m\u00e0 kh\u00f4ng c\u1ea7n ph\u1ea3i lo l\u1eafng v\u1ec1 v\u1ea5n \u0111\u1ec1 hao pin.<\/p>\n<p><strong>Th\u00f4ng Tin S\u1ea3n Ph\u1ea9m:<\/strong><\/p>\n<ul class=\"wp-block-list\">\n<li><strong>M\u00e0u s\u1eafc:<\/strong> \u0110en<\/li>\n<li><strong>Pin:<\/strong> Lithium polymer (140mAh)<\/li>\n<li><strong>D\u00f2ng \u0111i\u1ec7n s\u1ea1c:<\/strong> 5V \/ 0.15A<\/li>\n<li><strong>C\u1ed5ng s\u1ea1c:<\/strong> Type-C<\/li>\n<li><strong>Th\u1eddi gian s\u1ea1c:<\/strong> Kho\u1ea3ng 1 gi\u1edd<\/li>\n<li><strong>Tr\u1ecdng l\u01b0\u1ee3ng:<\/strong> 200g<\/li>\n<li><\/ul>\n<p><strong>S\u1ea3n Ph\u1ea9m Bao G\u1ed3m:<\/strong><\/p>\n<ul class=\"wp-block-list\">\n<li>1 x B\u00fat C\u1ea3m \u1ee8ng T\u00edch C\u1ef1c cho iPad<\/li>\n<li>2 x \u0110\u1ea7u B\u00fat Thay Th\u1ebf<\/li>\n<li>1 x C\u00e1p USB Type-C<\/li>\n<li>1 x S\u00e1ch H\u01b0\u1edbng D\u1eabn S\u1eed D\u1ee5ng<\/li>\n<\/ul>\n<p><strong>Th\u00f4ng S\u1ed1 K\u1ef9 Thu\u1eadt:<\/strong><\/p>\n<ul class=\"wp-block-list\">\n<li><strong>H\u00e3ng S\u1ea3n Xu\u1ea5t:<\/strong> Ugreen<\/li>\n<li><strong>M\u00e3 S\u1ea3n Ph\u1ea9m:<\/strong> 80135 \u2013 LP221<\/li>\n<li><strong>T\u00ednh N\u0103ng:<\/strong> B\u00fat c\u1ea3m \u1ee9ng d\u00e0nh cho iPad<\/li>\n<li><strong>Ch\u1ea5t Li\u1ec7u:<\/strong> H\u1ee3p kim nh\u00f4m<\/li>\n<li><strong>K\u00edch Th\u01b0\u1edbc:<\/strong> 25 x 5 x 5 cm<\/li>\n<li><strong>Tr\u1ecdng L\u01b0\u1ee3ng:<\/strong> 200g<\/li>\n<li><strong>T\u01b0\u01a1ng Th\u00edch:<\/strong> iPad mini5, iPad Air3, iPad Air 2020, iPad Pro (2018 \u2013 2021), v\u00e0 nhi\u1ec1u model kh\u00e1c.<\/li>\n<\/ul>\n<p><strong>\u01afu \u0110i\u1ec3m N\u1ed5i B\u1eadt:<\/strong><\/p>\n<ul class=\"wp-block-list\">\n<li>S\u1ef1 k\u1ebft h\u1ee3p gi\u1eefa thi\u1ebft k\u1ebf \u0111\u1eb9p m\u1eaft, ch\u1ea5t li\u1ec7u b\u1ec1n b\u1ec9 v\u00e0 c\u00f4ng ngh\u1ec7 th\u00f4ng minh.<\/li>\n<li>T\u00edch h\u1ee3p c\u00f4ng ngh\u1ec7 s\u1ea1c nhanh, ch\u1ec9 m\u1ea5t kho\u1ea3ng 1 gi\u1edd \u0111\u1ec3 s\u1ea1c \u0111\u1ea7y v\u00e0 c\u00f3 th\u1ec3 s\u1eed d\u1ee5ng li\u00ean t\u1ee5c \u0111\u1ebfn 18 gi\u1edd.<\/li>\n<li>D\u1ec5 d\u00e0ng theo d\u00f5i tr\u1ea1ng th\u00e1i n\u0103ng l\u01b0\u1ee3ng th\u00f4ng qua \u0111\u00e8n LED hi\u1ec3n th\u1ecb.<\/li>\n<\/ul>\n<p>S\u1ea3n ph\u1ea9m b\u00fat c\u1ea3m \u1ee9ng Ugreen LP221 kh\u00f4ng ch\u1ec9 l\u00e0 m\u1ed9t c\u00f4ng c\u1ee5 vi\u1ebft m\u1ea1nh m\u1ebd d\u00e0nh cho ng\u01b0\u1eddi d\u00f9ng iPad m\u00e0 c\u00f2n l\u00e0 m\u1ed9t ph\u1ee5 ki\u1ec7n ti\u1ec7n \u00edch, gi\u00fap t\u1ed1i \u01b0u h\u00f3a tr\u1ea3i nghi\u1ec7m s\u1eed d\u1ee5ng c\u1ee7a b\u1ea1n v\u1edbi thi\u1ebft b\u1ecb. B\u1ea1n c\u00f3 th\u1ec3 d\u1ec5 d\u00e0ng t\u1ea1o ra c\u00e1c d\u1ef1 \u00e1n s\u00e1ng t\u1ea1o, ghi ch\u00fa, v\u1ebd, v\u00e0 nhi\u1ec1u h\u01a1n n\u1eefa m\u1ed9t c\u00e1ch m\u01b0\u1ee3t m\u00e0 v\u00e0 t\u1ef1 nhi\u00ean.<\/p>\n<\/div>\n","protected":false},"excerpt":{"rendered":"<p>B\u00fat C\u1ea3m \u1ee8ng iPad Ugreen LP221 t\u01b0\u01a1ng th\u00edch nhi\u1ec1u thi\u1ebft b\u1ecb Thi\u1ebft k\u1ebf \u0111\u1eb7c bi\u1ec7t \u0111\u1ec3 t\u01b0\u01a1ng th\u00edch v\u1edbi nhi\u1ec1u d\u00f2ng iPad c\u1ee7a Apple, bao g\u1ed3m iPad Mini, iPad Air, iPad Pro v\u00e0 c\u00e1c dong iPad kh\u00e1c t\u1eeb n\u0103m 2018 tr\u1edf \u0111i. S\u1eed d\u1ee5ng ch\u1ea5t li\u1ec7u h\u1ee3p kim nh\u00f4m cao c\u1ea5p, tone m\u00e0u x\u00e1m sang [&#8230;]\n","protected":false},"featured_media":1295,"comment_status":"closed","ping_status":"closed","template":"","meta":{"_acf_changed":false},"product_brand":[25],"product_cat":[16],"product_tag":[],"class_list":{"0":"post-1294","1":"product","2":"type-product","3":"status-publish","4":"has-post-thumbnail","6":"product_brand-ugreen","7":"product_cat-phu-kien-dien-thoai","9":"first","10":"instock","11":"sale","12":"shipping-taxable","13":"purchasable","14":"product-type-simple"},"acf":[],"_links":{"self":[{"href":"https:\/\/dienmay1.pluginaz.com\/index.php\/wp-json\/wp\/v2\/product\/1294","targetHints":{"allow":["GET"]}}],"collection":[{"href":"https:\/\/dienmay1.pluginaz.com\/index.php\/wp-json\/wp\/v2\/product"}],"about":[{"href":"https:\/\/dienmay1.pluginaz.com\/index.php\/wp-json\/wp\/v2\/types\/product"}],"replies":[{"embeddable":true,"href":"https:\/\/dienmay1.pluginaz.com\/index.php\/wp-json\/wp\/v2\/comments?post=1294"}],"wp:featuredmedia":[{"embeddable":true,"href":"https:\/\/dienmay1.pluginaz.com\/index.php\/wp-json\/wp\/v2\/media\/1295"}],"wp:attachment":[{"href":"https:\/\/dienmay1.pluginaz.com\/index.php\/wp-json\/wp\/v2\/media?parent=1294"}],"wp:term":[{"taxonomy":"product_brand","embeddable":true,"href":"https:\/\/dienmay1.pluginaz.com\/index.php\/wp-json\/wp\/v2\/product_brand?post=1294"},{"taxonomy":"product_cat","embeddable":true,"href":"https:\/\/dienmay1.pluginaz.com\/index.php\/wp-json\/wp\/v2\/product_cat?post=1294"},{"taxonomy":"product_tag","embeddable":true,"href":"https:\/\/dienmay1.pluginaz.com\/index.php\/wp-json\/wp\/v2\/product_tag?post=1294"}],"curies":[{"name":"wp","href":"https:\/\/api.w.org\/{rel}","templated":true}]}}