{"id":1310,"date":"2025-09-28T13:32:07","date_gmt":"2025-09-28T06:32:07","guid":{"rendered":"https:\/\/dienmay1.pluginaz.com\/index.php\/san-pham\/cap-sac-usb-type-c-to-mini-usb-dai-1m-mau-den-cao-cap-ugreen-us242-50445\/"},"modified":"2025-09-28T13:32:16","modified_gmt":"2025-09-28T06:32:16","slug":"cap-sac-usb-type-c-to-mini-usb-dai-1m-mau-den-cao-cap-ugreen-us242-50445","status":"publish","type":"product","link":"https:\/\/dienmay1.pluginaz.com\/index.php\/san-pham\/cap-sac-usb-type-c-to-mini-usb-dai-1m-mau-den-cao-cap-ugreen-us242-50445\/","title":{"rendered":"C\u00e1p s\u1ea1c USB Type-C to Mini USB d\u00e0i 1m m\u00e0u \u0111en cao c\u1ea5p Ugreen US242 50445"},"content":{"rendered":"","protected":false},"excerpt":{"rendered":"","protected":false},"featured_media":1311,"comment_status":"closed","ping_status":"closed","template":"","meta":{"_acf_changed":false},"product_brand":[25],"product_cat":[20],"product_tag":[],"class_list":{"0":"post-1310","1":"product","2":"type-product","3":"status-publish","4":"has-post-thumbnail","6":"product_brand-ugreen","7":"product_cat-cap-data-du-lieu","9":"first","10":"instock","11":"sale","12":"shipping-taxable","13":"purchasable","14":"product-type-simple"},"acf":[],"_links":{"self":[{"href":"https:\/\/dienmay1.pluginaz.com\/index.php\/wp-json\/wp\/v2\/product\/1310","targetHints":{"allow":["GET"]}}],"collection":[{"href":"https:\/\/dienmay1.pluginaz.com\/index.php\/wp-json\/wp\/v2\/product"}],"about":[{"href":"https:\/\/dienmay1.pluginaz.com\/index.php\/wp-json\/wp\/v2\/types\/product"}],"replies":[{"embeddable":true,"href":"https:\/\/dienmay1.pluginaz.com\/index.php\/wp-json\/wp\/v2\/comments?post=1310"}],"wp:featuredmedia":[{"embeddable":true,"href":"https:\/\/dienmay1.pluginaz.com\/index.php\/wp-json\/wp\/v2\/media\/1311"}],"wp:attachment":[{"href":"https:\/\/dienmay1.pluginaz.com\/index.php\/wp-json\/wp\/v2\/media?parent=1310"}],"wp:term":[{"taxonomy":"product_brand","embeddable":true,"href":"https:\/\/dienmay1.pluginaz.com\/index.php\/wp-json\/wp\/v2\/product_brand?post=1310"},{"taxonomy":"product_cat","embeddable":true,"href":"https:\/\/dienmay1.pluginaz.com\/index.php\/wp-json\/wp\/v2\/product_cat?post=1310"},{"taxonomy":"product_tag","embeddable":true,"href":"https:\/\/dienmay1.pluginaz.com\/index.php\/wp-json\/wp\/v2\/product_tag?post=1310"}],"curies":[{"name":"wp","href":"https:\/\/api.w.org\/{rel}","templated":true}]}}