{"id":1322,"date":"2025-09-28T15:09:54","date_gmt":"2025-09-28T08:09:54","guid":{"rendered":"https:\/\/dienmay1.pluginaz.com\/index.php\/san-pham\/cap-chuyen-usb-2-0-to-3-5mm-ugreen-30757-micloa-day-du-boc-nhom-co-kem-mic-cao-cap\/"},"modified":"2025-09-28T15:09:58","modified_gmt":"2025-09-28T08:09:58","slug":"cap-chuyen-usb-2-0-to-3-5mm-ugreen-30757-micloa-day-du-boc-nhom-co-kem-mic-cao-cap","status":"publish","type":"product","link":"https:\/\/dienmay1.pluginaz.com\/index.php\/san-pham\/cap-chuyen-usb-2-0-to-3-5mm-ugreen-30757-micloa-day-du-boc-nhom-co-kem-mic-cao-cap\/","title":{"rendered":"C\u00e1p chuy\u1ec3n USB 2.0 to 3.5mm UGREEN 30757 (mic+loa) d\u00e2y d\u00f9 b\u1ecdc nh\u00f4m c\u00f3 k\u00e8m MIC cao c\u1ea5p"},"content":{"rendered":"<div class=\"luanlt_excerpt\">\n<h2>\u0110\u1eb7c \u0111i\u1ec3m n\u1ed5i b\u1eadt  30757<\/h2>\n<ul>\n<li><strong>Chuy\u1ec3n \u0111\u1ed5i \u00e2m thanh chuy\u00ean nghi\u1ec7p:<\/strong> T\u1eeb c\u1ed5ng USB 2.0 sang jack 3.5mm chu\u1ea9n CTIA t\u00edch h\u1ee3p c\u1ea3 micro v\u00e0 tai nghe.<\/li>\n<li><strong>\u00c2m thanh ch\u1ea5t l\u01b0\u1ee3ng cao:<\/strong> T\u00edch h\u1ee3p chip DAC KT0210, h\u1ed7 tr\u1ee3 \u00e2m thanh 24bit\/96kHz, SNR &gt;95dB.<\/li>\n<li><strong>H\u1ed7 tr\u1ee3 micro \u0111\u00e0m tho\u1ea1i:<\/strong> K\u1ebft n\u1ed1i d\u1ec5 d\u00e0ng v\u1edbi tai nghe c\u00f3 mic \u0111\u1ec3 g\u1ecdi \u0111i\u1ec7n, h\u1ecdp online, ch\u01a1i game.<\/li>\n<li><strong>Thi\u1ebft k\u1ebf b\u1ec1n b\u1ec9 v\u00e0 th\u1ea9m m\u1ef9:<\/strong> D\u00e2y d\u00f9 ch\u1ed1ng \u0111\u1ee9t, \u0111\u1ea7u jack h\u1ee3p kim nh\u00f4m ch\u1ed1ng oxi h\u00f3a.<\/li>\n<li><strong>C\u1eafm l\u00e0 ch\u1ea1y \u2013 kh\u00f4ng c\u1ea7n driver:<\/strong> T\u01b0\u01a1ng th\u00edch m\u1ecdi h\u1ec7 \u0111i\u1ec1u h\u00e0nh Windows, macOS, Linux.<\/li>\n<\/ul>\n<\/div>\n<div class=\"luanlt_content_tab\">\n<p><strong>UGREEN 30757<\/strong> l\u00e0 m\u1eabu c\u00e1p chuy\u1ec3n \u00e2m thanh cao c\u1ea5p \u0111\u1ebfn t\u1eeb th\u01b0\u01a1ng hi\u1ec7u Ugreen, n\u1ed5i b\u1eadt v\u1edbi kh\u1ea3 n\u0103ng chuy\u1ec3n \u0111\u1ed5i t\u00edn hi\u1ec7u t\u1eeb c\u1ed5ng USB 2.0 Type-A sang jack 3.5mm chu\u1ea9n 4-pin h\u1ed7 tr\u1ee3 \u0111\u1ed3ng th\u1eddi c\u1ea3 tai nghe v\u00e0 micro. \u0110\u00e2y l\u00e0 gi\u1ea3i ph\u00e1p l\u00fd t\u01b0\u1edfng d\u00e0nh cho ng\u01b0\u1eddi d\u00f9ng c\u1ea7n c\u1ea3i thi\u1ec7n ch\u1ea5t l\u01b0\u1ee3ng \u00e2m thanh ho\u1eb7c thay th\u1ebf card \u00e2m thanh t\u00edch h\u1ee3p tr\u00ean m\u00e1y t\u00ednh, laptop.<\/p>\n<h3>\u0110\u1eb7c \u0111i\u1ec3m n\u1ed5i b\u1eadt<\/h3>\n<ul>\n<li><strong>Thi\u1ebft k\u1ebf chuy\u00ean d\u1ee5ng cho m\u00e1y t\u00ednh kh\u00f4ng c\u00f3 c\u1ed5ng \u00e2m thanh<\/strong><br \/>\nPh\u00f9 h\u1ee3p v\u1edbi m\u00e1y t\u00ednh b\u00e0n, laptop kh\u00f4ng c\u00f3 c\u1ed5ng 3.5mm ho\u1eb7c c\u1ed5ng \u00e2m thanh b\u1ecb l\u1ed7i. Cho ph\u00e9p k\u1ebft n\u1ed1i tai nghe c\u00f3 mic ho\u1eb7c loa ngo\u00e0i m\u1ed9t c\u00e1ch nhanh ch\u00f3ng v\u00e0 d\u1ec5 d\u00e0ng.<\/li>\n<li><strong>Ch\u1ea5t l\u01b0\u1ee3ng \u00e2m thanh cao c\u1ea5p v\u1edbi chip x\u1eed l\u00fd \u00e2m thanh KT0210<\/strong><br \/>\nH\u1ed7 tr\u1ee3 gi\u1ea3i m\u00e3 \u00e2m thanh l\u00ean \u0111\u1ebfn 24Bit\/96kHz. T\u1ef7 l\u1ec7 t\u00edn hi\u1ec7u tr\u00ean nhi\u1ec5u (SNR) &gt;95dB cho \u00e2m thanh r\u00f5 n\u00e9t, gi\u1ea3m thi\u1ec3u m\u00e9o ti\u1ebfng khi nghe nh\u1ea1c hay \u0111\u00e0m tho\u1ea1i.<\/li>\n<li><strong>C\u1ed5ng 3.5mm chu\u1ea9n CTIA h\u1ed7 tr\u1ee3 c\u1ea3 mic v\u00e0 headphone<\/strong><br \/>\nT\u01b0\u01a1ng th\u00edch v\u1edbi h\u1ea7u h\u1ebft c\u00e1c d\u00f2ng tai nghe c\u00f3 micro tr\u00ean th\u1ecb tr\u01b0\u1eddng hi\u1ec7n nay, bao g\u1ed3m c\u1ea3 tai nghe gaming v\u00e0 tai nghe di \u0111\u1ed9ng c\u1ee7a Apple, Samsung, Xiaomi\u2026<\/li>\n<li><strong>Thi\u1ebft k\u1ebf b\u1ec1n b\u1ec9, th\u1ea9m m\u1ef9 cao<\/strong><br \/>\nD\u00e2y c\u00e1p \u0111\u01b0\u1ee3c b\u1ecdc d\u00f9 nylon ch\u1eafc ch\u1eafn, ch\u1ed1ng r\u1ed1i, ch\u1ecbu u\u1ed1n cong t\u1ed1t. \u0110\u1ea7u jack h\u1ee3p kim nh\u00f4m ch\u1ed1ng oxi h\u00f3a, t\u0103ng \u0111\u1ed9 b\u1ec1n v\u00e0 kh\u1ea3 n\u0103ng ch\u1ed1ng va \u0111\u1eadp.<\/li>\n<li><strong>Chi\u1ec1u d\u00e0i h\u1ee3p l\u00fd \u2013 25cm<\/strong><br \/>\nKh\u00f4ng qu\u00e1 d\u00e0i g\u00e2y v\u01b0\u1edbng v\u00edu, c\u0169ng kh\u00f4ng qu\u00e1 ng\u1eafn \u0111\u1ec3 g\u00e2y b\u1ea5t ti\u1ec7n \u2013 v\u1eeba \u0111\u1ee7 \u0111\u1ec3 s\u1eed d\u1ee5ng linh ho\u1ea1t tr\u00ean b\u00e0n l\u00e0m vi\u1ec7c.<\/li>\n<li><strong>Plug &amp; Play \u2013 Kh\u00f4ng c\u1ea7n c\u00e0i \u0111\u1eb7t<\/strong><br \/>\nT\u1ef1 \u0111\u1ed9ng nh\u1eadn driver tr\u00ean Windows, macOS, Linux. C\u1eafm v\u00e0o l\u00e0 s\u1eed d\u1ee5ng ngay, ti\u1ec7n l\u1ee3i cho m\u1ecdi \u0111\u1ed1i t\u01b0\u1ee3ng ng\u01b0\u1eddi d\u00f9ng.<\/li>\n<\/ul>\n<h3>Th\u00f4ng s\u1ed1 k\u1ef9 thu\u1eadt<\/h3>\n<table>\n<thead>\n<tr>\n<th><strong>T\u00ean s\u1ea3n ph\u1ea9m<\/strong><\/th>\n<th>C\u00e1p chuy\u1ec3n USB sang 3.5mm UGREEN 30757<\/th>\n<\/tr>\n<\/thead>\n<tbody>\n<tr>\n<td><strong>Model<\/strong><\/td>\n<td>CM477 \u2013 M\u00e3 s\u1ea3n ph\u1ea9m: 30757<\/td>\n<\/tr>\n<tr>\n<td><strong>\u0110\u1ea7u v\u00e0o<\/strong><\/td>\n<td>USB 2.0 Type-A<\/td>\n<\/tr>\n<tr>\n<td><strong>\u0110\u1ea7u ra<\/strong><\/td>\n<td>Jack 3.5mm chu\u1ea9n 4-pin (CTIA: mic + audio)<\/td>\n<\/tr>\n<tr>\n<td><strong>Chip x\u1eed l\u00fd \u00e2m thanh<\/strong><\/td>\n<td>KT0210 \u2013 24Bit\/96kHz, SNR &gt;95dB<\/td>\n<\/tr>\n<tr>\n<td><strong>Ch\u1ea5t li\u1ec7u<\/strong><\/td>\n<td>\u0110\u1ea7u nh\u00f4m, d\u00e2y d\u00f9 nylon ch\u1ed1ng \u0111\u1ee9t v\u00e0 ch\u1ed1ng nhi\u1ec5u<\/td>\n<\/tr>\n<tr>\n<td><strong>Chi\u1ec1u d\u00e0i d\u00e2y<\/strong><\/td>\n<td>25cm<\/td>\n<\/tr>\n<tr>\n<td><strong>H\u1ec7 \u0111i\u1ec1u h\u00e0nh h\u1ed7 tr\u1ee3<\/strong><\/td>\n<td>Windows \/ macOS \/ Linux \u2013 kh\u00f4ng c\u1ea7n driver<\/td>\n<\/tr>\n<tr>\n<td><strong>B\u1ea3o h\u00e0nh ch\u00ednh h\u00e3ng<\/strong><\/td>\n<td>18 th\u00e1ng<\/td>\n<\/tr>\n<\/tbody>\n<\/table>\n<h3>\u1ee8ng d\u1ee5ng th\u1ef1c t\u1ebf<\/h3>\n<ul>\n<li><strong>Thay th\u1ebf card \u00e2m thanh b\u1ecb l\u1ed7i<\/strong> tr\u00ean m\u00e1y t\u00ednh, laptop.<\/li>\n<li><strong>H\u1ecdp tr\u1ef1c tuy\u1ebfn, d\u1ea1y h\u1ecdc online<\/strong> v\u1edbi tai nghe c\u00f3 micro.<\/li>\n<li><strong>Nghe nh\u1ea1c, ch\u01a1i game<\/strong> v\u1edbi \u00e2m thanh ch\u1ea5t l\u01b0\u1ee3ng cao.<\/li>\n<li><strong>S\u1eed d\u1ee5ng v\u1edbi loa di \u0111\u1ed9ng, tai nghe th\u00f4ng th\u01b0\u1eddng<\/strong> c\u00f3 c\u1ed5ng 3.5mm.<\/li>\n<li><strong>T\u01b0\u01a1ng th\u00edch v\u1edbi tai nghe chu\u1ea9n CTIA<\/strong> \u2013 ph\u1ed5 bi\u1ebfn hi\u1ec7n nay.<\/li>\n<\/ul>\n<h3>Ch\u00ednh s\u00e1ch &amp; b\u1ea3o h\u00e0nh<\/h3>\n<ul>\n<li>S\u1ea3n ph\u1ea9m <strong>ch\u00ednh h\u00e3ng UGREEN<\/strong>, \u0111\u1ea7y \u0111\u1ee7 CO, CQ.<\/li>\n<li><strong>B\u1ea3o h\u00e0nh 18 th\u00e1ng<\/strong> theo ti\u00eau chu\u1ea9n nh\u00e0 s\u1ea3n xu\u1ea5t.<\/li>\n<li><strong>Mi\u1ec5n ph\u00ed v\u1eadn chuy\u1ec3n<\/strong> cho \u0111\u01a1n h\u00e0ng \u0111\u1ee7 \u0111i\u1ec1u ki\u1ec7n (tu\u1ef3 khu v\u1ef1c).<\/li>\n<li>Cam k\u1ebft ch\u1ea5t l\u01b0\u1ee3ng, \u0111\u1ed5i tr\u1ea3 trong 7 ng\u00e0y n\u1ebfu s\u1ea3n ph\u1ea9m l\u1ed7i do nh\u00e0 s\u1ea3n xu\u1ea5t.<\/li>\n<\/ul>\n<p><strong>UGREEN 30757<\/strong> l\u00e0 s\u1ef1 k\u1ebft h\u1ee3p ho\u00e0n h\u1ea3o gi\u1eefa c\u00f4ng ngh\u1ec7 \u00e2m thanh ti\u00ean ti\u1ebfn v\u00e0 thi\u1ebft k\u1ebf ti\u1ec7n l\u1ee3i. N\u1ebfu b\u1ea1n \u0111ang t\u00ecm ki\u1ebfm m\u1ed9t gi\u1ea3i ph\u00e1p chuy\u1ec3n \u0111\u1ed5i \u00e2m thanh t\u1eeb USB sang 3.5mm h\u1ed7 tr\u1ee3 mic \u2013 nh\u1ecf g\u1ecdn, b\u1ec1n b\u1ec9, \u00e2m thanh ch\u1ea5t l\u01b0\u1ee3ng cao \u2013 th\u00ec \u0111\u00e2y ch\u00ednh l\u00e0 l\u1ef1a ch\u1ecdn t\u1ed1i \u01b0u cho nhu c\u1ea7u h\u1ecdc t\u1eadp, l\u00e0m vi\u1ec7c v\u00e0 gi\u1ea3i tr\u00ed h\u1eb1ng ng\u00e0y.<\/p>\n<p>\u00a0<\/p>\n<\/div>\n","protected":false},"excerpt":{"rendered":"<ul>\n<li><strong>\u0110\u1ea7u v\u00e0o:<\/strong> USB 2.0 Type-A<\/li>\n<li><strong>\u0110\u1ea7u ra:<\/strong> Jack 3.5mm 4-pin (audio + mic)<\/li>\n<li><strong>Chi\u1ec1u d\u00e0i d\u00e2y:<\/strong> 25cm<\/li>\n<\/ul>\n","protected":false},"featured_media":1323,"comment_status":"closed","ping_status":"closed","template":"","meta":{"_acf_changed":false},"product_brand":[25],"product_cat":[23],"product_tag":[],"class_list":{"0":"post-1322","1":"product","2":"type-product","3":"status-publish","4":"has-post-thumbnail","6":"product_brand-ugreen","7":"product_cat-phu-kien-am-thanh","9":"first","10":"instock","11":"sale","12":"shipping-taxable","13":"purchasable","14":"product-type-simple"},"acf":[],"_links":{"self":[{"href":"https:\/\/dienmay1.pluginaz.com\/index.php\/wp-json\/wp\/v2\/product\/1322","targetHints":{"allow":["GET"]}}],"collection":[{"href":"https:\/\/dienmay1.pluginaz.com\/index.php\/wp-json\/wp\/v2\/product"}],"about":[{"href":"https:\/\/dienmay1.pluginaz.com\/index.php\/wp-json\/wp\/v2\/types\/product"}],"replies":[{"embeddable":true,"href":"https:\/\/dienmay1.pluginaz.com\/index.php\/wp-json\/wp\/v2\/comments?post=1322"}],"wp:featuredmedia":[{"embeddable":true,"href":"https:\/\/dienmay1.pluginaz.com\/index.php\/wp-json\/wp\/v2\/media\/1323"}],"wp:attachment":[{"href":"https:\/\/dienmay1.pluginaz.com\/index.php\/wp-json\/wp\/v2\/media?parent=1322"}],"wp:term":[{"taxonomy":"product_brand","embeddable":true,"href":"https:\/\/dienmay1.pluginaz.com\/index.php\/wp-json\/wp\/v2\/product_brand?post=1322"},{"taxonomy":"product_cat","embeddable":true,"href":"https:\/\/dienmay1.pluginaz.com\/index.php\/wp-json\/wp\/v2\/product_cat?post=1322"},{"taxonomy":"product_tag","embeddable":true,"href":"https:\/\/dienmay1.pluginaz.com\/index.php\/wp-json\/wp\/v2\/product_tag?post=1322"}],"curies":[{"name":"wp","href":"https:\/\/api.w.org\/{rel}","templated":true}]}}