{"id":1325,"date":"2025-09-28T15:10:02","date_gmt":"2025-09-28T08:10:02","guid":{"rendered":"https:\/\/dienmay1.pluginaz.com\/index.php\/san-pham\/cap-console-ugreen-cm204-chuyen-usb-2-0-sang-rj45-ftdi-chuan-8-pin\/"},"modified":"2025-09-28T15:10:13","modified_gmt":"2025-09-28T08:10:13","slug":"cap-console-ugreen-cm204-chuyen-usb-2-0-sang-rj45-ftdi-chuan-8-pin","status":"publish","type":"product","link":"https:\/\/dienmay1.pluginaz.com\/index.php\/san-pham\/cap-console-ugreen-cm204-chuyen-usb-2-0-sang-rj45-ftdi-chuan-8-pin\/","title":{"rendered":"C\u00e1p Console UGREEN CM204 Chuy\u1ec3n USB 2.0 sang RJ45 FTDI (chu\u1ea9n 8 pin)"},"content":{"rendered":"<div class=\"luanlt_content_tab\">\n<p>C\u00e1p l\u1eadp tr\u00ecnh Console UGREEN CM204 Chuy\u1ec3n USB 2.0 sang RJ45 FTDI (chu\u1ea9n 8 pin) l\u00e0 c\u00e1p l\u1eadp tr\u00ecnh ch\u1ea5t l\u01b0\u1ee3ng cao n\u00e0y \u0111\u01b0\u1ee3c thi\u1ebft k\u1ebf \u0111\u1eb7c bi\u1ec7t \u0111\u1ec3 l\u1eadp tr\u00ecnh v\u00e0 c\u1ea5u h\u00ecnh c\u00e1c thi\u1ebft b\u1ecb m\u1ea1ng nh\u01b0 m\u00e1y ch\u1ee7, trung t\u00e2m, c\u00f4ng t\u1eafc, b\u1ed9 \u0111\u1ecbnh tuy\u1ebfn, b\u1ed9 c\u00e2n b\u1eb1ng t\u1ea3i v\u00e0 nhi\u1ec1u thi\u1ebft b\u1ecb kh\u00e1c. V\u1edbi chipset FTDI FT232 ti\u00ean ti\u1ebfn v\u00e0 truy\u1ec1n t\u00edn hi\u1ec7u \u1ed5n \u0111\u1ecbnh, UGREEN CM204 \u0111\u1ea3m b\u1ea3o l\u1eadp tr\u00ecnh \u0111\u00e1ng tin c\u1eady v\u00e0 hi\u1ec7u qu\u1ea3 cho t\u1ea5t c\u1ea3 nhu c\u1ea7u m\u1ea1ng c\u1ee7a b\u1ea1n.<\/p>\n<p><strong>L\u1eadp Tr\u00ecnh M\u01b0\u1ee3t M\u00e0 V\u1edbi C\u00e1p L\u1eadp Tr\u00ecnh B\u1ea3ng \u0110i\u1ec1u Khi\u1ec3n UGREEN CM204<\/strong><\/p>\n<figure class=\"wp-block-image aligncenter size-full\"><img decoding=\"async\" src=\"https:\/\/dienmay1.pluginaz.com\/wp-content\/uploads\/2025\/09\/cap-lap-trinh-console-ugreen-cm204-chuyen-usb-20-sang-rj45-ftdi-chuan-8-pin.webp\" width=\"500\" height=\"479\" alt=\"L\u1eadp Tr\u00ecnh M\u01b0\u1ee3t M\u00e0 V\u1edbi C\u00e1p L\u1eadp Tr\u00ecnh B\u1ea3ng \u0110i\u1ec1u Khi\u1ec3n UGREEN CM204\" class=\"wp-image-68786\" title=\"C\u00e1p Console UGREEN CM204 Chuy\u1ec3n USB 2.0 sang RJ45 FTDI (chu\u1ea9n 8 pin) 14\" loading=\"lazy\"><figcaption class=\"wp-element-caption\">L\u1eadp Tr\u00ecnh M\u01b0\u1ee3t M\u00e0 V\u1edbi C\u00e1p L\u1eadp Tr\u00ecnh B\u1ea3ng \u0110i\u1ec1u Khi\u1ec3n UGREEN CM204<\/figcaption><\/figure>\n<p>C\u00e1p Console UGREEN CM204 \u0111\u01b0\u1ee3c trang b\u1ecb c\u1ea5u tr\u00fac \u0111\u00f4i xo\u1eafn 8-pin, cho ph\u00e9p truy\u1ec1n t\u00edn hi\u1ec7u \u1ed5n \u0111\u1ecbnh v\u00e0 t\u0103ng c\u01b0\u1eddng kh\u1ea3 n\u0103ng ch\u1ed1ng nhi\u1ec5u. \u0110i\u1ec1u n\u00e0y \u0111\u1ea3m b\u1ea3o tr\u1ea3i nghi\u1ec7m l\u1eadp tr\u00ecnh m\u01b0\u1ee3t m\u00e0, lo\u1ea1i b\u1ecf b\u1ea5t k\u1ef3 can thi\u1ec7p ho\u1eb7c gi\u00e1n \u0111o\u1ea1n n\u00e0o c\u00f3 th\u1ec3 c\u1ea3n tr\u1edf c\u1ea5u h\u00ecnh m\u1ea1ng c\u1ee7a b\u1ea1n. D\u00f9 b\u1ea1n \u0111ang thi\u1ebft l\u1eadp m\u1ed9t m\u1ea1ng m\u1edbi hay th\u1ef1c hi\u1ec7n thay \u0111\u1ed5i cho m\u1ea1ng hi\u1ec7n c\u00f3, UGREEN CM204 cung c\u1ea5p k\u1ebft n\u1ed1i \u0111\u00e1ng tin c\u1eady v\u00e0 hi\u1ec7u qu\u1ea3 gi\u1eefa m\u00e1y t\u00ednh v\u00e0 c\u00e1c thi\u1ebft b\u1ecb m\u1ea1ng c\u1ee7a b\u1ea1n.<\/p>\n<h2 class=\"wp-block-heading\">C\u00e1p l\u1eadp tr\u00ecnh 8 pin<\/h2>\n<p>C\u00e1p L\u1eadp Tr\u00ecnh B\u1ea3ng \u0110i\u1ec1u Khi\u1ec3n UGREEN CM204 \u0111\u01b0\u1ee3c ch\u1ebf t\u1ea1o \u0111\u1ec3 b\u1ec1n b\u1ec9. C\u1ea5u tr\u00fac 8-pin c\u1ee7a n\u00f3, bao g\u1ed3m hai s\u1ee3i xo\u1eafn, cung c\u1ea5p \u0111\u1ed9 \u1ed5n \u0111\u1ecbnh t\u00edn hi\u1ec7u v\u00e0 gi\u1ea3m nhi\u1ec5u t\u1ed1t h\u01a1n. V\u1ecf b\u1ecdc PVC c\u1ee7a c\u00e1p, m\u00e0u \u0111en sang tr\u1ecdng, t\u0103ng \u0111\u1ed9 b\u1ec1n v\u00e0 b\u1ea3o v\u1ec7 kh\u1ecfi m\u00e0i m\u00f2n.<\/p>\n<p> V\u1edbi m\u1ee9c \u0111\u00e1nh gi\u00e1 DC l\u00e0 300V v\u00e0 \u0111i\u1ec7n tr\u1edf l\u00e0 5ohm\/ms, UGREEN CM204 \u0111\u1ea3m b\u1ea3o hi\u1ec7u su\u1ea5t an to\u00e0n v\u00e0 \u0111\u00e1ng tin c\u1eady, ngay c\u1ea3 trong m\u00f4i tr\u01b0\u1eddng m\u1ea1ng \u0111\u00f2i h\u1ecfi kh\u1eaft khe.<\/p>\n<figure class=\"wp-block-image aligncenter size-full\"><img decoding=\"async\" src=\"https:\/\/dienmay1.pluginaz.com\/wp-content\/uploads\/2025\/09\/cap-lap-trinh-console-ugreen-cm204-chuyen-usb-20-sang-rj45-ftdi-chuan-8-pin-2.webp\" width=\"500\" height=\"500\" alt=\"C\u00e1p l\u1eadp tr\u00ecnh 8 pin\" class=\"wp-image-68788\" title=\"C\u00e1p Console UGREEN CM204 Chuy\u1ec3n USB 2.0 sang RJ45 FTDI (chu\u1ea9n 8 pin) 15\" loading=\"lazy\"><figcaption class=\"wp-element-caption\">C\u00e1p l\u1eadp tr\u00ecnh 8 pin<\/figcaption><\/figure>\n<p><strong>C\u00e1p l\u1eadp tr\u00ecnh t\u01b0\u01a1ng th\u00edch r\u1ed9ng <\/strong><\/p>\n<p>C\u00e1p L\u1eadp Tr\u00ecnh B\u1ea3ng \u0110i\u1ec1u Khi\u1ec3n UGREEN CM204 t\u01b0\u01a1ng th\u00edch v\u1edbi nhi\u1ec1u lo\u1ea1i thi\u1ebft b\u1ecb, bao g\u1ed3m laptop, PC, v\u00e0 Macbook. N\u00f3 h\u1ed7 tr\u1ee3 chu\u1ea9n USB 2.0 v\u00e0 t\u01b0\u01a1ng th\u00edch ng\u01b0\u1ee3c v\u1edbi USB 1.1, \u0111\u1ea3m b\u1ea3o k\u1ebft n\u1ed1i m\u01b0\u1ee3t m\u00e0 v\u1edbi m\u00e1y t\u00ednh c\u1ee7a b\u1ea1n. Chipset FTDI FT232 c\u1ee7a c\u00e1p cung c\u1ea5p \u0111\u1ed9 \u1ed5n \u0111\u1ecbnh v\u00e0 \u0111\u1ed9 b\u1ec1n v\u01b0\u1ee3t tr\u1ed9i, cho ph\u00e9p l\u1eadp tr\u00ecnh m\u01b0\u1ee3t m\u00e0 v\u00e0 \u0111\u00e1ng tin c\u1eady. Ngo\u00e0i ra, UGREEN CM204 t\u01b0\u01a1ng th\u00edch v\u1edbi c\u1ea3 h\u1ec7 \u0111i\u1ec1u h\u00e0nh Windows v\u00e0 Mac, l\u00e0 s\u1ef1 l\u1ef1a ch\u1ecdn \u0111a n\u0103ng cho t\u1ea5t c\u1ea3 nhu c\u1ea7u l\u1eadp tr\u00ecnh m\u1ea1ng c\u1ee7a b\u1ea1n.<\/p>\n<figure class=\"wp-block-image aligncenter size-full\"><img decoding=\"async\" src=\"https:\/\/dienmay1.pluginaz.com\/wp-content\/uploads\/2025\/09\/cap-lap-trinh-console-ugreen-cm204-chuyen-usb-20-sang-rj45-ftdi-chuan-8-pin-1-edited.webp\" width=\"500\" height=\"375\" alt=\"C\u00e1p Console UGREEN CM204 Chuy\u1ec3n USB 2.0 sang RJ45 FTDI (chu\u1ea9n 8 pin) 1\" class=\"wp-image-68789\" title=\"C\u00e1p Console UGREEN CM204 Chuy\u1ec3n USB 2.0 sang RJ45 FTDI (chu\u1ea9n 8 pin) 16\" loading=\"lazy\"><figcaption>C\u00e1p Console UGREEN CM204 Chuy\u1ec3n USB 2.0 sang RJ45 FTDI (chu\u1ea9n 8 pin)<\/figcaption><\/figure>\n<\/div>\n","protected":false},"excerpt":{"rendered":"<ul>\n<li>C\u00e1p l\u1eadp tr\u00ecnh Console USB 2.0 sang RJ45 FTDI (chu\u1ea9n 8 pin)<\/li>\n<li>C\u1ea5u tr\u00fac c\u00e1p 8 pin (\u0111\u01b0\u1ee3c xo\u1eafn 2 s\u1ee3i v\u1edbi nhau) truy\u1ec1n t\u00edn hi\u1ec7u\u1ed5n \u0111\u1ecbnh h\u01a1n,ch\u1ed1ng nhi\u1ec5u<\/li>\n<li>C\u00e1p Console USB sang RJ45 (c\u00e1p cisco, c\u00e1p l\u1eadp tr\u00ecnh, c\u00e1p \u0111i\u1ec1u khi\u1ec3n) chuy\u00ean d\u00f9ng l\u1eadp tr\u00ecnh cho c\u00e1c thi\u1ebft b\u1ecb m\u1ea1ng nh\u01b0: server, hub, switch, router, c\u00e2n b\u1eb1ng t\u1ea3i, thi\u1ebft b\u1ecb m\u1ea1ng kh\u00e1c\u2026<\/li>\n<li>S\u1eed d\u1ee5ng chipset FTDI FT-232 cao c\u1ea5p c\u00f3 \u0111\u1ed9 \u1ed5n \u0111\u1ecbnh v\u00e0 \u0111\u1ed9 b\u1ec1n cao FT232RL+ZT213<\/li>\n<li>S\u1eed d\u1ee5ng linh ho\u1ea1t cho c\u00e1c thi\u1ebft b\u1ecb Laptop, PC, Macbook\u2026<\/li>\n<li>DC 300V 5ohm\/ms<\/li>\n<li>Ti\u1ebft di\u1ec7n: 32AWG<\/li>\n<li>C\u1ea5u t\u1ea1o nh\u1ef1a PVC m\u00e0u \u0111en, d\u00e2y d\u1ea1ng d\u1eb9t<\/li>\n<li>H\u1ec7 \u0111i\u1ec1u h\u00e0nh h\u1ed7 tr\u1ee3: Windows XP, 7, 8, 8.1, 10 32\/64bit v\u00e0 Mac OS<\/li>\n<\/ul>\n","protected":false},"featured_media":1326,"comment_status":"closed","ping_status":"closed","template":"","meta":{"_acf_changed":false},"product_brand":[25],"product_cat":[20],"product_tag":[],"class_list":{"0":"post-1325","1":"product","2":"type-product","3":"status-publish","4":"has-post-thumbnail","6":"product_brand-ugreen","7":"product_cat-cap-data-du-lieu","9":"first","10":"instock","11":"sale","12":"shipping-taxable","13":"purchasable","14":"product-type-simple"},"acf":[],"_links":{"self":[{"href":"https:\/\/dienmay1.pluginaz.com\/index.php\/wp-json\/wp\/v2\/product\/1325","targetHints":{"allow":["GET"]}}],"collection":[{"href":"https:\/\/dienmay1.pluginaz.com\/index.php\/wp-json\/wp\/v2\/product"}],"about":[{"href":"https:\/\/dienmay1.pluginaz.com\/index.php\/wp-json\/wp\/v2\/types\/product"}],"replies":[{"embeddable":true,"href":"https:\/\/dienmay1.pluginaz.com\/index.php\/wp-json\/wp\/v2\/comments?post=1325"}],"wp:featuredmedia":[{"embeddable":true,"href":"https:\/\/dienmay1.pluginaz.com\/index.php\/wp-json\/wp\/v2\/media\/1326"}],"wp:attachment":[{"href":"https:\/\/dienmay1.pluginaz.com\/index.php\/wp-json\/wp\/v2\/media?parent=1325"}],"wp:term":[{"taxonomy":"product_brand","embeddable":true,"href":"https:\/\/dienmay1.pluginaz.com\/index.php\/wp-json\/wp\/v2\/product_brand?post=1325"},{"taxonomy":"product_cat","embeddable":true,"href":"https:\/\/dienmay1.pluginaz.com\/index.php\/wp-json\/wp\/v2\/product_cat?post=1325"},{"taxonomy":"product_tag","embeddable":true,"href":"https:\/\/dienmay1.pluginaz.com\/index.php\/wp-json\/wp\/v2\/product_tag?post=1325"}],"curies":[{"name":"wp","href":"https:\/\/api.w.org\/{rel}","templated":true}]}}