{"id":1346,"date":"2025-09-28T15:11:52","date_gmt":"2025-09-28T08:11:52","guid":{"rendered":"https:\/\/dienmay1.pluginaz.com\/index.php\/san-pham\/cap-chuyen-type-c-sang-3-5mm-ugreen-av142-khong-chip-dac\/"},"modified":"2025-09-28T15:12:02","modified_gmt":"2025-09-28T08:12:02","slug":"cap-chuyen-type-c-sang-3-5mm-ugreen-av142-khong-chip-dac","status":"publish","type":"product","link":"https:\/\/dienmay1.pluginaz.com\/index.php\/san-pham\/cap-chuyen-type-c-sang-3-5mm-ugreen-av142-khong-chip-dac\/","title":{"rendered":"C\u00e1p chuy\u1ec3n Type C sang 3.5mm UGREEN AV142 Kh\u00f4ng chip DAC"},"content":{"rendered":"","protected":false},"excerpt":{"rendered":"<ul>\n<li>C\u00e1p chuy\u1ec3n USB-C sang Jack Audio 3.5mm Ugreen l\u00e0 ph\u1ee5 ki\u1ec7n ch\u00ednh h\u00e3ng cao c\u1ea5p gi\u00fap k\u1ebft n\u1ed1i tai nghe, loa\u2026. v\u1edbi \u0111i\u1ec7n tho\u1ea1i, m\u00e1y t\u00ednh b\u1ea3ng c\u1ed5ng USB-C c\u1ee7a b\u1ea1n \u0111\u1ec3 nghe nh\u1ea1c v\u00e0 \u0111\u00e0m tho\u1ea1i thu\u1eadn ti\u1ec7n h\u01a1n. Thi\u1ebft k\u1ebf c\u00e1p hi\u1ec7n \u0111\u1ea1i, nh\u1ecf g\u1ecdn v\u00e0 tinh t\u1ebf l\u00e0 ph\u1ee5 ki\u1ec7n tuy\u1ec7t v\u1eddi cho b\u1ed9 s\u01b0u t\u1eadp ph\u1ee5 ki\u1ec7n c\u1ee7a b\u1ea1n.<\/li>\n<li>C\u00e1p chuy\u1ec3n \u0111\u1ed5i USB Type-C to 3.5mm Ugreen thi\u1ebft k\u1ebf d\u00e2y d\u1eabn l\u00f5i \u0111\u1ed3ng nguy\u00ean ch\u1ea5t \u0111\u01b0\u1ee3c b\u1ecdc b\u1ea3o v\u1ec7 b\u1edfi c\u00e1c l\u1edbp c\u00e1ch t\u1eeb, ch\u1ed1ng nhi\u1ec5u mang \u0111\u1ebfn tr\u1ea3i nghi\u1ec7m \u00e2m thanh t\u1ed1t h\u01a1n. Thi\u1ebft k\u1ebf hai \u0111\u1ea7u b\u1ecdc h\u1ee3p kim v\u00e0 d\u1eaby d\u1eabn b\u1ecdc d\u00f9 mang \u0111\u1ebfn \u0111\u1ed9 b\u1ec1n t\u1ed1i \u01b0u cho thi\u1ebft b\u1ecb.<\/li>\n<li>H\u1ed7 tr\u1ee3 c\u00e1c thi\u1ebft b\u1ecb nh\u01b0: Huawei P20\/P20 Pro\/ Mate 20 Pro\/ Mate 10 Pro\/ Honor Note 10, Xiaomi 8\/Mi 6\/Mix 2\/Mix 2S\/Note3, Motorola Moto Z\/Moto Z2<\/li>\n<li>*** S\u1ea3n ph\u1ea9m kh\u00f4ng d\u00f9ng \u0111\u01b0\u1ee3c v\u1edbi iPad Pro, Samsung<\/li>\n<\/ul>\n","protected":false},"featured_media":1347,"comment_status":"closed","ping_status":"closed","template":"","meta":{"_acf_changed":false},"product_brand":[25],"product_cat":[23],"product_tag":[],"class_list":{"0":"post-1346","1":"product","2":"type-product","3":"status-publish","4":"has-post-thumbnail","6":"product_brand-ugreen","7":"product_cat-phu-kien-am-thanh","9":"first","10":"instock","11":"sale","12":"shipping-taxable","13":"purchasable","14":"product-type-simple"},"acf":[],"_links":{"self":[{"href":"https:\/\/dienmay1.pluginaz.com\/index.php\/wp-json\/wp\/v2\/product\/1346","targetHints":{"allow":["GET"]}}],"collection":[{"href":"https:\/\/dienmay1.pluginaz.com\/index.php\/wp-json\/wp\/v2\/product"}],"about":[{"href":"https:\/\/dienmay1.pluginaz.com\/index.php\/wp-json\/wp\/v2\/types\/product"}],"replies":[{"embeddable":true,"href":"https:\/\/dienmay1.pluginaz.com\/index.php\/wp-json\/wp\/v2\/comments?post=1346"}],"wp:featuredmedia":[{"embeddable":true,"href":"https:\/\/dienmay1.pluginaz.com\/index.php\/wp-json\/wp\/v2\/media\/1347"}],"wp:attachment":[{"href":"https:\/\/dienmay1.pluginaz.com\/index.php\/wp-json\/wp\/v2\/media?parent=1346"}],"wp:term":[{"taxonomy":"product_brand","embeddable":true,"href":"https:\/\/dienmay1.pluginaz.com\/index.php\/wp-json\/wp\/v2\/product_brand?post=1346"},{"taxonomy":"product_cat","embeddable":true,"href":"https:\/\/dienmay1.pluginaz.com\/index.php\/wp-json\/wp\/v2\/product_cat?post=1346"},{"taxonomy":"product_tag","embeddable":true,"href":"https:\/\/dienmay1.pluginaz.com\/index.php\/wp-json\/wp\/v2\/product_tag?post=1346"}],"curies":[{"name":"wp","href":"https:\/\/api.w.org\/{rel}","templated":true}]}}