{"id":1368,"date":"2025-09-28T15:12:07","date_gmt":"2025-09-28T08:12:07","guid":{"rendered":"https:\/\/dienmay1.pluginaz.com\/index.php\/san-pham\/cap-du-lieu-usb-2-0-sang-type-c-ugreen-us318-tich-hop-chipset-duoc-dat-o-dau-cam-loi-dong-nguyen-chat-vo-boc-pvc\/"},"modified":"2025-09-28T15:12:17","modified_gmt":"2025-09-28T08:12:17","slug":"cap-du-lieu-usb-2-0-sang-type-c-ugreen-us318-tich-hop-chipset-duoc-dat-o-dau-cam-loi-dong-nguyen-chat-vo-boc-pvc","status":"publish","type":"product","link":"https:\/\/dienmay1.pluginaz.com\/index.php\/san-pham\/cap-du-lieu-usb-2-0-sang-type-c-ugreen-us318-tich-hop-chipset-duoc-dat-o-dau-cam-loi-dong-nguyen-chat-vo-boc-pvc\/","title":{"rendered":"C\u00e1p d\u1eef li\u1ec7u USB 2.0 sang Type C UGREEN US318 \u2013 T\u00edch h\u1ee3p chipset \u0111\u01b0\u1ee3c \u0111\u1eb7t \u1edf \u0111\u1ea7u c\u1eafm \u2013 L\u00f5i \u0111\u1ed3ng nguy\u00ean ch\u1ea5t, v\u1ecf b\u1ecdc PVC"},"content":{"rendered":"","protected":false},"excerpt":{"rendered":"<ul>\n<li>C\u00e1p d\u1eef li\u1ec7u USB 3.0 sang USB type C t\u00edch h\u1ee3p chipset<\/li>\n<li>Cho ph\u00e9p k\u1ebft n\u1ed1i 2 m\u00e1y t\u00ednh c\u00f9ng l\u00fac \u0111\u1ec3 truy\u1ec1n d\u1eef li\u1ec7u ho\u1eb7c thao t\u00e1c chia m\u00e0n h\u00ecnh \u0111a t\u00e1c v\u1ee5 (s\u1eed d\u1ee5ng 2 m\u00e0n h\u00ecnh v\u1edbi c\u00f9ng m\u1ed9t PC, b\u00e0n ph\u00edm, chu\u1ed9t, \u1ee9ng d\u1ee5ng trong nhi\u1ec1u tr\u01b0\u1eddng h\u1ee3p nh\u01b0: ch\u01a1i tr\u00f2 ch\u01a1i, thi\u1ebft k\u1ebf b\u1ea3n v\u1ebd, theo d\u00f5i c\u1ed5 phi\u1ebfu tr\u1ef1c tuy\u1ebfn\u2026<\/li>\n<li>Tr\u1ef1c ti\u1ebfp truy\u1ec1n h\u00ecnh \u1ea3nh, video, t\u1eadp tin t\u1eeb 2 m\u00e1y t\u00ednh<\/li>\n<li>C\u00e0i \u0111\u1eb7t d\u1ec5 d\u00e0ng, ch\u1ec9 c\u1ea7n m\u1edf m\u00e1y t\u00ednh, t\u00ecm \u1ed5 \u0111\u0129a CD (bi\u1ec3u t\u01b0\u1ee3ng MacKMLink) nh\u1ea5p \u0111\u00fap chu\u1ed9t s\u1ebd t\u1ef1 \u0111\u1ed9ng c\u00e0i \u0111\u1eb7t<\/li>\n<li>S\u1eed d\u1ee5ng v\u1eadt li\u1ec7u cao c\u1ea5p v\u1edbi l\u00f5i \u0111\u1ed3ng, b\u1ecdc nhi\u1ec1u l\u1edbp l\u00e1 nh\u00f4m ch\u1ed1ng nhi\u1ec5u, v\u1ecf b\u1ecdc PVC<\/li>\n<li>S\u1eed d\u1ee5ng chipset OTI002211 \u0111\u01b0\u1ee3c \u0111\u1eb7t \u1edf \u0111\u1ea7u c\u1eafm<\/li>\n<li>\u0110\u1ed9 d\u00e0i 2m<\/li>\n<\/ul>\n","protected":false},"featured_media":1369,"comment_status":"closed","ping_status":"closed","template":"","meta":{"_acf_changed":false},"product_brand":[25],"product_cat":[20],"product_tag":[],"class_list":{"0":"post-1368","1":"product","2":"type-product","3":"status-publish","4":"has-post-thumbnail","6":"product_brand-ugreen","7":"product_cat-cap-data-du-lieu","9":"first","10":"instock","11":"sale","12":"shipping-taxable","13":"purchasable","14":"product-type-simple"},"acf":[],"_links":{"self":[{"href":"https:\/\/dienmay1.pluginaz.com\/index.php\/wp-json\/wp\/v2\/product\/1368","targetHints":{"allow":["GET"]}}],"collection":[{"href":"https:\/\/dienmay1.pluginaz.com\/index.php\/wp-json\/wp\/v2\/product"}],"about":[{"href":"https:\/\/dienmay1.pluginaz.com\/index.php\/wp-json\/wp\/v2\/types\/product"}],"replies":[{"embeddable":true,"href":"https:\/\/dienmay1.pluginaz.com\/index.php\/wp-json\/wp\/v2\/comments?post=1368"}],"wp:featuredmedia":[{"embeddable":true,"href":"https:\/\/dienmay1.pluginaz.com\/index.php\/wp-json\/wp\/v2\/media\/1369"}],"wp:attachment":[{"href":"https:\/\/dienmay1.pluginaz.com\/index.php\/wp-json\/wp\/v2\/media?parent=1368"}],"wp:term":[{"taxonomy":"product_brand","embeddable":true,"href":"https:\/\/dienmay1.pluginaz.com\/index.php\/wp-json\/wp\/v2\/product_brand?post=1368"},{"taxonomy":"product_cat","embeddable":true,"href":"https:\/\/dienmay1.pluginaz.com\/index.php\/wp-json\/wp\/v2\/product_cat?post=1368"},{"taxonomy":"product_tag","embeddable":true,"href":"https:\/\/dienmay1.pluginaz.com\/index.php\/wp-json\/wp\/v2\/product_tag?post=1368"}],"curies":[{"name":"wp","href":"https:\/\/api.w.org\/{rel}","templated":true}]}}