{"id":1413,"date":"2025-09-29T13:25:54","date_gmt":"2025-09-29T06:25:54","guid":{"rendered":"https:\/\/dienmay1.pluginaz.com\/index.php\/san-pham\/cap-chuyen-lightning-sang-3-5mm-ugreen-us211\/"},"modified":"2025-09-29T13:26:22","modified_gmt":"2025-09-29T06:26:22","slug":"cap-chuyen-lightning-sang-3-5mm-ugreen-us211","status":"publish","type":"product","link":"https:\/\/dienmay1.pluginaz.com\/index.php\/san-pham\/cap-chuyen-lightning-sang-3-5mm-ugreen-us211\/","title":{"rendered":"C\u00e1p chuy\u1ec3n Lightning sang 3.5mm UGREEN US211"},"content":{"rendered":"<div class=\"luanlt_content_tab\">\n<p>B\u1ed9 chuy\u1ec3n \u0111\u1ed5i lightning sang 3.5mm ch\u1ee9ng nh\u1eadn Apple MFI t\u1eeb UGREEN: t\u01b0\u01a1ng th\u00edch r\u1ed9ng v\u1edbi iPhone 12, SE 2020 v\u00e0 c\u00e1c m\u00f4 h\u00ecnh kh\u00e1c t\u1eeb iOS 10.3.1 tr\u1edf l\u00ean. H\u1ed7 tr\u1ee3 nghe nh\u1ea1c, \u0111i\u1ec1u khi\u1ec3n t\u1eeb xa, v\u00e0 truy\u1ec1n \u00e2m thanh ch\u1ea5t l\u01b0\u1ee3ng cao. Thi\u1ebft k\u1ebf b\u1ec1n b\u1ec9 v\u1edbi h\u1ee3p kim nh\u00f4m v\u00e0 d\u00e2y b\u1ec7n nylon.<\/p>\n<figure class=\"wp-block-image size-full\"><img decoding=\"async\" src=\"https:\/\/dienmay1.pluginaz.com\/wp-content\/uploads\/2025\/09\/cap-chuyen-lightning-sang-35mm-audio-ugreen-us211-ho-tro-chuan-mfi-ket-noi-tai-nghe-35mm-cho-iphone-11-pro-max-iphone-xs-max-1.jpg\" width=\"1501\" height=\"1501\" alt=\"C\u00e1p chuy\u1ec3n Lightning sang 3.5mm Audio UGREEN US211 H\u1ed7 tr\u1ee3 chu\u1ea9n MFi - K\u1ebft n\u1ed1i tai nghe 3.5mm cho iPhone 11 Pro Max \/ iPhone Xs Max, \u2026\" class=\"wp-image-59958\" title=\"C\u00e1p chuy\u1ec3n Lightning sang 3.5mm UGREEN US211 1\" loading=\"lazy\"><figcaption class=\"wp-element-caption\">C\u00e1p chuy\u1ec3n Lightning sang 3.5mm UGREEN US211<\/figcaption><\/figure>\n<p>T\u01b0\u01a1ng th\u00edch R\u1ed9ng B\u1ed9 chuy\u1ec3n \u0111\u1ed5i tai nghe iPhone n\u00e0y ho\u1ea1t \u0111\u1ed9ng t\u1ed1t v\u1edbi t\u1ea5t c\u1ea3 c\u00e1c thi\u1ebft b\u1ecb c\u00f3 c\u1ed5ng lightning v\u00e0 h\u1ec7 \u0111i\u1ec1u h\u00e0nh iOS 10.3.1 tr\u1edf l\u00ean nh\u01b0 iPhone 12 mini \/ 12 \/ 12 Pro \/ 12 Pro Max, iPhone 2020 SE \/ 11 \/ 11 Pro \/ 11 Pro Max<\/p>\n<p>\u0110a ch\u1ee9c n\u0103ng: V\u1edbi b\u1ed9 chuy\u1ec3n \u0111\u1ed5i lightning n\u00e0y cho iPhone, kh\u00f4ng ch\u1ec9 h\u1ed7 tr\u1ee3 nghe nh\u1ea1c m\u00e0 c\u00f2n h\u1ed7 tr\u1ee3 ch\u1ee9c n\u0103ng \u0111i\u1ec1u khi\u1ec3n d\u00e2y nh\u01b0 microphone, \u0111i\u1ec1u ch\u1ec9nh \u00e2m l\u01b0\u1ee3ng, t\u1ea1m d\u1eebng v\u00e0 ph\u00e1t, c\u1eafm v\u00e0 s\u1eed d\u1ee5ng m\u00e0 kh\u00f4ng c\u1ea7n thay \u0111\u1ed5i c\u00e0i \u0111\u1eb7t<\/p>\n<p>B\u1ec1n v\u00e0 Ch\u1eafc Ch\u1eafn: Kh\u00f4ng b\u1ecb h\u1ecfng, x\u01b0\u1edbc, u\u1ed1n cong ho\u1eb7c r\u00e1ch! B\u1ed9 chuy\u1ec3n \u0111\u1ed5i aux c\u1ee7a UGREEN \u0111\u01b0\u1ee3c l\u00e0m t\u1eeb h\u1ee3p kim nh\u00f4m cao c\u1ea5p v\u00e0 d\u00e2y b\u1ec7n nylon, b\u00ean trong c\u00f3 \u0111\u1ed3ng m\u1ea1 men v\u00e0 l\u1edbp v\u1ecf PVC \u0111\u1ec3 \u0111\u1ea3m b\u1ea3o truy\u1ec1n t\u1ea3i \u00e2m thanh \u1ed5n \u0111\u1ecbnh.<\/p>\n<p>T\u1ed1c \u0111\u1ed9 l\u1ea5y m\u1eabu l\u00ean \u0111\u1ebfn 48KHz v\u00e0 l\u1ecdc ti\u1ebfng \u1ed3n \u0111\u1ec3 mang l\u1ea1i \u00e2m thanh tuy\u1ec7t v\u1eddi. H\u01a1n n\u1eefa, n\u00f3 c\u0169ng h\u1ed7 tr\u1ee3 \u00e2m thanh kh\u00f4ng m\u1ea5t m\u00e1t c\u1ee7a Apple \u0111\u1ec3 cung c\u1ea5p cho b\u1ea1n ch\u1ea5t l\u01b0\u1ee3ng \u00e2m thanh trong tr\u1ebbo m\u00e0 kh\u00f4ng gi\u00e1n \u0111o\u1ea1n.<\/p>\n<figure class=\"wp-block-image size-full\"><img decoding=\"async\" src=\"https:\/\/dienmay1.pluginaz.com\/wp-content\/uploads\/2025\/09\/cap-chuyen-lightning-sang-35mm-audio-ugreen-us211-ho-tro-chuan-mfi-ket-noi-tai-nghe-35mm-cho-iphone-11-pro-max-iphone-xs-max-4.jpg\" width=\"1989\" height=\"2560\" alt=\"C\u00e1p chuy\u1ec3n Lightning sang 3.5mm Audio UGREEN US211 H\u1ed7 tr\u1ee3 chu\u1ea9n MFi - K\u1ebft n\u1ed1i tai nghe 3.5mm cho iPhone 11 Pro Max \/ iPhone Xs Max, \u2026\" class=\"wp-image-59961\" title=\"C\u00e1p chuy\u1ec3n Lightning sang 3.5mm UGREEN US211 13\" loading=\"lazy\"><figcaption class=\"wp-element-caption\">C\u00e1p chuy\u1ec3n Lightning sang 3.5mm UGREEN US211 \u0111an ch\u1ee9c n\u0103ng<\/figcaption><\/figure>\n<p><strong>Chu\u1ea9n MFi c\u1ee7a APPLE<\/strong>: \u0110\u1ea3m b\u1ea3o t\u00ednh t\u01b0\u01a1ng th\u00edch v\u00e0 an to\u00e0n khi s\u1eed d\u1ee5ng v\u1edbi c\u00e1c thi\u1ebft b\u1ecb Apple.<\/p>\n<p><strong>T\u00ednh n\u0103ng<\/strong>: K\u1ebft n\u1ed1i iPhone, iPad, iPod Touch qua c\u1ed5ng Lightning sang c\u1ed5ng 3.5mm. H\u1ed7 tr\u1ee3 c\u1ea3 \u00e2m thanh v\u00e0 mic n\u00f3i \u0111\u00e0m tho\u1ea1i.<\/p>\n<p><strong>T\u01b0\u01a1ng th\u00edch<\/strong>: iPhone 7 tr\u1edf l\u00ean v\u00e0 h\u1ec7 \u0111i\u1ec1u h\u00e0nh iOS 10.3.1 tr\u1edf l\u00ean.<\/p>\n<p><strong>Ch\u1ea5t li\u1ec7u<\/strong>: \u0110\u1ea7u c\u00e1p l\u00e0m t\u1eeb h\u1ee3p kim nh\u00f4m, d\u00e2y b\u1ec7n nylon ho\u1eb7c PVC (t\u00f9y model) cho \u0111\u1ed9 b\u1ec1n v\u00e0 \u0111\u1ea3m b\u1ea3o truy\u1ec1n t\u1ea3i \u00e2m thanh \u1ed5n \u0111\u1ecbnh.<\/p>\n<p><strong>\u0110\u1eb7c \u0111i\u1ec3m<\/strong>: Thi\u1ebft k\u1ebf g\u1ecdn nh\u1eb9, d\u1ec5 d\u00e0ng mang theo. H\u1ed7 tr\u1ee3 t\u1ea7n s\u1ed1 \u00e2m thanh l\u00ean \u0111\u1ebfn 48KHz v\u00e0 c\u00f3 kh\u1ea3 n\u0103ng l\u1ecdc ti\u1ebfng \u1ed3n.<\/p>\n<p><strong>M\u00f4 h\u00ecnh<\/strong>:<\/p>\n<p>Model 30756: D\u00e2y b\u1ec7n nylon d\u1ebbo dai.<\/p>\n<p>Model 30759: D\u00e2y PVC m\u1ec1m m\u1ea1i.<\/p>\n<p><strong>Plug &amp; Play<\/strong>: Kh\u00f4ng c\u1ea7n c\u00e0i \u0111\u1eb7t driver.<\/p>\n<p><strong>L\u01b0u \u00fd<\/strong>: Kh\u00f4ng h\u1ed7 tr\u1ee3 cho tai nghe d\u00f9ng chu\u1ea9n Android OMTP.<\/p>\n<p>S\u1ea3n ph\u1ea9m n\u00e0y h\u1eefu \u00edch cho nh\u1eefng ai mu\u1ed1n s\u1eed d\u1ee5ng tai nghe c\u00f3 d\u00e2y 3.5mm c\u00f9ng v\u1edbi c\u00e1c thi\u1ebft b\u1ecb Apple kh\u00f4ng c\u00f3 c\u1ed5ng 3.5mm nh\u01b0 iPhone 7 tr\u1edf l\u00ean.<\/p>\n<\/div>\n","protected":false},"excerpt":{"rendered":"<p>B\u1ed9 chuy\u1ec3n \u0111\u1ed5i lightning sang 3.5mm ch\u1ee9ng nh\u1eadn Apple MFI t\u1eeb UGREEN: t\u01b0\u01a1ng th\u00edch r\u1ed9ng v\u1edbi iPhone 12, SE 2020 v\u00e0 c\u00e1c m\u00f4 h\u00ecnh kh\u00e1c t\u1eeb iOS 10.3.1 tr\u1edf l\u00ean. H\u1ed7 tr\u1ee3 nghe nh\u1ea1c, \u0111i\u1ec1u khi\u1ec3n t\u1eeb xa, v\u00e0 truy\u1ec1n \u00e2m thanh ch\u1ea5t l\u01b0\u1ee3ng cao. Thi\u1ebft k\u1ebf b\u1ec1n b\u1ec9 v\u1edbi h\u1ee3p kim nh\u00f4m v\u00e0 d\u00e2y [&#8230;]\n","protected":false},"featured_media":1414,"comment_status":"closed","ping_status":"closed","template":"","meta":{"_acf_changed":false},"product_brand":[25],"product_cat":[23],"product_tag":[],"class_list":{"0":"post-1413","1":"product","2":"type-product","3":"status-publish","4":"has-post-thumbnail","6":"product_brand-ugreen","7":"product_cat-phu-kien-am-thanh","9":"first","10":"instock","11":"sale","12":"shipping-taxable","13":"purchasable","14":"product-type-simple"},"acf":[],"_links":{"self":[{"href":"https:\/\/dienmay1.pluginaz.com\/index.php\/wp-json\/wp\/v2\/product\/1413","targetHints":{"allow":["GET"]}}],"collection":[{"href":"https:\/\/dienmay1.pluginaz.com\/index.php\/wp-json\/wp\/v2\/product"}],"about":[{"href":"https:\/\/dienmay1.pluginaz.com\/index.php\/wp-json\/wp\/v2\/types\/product"}],"replies":[{"embeddable":true,"href":"https:\/\/dienmay1.pluginaz.com\/index.php\/wp-json\/wp\/v2\/comments?post=1413"}],"wp:featuredmedia":[{"embeddable":true,"href":"https:\/\/dienmay1.pluginaz.com\/index.php\/wp-json\/wp\/v2\/media\/1414"}],"wp:attachment":[{"href":"https:\/\/dienmay1.pluginaz.com\/index.php\/wp-json\/wp\/v2\/media?parent=1413"}],"wp:term":[{"taxonomy":"product_brand","embeddable":true,"href":"https:\/\/dienmay1.pluginaz.com\/index.php\/wp-json\/wp\/v2\/product_brand?post=1413"},{"taxonomy":"product_cat","embeddable":true,"href":"https:\/\/dienmay1.pluginaz.com\/index.php\/wp-json\/wp\/v2\/product_cat?post=1413"},{"taxonomy":"product_tag","embeddable":true,"href":"https:\/\/dienmay1.pluginaz.com\/index.php\/wp-json\/wp\/v2\/product_tag?post=1413"}],"curies":[{"name":"wp","href":"https:\/\/api.w.org\/{rel}","templated":true}]}}