{"id":1436,"date":"2025-09-29T13:30:02","date_gmt":"2025-09-29T06:30:02","guid":{"rendered":"https:\/\/dienmay1.pluginaz.com\/index.php\/san-pham\/dau-chuyen-usb-a-sang-usb-c-ugreen-us701-45275\/"},"modified":"2025-09-29T13:30:02","modified_gmt":"2025-09-29T06:30:02","slug":"dau-chuyen-usb-a-sang-usb-c-ugreen-us701-45275","status":"publish","type":"product","link":"https:\/\/dienmay1.pluginaz.com\/index.php\/san-pham\/dau-chuyen-usb-a-sang-usb-c-ugreen-us701-45275\/","title":{"rendered":"\u0110\u1ea7u chuy\u1ec3n USB-A Sang USB-C UGREEN US701 (45275)"},"content":{"rendered":"<div class=\"luanlt_excerpt\">\n<h2>\u0110\u1eb7c \u0111i\u1ec3m n\u1ed5i b\u1eadt  45275<\/h2>\n<ul>\n<li>Chuy\u1ec3n \u0111\u1ed5i linh ho\u1ea1t gi\u1eefa c\u1ed5ng USB-A truy\u1ec1n th\u1ed1ng v\u00e0 USB-C hi\u1ec7n \u0111\u1ea1i.<\/li>\n<li>H\u1ed7 tr\u1ee3 v\u1eeba s\u1ea1c v\u1eeba truy\u1ec1n d\u1eef li\u1ec7u cho \u0111i\u1ec7n tho\u1ea1i, tablet v\u00e0 thi\u1ebft b\u1ecb USB-C m\u1edbi.<\/li>\n<li>Thi\u1ebft k\u1ebf nh\u1ecf g\u1ecdn, d\u1ec5 mang theo, th\u00edch h\u1ee3p cho c\u00f4ng vi\u1ec7c, h\u1ecdc t\u1eadp, du l\u1ecbch.<\/li>\n<li>Ch\u1ea5t li\u1ec7u b\u1ec1n b\u1ec9, tu\u1ed5i th\u1ecd c\u1eafm r\u00fat cao, \u0111\u1ea3m b\u1ea3o s\u1eed d\u1ee5ng l\u00e2u d\u00e0i.<\/li>\n<li>T\u01b0\u01a1ng th\u00edch \u0111a d\u1ea1ng: \u0111i\u1ec7n tho\u1ea1i, laptop, m\u00e1y t\u00ednh b\u1ea3ng, ph\u1ee5 ki\u1ec7n v\u00e0 \u1ed5 c\u1ee9ng ngo\u00e0i.<\/li>\n<\/ul>\n<\/div>\n<div class=\"luanlt_content_tab\">\n<p>Trong th\u1eddi \u0111\u1ea1i s\u1ed1 ng\u00e0y nay, vi\u1ec7c s\u1eed d\u1ee5ng nhi\u1ec1u thi\u1ebft b\u1ecb \u0111i\u1ec7n t\u1eed nh\u01b0 smartphone, tablet, laptop\u2026 v\u1edbi c\u00e1c chu\u1ea9n k\u1ebft n\u1ed1i kh\u00e1c nhau l\u00e0 \u0111i\u1ec1u kh\u00f4ng th\u1ec3 tr\u00e1nh kh\u1ecfi. \u0110\u1eb7c bi\u1ec7t, khi ng\u00e0y c\u00e0ng nhi\u1ec1u thi\u1ebft b\u1ecb m\u1edbi ch\u1ec9 h\u1ed7 tr\u1ee3 <strong>chu\u1ea9n USB Type-C<\/strong>, nhu c\u1ea7u s\u1eed d\u1ee5ng b\u1ed9 chuy\u1ec3n \u0111\u1ed5i t\u1eeb <strong>USB-A sang USB-C<\/strong> tr\u1edf n\u00ean v\u00f4 c\u00f9ng thi\u1ebft y\u1ebfu.<\/p>\n<p><strong>UGREEN US701<\/strong> \u2013 B\u1ed9 2 \u0111\u1ea7u chuy\u1ec3n USB-A sang USB-C ch\u00ednh h\u00e3ng t\u1eeb th\u01b0\u01a1ng hi\u1ec7u <strong>UGREEN<\/strong> n\u1ed5i ti\u1ebfng to\u00e0n c\u1ea7u \u2013 l\u00e0 gi\u1ea3i ph\u00e1p l\u00fd t\u01b0\u1edfng gi\u00fap ng\u01b0\u1eddi d\u00f9ng <strong>s\u1ea1c thi\u1ebft b\u1ecb v\u00e0 truy\u1ec1n d\u1eef li\u1ec7u<\/strong> m\u1ed9t c\u00e1ch d\u1ec5 d\u00e0ng v\u00e0 hi\u1ec7u qu\u1ea3, ch\u1ec9 v\u1edbi c\u1ed5ng USB-A truy\u1ec1n th\u1ed1ng c\u00f3 s\u1eb5n tr\u00ean laptop, m\u00e1y t\u00ednh \u0111\u1ec3 b\u00e0n, c\u1ee7 s\u1ea1c ho\u1eb7c c\u00e1c thi\u1ebft b\u1ecb c\u0169.<\/p>\n<figure id=\"attachment_86110\" aria-describedby=\"caption-attachment-86110\" class=\"wp-caption aligncenter\"><img decoding=\"async\" src=\"https:\/\/dienmay1.pluginaz.com\/wp-content\/uploads\/2025\/09\/dau-chuyen-usb-type-a-sang-usb-type-c-3-1-ugreen-45275-us701-toc-do-10gbps-sac-18w-9-768x1024-1.png\" class=\"wp-image-86110 size-large\" alt=\"\u0110\u1ea7u chuy\u1ec3n USB-A Sang USB-C UGREEN US701 (45275)\" width=\"768\" height=\"1024\" title=\"\u0110\u1ea7u chuy\u1ec3n USB-A Sang USB-C UGREEN US701 (45275) 16\" loading=\"lazy\"><figcaption id=\"caption-attachment-86110\" class=\"wp-caption-text\">\u0110\u1ea7u chuy\u1ec3n USB-A Sang USB-C UGREEN US701 (45275)<\/figcaption><\/figure>\n<h2>T\u00ednh n\u0103ng v\u00e0 l\u1ee3i \u00edch n\u1ed5i b\u1eadt<\/h2>\n<ol>\n<li><strong>Chuy\u1ec3n \u0111\u1ed5i c\u1ed5ng USB-A sang USB-C ti\u1ec7n l\u1ee3i<\/strong><br \/>\nThi\u1ebft b\u1ecb h\u1ed7 tr\u1ee3 chuy\u1ec3n \u0111\u1ed5i t\u1eeb <strong>USB-A 2.0 Male sang USB-C Female<\/strong>, gi\u00fap b\u1ea1n d\u1ec5 d\u00e0ng k\u1ebft n\u1ed1i c\u00e1c thi\u1ebft b\u1ecb s\u1eed d\u1ee5ng c\u1ed5ng USB-C v\u1edbi nh\u1eefng ngu\u1ed3n ph\u00e1t ho\u1eb7c s\u1ea1c c\u00f3 c\u1ed5ng USB-A nh\u01b0 m\u00e1y t\u00ednh, c\u1ee7 s\u1ea1c, pin d\u1ef1 ph\u00f2ng\u2026<\/li>\n<li><strong>H\u1ed7 tr\u1ee3 s\u1ea1c v\u00e0 truy\u1ec1n d\u1eef li\u1ec7u \u1ed5n \u0111\u1ecbnh<\/strong><br \/>\nV\u1edbi t\u1ed1c \u0111\u1ed9 truy\u1ec1n t\u1ea3i d\u1eef li\u1ec7u l\u00ean \u0111\u1ebfn <strong>480Mbps<\/strong>, \u0111\u1ea7u chuy\u1ec3n UGREEN US701 cho ph\u00e9p b\u1ea1n sao ch\u00e9p video, h\u00ecnh \u1ea3nh, t\u00e0i li\u1ec7u t\u1eeb \u0111i\u1ec7n tho\u1ea1i sang m\u00e1y t\u00ednh ch\u1ec9 trong v\u00e0i gi\u00e2y. \u0110\u1ed3ng th\u1eddi h\u1ed7 tr\u1ee3 s\u1ea1c nhanh v\u1edbi c\u00f4ng su\u1ea5t t\u1ed1i \u0111a <strong>18W<\/strong> (t\u00f9y thu\u1ed9c v\u00e0o ngu\u1ed3n USB-A).<\/li>\n<li><strong>Combo 2 chi\u1ebfc \u2013 Ti\u1ec7n l\u1ee3i v\u00e0 ti\u1ebft ki\u1ec7m<\/strong><br \/>\nS\u1ea3n ph\u1ea9m \u0111\u01b0\u1ee3c \u0111\u00f3ng g\u00f3i th\u00e0nh <strong>b\u1ed9 \u0111\u00f4i ti\u1ec7n d\u1ee5ng<\/strong>, ph\u00f9 h\u1ee3p cho c\u1ea3 c\u00f4ng vi\u1ec7c t\u1ea1i v\u0103n ph\u00f2ng l\u1eabn di chuy\u1ec3n c\u00e1 nh\u00e2n. B\u1ea1n c\u00f3 th\u1ec3 \u0111\u1ec3 m\u1ed9t chi\u1ebfc t\u1ea1i b\u00e0n l\u00e0m vi\u1ec7c v\u00e0 m\u1ed9t chi\u1ebfc mang theo b\u00ean m\u00ecnh khi ra ngo\u00e0i.<\/li>\n<li><strong>Thi\u1ebft b\u1ecb \u0111\u00e1ng tin c\u1eady \u0111\u1ebfn t\u1eeb th\u01b0\u01a1ng hi\u1ec7u UGREEN<\/strong><br \/>\nUGREEN l\u00e0 th\u01b0\u01a1ng hi\u1ec7u ph\u1ee5 ki\u1ec7n c\u00f4ng ngh\u1ec7 \u0111\u01b0\u1ee3c ng\u01b0\u1eddi d\u00f9ng to\u00e0n c\u1ea7u tin t\u01b0\u1edfng, n\u1ed5i ti\u1ebfng v\u1edbi c\u00e1c s\u1ea3n ph\u1ea9m ch\u1ea5t l\u01b0\u1ee3ng cao, \u0111\u1ed9 b\u1ec1n v\u01b0\u1ee3t tr\u1ed9i v\u00e0 thi\u1ebft k\u1ebf t\u1ed1i \u01b0u cho ng\u01b0\u1eddi s\u1eed d\u1ee5ng.<\/li>\n<li><strong>T\u00ednh n\u0103ng Plug &amp; Play \u2013 Kh\u00f4ng c\u1ea7n c\u00e0i \u0111\u1eb7t<\/strong><br \/>\nCh\u1ec9 c\u1ea7n c\u1eafm l\u00e0 s\u1eed d\u1ee5ng ngay, kh\u00f4ng y\u00eau c\u1ea7u c\u00e0i driver hay ph\u1ea7n m\u1ec1m trung gian \u2013 v\u00f4 c\u00f9ng ti\u1ec7n l\u1ee3i, \u0111\u1eb7c bi\u1ec7t v\u1edbi nh\u1eefng ng\u01b0\u1eddi kh\u00f4ng r\u00e0nh c\u00f4ng ngh\u1ec7.<\/li>\n<\/ol>\n<figure id=\"attachment_86107\" aria-describedby=\"caption-attachment-86107\" class=\"wp-caption aligncenter\"><img decoding=\"async\" src=\"https:\/\/dienmay1.pluginaz.com\/wp-content\/uploads\/2025\/09\/dau-chuyen-usb-type-a-sang-usb-type-c-3-1-ugreen-45275-us701-toc-do-10gbps-sac-18w-6-450x600-1.png\" class=\"wp-image-86107 size-medium\" alt=\"\u0110\u1ea7u chuy\u1ec3n USB-A Sang USB-C UGREEN US701 t\u01b0\u01a1ng th\u00edch nhi\u1ec1u thi\u1ebft b\u1ecb\" width=\"450\" height=\"600\" title=\"\u0110\u1ea7u chuy\u1ec3n USB-A Sang USB-C UGREEN US701 (45275) 17\" loading=\"lazy\"><figcaption id=\"caption-attachment-86107\" class=\"wp-caption-text\">\u0110\u1ea7u chuy\u1ec3n USB-A Sang USB-C UGREEN US701 t\u01b0\u01a1ng th\u00edch nhi\u1ec1u thi\u1ebft b\u1ecb<\/figcaption><\/figure>\n<h2>Thi\u1ebft k\u1ebf v\u00e0 ch\u1ea5t li\u1ec7u<\/h2>\n<ul>\n<li><strong>Thi\u1ebft k\u1ebf nh\u1ecf g\u1ecdn \u2013 d\u1ec5 mang theo<\/strong>: \u0110\u1ea7u chuy\u1ec3n UGREEN US701 c\u00f3 k\u00edch th\u01b0\u1edbc t\u1ed1i \u01b0u \u0111\u1ec3 b\u1ecf t\u00fai ho\u1eb7c g\u1eafn c\u1ed1 \u0111\u1ecbnh tr\u00ean d\u00e2y c\u00e1p, kh\u00f4ng chi\u1ebfm di\u1ec7n t\u00edch v\u00e0 d\u1ec5 d\u00e0ng s\u1eed d\u1ee5ng m\u1ecdi l\u00fac m\u1ecdi n\u01a1i.<\/li>\n<li><strong>Ch\u1ea5t li\u1ec7u nh\u1ef1a ABS cao c\u1ea5p<\/strong>: Gi\u00fap t\u0103ng \u0111\u1ed9 b\u1ec1n, ch\u1ed1ng tr\u1ea7y x\u01b0\u1edbc v\u00e0 ch\u1ecbu l\u1ef1c t\u1ed1t. V\u1ecf ngo\u00e0i ch\u1eafc ch\u1eafn, k\u1ebft n\u1ed1i ch\u1eb7t ch\u1ebd kh\u00f4ng l\u1ecfng l\u1ebbo nh\u01b0 c\u00e1c lo\u1ea1i \u0111\u1ea7u chuy\u1ec3n gi\u00e1 r\u1ebb tr\u00ean th\u1ecb tr\u01b0\u1eddng.<\/li>\n<\/ul>\n<h2>Kh\u1ea3 n\u0103ng t\u01b0\u01a1ng th\u00edch v\u00e0 \u1ee9ng d\u1ee5ng th\u1ef1c t\u1ebf<\/h2>\n<p>UGREEN US701 t\u01b0\u01a1ng th\u00edch v\u1edbi h\u1ea7u h\u1ebft c\u00e1c thi\u1ebft b\u1ecb hi\u1ec7n nay s\u1eed d\u1ee5ng c\u1ed5ng USB-C nh\u01b0:<\/p>\n<ul>\n<li><strong>\u0110i\u1ec7n tho\u1ea1i<\/strong>: Samsung Galaxy, Xiaomi, Google Pixel, Huawei, OPPO\u2026<\/li>\n<li><strong>M\u00e1y t\u00ednh b\u1ea3ng<\/strong>: iPad Pro (c\u00f3 c\u1ed5ng USB-C), Lenovo Tab, Samsung Tab S\u2026<\/li>\n<li><strong>Laptop &amp; PC<\/strong>: MacBook, Chromebook, Dell, HP, ASUS, Lenovo\u2026<\/li>\n<li><strong>Ph\u1ee5 ki\u1ec7n s\u1ed1<\/strong>: \u1ed4 c\u1ee9ng di \u0111\u1ed9ng, tai nghe, b\u1ed9 \u0111i\u1ec1u khi\u1ec3n game, s\u1ea1c d\u1ef1 ph\u00f2ng\u2026<\/li>\n<\/ul>\n<p><strong>\u1ee8ng d\u1ee5ng th\u1ef1c t\u1ebf<\/strong>:<\/p>\n<ul>\n<li>S\u1eed d\u1ee5ng t\u1ea1i v\u0103n ph\u00f2ng \u0111\u1ec3 truy\u1ec1n d\u1eef li\u1ec7u t\u1eeb \u0111i\u1ec7n tho\u1ea1i sang m\u00e1y t\u00ednh nhanh ch\u00f3ng.<\/li>\n<li>S\u1ea1c \u0111i\u1ec7n tho\u1ea1i qua c\u00e1c c\u1ed5ng USB-A t\u1ea1i n\u01a1i l\u00e0m vi\u1ec7c, xe h\u01a1i ho\u1eb7c pin d\u1ef1 ph\u00f2ng.<\/li>\n<li>Mang theo khi \u0111i c\u00f4ng t\u00e1c, du l\u1ecbch \u2013 gi\u00fap b\u1ea1n lu\u00f4n s\u1eb5n s\u00e0ng k\u1ebft n\u1ed1i.<\/li>\n<\/ul>\n<h2>L\u00fd do n\u00ean ch\u1ecdn UGREEN US701<\/h2>\n<ul>\n<li>\u2705 Th\u01b0\u01a1ng hi\u1ec7u <strong>UGREEN<\/strong> \u2013 cam k\u1ebft ch\u1ea5t l\u01b0\u1ee3ng, \u0111\u01b0\u1ee3c tin d\u00f9ng t\u1ea1i h\u01a1n 100 qu\u1ed1c gia.<\/li>\n<li>\u2705 <strong>Thi\u1ebft k\u1ebf ti\u1ec7n l\u1ee3i<\/strong>, d\u1ec5 s\u1eed d\u1ee5ng, b\u1ec1n b\u1ec9 theo th\u1eddi gian.<\/li>\n<li>\u2705 <strong>Gi\u00e1 th\u00e0nh h\u1ee3p l\u00fd<\/strong>, hi\u1ec7u su\u1ea5t t\u1ed1t cho c\u1ea3 nhu c\u1ea7u c\u00e1 nh\u00e2n v\u00e0 c\u00f4ng vi\u1ec7c.<\/li>\n<li>\u2705 <strong>B\u1ea3o h\u00e0nh ch\u00ednh h\u00e3ng<\/strong> (t\u00f9y ch\u00ednh s\u00e1ch c\u1eeda h\u00e0ng).<\/li>\n<\/ul>\n<h2>M\u1ed9t s\u1ed1 c\u00e2u h\u1ecfi th\u01b0\u1eddng g\u1eb7p (FAQ)<\/h2>\n<ol>\n<li><strong> S\u1ea3n ph\u1ea9m c\u00f3 h\u1ed7 tr\u1ee3 s\u1ea1c nhanh kh\u00f4ng?<\/strong><br \/>\n\u2192 C\u00f3, nh\u01b0ng ph\u1ee5 thu\u1ed9c v\u00e0o thi\u1ebft b\u1ecb v\u00e0 ngu\u1ed3n \u0111i\u1ec7n, t\u1ed1i \u0111a <strong>18W<\/strong> qua USB-A.<\/li>\n<li><strong> C\u00f3 d\u00f9ng \u0111\u01b0\u1ee3c v\u1edbi iPad Pro kh\u00f4ng?<\/strong><br \/>\n\u2192 C\u00f3, n\u1ebfu iPad s\u1eed d\u1ee5ng c\u1ed5ng USB-C v\u00e0 ngu\u1ed3n c\u1ea5p qua USB-A.<\/li>\n<li><strong> S\u1ea3n ph\u1ea9m c\u00f3 h\u1ed7 tr\u1ee3 truy\u1ec1n d\u1eef li\u1ec7u t\u1ed1c \u0111\u1ed9 cao kh\u00f4ng?<\/strong><br \/>\n\u2192 S\u1ea3n ph\u1ea9m h\u1ed7 tr\u1ee3 <strong>480Mbps<\/strong> theo chu\u1ea9n USB 2.0. Kh\u00f4ng h\u1ed7 tr\u1ee3 t\u1ed1c \u0111\u1ed9 10Gbps nh\u01b0 USB 3.1 Gen 2.<\/li>\n<\/ol>\n<p>\ud83d\udc49 <strong>S\u1edf h\u1eefu ngay \u0110\u1ea7u chuy\u1ec3n USB-A Sang USB-C UGREEN US701<\/strong> \u2013 gi\u1ea3i ph\u00e1p chuy\u1ec3n \u0111\u1ed5i linh ho\u1ea1t, s\u1ea1c nhanh, truy\u1ec1n d\u1eef li\u1ec7u an to\u00e0n cho m\u1ecdi thi\u1ebft b\u1ecb c\u1ee7a b\u1ea1n.<br \/><strong>Kh\u00e1m ph\u00e1 s\u1ef1 kh\u00e1c bi\u1ec7t c\u00f9ng UGREEN \u2013 th\u01b0\u01a1ng hi\u1ec7u ph\u1ee5 ki\u1ec7n c\u00f4ng ngh\u1ec7 \u0111\u00e1ng tin c\u1eady!<\/strong><\/p>\n<p>\u00a0<\/p>\n<\/div>\n","protected":false},"excerpt":{"rendered":"<ul>\n<li>Chuy\u1ec3n \u0111\u1ed5i: USB-A 2.0 Male sang\u00a0USB-C Female, h\u1ed7 tr\u1ee3 s\u1ea1c &amp;\u00a0truy\u1ec1n d\u1eef li\u1ec7u.<\/li>\n<li>T\u1ed1c \u0111\u1ed9 truy\u1ec1n\u00a0d\u1eef li\u1ec7u: L\u00ean \u0111\u1ebfn\u00a0480Mbps (chu\u1ea9n USB\u00a02.0).<\/li>\n<li>C\u00f4ng\u00a0su\u1ea5t s\u1ea1c t\u1ed1i\u00a0\u0111a: 18W (ph\u1ee5 thu\u1ed9c\u00a0ngu\u1ed3n USB-A).<\/li>\n<\/ul>\n","protected":false},"featured_media":1437,"comment_status":"closed","ping_status":"closed","template":"","meta":{"_acf_changed":false},"product_brand":[],"product_cat":[15],"product_tag":[],"class_list":{"0":"post-1436","1":"product","2":"type-product","3":"status-publish","4":"has-post-thumbnail","6":"product_cat-phu-kien-laptop-va-pc","8":"first","9":"instock","10":"shipping-taxable","11":"product-type-simple"},"acf":[],"_links":{"self":[{"href":"https:\/\/dienmay1.pluginaz.com\/index.php\/wp-json\/wp\/v2\/product\/1436","targetHints":{"allow":["GET"]}}],"collection":[{"href":"https:\/\/dienmay1.pluginaz.com\/index.php\/wp-json\/wp\/v2\/product"}],"about":[{"href":"https:\/\/dienmay1.pluginaz.com\/index.php\/wp-json\/wp\/v2\/types\/product"}],"replies":[{"embeddable":true,"href":"https:\/\/dienmay1.pluginaz.com\/index.php\/wp-json\/wp\/v2\/comments?post=1436"}],"wp:featuredmedia":[{"embeddable":true,"href":"https:\/\/dienmay1.pluginaz.com\/index.php\/wp-json\/wp\/v2\/media\/1437"}],"wp:attachment":[{"href":"https:\/\/dienmay1.pluginaz.com\/index.php\/wp-json\/wp\/v2\/media?parent=1436"}],"wp:term":[{"taxonomy":"product_brand","embeddable":true,"href":"https:\/\/dienmay1.pluginaz.com\/index.php\/wp-json\/wp\/v2\/product_brand?post=1436"},{"taxonomy":"product_cat","embeddable":true,"href":"https:\/\/dienmay1.pluginaz.com\/index.php\/wp-json\/wp\/v2\/product_cat?post=1436"},{"taxonomy":"product_tag","embeddable":true,"href":"https:\/\/dienmay1.pluginaz.com\/index.php\/wp-json\/wp\/v2\/product_tag?post=1436"}],"curies":[{"name":"wp","href":"https:\/\/api.w.org\/{rel}","templated":true}]}}