{"id":165,"date":"2025-09-27T18:24:48","date_gmt":"2025-09-27T11:24:48","guid":{"rendered":"https:\/\/dienmay1.pluginaz.com\/index.php\/san-pham\/hub-type-c-cho-macbook-ugreen-10914\/"},"modified":"2025-09-27T18:24:59","modified_gmt":"2025-09-27T11:24:59","slug":"hub-type-c-cho-macbook-ugreen-10914","status":"publish","type":"product","link":"https:\/\/dienmay1.pluginaz.com\/index.php\/san-pham\/hub-type-c-cho-macbook-ugreen-10914\/","title":{"rendered":"Hub Type C cho Macbook Ugreen 10914"},"content":{"rendered":"<div class=\"luanlt_content_tab\">\n<p>B\u1ea1n \u0111\u00e3 ch\u00e1n ng\u1ea5y v\u1edbi c\u00e1c t\u00f9y ch\u1ecdn k\u1ebft n\u1ed1i h\u1ea1n ch\u1ebf tr\u00ean MacBook c\u1ee7a b\u1ea1n ch\u01b0a? \u0110\u1eebng t\u00ecm ki\u1ebfm xa h\u01a1n n\u1eefa! Ugreen gi\u1edbi thi\u1ec7u chi\u1ebfc <strong>hub Type C<\/strong> k\u00e9p 10914 c\u00e1ch m\u1ea1ng, \u0111\u01b0\u1ee3c thi\u1ebft k\u1ebf \u0111\u1ed9c quy\u1ec1n \u0111\u1ec3 n\u00e2ng cao tr\u1ea3i nghi\u1ec7m MacBook c\u1ee7a b\u1ea1n.<\/p>\n<p>V\u1edbi thi\u1ebft k\u1ebf m\u1ea3nh mai v\u00e0 nh\u1ecf g\u1ecdn, hub linh ho\u1ea1t n\u00e0y cho ph\u00e9p b\u1ea1n k\u1ebft n\u1ed1i nhi\u1ec1u thi\u1ebft b\u1ecb v\u00e0 t\u1eadn h\u01b0\u1edfng vi\u1ec7c truy\u1ec1n d\u1eef li\u1ec7u m\u01b0\u1ee3t m\u00e0, \u0111\u1ea7u ra video 4K \u0111\u1eb9p m\u1eaft v\u00e0 nhi\u1ec1u h\u01a1n n\u1eefa. Kh\u00e1m ph\u00e1 s\u1ee9c m\u1ea1nh c\u1ee7a <strong>Hub Type C<\/strong> Ugreen 10914 v\u00e0 m\u1edf kh\u00f3a m\u1ed9t th\u1ebf gi\u1edbi c\u1ee7a c\u01a1 h\u1ed9i cho MacBook c\u1ee7a b\u1ea1n.<\/p>\n<figure class=\"wp-block-image size-full\"><img decoding=\"async\" src=\"https:\/\/dienmay1.pluginaz.com\/wp-content\/uploads\/2025\/09\/bo-chuyen-doi-cho-macbook-ugreen-10914.jpg\" width=\"800\" height=\"800\" class=\"wp-image-67101\" alt=\"Hub Type C cho Macbook Ugreen 10914 - H\u00ecnh \u1ea3nh 2\" title=\"Hub Type C cho Macbook Ugreen 10914 2\" loading=\"lazy\"><figcaption>Hub Type C cho Macbook Ugreen 10914<\/figcaption><\/figure>\n<h2>N\u00e2ng cao Tr\u1ea3i nghi\u1ec7m Tr\u1ef1c quan c\u1ee7a B\u1ea1n v\u1edbi Truy\u1ec1n Video HDMI 4K<\/h2>\n<p>\u0110\u1eafm ch\u00ecm trong m\u1ed9t b\u1eefa ti\u1ec7c tr\u1ef1c quan v\u1edbi t\u00ednh n\u0103ng truy\u1ec1n video HDMI 4K ti\u00ean ti\u1ebfn c\u1ee7a ch\u00fang t\u00f4i.<\/p>\n<p>Cho d\u00f9 b\u1ea1n \u0111ang l\u00e0m vi\u1ec7c tr\u00ean m\u1ed9t b\u00e0i thuy\u1ebft tr\u00ecnh, ph\u00e1t tr\u1ef1c tuy\u1ebfn c\u00e1c ch\u01b0\u01a1ng tr\u00ecnh y\u00eau th\u00edch c\u1ee7a b\u1ea1n, ho\u1eb7c ch\u01a1i game, <strong>hub Type C<\/strong> 10914 \u0111\u1ea3m b\u1ea3o h\u00ecnh \u1ea3nh r\u00f5 r\u00e0ng v\u00e0 cu\u1ed1n h\u00fat tr\u00ean m\u1ed9t m\u00e0n h\u00ecnh l\u1edbn h\u01a1n.<\/p>\n<p>V\u1edbi vi\u1ec7c h\u1ed7 tr\u1ee3 \u0111\u1ed9 ph\u00e2n gi\u1ea3i l\u00ean \u0111\u1ebfn 4K t\u1ea1i 60Hz, b\u1ea1n s\u1ebd t\u1eadn h\u01b0\u1edfng \u0111\u1ed9 r\u00f5 n\u00e9t tuy\u1ec7t v\u1eddi v\u00e0 m\u00e0u s\u1eafc s\u1ed1ng \u0111\u1ed9ng.<\/p>\n<p>N\u00f3i l\u1eddi t\u1ea1m bi\u1ec7t v\u1edbi m\u00e0n h\u00ecnh nh\u00f2e v\u00e0 n\u00e2ng cao \u0111\u1ea7u ra video c\u1ee7a MacBook c\u1ee7a b\u1ea1n l\u00ean m\u1ed9t t\u1ea7m cao m\u1edbi.<\/p>\n<figure class=\"wp-block-image size-full\"><img decoding=\"async\" src=\"https:\/\/dienmay1.pluginaz.com\/wp-content\/uploads\/2025\/09\/bo-chuyen-doi-cho-macbook-ugreen-10914-3.webp\" width=\"800\" height=\"800\" class=\"wp-image-67104\" alt=\"Hub Type C cho Macbook Ugreen 10914 - H\u00ecnh \u1ea3nh 5\" title=\"Hub Type C cho Macbook Ugreen 10914 5\" loading=\"lazy\"><figcaption>Hub Type C cho Macbook Ugreen 10914<\/figcaption><\/figure>\n<h2>Truy\u1ec1n D\u1eef li\u1ec7u C\u1ef1c Nhanh v\u1edbi USB 3.1<\/h2>\n<p>Tr\u1ea3i nghi\u1ec7m t\u1ed1c \u0111\u1ed9 truy\u1ec1n d\u1eef li\u1ec7u c\u1ef1c nhanh v\u1edbi hub USB 3.1 Gen 2 tr\u00ean <strong>Hub Type C<\/strong> 10914.<\/p>\n<p>V\u1edbi t\u1ed1c \u0111\u1ed9 trao \u0111\u1ed5i d\u1eef li\u1ec7u ch\u00f3ng m\u1eb7t l\u00ean \u0111\u1ebfn 10Gbps, hub n\u00e0y nhanh g\u1ea5p \u0111\u00f4i so v\u1edbi USB 3.0 v\u00e0 g\u1ea5p hai m\u01b0\u01a1i l\u1ea7n so v\u1edbi USB 2.0.<\/p>\n<p>Chia s\u1ebb c\u00e1c t\u1ec7p l\u1edbn, truy\u1ec1n d\u1eef li\u1ec7u v\u00e0 sao l\u01b0u c\u00e1c t\u00e0i li\u1ec7u quan tr\u1ecdng c\u1ee7a b\u1ea1n ch\u1ec9 trong v\u00e0i gi\u00e2y. V\u1edbi Ugreen 10914, hi\u1ec7u su\u1ea5t v\u00e0 n\u0103ng su\u1ea5t n\u1eb1m trong t\u1ea7m tay c\u1ee7a b\u1ea1n.<\/p>\n<figure class=\"wp-block-image aligncenter size-full\"><img decoding=\"async\" src=\"https:\/\/dienmay1.pluginaz.com\/wp-content\/uploads\/2025\/09\/bo-chuyen-doi-cho-macbook-ugreen-10914-1.webp\" width=\"800\" height=\"800\" class=\"wp-image-67102\" alt=\"Hub Type C cho Macbook Ugreen 10914 - H\u00ecnh \u1ea3nh 3\" title=\"Hub Type C cho Macbook Ugreen 10914 3\" loading=\"lazy\"><figcaption class=\"wp-element-caption\">B\u1ed9 chuy\u1ec3n \u0111\u1ed5i cho Macbook Ugreen 10914<\/figcaption><\/figure>\n<h2>\u0110\u01b0\u1ee3c Thi\u1ebft K\u1ebf \u0110\u1eb7c Bi\u1ec7t cho MacBook Pro v\u00e0 MacBook Air<\/h2>\n<p>\u0110\u01b0\u1ee3c thi\u1ebft k\u1ebf \u0111\u1ed9c quy\u1ec1n cho MacBook Pro v\u00e0 MacBook Air, <strong>hub Type C<\/strong> 10914 l\u00e0 ng\u01b0\u1eddi b\u1ea1n ho\u00e0n h\u1ea3o cho laptop Apple c\u1ee7a b\u1ea1n.<\/p>\n<p>T\u01b0\u01a1ng th\u00edch v\u1edbi c\u00e1c m\u1eabu MacBook Pro t\u1eeb n\u0103m 2021 \u0111\u1ebfn 2016 v\u00e0 c\u00e1c m\u1eabu MacBook Air t\u1eeb n\u0103m 2020 \u0111\u1ebfn 2018, hub n\u00e0y h\u00f2a nh\u1eadp m\u1ed9t c\u00e1ch m\u01b0\u1ee3t m\u00e0 v\u1edbi thi\u1ebft k\u1ebf m\u1ea3nh mai c\u1ee7a MacBook c\u1ee7a b\u1ea1n.<\/p>\n<p>Vui l\u00f2ng l\u01b0u \u00fd r\u1eb1ng Ugreen 10914 kh\u00f4ng t\u01b0\u01a1ng th\u00edch v\u1edbi c\u00e1c laptop USB-C kh\u00e1c, \u0111\u1ea3m b\u1ea3o m\u1ed9t tr\u1ea3i nghi\u1ec7m \u0111\u01b0\u1ee3c t\u00f9y ch\u1ec9nh v\u00e0 t\u1ed1i \u01b0u h\u00f3a cho ng\u01b0\u1eddi d\u00f9ng MacBook.<\/p>\n<figure class=\"wp-block-image size-full\"><img decoding=\"async\" src=\"https:\/\/dienmay1.pluginaz.com\/wp-content\/uploads\/2025\/09\/bo-chuyen-doi-cho-macbook-ugreen-10914-2.webp\" width=\"800\" height=\"800\" class=\"wp-image-67103\" alt=\"Hub Type C cho Macbook Ugreen 10914 - H\u00ecnh \u1ea3nh 4\" title=\"Hub Type C cho Macbook Ugreen 10914 4\" loading=\"lazy\"><figcaption>Hub Type C cho Macbook Ugreen 10914<\/figcaption><\/figure>\n<h2>Gi\u1ea3i Ph\u00f3ng S\u1ef1 Di \u0110\u1ed9ng v\u1edbi Thi\u1ebft K\u1ebf C\u1ef1c K\u1ef3 Nh\u1ecf G\u1ecdn<\/h2>\n<p>Tr\u1ea3i nghi\u1ec7m t\u1ef1 do di \u0111\u1ed9ng v\u1edbi thi\u1ebft k\u1ebf nh\u1ecf g\u1ecdn v\u00e0 nh\u1eb9 c\u1ee7a Ugreen 10914. V\u1edbi k\u00edch th\u01b0\u1edbc ch\u1ec9 7.6 \u00d7 2.6 \u00d7 0.85cm, <strong>hub Type C<\/strong> n\u00e0y d\u1ec5 d\u00e0ng ph\u00f9 h\u1ee3p v\u00e0o t\u00fai \u00e1o, c\u1eb7p s\u00e1ch ho\u1eb7c bao laptop c\u1ee7a b\u1ea1n.<\/p>\n<p>B\u1ea5t c\u1ee9 n\u01a1i n\u00e0o b\u1ea1n \u0111\u1ebfn, Ugreen 10914 s\u1eb5n s\u00e0ng \u0111i c\u00f9ng b\u1ea1n. Thi\u1ebft k\u1ebf t\u1ed1i gi\u1ea3n v\u00e0 c\u1ea5u tr\u00fac b\u1ec1n ch\u1eafc c\u1ee7a n\u00f3 l\u00e0m cho n\u00f3 tr\u1edf th\u00e0nh m\u1ed9t ph\u1ee5 ki\u1ec7n \u0111\u00e1ng tin c\u1eady v\u00e0 phong c\u00e1ch cho MacBook c\u1ee7a b\u1ea1n.<\/p>\n<figure class=\"wp-block-image size-full\"><img decoding=\"async\" src=\"https:\/\/dienmay1.pluginaz.com\/wp-content\/uploads\/2025\/09\/bo-chuyen-doi-cho-macbook-ugreen-10914-4.webp\" width=\"800\" height=\"800\" class=\"wp-image-67105\" alt=\"Hub Type C cho Macbook Ugreen 10914 - H\u00ecnh \u1ea3nh 6\" title=\"Hub Type C cho Macbook Ugreen 10914 6\" loading=\"lazy\"><figcaption>Hub Type C cho Macbook Ugreen 10914<\/figcaption><\/figure>\n<h2>K\u1ebft N\u1ed1i \u0110\u01a1n Gi\u1ea3n v\u00e0 Kh\u00f4ng Phi\u1ec1n H\u00e0<\/h2>\n<p>N\u00f3i l\u1eddi t\u1ea1m bi\u1ec7t v\u1edbi c\u00e0i \u0111\u1eb7t ph\u1ee9c t\u1ea1p v\u00e0 vi\u1ec7c t\u1ea3i xu\u1ed1ng tr\u00ecnh \u0111i\u1ec1u khi\u1ec3n.<\/p>\n<p><strong>Hub Type C<\/strong> 10914 l\u00e0 m\u1ed9t gi\u1ea3i ph\u00e1p c\u1eafm v\u00e0 ch\u01a1i kh\u00f4ng c\u1ea7n th\u00eam tr\u00ecnh \u0111i\u1ec1u khi\u1ec3n ho\u1eb7c ph\u1ea7n m\u1ec1m.<\/p>\n<p>\u0110\u01a1n gi\u1ea3n k\u1ebft n\u1ed1i hub v\u00e0o c\u1ed5ng USB-C c\u1ee7a MacBook c\u1ee7a b\u1ea1n, v\u00e0 b\u1ea1n \u0111\u00e3 s\u1eb5n s\u00e0ng.<\/p>\n<p>V\u1edbi c\u00e1c b\u1ea3o v\u1ec7 qu\u00e1 \u00e1p v\u00e0 qu\u00e1 d\u00f2ng t\u00edch h\u1ee3p s\u1eb5n, b\u1ea1n c\u00f3 th\u1ec3 y\u00ean t\u00e2m r\u1eb1ng c\u00e1c thi\u1ebft b\u1ecb c\u1ee7a b\u1ea1n s\u1ebd an to\u00e0n khi k\u1ebft n\u1ed1i v\u1edbi Ugreen 10914.<\/p>\n<p>K\u1ebft n\u1ed1i nhi\u1ec1u thi\u1ebft b\u1ecb ngo\u1ea1i vi c\u00f9ng m\u1ed9t l\u00fac v\u00e0 t\u1eadn h\u01b0\u1edfng ti\u1ec7n \u00edch c\u1ee7a hai \u1ed5 c\u1ee9ng ngo\u1ea1i vi k\u1ebft n\u1ed1i v\u00e0o c\u00e1c c\u1ed5ng USB 3.1.<\/p>\n<h2>M\u1edf Kh\u00f3a To\u00e0n B\u1ed9 Ti\u1ec1m N\u0103ng c\u1ee7a MacBook c\u1ee7a B\u1ea1n v\u1edbi Ugreen 10914<\/h2>\n<p>Tr\u1ea3i nghi\u1ec7m s\u1ef1 k\u1ebft n\u1ed1i v\u00e0 ti\u1ec7n l\u1ee3i t\u1ed1i \u0111a v\u1edbi hub USB-C k\u00e9p Ugreen 10914. N\u00e2ng cao tr\u1ea3i nghi\u1ec7m tr\u1ef1c quan c\u1ee7a b\u1ea1n v\u1edbi vi\u1ec7c truy\u1ec1n video HDMI 4K \u0111\u1eb9p m\u1eaft, t\u1eadn h\u01b0\u1edfng t\u1ed1c \u0111\u1ed9 truy\u1ec1n d\u1eef li\u1ec7u c\u1ef1c nhanh v\u1edbi USB 3.1v\u00e0 t\u0103ng c\u01b0\u1eddng n\u0103ng su\u1ea5t v\u1edbi k\u1ebft n\u1ed1i kh\u00f4ng phi\u1ec1n h\u00e0.<\/p>\n<p>\u0110\u01b0\u1ee3c thi\u1ebft k\u1ebf \u0111\u1ed9c quy\u1ec1n cho MacBook Pro v\u00e0 MacBook Air, <strong>Hub Type C Ugreen 10914<\/strong> l\u00e0 ng\u01b0\u1eddi b\u1ea1n ho\u00e0n h\u1ea3o cho laptop Apple c\u1ee7a b\u1ea1n. Kh\u00e1m ph\u00e1 ti\u1ec7n \u00edch c\u1ee7a k\u1ebft n\u1ed1i c\u1eafm v\u00e0 ch\u01a1i kh\u00f4ng c\u1ea7n tr\u1edf ng\u1ea1i v\u00e0 m\u1edf kh\u00f3a s\u1ee9c m\u1ea1nh c\u1ee7a Ugreen 10914 ngay h\u00f4m nay.<\/p>\n<\/div>\n","protected":false},"excerpt":{"rendered":"<ul>\n<li>K\u1ebft n\u1ed1i \u0111a d\u1ea1ng: M\u1edf r\u1ed9ng c\u1ed5ng USB v\u00e0 HDMI cho Macbook c\u1ee7a b\u1ea1n.<\/li>\n<li>T\u1ed1c \u0111\u1ed9 cao: USB 3.1 cho t\u1ed1c \u0111\u1ed9 truy\u1ec1n d\u1eef li\u1ec7u l\u00ean \u0111\u1ebfn 10Gbps.<\/li>\n<li>\u0110\u1ed9 ph\u00e2n gi\u1ea3i 4K: H\u1ed7 tr\u1ee3 \u0111\u1ed9 ph\u00e2n gi\u1ea3i HDMI l\u00ean \u0111\u1ebfn 4K@60Hz.<\/li>\n<li>Thi\u1ebft k\u1ebf nh\u1ecf g\u1ecdn: D\u1ec5 d\u00e0ng mang theo khi di chuy\u1ec3n.<\/li>\n<li>T\u01b0\u01a1ng th\u00edch r\u1ed9ng: Ho\u1ea1t \u0111\u1ed9ng t\u1ed1t v\u1edbi nhi\u1ec1u d\u00f2ng Macbook Pro v\u00e0 Air.<\/li>\n<\/ul>\n","protected":false},"featured_media":166,"comment_status":"closed","ping_status":"closed","template":"","meta":{"_acf_changed":false},"product_brand":[],"product_cat":[17],"product_tag":[],"class_list":{"0":"post-165","1":"product","2":"type-product","3":"status-publish","4":"has-post-thumbnail","6":"product_cat-phu-kien-apple","8":"first","9":"instock","10":"sale","11":"shipping-taxable","12":"purchasable","13":"product-type-simple"},"acf":[],"_links":{"self":[{"href":"https:\/\/dienmay1.pluginaz.com\/index.php\/wp-json\/wp\/v2\/product\/165","targetHints":{"allow":["GET"]}}],"collection":[{"href":"https:\/\/dienmay1.pluginaz.com\/index.php\/wp-json\/wp\/v2\/product"}],"about":[{"href":"https:\/\/dienmay1.pluginaz.com\/index.php\/wp-json\/wp\/v2\/types\/product"}],"replies":[{"embeddable":true,"href":"https:\/\/dienmay1.pluginaz.com\/index.php\/wp-json\/wp\/v2\/comments?post=165"}],"wp:featuredmedia":[{"embeddable":true,"href":"https:\/\/dienmay1.pluginaz.com\/index.php\/wp-json\/wp\/v2\/media\/166"}],"wp:attachment":[{"href":"https:\/\/dienmay1.pluginaz.com\/index.php\/wp-json\/wp\/v2\/media?parent=165"}],"wp:term":[{"taxonomy":"product_brand","embeddable":true,"href":"https:\/\/dienmay1.pluginaz.com\/index.php\/wp-json\/wp\/v2\/product_brand?post=165"},{"taxonomy":"product_cat","embeddable":true,"href":"https:\/\/dienmay1.pluginaz.com\/index.php\/wp-json\/wp\/v2\/product_cat?post=165"},{"taxonomy":"product_tag","embeddable":true,"href":"https:\/\/dienmay1.pluginaz.com\/index.php\/wp-json\/wp\/v2\/product_tag?post=165"}],"curies":[{"name":"wp","href":"https:\/\/api.w.org\/{rel}","templated":true}]}}