{"id":326,"date":"2025-09-27T18:43:20","date_gmt":"2025-09-27T11:43:20","guid":{"rendered":"https:\/\/dienmay1.pluginaz.com\/index.php\/san-pham\/gia-do-dien-thoai-va-may-tinh-bang-ugreen-lp134\/"},"modified":"2025-09-27T18:43:27","modified_gmt":"2025-09-27T11:43:27","slug":"gia-do-dien-thoai-va-may-tinh-bang-ugreen-lp134","status":"publish","type":"product","link":"https:\/\/dienmay1.pluginaz.com\/index.php\/san-pham\/gia-do-dien-thoai-va-may-tinh-bang-ugreen-lp134\/","title":{"rendered":"Gi\u00e1 \u0111\u1ee1 \u0111i\u1ec7n tho\u1ea1i v\u00e0 m\u00e1y t\u00ednh b\u1ea3ng UGREEN LP134"},"content":{"rendered":"<div class=\"luanlt_content_tab\">\n<p>Gi\u00e1 \u0111\u1ee1 \u0111i\u1ec7n tho\u1ea1i v\u00e0 m\u00e1y t\u00ednh b\u1ea3ng UGREEN LP134 l\u00e0 l\u1ef1a ch\u1ecdn l\u00fd t\u01b0\u1edfng, kh\u00f4ng ch\u1ec9 mang l\u1ea1i s\u1ef1 ti\u1ec7n l\u1ee3i trong c\u00f4ng vi\u1ec7c m\u00e0 c\u00f2n l\u00e0 m\u1ed9t tr\u1ee3 th\u1ee7 \u0111\u1eafc l\u1ef1c trong gi\u1ea3i tr\u00ed v\u00e0 s\u00e1ng t\u1ea1o. V\u1edbi thi\u1ebft k\u1ebf b\u1eb1ng h\u1ee3p kim nh\u00f4m cao c\u1ea5p, kh\u1ea3 n\u0103ng t\u01b0\u01a1ng th\u00edch r\u1ed9ng r\u00e3i v\u00e0 nhi\u1ec1u t\u00ednh n\u0103ng v\u01b0\u1ee3t tr\u1ed9i, s\u1ea3n ph\u1ea9m n\u00e0y h\u1ee9a h\u1eb9n \u0111em l\u1ea1i tr\u1ea3i nghi\u1ec7m tuy\u1ec7t v\u1eddi cho ng\u01b0\u1eddi d\u00f9ng.<\/p>\n<figure class=\"wp-block-image size-full\"><img decoding=\"async\" src=\"https:\/\/dienmay1.pluginaz.com\/wp-content\/uploads\/2025\/09\/gia-do-dien-thoai-va-may-tinh-bang-ugreen-lp134-9.webp\" width=\"1464\" height=\"600\" alt=\"Gi\u00e1 \u0111\u1ee1 \u0111i\u1ec7n tho\u1ea1i v\u00e0 m\u00e1y t\u00ednh b\u1ea3ng UGREEN LP134 1\" class=\"wp-image-75483\" title=\"Gi\u00e1 \u0111\u1ee1 \u0111i\u1ec7n tho\u1ea1i v\u00e0 m\u00e1y t\u00ednh b\u1ea3ng UGREEN LP134 14\" loading=\"lazy\"><figcaption>Gi\u00e1 \u0111\u1ee1 \u0111i\u1ec7n tho\u1ea1i v\u00e0 m\u00e1y t\u00ednh b\u1ea3ng UGREEN LP134<\/figcaption><\/figure>\n<h2 class=\"wp-block-heading\"><strong>T\u01b0\u01a1ng Th\u00edch R\u1ed9ng R\u00e3i V\u1edbi Nhi\u1ec1u Thi\u1ebft B\u1ecb<\/strong><\/h2>\n<p>UGREEN LP134 kh\u00f4ng ch\u1ec9 t\u01b0\u01a1ng th\u00edch v\u1edbi \u0111i\u1ec7n tho\u1ea1i m\u00e0 c\u00f2n h\u1ed7 tr\u1ee3 \u0111a d\u1ea1ng c\u00e1c d\u00f2ng m\u00e1y t\u00ednh b\u1ea3ng v\u1edbi k\u00edch th\u01b0\u1edbc l\u00ean \u0111\u1ebfn 12.9 inch. T\u1eeb iPad Air 2, 3, 4 \u0111\u1ebfn iPad Pro 2021, iPad Mini 2, 3, 4, 5 hay c\u00e1c d\u00f2ng Surface Pro 7, 6, X, Surface Go, v\u00e0 iPhone c\u00e1c d\u00f2ng t\u1eeb iPhone 6S \u0111\u1ebfn iPhone 14 Pro Max, s\u1ea3n ph\u1ea9m n\u00e0y gi\u00fap ng\u01b0\u1eddi d\u00f9ng c\u00f3 th\u1ec3 s\u1eed d\u1ee5ng b\u1ea5t k\u1ef3 thi\u1ebft b\u1ecb n\u00e0o m\u1ed9t c\u00e1ch linh ho\u1ea1t. Kh\u00f4ng ch\u1ec9 l\u00e0 gi\u1ea3i ph\u00e1p ho\u00e0n h\u1ea3o cho c\u00f4ng vi\u1ec7c, gi\u00e1 \u0111\u1ee1 c\u00f2n gi\u00fap t\u1ed1i \u01b0u h\u00f3a tr\u1ea3i nghi\u1ec7m gi\u1ea3i tr\u00ed nh\u01b0 xem phim, ch\u01a1i game, v\u00e0 \u0111\u1ecdc s\u00e1ch \u0111i\u1ec7n t\u1eed (e-reader).<\/p>\n<figure class=\"wp-block-image size-full\"><img decoding=\"async\" src=\"https:\/\/dienmay1.pluginaz.com\/wp-content\/uploads\/2025\/09\/gia-do-dien-thoai-va-may-tinh-bang-ugreen-lp134-7.webp\" width=\"1464\" height=\"600\" alt=\"Gi\u00e1 \u0111\u1ee1 \u0111i\u1ec7n tho\u1ea1i v\u00e0 m\u00e1y t\u00ednh b\u1ea3ng UGREEN LP134 2\" class=\"wp-image-75481\" title=\"Gi\u00e1 \u0111\u1ee1 \u0111i\u1ec7n tho\u1ea1i v\u00e0 m\u00e1y t\u00ednh b\u1ea3ng UGREEN LP134 15\" loading=\"lazy\"><figcaption>Gi\u00e1 \u0111\u1ee1 \u0111i\u1ec7n tho\u1ea1i v\u00e0 m\u00e1y t\u00ednh b\u1ea3ng UGREEN LP134<\/figcaption><\/figure>\n<h2 class=\"wp-block-heading\"><strong>Thi\u1ebft K\u1ebf Ch\u1eafc Ch\u1eafn V\u1edbi Kh\u1ea3 N\u0103ng Ch\u1ecbu L\u1ef1c Cao<\/strong><\/h2>\n<p>\u0110i\u1ec3m m\u1ea1nh c\u1ee7a UGREEN LP134 ch\u00ednh l\u00e0 thi\u1ebft k\u1ebf c\u1ef1c k\u1ef3 ch\u1eafc ch\u1eafn. \u0110\u01b0\u1ee3c l\u00e0m t\u1eeb ch\u1ea5t li\u1ec7u h\u1ee3p kim nh\u00f4m cao c\u1ea5p, s\u1ea3n ph\u1ea9m c\u00f3 \u0111\u1ed9 b\u1ec1n cao v\u00e0 ch\u1ecbu l\u1ef1c t\u1ed1t h\u01a1n nhi\u1ec1u so v\u1edbi c\u00e1c m\u1eabu gi\u00e1 \u0111\u1ee1 th\u00f4ng th\u01b0\u1eddng b\u1eb1ng nh\u1ef1a. V\u1edbi tr\u1ecdng l\u01b0\u1ee3ng 14 ounces (kho\u1ea3ng 400 gram) v\u00e0 k\u00edch th\u01b0\u1edbc l\u1edbn h\u01a1n v\u1edbi ch\u00e2n \u0111\u1ebf 4.72 x 6.7 inch, gi\u00e1 \u0111\u1ee1 n\u00e0y mang l\u1ea1i kh\u1ea3 n\u0103ng gi\u1eef v\u1eefng c\u00e1c thi\u1ebft b\u1ecb l\u1edbn nh\u01b0 iPad Pro 12.9 inch m\u00e0 kh\u00f4ng h\u1ec1 rung l\u1eafc. Thi\u1ebft k\u1ebf tr\u1ecdng t\u00e2m gi\u00fap s\u1ea3n ph\u1ea9m c\u00f3 \u0111\u1ed9 \u1ed5n \u0111\u1ecbnh cao h\u01a1n g\u1ea5p 10 l\u1ea7n, \u0111\u1ea3m b\u1ea3o thi\u1ebft b\u1ecb c\u1ee7a b\u1ea1n lu\u00f4n \u0111\u01b0\u1ee3c an to\u00e0n trong m\u1ecdi t\u00ecnh hu\u1ed1ng.<\/p>\n<figure class=\"wp-block-image size-full\"><img decoding=\"async\" src=\"https:\/\/dienmay1.pluginaz.com\/wp-content\/uploads\/2025\/09\/gia-do-dien-thoai-va-may-tinh-bang-ugreen-lp134-8.webp\" width=\"1464\" height=\"600\" alt=\"Gi\u00e1 \u0111\u1ee1 \u0111i\u1ec7n tho\u1ea1i v\u00e0 m\u00e1y t\u00ednh b\u1ea3ng UGREEN LP134 3\" class=\"wp-image-75482\" title=\"Gi\u00e1 \u0111\u1ee1 \u0111i\u1ec7n tho\u1ea1i v\u00e0 m\u00e1y t\u00ednh b\u1ea3ng UGREEN LP134 16\" loading=\"lazy\"><figcaption>Gi\u00e1 \u0111\u1ee1 \u0111i\u1ec7n tho\u1ea1i v\u00e0 m\u00e1y t\u00ednh b\u1ea3ng UGREEN LP134<\/figcaption><\/figure>\n<h2 class=\"wp-block-heading\"><strong>\u0110i\u1ec1u Ch\u1ec9nh G\u00f3c \u0110\u1ed9 Linh Ho\u1ea1t<\/strong><\/h2>\n<p>M\u1ed9t trong nh\u1eefng \u01b0u \u0111i\u1ec3m n\u1ed5i b\u1eadt c\u1ee7a UGREEN LP134 l\u00e0 kh\u1ea3 n\u0103ng \u0111i\u1ec1u ch\u1ec9nh g\u00f3c \u0111\u1ed9 v\u00f4 c\u00f9ng linh ho\u1ea1t, cho ph\u00e9p ng\u01b0\u1eddi d\u00f9ng c\u00f3 th\u1ec3 thay \u0111\u1ed5i g\u00f3c nh\u00ecn t\u1eeb 5\u00b0 \u0111\u1ebfn 150\u00b0. \u0110i\u1ec1u n\u00e0y kh\u00f4ng ch\u1ec9 gi\u00fap b\u1ea1n t\u00ecm \u0111\u01b0\u1ee3c g\u00f3c nh\u00ecn tho\u1ea3i m\u00e1i khi l\u00e0m vi\u1ec7c m\u00e0 c\u00f2n gi\u1ea3m thi\u1ec3u t\u00ecnh tr\u1ea1ng c\u0103ng th\u1eb3ng \u1edf l\u01b0ng v\u00e0 c\u1ed5 khi s\u1eed d\u1ee5ng thi\u1ebft b\u1ecb trong th\u1eddi gian d\u00e0i. \u0110\u1eb7c bi\u1ec7t, s\u1ea3n ph\u1ea9m c\u00f2n c\u00f3 thi\u1ebft k\u1ebf g\u1eadp g\u1ecdn, gi\u00fap b\u1ea1n d\u1ec5 d\u00e0ng mang theo khi \u0111i c\u00f4ng t\u00e1c hay du l\u1ecbch m\u00e0 kh\u00f4ng chi\u1ebfm qu\u00e1 nhi\u1ec1u kh\u00f4ng gian trong t\u00fai.<\/p>\n<figure class=\"wp-block-image size-full\"><img decoding=\"async\" src=\"https:\/\/dienmay1.pluginaz.com\/wp-content\/uploads\/2025\/09\/gia-do-dien-thoai-va-may-tinh-bang-ugreen-lp134-6.webp\" width=\"1464\" height=\"600\" alt=\"Gi\u00e1 \u0111\u1ee1 \u0111i\u1ec7n tho\u1ea1i v\u00e0 m\u00e1y t\u00ednh b\u1ea3ng UGREEN LP134 4\" class=\"wp-image-75480\" title=\"Gi\u00e1 \u0111\u1ee1 \u0111i\u1ec7n tho\u1ea1i v\u00e0 m\u00e1y t\u00ednh b\u1ea3ng UGREEN LP134 17\" loading=\"lazy\"><figcaption>Gi\u00e1 \u0111\u1ee1 \u0111i\u1ec7n tho\u1ea1i v\u00e0 m\u00e1y t\u00ednh b\u1ea3ng UGREEN LP134<\/figcaption><\/figure>\n<h2 class=\"wp-block-heading\"><strong>Thi\u1ebft K\u1ebf Ch\u1ed1ng Tr\u01b0\u1ee3t, B\u1ea3o V\u1ec7 Thi\u1ebft B\u1ecb Tuy\u1ec7t \u0110\u1ed1i<\/strong><\/h2>\n<p>UGREEN LP134 kh\u00f4ng ch\u1ec9 t\u1eadp trung v\u00e0o thi\u1ebft k\u1ebf ti\u1ec7n d\u1ee5ng m\u00e0 c\u00f2n ch\u00fa tr\u1ecdng \u0111\u1ebfn vi\u1ec7c b\u1ea3o v\u1ec7 thi\u1ebft b\u1ecb c\u1ee7a b\u1ea1n. B\u1ec1 m\u1eb7t ti\u1ebfp x\u00fac c\u1ee7a gi\u00e1 \u0111\u1ee1 \u0111\u01b0\u1ee3c ph\u1ee7 l\u1edbp \u0111\u1ec7m silicon m\u1ec1m m\u1ea1i, gi\u00fap b\u1ea3o v\u1ec7 thi\u1ebft b\u1ecb kh\u1ecfi tr\u1ea7y x\u01b0\u1edbc, \u0111\u1ed3ng th\u1eddi gi\u1eef thi\u1ebft b\u1ecb c\u1ed1 \u0111\u1ecbnh m\u00e0 kh\u00f4ng lo b\u1ecb tr\u01b0\u1ee3t. C\u00e1c m\u00f3c cao su \u1edf ph\u1ea7n ch\u00e2n \u0111\u1ee1 c\u0169ng t\u0103ng c\u01b0\u1eddng \u0111\u1ed9 b\u00e1m, gi\u00fap thi\u1ebft b\u1ecb kh\u00f4ng b\u1ecb r\u01a1i ngay c\u1ea3 khi b\u1ea1n thao t\u00e1c ch\u1ea1m v\u00e0o m\u00e0n h\u00ecnh. D\u01b0\u1edbi ch\u00e2n \u0111\u1ebf, c\u00e1c mi\u1ebfng \u0111\u1ec7m cao su gi\u00fap t\u0103ng \u0111\u1ed9 \u1ed5n \u0111\u1ecbnh cho gi\u00e1 \u0111\u1ee1 tr\u00ean m\u1ecdi b\u1ec1 m\u1eb7t, \u0111\u1ea3m b\u1ea3o thi\u1ebft b\u1ecb c\u1ee7a b\u1ea1n lu\u00f4n v\u1eefng v\u00e0ng khi s\u1eed d\u1ee5ng.<\/p>\n<h2 class=\"wp-block-heading\"><strong>Thi\u1ebft K\u1ebf G\u1ecdn Nh\u1eb9 v\u00e0 D\u1ec5 D\u00e0ng Di Chuy\u1ec3n<\/strong><\/h2>\n<p>M\u1ed9t trong nh\u1eefng \u0111i\u1ec3m c\u1ed9ng l\u1edbn c\u1ee7a UGREEN LP134 l\u00e0 thi\u1ebft k\u1ebf g\u1eadp g\u1ecdn, thu\u1eadn ti\u1ec7n cho vi\u1ec7c di chuy\u1ec3n. Khi kh\u00f4ng s\u1eed d\u1ee5ng, b\u1ea1n c\u00f3 th\u1ec3 g\u1eadp gi\u00e1 \u0111\u1ee1 l\u1ea1i \u0111\u1ec3 ti\u1ebft ki\u1ec7m kh\u00f4ng gian, d\u1ec5 d\u00e0ng b\u1ecf v\u00e0o t\u00fai x\u00e1ch m\u00e0 kh\u00f4ng g\u00e2y c\u1ed3ng k\u1ec1nh. V\u1edbi k\u00edch th\u01b0\u1edbc ch\u1ec9 120 x 125 x 177.5 mm khi m\u1edf ra, s\u1ea3n ph\u1ea9m n\u00e0y l\u00e0 ng\u01b0\u1eddi b\u1ea1n \u0111\u1ed3ng h\u00e0nh l\u00fd t\u01b0\u1edfng trong c\u00e1c chuy\u1ebfn \u0111i c\u00f4ng t\u00e1c, du l\u1ecbch hay th\u1eadm ch\u00ed l\u00e0 khi b\u1ea1n c\u1ea7n s\u1eed d\u1ee5ng thi\u1ebft b\u1ecb trong c\u00e1c bu\u1ed5i h\u1ecdp.<\/p>\n<figure class=\"wp-block-image size-full\"><img decoding=\"async\" src=\"https:\/\/dienmay1.pluginaz.com\/wp-content\/uploads\/2025\/09\/gia-do-dien-thoai-va-may-tinh-bang-ugreen-lp134-5.webp\" width=\"1464\" height=\"600\" alt=\"Gi\u00e1 \u0111\u1ee1 \u0111i\u1ec7n tho\u1ea1i v\u00e0 m\u00e1y t\u00ednh b\u1ea3ng UGREEN LP134 5\" class=\"wp-image-75479\" title=\"Gi\u00e1 \u0111\u1ee1 \u0111i\u1ec7n tho\u1ea1i v\u00e0 m\u00e1y t\u00ednh b\u1ea3ng UGREEN LP134 18\" loading=\"lazy\"><figcaption>Gi\u00e1 \u0111\u1ee1 \u0111i\u1ec7n tho\u1ea1i v\u00e0 m\u00e1y t\u00ednh b\u1ea3ng UGREEN LP134<\/figcaption><\/figure>\n<h2 class=\"wp-block-heading\"><strong>\u0110\u1ed1i T\u00e1c \u0110\u1eafc L\u1ef1c Cho C\u00f4ng Vi\u1ec7c v\u00e0 Gi\u1ea3i Tr\u00ed<\/strong><\/h2>\n<p>UGREEN LP134 kh\u00f4ng ch\u1ec9 l\u00e0 ph\u1ee5 ki\u1ec7n h\u1ed7 tr\u1ee3 cho c\u00f4ng vi\u1ec7c v\u0103n ph\u00f2ng m\u00e0 c\u00f2n l\u00e0 m\u1ed9t tr\u1ee3 th\u1ee7 \u0111\u1eafc l\u1ef1c cho c\u00e1c ho\u1ea1t \u0111\u1ed9ng gi\u1ea3i tr\u00ed. S\u1eed d\u1ee5ng gi\u00e1 \u0111\u1ee1 \u0111\u1ec3 xem phim, ch\u01a1i game, hay v\u1ebd tranh tr\u00ean iPad s\u1ebd tr\u1edf n\u00ean d\u1ec5 d\u00e0ng v\u00e0 tho\u1ea3i m\u00e1i h\u01a1n bao gi\u1edd h\u1ebft. Kh\u1ea3 n\u0103ng \u0111i\u1ec1u ch\u1ec9nh g\u00f3c nh\u00ecn linh ho\u1ea1t cho ph\u00e9p b\u1ea1n c\u00f3 th\u1ec3 s\u1eed d\u1ee5ng thi\u1ebft b\u1ecb \u1edf nhi\u1ec1u t\u01b0 th\u1ebf kh\u00e1c nhau m\u00e0 kh\u00f4ng g\u00e2y m\u1ecfi c\u1ed5, vai hay l\u01b0ng. \u0110\u1ed1i v\u1edbi nh\u1eefng ng\u01b0\u1eddi y\u00eau th\u00edch v\u1ebd, gi\u00e1 \u0111\u1ee1 n\u00e0y c\u0169ng mang l\u1ea1i s\u1ef1 \u1ed5n \u0111\u1ecbnh c\u1ea7n thi\u1ebft \u0111\u1ec3 t\u1ea1o n\u00ean nh\u1eefng t\u00e1c ph\u1ea9m ho\u00e0n h\u1ea3o.<\/p>\n<h2 class=\"wp-block-heading\"><strong>K\u1ebft Lu\u1eadn<\/strong><\/h2>\n<p>Gi\u00e1 \u0111\u1ee1 \u0111i\u1ec7n tho\u1ea1i v\u00e0 m\u00e1y t\u00ednh b\u1ea3ng UGREEN LP134 kh\u00f4ng ch\u1ec9 \u0111\u01a1n gi\u1ea3n l\u00e0 m\u1ed9t ph\u1ee5 ki\u1ec7n m\u00e0 c\u00f2n l\u00e0 m\u1ed9t gi\u1ea3i ph\u00e1p t\u1ed1i \u01b0u cho nh\u1eefng ai \u0111ang t\u00ecm ki\u1ebfm s\u1ef1 ti\u1ec7n l\u1ee3i v\u00e0 tho\u1ea3i m\u00e1i trong c\u00f4ng vi\u1ec7c c\u0169ng nh\u01b0 gi\u1ea3i tr\u00ed. V\u1edbi thi\u1ebft k\u1ebf ch\u1eafc ch\u1eafn, ch\u1ea5t li\u1ec7u cao c\u1ea5p, kh\u1ea3 n\u0103ng t\u01b0\u01a1ng th\u00edch r\u1ed9ng r\u00e3i v\u00e0 t\u00ednh n\u0103ng linh ho\u1ea1t, UGREEN LP134 h\u1ee9a h\u1eb9n s\u1ebd \u0111\u00e1p \u1ee9ng m\u1ecdi nhu c\u1ea7u s\u1eed d\u1ee5ng thi\u1ebft b\u1ecb c\u1ee7a b\u1ea1n. \u0110\u00e2y ch\u1eafc ch\u1eafn l\u00e0 s\u1ef1 \u0111\u1ea7u t\u01b0 x\u1ee9ng \u0111\u00e1ng cho nh\u1eefng ai mu\u1ed1n n\u00e2ng t\u1ea7m tr\u1ea3i nghi\u1ec7m s\u1eed d\u1ee5ng \u0111i\u1ec7n tho\u1ea1i v\u00e0 m\u00e1y t\u00ednh b\u1ea3ng.<\/p>\n<\/div>\n","protected":false},"excerpt":{"rendered":"<ul>\n<li><strong>T\u01b0\u01a1ng th\u00edch r\u1ed9ng r\u00e3i<\/strong>: H\u1ed7 tr\u1ee3 c\u00e1c thi\u1ebft b\u1ecb l\u00ean \u0111\u1ebfn 12.9 inch, t\u1eeb iPad, Surface \u0111\u1ebfn iPhone.<\/li>\n<li><strong>Thi\u1ebft k\u1ebf ch\u1eafc ch\u1eafn<\/strong>: H\u1ee3p kim nh\u00f4m cao c\u1ea5p, t\u0103ng 50% tr\u1ecdng l\u01b0\u1ee3ng v\u00e0 \u0111\u1ed9 \u1ed5n \u0111\u1ecbnh.<\/li>\n<li><strong>\u0110i\u1ec1u ch\u1ec9nh g\u00f3c linh ho\u1ea1t<\/strong>: T\u00f9y ch\u1ec9nh g\u00f3c t\u1eeb 5\u00b0 \u0111\u1ebfn 150\u00b0, gi\u1ea3m c\u0103ng th\u1eb3ng c\u1ed5 v\u00e0 l\u01b0ng.<\/li>\n<li><strong>Ch\u1ed1ng tr\u01b0\u1ee3t v\u00e0 b\u1ea3o v\u1ec7 thi\u1ebft b\u1ecb<\/strong>: L\u1edbp \u0111\u1ec7m silicon v\u00e0 m\u00f3c cao su gi\u00fap b\u1ea3o v\u1ec7 thi\u1ebft b\u1ecb kh\u00f4ng tr\u01b0\u1ee3t v\u00e0 tr\u1ea7y x\u01b0\u1edbc.<\/li>\n<li><strong>G\u1eadp g\u1ecdn v\u00e0 d\u1ec5 di chuy\u1ec3n<\/strong>: Thi\u1ebft k\u1ebf g\u1ecdn nh\u1eb9, c\u00f3 th\u1ec3 g\u1eadp l\u1ea1i \u0111\u1ec3 mang theo trong t\u00fai x\u00e1ch.<\/li>\n<\/ul>\n","protected":false},"featured_media":327,"comment_status":"closed","ping_status":"closed","template":"","meta":{"_acf_changed":false},"product_brand":[25],"product_cat":[16],"product_tag":[],"class_list":{"0":"post-326","1":"product","2":"type-product","3":"status-publish","4":"has-post-thumbnail","6":"product_brand-ugreen","7":"product_cat-phu-kien-dien-thoai","9":"first","10":"instock","11":"sale","12":"shipping-taxable","13":"purchasable","14":"product-type-simple"},"acf":[],"_links":{"self":[{"href":"https:\/\/dienmay1.pluginaz.com\/index.php\/wp-json\/wp\/v2\/product\/326","targetHints":{"allow":["GET"]}}],"collection":[{"href":"https:\/\/dienmay1.pluginaz.com\/index.php\/wp-json\/wp\/v2\/product"}],"about":[{"href":"https:\/\/dienmay1.pluginaz.com\/index.php\/wp-json\/wp\/v2\/types\/product"}],"replies":[{"embeddable":true,"href":"https:\/\/dienmay1.pluginaz.com\/index.php\/wp-json\/wp\/v2\/comments?post=326"}],"wp:featuredmedia":[{"embeddable":true,"href":"https:\/\/dienmay1.pluginaz.com\/index.php\/wp-json\/wp\/v2\/media\/327"}],"wp:attachment":[{"href":"https:\/\/dienmay1.pluginaz.com\/index.php\/wp-json\/wp\/v2\/media?parent=326"}],"wp:term":[{"taxonomy":"product_brand","embeddable":true,"href":"https:\/\/dienmay1.pluginaz.com\/index.php\/wp-json\/wp\/v2\/product_brand?post=326"},{"taxonomy":"product_cat","embeddable":true,"href":"https:\/\/dienmay1.pluginaz.com\/index.php\/wp-json\/wp\/v2\/product_cat?post=326"},{"taxonomy":"product_tag","embeddable":true,"href":"https:\/\/dienmay1.pluginaz.com\/index.php\/wp-json\/wp\/v2\/product_tag?post=326"}],"curies":[{"name":"wp","href":"https:\/\/api.w.org\/{rel}","templated":true}]}}