{"id":425,"date":"2025-09-27T19:59:11","date_gmt":"2025-09-27T12:59:11","guid":{"rendered":"https:\/\/dienmay1.pluginaz.com\/index.php\/san-pham\/dau-chuyen-usb-type-c-sang-3-5mm-ugreen-cm460\/"},"modified":"2025-09-27T19:59:33","modified_gmt":"2025-09-27T12:59:33","slug":"dau-chuyen-usb-type-c-sang-3-5mm-ugreen-cm460","status":"publish","type":"product","link":"https:\/\/dienmay1.pluginaz.com\/index.php\/san-pham\/dau-chuyen-usb-type-c-sang-3-5mm-ugreen-cm460\/","title":{"rendered":"\u0110\u1ea7u chuy\u1ec3n USB Type C sang 3.5mm Ugreen CM460"},"content":{"rendered":"<div class=\"luanlt_content_tab\">\n<p>\u0110\u1ea7u chuy\u1ec3n USB Type C sang 3.5mm Ugreen CM460  l\u00e0 \u0111\u1ea7u chuy\u1ec3n \u0111\u1ed5i gi\u00fap chuy\u1ec3n \u0111\u1ed5i t\u1eeb c\u1ed5ng USB Type C sang \u0111\u1ea7u \u00e2m thanh 3.5mm c\u00f3 h\u1ed7 tr\u1ee3 Micro, s\u1ea3n ph\u1ea9m n\u00e0y ph\u00f9 h\u1ee3p v\u1edbi c\u00e1c thi\u1ebft b\u1ecb c\u00f3 c\u1ed5ng type C.<\/p>\n<p>\u0110\u1ea7u chuy\u1ec3n USB Type C sang 3.5mm Ugreen CM460 Chip DAC V\u1edbi \u0111\u1ea7u n\u1ed1i nam USB-C tu\u00e2n th\u1ee7 ti\u00eau chu\u1ea9n USB 2.0, b\u1ed9 chuy\u1ec3n \u0111\u1ed5i n\u00e0y h\u1ed7 tr\u1ee3 truy\u1ec1n \u00e2m thanh v\u00e0 cho ph\u00e9p b\u1ea1n k\u1ebft n\u1ed1i v\u1edbi nhi\u1ec1u thi\u1ebft b\u1ecb kh\u00e1c nhau nh\u01b0 m\u00e1y t\u00ednh, \u0111i\u1ec7n tho\u1ea1i di \u0111\u1ed9ng v\u00e0 th\u1eadm ch\u00ed l\u00e0 c\u00e1c m\u00e1y ch\u01a1i game PS5. S\u1ef1 \u0111a n\u0103ng n\u00e0y \u0111\u1ea3m b\u1ea3o r\u1eb1ng b\u1ea1n c\u00f3 th\u1ec3 t\u1eadn h\u01b0\u1edfng n\u1ed9i dung \u00e2m thanh y\u00eau th\u00edch tr\u00ean nhi\u1ec1u n\u1ec1n t\u1ea3ng m\u1ed9t c\u00e1ch d\u1ec5 d\u00e0ng.<\/p>\n<div class=\"wp-block-columns is-layout-flex wp-container-core-columns-is-layout-9d6595d7 wp-block-columns-is-layout-flex\">\n<div class=\"wp-block-column is-layout-flow wp-block-column-is-layout-flow\">\n<figure class=\"wp-block-image size-full\"><img decoding=\"async\" src=\"https:\/\/dienmay1.pluginaz.com\/wp-content\/uploads\/2025\/09\/2-1.jpg\" width=\"930\" height=\"2041\" alt=\"\u0110\u1ea7u chuy\u1ec3n USB Type C sang 3.5mm Ugreen CM460 1\" class=\"wp-image-67884\" title=\"\u0110\u1ea7u chuy\u1ec3n USB Type C sang 3.5mm Ugreen CM460 14\" loading=\"lazy\"><figcaption>\u0110\u1ea7u chuy\u1ec3n USB Type C sang 3.5mm Ugreen CM460<\/figcaption><\/figure>\n<\/div>\n<\/div>\n<p>C\u1ed5ng \u00e2m thanh 3.5mm c\u00e1i tr\u00ean b\u1ed9 chuy\u1ec3n \u0111\u1ed5i h\u1ed7 tr\u1ee3 \u0111\u1ea7u ra \u00e2m thanh stereo, \u0111i\u1ec1u khi\u1ec3n d\u00f2ng v\u00e0 \u0111\u1ea7u v\u00e0o micro, l\u00e0m cho n\u00f3 t\u01b0\u01a1ng th\u00edch v\u1edbi c\u1ea3 tai nghe b\u1ed1n c\u1ef1c ti\u00eau chu\u1ea9n qu\u1ed1c gia\/chu\u1ea9n M\u1ef9 v\u00e0 tai nghe \u0111\u1ea7u ra \u00e2m thanh ba c\u1ef1c. D\u00f9 b\u1ea1n \u01b0a th\u00edch lo\u1ea1i tai nghe n\u00e0o, b\u1ed9 chuy\u1ec3n \u0111\u1ed5i n\u00e0y \u0111\u1ea3m b\u1ea3o s\u1ef1 t\u01b0\u01a1ng th\u00edch v\u00e0 hi\u1ec7u su\u1ea5t t\u1ed1i \u01b0u.<\/p>\n<div class=\"wp-block-columns is-layout-flex wp-container-core-columns-is-layout-9d6595d7 wp-block-columns-is-layout-flex\">\n<div class=\"wp-block-column is-layout-flow wp-block-column-is-layout-flow\">\n<figure class=\"wp-block-image size-full\"><img decoding=\"async\" src=\"https:\/\/dienmay1.pluginaz.com\/wp-content\/uploads\/2025\/09\/3-1-1.jpg\" width=\"930\" height=\"1529\" alt=\"\u0110\u1ea7u chuy\u1ec3n USB Type C sang 3.5mm Ugreen CM460 2\" class=\"wp-image-67886\" title=\"\u0110\u1ea7u chuy\u1ec3n USB Type C sang 3.5mm Ugreen CM460 15\" loading=\"lazy\"><figcaption>\u0110\u1ea7u chuy\u1ec3n USB Type C sang 3.5mm Ugreen CM460<\/figcaption><\/figure>\n<\/div>\n<div class=\"wp-block-column is-layout-flow wp-block-column-is-layout-flow\">\n<figure class=\"wp-block-image size-full\"><img decoding=\"async\" src=\"https:\/\/dienmay1.pluginaz.com\/wp-content\/uploads\/2025\/09\/4-1-1.jpg\" width=\"930\" height=\"1542\" alt=\"\u0110\u1ea7u chuy\u1ec3n USB Type C sang 3.5mm Ugreen CM460 3\" class=\"wp-image-67887\" title=\"\u0110\u1ea7u chuy\u1ec3n USB Type C sang 3.5mm Ugreen CM460 16\" loading=\"lazy\"><figcaption>\u0110\u1ea7u chuy\u1ec3n USB Type C sang 3.5mm Ugreen CM460<\/figcaption><\/figure>\n<\/div>\n<\/div>\n<p>V\u1edbi m\u1ee9c ti\u00eau th\u1ee5 \u0111i\u1ec7n n\u0103ng ch\u1edd kh\u00f4ng t\u1ea3i ch\u1ec9 kho\u1ea3ng 13mA v\u00e0 d\u00f2ng \u0111i\u1ec7n ch\u01a1i nh\u1ea1c d\u01b0\u1edbi 110mA, b\u1ed9 chuy\u1ec3n \u0111\u1ed5i UGREEN CM460 \u0111\u01b0\u1ee3c thi\u1ebft k\u1ebf \u0111\u1ec3 ti\u1ebft ki\u1ec7m n\u0103ng l\u01b0\u1ee3ng m\u00e0 kh\u00f4ng \u1ea3nh h\u01b0\u1edfng \u0111\u1ebfn hi\u1ec7u su\u1ea5t. C\u00f4ng su\u1ea5t \u0111\u1ea7u ra kho\u1ea3ng 37mW (t\u1ea3i 16R) \u0111\u1ea3m b\u1ea3o t\u00edn hi\u1ec7u \u00e2m thanh m\u1ea1nh m\u1ebd, trong khi \u0111\u1ea7u ra 770mVrms (kh\u00f4ng t\u1ea3i) mang l\u1ea1i ch\u1ea5t l\u01b0\u1ee3ng \u00e2m thanh r\u00f5 r\u00e0ng v\u00e0 s\u1ed1ng \u0111\u1ed9ng.<\/p>\n<div class=\"wp-block-columns is-layout-flex wp-container-core-columns-is-layout-9d6595d7 wp-block-columns-is-layout-flex\">\n<div class=\"wp-block-column is-layout-flow wp-block-column-is-layout-flow\">\n<figure class=\"wp-block-image size-full\"><img decoding=\"async\" src=\"https:\/\/dienmay1.pluginaz.com\/wp-content\/uploads\/2025\/09\/5-1-1.jpg\" width=\"930\" height=\"1546\" alt=\"\u0110\u1ea7u chuy\u1ec3n USB Type C sang 3.5mm Ugreen CM460 4\" class=\"wp-image-67888\" title=\"\u0110\u1ea7u chuy\u1ec3n USB Type C sang 3.5mm Ugreen CM460 17\" loading=\"lazy\"><figcaption>\u0110\u1ea7u chuy\u1ec3n USB Type C sang 3.5mm Ugreen CM460<\/figcaption><\/figure>\n<\/div>\n<div class=\"wp-block-column is-layout-flow wp-block-column-is-layout-flow\">\n<figure class=\"wp-block-image size-full\"><img decoding=\"async\" src=\"https:\/\/dienmay1.pluginaz.com\/wp-content\/uploads\/2025\/09\/6-1.jpg\" width=\"930\" height=\"1550\" alt=\"\u0110\u1ea7u chuy\u1ec3n USB Type C sang 3.5mm Ugreen CM460 5\" class=\"wp-image-67889\" title=\"\u0110\u1ea7u chuy\u1ec3n USB Type C sang 3.5mm Ugreen CM460 18\" loading=\"lazy\"><figcaption>\u0110\u1ea7u chuy\u1ec3n USB Type C sang 3.5mm Ugreen CM460<\/figcaption><\/figure>\n<\/div>\n<\/div>\n<p>B\u1ed9 chuy\u1ec3n \u0111\u1ed5i UGREEN CM460 h\u1ed7 tr\u1ee3 \u0111\u1ea7u v\u00e0o micro 16bit\/48KHz, cho ph\u00e9p b\u1ea1n t\u1eadn h\u01b0\u1edfng \u00e2m thanh r\u00f5 r\u00e0ng trong c\u00e1c cu\u1ed9c g\u1ecdi tho\u1ea1i ho\u1eb7c ghi \u00e2m. Ngo\u00e0i ra, \u0111\u1ea7u ra \u00e2m thanh 3.5mm h\u1ed7 tr\u1ee3 l\u00ean \u0111\u1ebfn 24bit\/96KHz, \u0111\u1ea3m b\u1ea3o r\u1eb1ng b\u1ea1n tr\u1ea3i nghi\u1ec7m \u00e2m thanh v\u1edbi \u0111\u1ed9 s\u00e2u v\u00e0 \u0111\u1ed9 r\u00f5 n\u00e9t tuy\u1ec7t v\u1eddi.<\/p>\n<div class=\"wp-block-columns is-layout-flex wp-container-core-columns-is-layout-9d6595d7 wp-block-columns-is-layout-flex\">\n<div class=\"wp-block-column is-layout-flow wp-block-column-is-layout-flow\">\n<figure class=\"wp-block-image size-full\"><img decoding=\"async\" src=\"https:\/\/dienmay1.pluginaz.com\/wp-content\/uploads\/2025\/09\/7-1-1.jpg\" width=\"930\" height=\"1486\" alt=\"\u0110\u1ea7u chuy\u1ec3n USB Type C sang 3.5mm Ugreen CM460 6\" class=\"wp-image-67890\" title=\"\u0110\u1ea7u chuy\u1ec3n USB Type C sang 3.5mm Ugreen CM460 19\" loading=\"lazy\"><figcaption>\u0110\u1ea7u chuy\u1ec3n USB Type C sang 3.5mm Ugreen CM460<\/figcaption><\/figure>\n<\/div>\n<div class=\"wp-block-column is-layout-flow wp-block-column-is-layout-flow\">\n<figure class=\"wp-block-image size-full\"><img decoding=\"async\" src=\"https:\/\/dienmay1.pluginaz.com\/wp-content\/uploads\/2025\/09\/9-1.jpg\" width=\"930\" height=\"1509\" alt=\"\u0110\u1ea7u chuy\u1ec3n USB Type C sang 3.5mm Ugreen CM460 7\" class=\"wp-image-67891\" title=\"\u0110\u1ea7u chuy\u1ec3n USB Type C sang 3.5mm Ugreen CM460 20\" loading=\"lazy\"><figcaption>\u0110\u1ea7u chuy\u1ec3n USB Type C sang 3.5mm Ugreen CM460<\/figcaption><\/figure>\n<\/div>\n<\/div>\n<p>V\u1edbi d\u1ea3i t\u1ea7n \u0111\u00e1p \u1ee9ng t\u1eeb 20-20KHZ, b\u1ed9 chuy\u1ec3n \u0111\u1ed5i UGREEN CM460 t\u00e1i t\u1ea1o trung th\u1ef1c to\u00e0n b\u1ed9 ph\u1ed5 \u00e2m thanh, t\u1eeb nh\u1eefng \u00e2m tr\u1ea7m s\u00e2u nh\u1ea5t \u0111\u1ebfn nh\u1eefng \u00e2m cao r\u00f5 n\u00e9t nh\u1ea5t. T\u1ef7 l\u1ec7 t\u00edn hi\u1ec7u tr\u00ean nhi\u1ec5u tr\u00ean 95dB (TYP: 100dB, t\u1ea3i 16R) \u0111\u1ea3m b\u1ea3o t\u00edn hi\u1ec7u \u00e2m thanh trong tr\u1ebbo, kh\u00f4ng b\u1ecb nhi\u1ec5u ho\u1eb7c m\u00e9o ti\u1ebfng.<\/p>\n<div class=\"wp-block-columns is-layout-flex wp-container-core-columns-is-layout-9d6595d7 wp-block-columns-is-layout-flex\">\n<div class=\"wp-block-column is-layout-flow wp-block-column-is-layout-flow\">\n<figure class=\"wp-block-image size-full\"><img decoding=\"async\" src=\"https:\/\/dienmay1.pluginaz.com\/wp-content\/uploads\/2025\/09\/11-1.jpg\" width=\"930\" height=\"1158\" alt=\"\u0110\u1ea7u chuy\u1ec3n USB Type C sang 3.5mm Ugreen CM460 8\" class=\"wp-image-67895\" title=\"\u0110\u1ea7u chuy\u1ec3n USB Type C sang 3.5mm Ugreen CM460 21\" loading=\"lazy\"><figcaption>\u0110\u1ea7u chuy\u1ec3n USB Type C sang 3.5mm Ugreen CM460<\/figcaption><\/figure>\n<\/div>\n<div class=\"wp-block-column is-layout-flow wp-block-column-is-layout-flow\">\n<figure class=\"wp-block-image size-full\"><img decoding=\"async\" src=\"https:\/\/dienmay1.pluginaz.com\/wp-content\/uploads\/2025\/09\/10-1.jpg\" width=\"930\" height=\"1566\" alt=\"\u0110\u1ea7u chuy\u1ec3n USB Type C sang 3.5mm Ugreen CM460 9\" class=\"wp-image-67894\" title=\"\u0110\u1ea7u chuy\u1ec3n USB Type C sang 3.5mm Ugreen CM460 22\" loading=\"lazy\"><figcaption>\u0110\u1ea7u chuy\u1ec3n USB Type C sang 3.5mm Ugreen CM460<\/figcaption><\/figure>\n<\/div>\n<\/div>\n<p>B\u1ed9 chuy\u1ec3n \u0111\u1ed5i UGREEN CM460 kh\u00f4ng y\u00eau c\u1ea7u c\u00e0i \u0111\u1eb7t tr\u00ecnh \u0111i\u1ec1u khi\u1ec3n, r\u1ea5t d\u1ec5 s\u1eed d\u1ee5ng. Ch\u1ec9 c\u1ea7n c\u1eafm v\u00e0o thi\u1ebft b\u1ecb USB-C c\u1ee7a b\u1ea1n, v\u00e0 b\u1ea1n \u0111\u00e3 s\u1eb5n s\u00e0ng tr\u1ea3i nghi\u1ec7m ch\u1ea5t l\u01b0\u1ee3ng \u00e2m thanh n\u00e2ng cao. N\u00f3 t\u01b0\u01a1ng th\u00edch v\u1edbi nhi\u1ec1u h\u1ec7 th\u1ed1ng, bao g\u1ed3m Windows 7\/8\/8.1\/10, MAC OS, iOS v\u00e0 Android, \u0111\u1ea3m b\u1ea3o t\u00edch h\u1ee3p li\u1ec1n m\u1ea1ch v\u1edbi c\u00e1c thi\u1ebft b\u1ecb \u01b0a th\u00edch c\u1ee7a b\u1ea1n.<\/p>\n<p>\u0110\u1ed1i v\u1edbi nh\u1eefng ai t\u00ecm ki\u1ebfm tr\u1ea3i nghi\u1ec7m \u00e2m thanh n\u00e2ng cao v\u1edbi s\u1ef1 ti\u1ec7n l\u1ee3i b\u1ed5 sung, b\u1ed9 chuy\u1ec3n \u0111\u1ed5i UGREEN USB-C sang 3.5mm CM460 l\u00e0 l\u1ef1a ch\u1ecdn tuy\u1ec7t v\u1eddi. N\u00e2ng c\u1ea5p tr\u1ea3i nghi\u1ec7m \u00e2m thanh c\u1ee7a b\u1ea1n v\u00e0 t\u1eadn h\u01b0\u1edfng ch\u1ea5t l\u01b0\u1ee3ng \u00e2m thanh s\u1ed1ng \u0111\u1ed9ng \u1edf b\u1ea5t c\u1ee9 \u0111\u00e2u. \u0110\u1eebng ch\u1ea5p nh\u1eadn \u0111i\u1ec1u g\u00ec k\u00e9m h\u01a1n khi n\u00f3i \u0111\u1ebfn tr\u1ea3i nghi\u1ec7m \u00e2m thanh c\u1ee7a b\u1ea1n. \u0110\u1eb7t h\u00e0ng b\u1ed9 chuy\u1ec3n \u0111\u1ed5i UGREEN CM460 ngay h\u00f4m nay v\u00e0 kh\u00e1m ph\u00e1 ti\u1ec1m n\u0103ng th\u1ef1c s\u1ef1 c\u1ee7a c\u00e1c thi\u1ebft b\u1ecb USB-C c\u1ee7a b\u1ea1n.<\/p>\n<p>Nh\u01b0ng c\u00f2n n\u1eefa! \u0110\u1ed1i v\u1edbi nh\u1eefng ai mong mu\u1ed1n m\u1ed9t l\u1edbp ch\u1ee9c n\u0103ng n\u00e2ng cao, ch\u00fang t\u00f4i c\u0169ng cung c\u1ea5p b\u1ed9 chuy\u1ec3n \u0111\u1ed5i UGREEN USB-C sang 3.5mm v\u1edbi Chipset (M\u00e0u \u0110en) SKU: 90577. Phi\u00ean b\u1ea3n n\u00e0y c\u1ee7a b\u1ed9 chuy\u1ec3n \u0111\u1ed5i c\u00f3 chip t\u00edch h\u1ee3p, cung c\u1ea5p hi\u1ec7u su\u1ea5t \u00e2m thanh v\u00e0 kh\u1ea3 n\u0103ng t\u01b0\u01a1ng th\u00edch n\u00e2ng cao. T\u1eadn h\u01b0\u1edfng c\u00e1c t\u00ednh n\u0103ng v\u00e0 th\u00f4ng s\u1ed1 k\u1ef9 thu\u1eadt t\u01b0\u01a1ng t\u1ef1 nh\u01b0 CM460, nh\u01b0ng v\u1edbi l\u1ee3i \u00edch b\u1ed5 sung c\u1ee7a c\u00f4ng ngh\u1ec7 chipset. N\u00e2ng t\u1ea7m tr\u1ea3i nghi\u1ec7m \u00e2m thanh c\u1ee7a b\u1ea1n v\u1edbi b\u1ed9 chuy\u1ec3n \u0111\u1ed5i UGREEN USB-C sang 3.5mm v\u1edbi Chipset.<\/p>\n<figure class=\"wp-block-image size-full\"><img decoding=\"async\" src=\"https:\/\/dienmay1.pluginaz.com\/wp-content\/uploads\/2025\/09\/dau-chuyen-usb-type-c-sang-35mm-ugreen-cm460-chip-dac.jpg\" width=\"800\" height=\"800\" alt=\"\u0110\u1ea7u chuy\u1ec3n USB Type C sang 3.5mm Ugreen CM460 - H\u00ecnh \u1ea3nh 7\" class=\"wp-image-67876\" title=\"\u0110\u1ea7u chuy\u1ec3n USB Type C sang 3.5mm Ugreen CM460 7\" loading=\"lazy\"><figcaption>\u0110\u1ea7u chuy\u1ec3n USB Type C sang 3.5mm Ugreen CM460<\/figcaption><\/figure>\n<p>Ch\u1ecdn b\u1ed9 chuy\u1ec3n \u0111\u1ed5i UGREEN USB-C sang 3.5mm ph\u00f9 h\u1ee3p v\u1edbi nhu c\u1ea7u c\u1ee7a b\u1ea1n v\u00e0 gia nh\u1eadp h\u00e0ng ng\u0169 nh\u1eefng kh\u00e1ch h\u00e0ng h\u00e0i l\u00f2ng \u0111\u00e3 n\u00e2ng cao tr\u1ea3i nghi\u1ec7m \u00e2m thanh c\u1ee7a h\u1ecd. \u0110\u1eb7t h\u00e0ng ngay b\u00e2y gi\u1edd v\u00e0 \u0111\u1eafm ch\u00ecm trong th\u1ebf gi\u1edbi \u00e2m thanh s\u1ed1ng \u0111\u1ed9ng!<\/p>\n<\/div>\n","protected":false},"excerpt":{"rendered":"<p>\u0110\u1ea7u chuy\u1ec3n USB Type C sang 3.5mm Ugreen CM460 l\u00e0 \u0111\u1ea7u chuy\u1ec3n \u0111\u1ed5i gi\u00fap chuy\u1ec3n \u0111\u1ed5i t\u1eeb c\u1ed5ng USB Type C sang \u0111\u1ea7u \u00e2m thanh 3.5mm c\u00f3 h\u1ed7 tr\u1ee3 Micro, s\u1ea3n ph\u1ea9m n\u00e0y ph\u00f9 h\u1ee3p v\u1edbi c\u00e1c thi\u1ebft b\u1ecb c\u00f3 c\u1ed5ng type C. \u0110\u1ea7u chuy\u1ec3n USB Type C sang 3.5mm Ugreen CM460 Chip DAC V\u1edbi [&#8230;]\n","protected":false},"featured_media":426,"comment_status":"closed","ping_status":"closed","template":"","meta":{"_acf_changed":false},"product_brand":[25],"product_cat":[23],"product_tag":[],"class_list":{"0":"post-425","1":"product","2":"type-product","3":"status-publish","4":"has-post-thumbnail","6":"product_brand-ugreen","7":"product_cat-phu-kien-am-thanh","9":"first","10":"instock","11":"sale","12":"shipping-taxable","13":"purchasable","14":"product-type-simple"},"acf":[],"_links":{"self":[{"href":"https:\/\/dienmay1.pluginaz.com\/index.php\/wp-json\/wp\/v2\/product\/425","targetHints":{"allow":["GET"]}}],"collection":[{"href":"https:\/\/dienmay1.pluginaz.com\/index.php\/wp-json\/wp\/v2\/product"}],"about":[{"href":"https:\/\/dienmay1.pluginaz.com\/index.php\/wp-json\/wp\/v2\/types\/product"}],"replies":[{"embeddable":true,"href":"https:\/\/dienmay1.pluginaz.com\/index.php\/wp-json\/wp\/v2\/comments?post=425"}],"wp:featuredmedia":[{"embeddable":true,"href":"https:\/\/dienmay1.pluginaz.com\/index.php\/wp-json\/wp\/v2\/media\/426"}],"wp:attachment":[{"href":"https:\/\/dienmay1.pluginaz.com\/index.php\/wp-json\/wp\/v2\/media?parent=425"}],"wp:term":[{"taxonomy":"product_brand","embeddable":true,"href":"https:\/\/dienmay1.pluginaz.com\/index.php\/wp-json\/wp\/v2\/product_brand?post=425"},{"taxonomy":"product_cat","embeddable":true,"href":"https:\/\/dienmay1.pluginaz.com\/index.php\/wp-json\/wp\/v2\/product_cat?post=425"},{"taxonomy":"product_tag","embeddable":true,"href":"https:\/\/dienmay1.pluginaz.com\/index.php\/wp-json\/wp\/v2\/product_tag?post=425"}],"curies":[{"name":"wp","href":"https:\/\/api.w.org\/{rel}","templated":true}]}}