{"id":457,"date":"2025-09-27T20:23:55","date_gmt":"2025-09-27T13:23:55","guid":{"rendered":"https:\/\/dienmay1.pluginaz.com\/index.php\/san-pham\/ugreen-m751-chuot-may-tinh-cong-thai-hoc-khong-day-bluetooth\/"},"modified":"2025-09-27T20:24:10","modified_gmt":"2025-09-27T13:24:10","slug":"ugreen-m751-chuot-may-tinh-cong-thai-hoc-khong-day-bluetooth","status":"publish","type":"product","link":"https:\/\/dienmay1.pluginaz.com\/index.php\/san-pham\/ugreen-m751-chuot-may-tinh-cong-thai-hoc-khong-day-bluetooth\/","title":{"rendered":"UGREEN M751 \u2013 Chu\u1ed9t m\u00e1y t\u00ednh c\u00f4ng th\u00e1i h\u1ecdc kh\u00f4ng d\u00e2y Bluetooth"},"content":{"rendered":"<div class=\"luanlt_excerpt\">\n<h2>\u0110\u1eb7c \u0111i\u1ec3m n\u1ed5i b\u1eadt  45792<\/h2>\n<ul>\n<li>H\u1ed7 tr\u1ee3 2.4GHz v\u00e0 Bluetooth 5.4, cho ph\u00e9p k\u1ebft n\u1ed1i t\u1ed1i \u0111a 3 thi\u1ebft b\u1ecb v\u00e0 chuy\u1ec3n \u0111\u1ed5i nhanh ch\u00f3ng.<\/li>\n<li>C\u00f4ng ngh\u1ec7 Hyper-fast c\u00f9ng b\u00e1nh xe cu\u1ed9n ph\u1ee5 b\u00ean c\u1ea1nh gi\u00fap thao t\u00e1c d\u1ec5 d\u00e0ng tr\u00ean t\u00e0i li\u1ec7u l\u1edbn v\u00e0 b\u1ea3ng t\u00ednh.<\/li>\n<li>V\u1edbi 5 m\u1ee9c DPI t\u1eeb 1000 \u0111\u1ebfn 5000, ph\u00f9 h\u1ee3p cho c\u1ea3 c\u00f4ng vi\u1ec7c chi ti\u1ebft v\u00e0 thao t\u00e1c nhanh.<\/li>\n<li>N\u00fat b\u1ea5m gi\u1ea3m ti\u1ebfng \u1ed3n, tu\u1ed5i th\u1ecd 5 tri\u1ec7u l\u1ea7n nh\u1ea5n, c\u00f9ng b\u00e1nh xe cu\u1ed9n cao su b\u1ec1n b\u1ec9 t\u1edbi 300.000 v\u00f2ng.<\/li>\n<li>Ho\u1ea1t \u0111\u1ed9ng m\u01b0\u1ee3t m\u00e0 tr\u00ean Windows, macOS, Linux, Chrome OS, v\u00e0 Android.<\/li>\n<\/ul>\n<\/div>\n<div class=\"luanlt_content_tab\">\n<p>UGREEN M751\u00a0 l\u00e0 <strong>chu\u1ed9t m\u00e1y t\u00ednh<\/strong> c\u00f4ng th\u00e1i h\u1ecdc kh\u00f4ng d\u00e2y Bluetooth l\u00e0 m\u1ed9t gi\u1ea3i ph\u00e1p t\u1ed1i \u01b0u cho nh\u1eefng ng\u01b0\u1eddi d\u00f9ng y\u00eau c\u1ea7u cao v\u1ec1 hi\u1ec7u su\u1ea5t v\u00e0 s\u1ef1 ti\u1ec7n l\u1ee3i. V\u1edbi thi\u1ebft k\u1ebf c\u00f4ng th\u00e1i h\u1ecdc tinh t\u1ebf, chu\u1ed9t kh\u00f4ng d\u00e2y n\u00e0y kh\u00f4ng ch\u1ec9 mang l\u1ea1i s\u1ef1 tho\u1ea3i m\u00e1i khi s\u1eed d\u1ee5ng m\u00e0 c\u00f2n h\u1ed7 tr\u1ee3 k\u1ebft n\u1ed1i linh ho\u1ea1t gi\u1eefa hai ch\u1ebf \u0111\u1ed9: kh\u00f4ng d\u00e2y 2.4GHz v\u00e0 Bluetooth 5.4.<\/p>\n<p>\u0110\u1eb7c bi\u1ec7t, kh\u1ea3 n\u0103ng k\u1ebft n\u1ed1i \u0111\u1ed3ng th\u1eddi v\u1edbi ba thi\u1ebft b\u1ecb v\u00e0 chuy\u1ec3n \u0111\u1ed5i linh ho\u1ea1t gi\u1eefa ch\u00fang gi\u00fap n\u00e2ng cao hi\u1ec7u su\u1ea5t l\u00e0m vi\u1ec7c trong m\u00f4i tr\u01b0\u1eddng \u0111a nhi\u1ec7m.<\/p>\n<figure class=\"wp-block-image aligncenter size-full is-resized\"><img decoding=\"async\" src=\"https:\/\/dienmay1.pluginaz.com\/wp-content\/uploads\/2025\/09\/chuot-khong-day-ugreen-45792-m751-bluetooth-5-4-wirelless-2-4ghz-5000dpi-5-cap-do-25-600x600-1.jpg\" width=\"600\" height=\"600\" alt=\"Chu\u1ed9t m\u00e1y t\u00ednh Ugreen\" class=\"wp-image-77554\" title=\"UGREEN M751 - Chu\u1ed9t m\u00e1y t\u00ednh c\u00f4ng th\u00e1i h\u1ecdc kh\u00f4ng d\u00e2y Bluetooth 18\" loading=\"lazy\"><figcaption>UGREEN M751 &#8211; Chu\u1ed9t m\u00e1y t\u00ednh c\u00f4ng th\u00e1i h\u1ecdc kh\u00f4ng d\u00e2y Bluetooth<\/figcaption><\/figure>\n<h2 class=\"wp-block-heading\">Nh\u1eefng t\u00ednh n\u0103ng n\u1ed5i b\u1eadt c\u1ee7a chu\u1ed9t m\u00e1y t\u00ednh M751<\/h2>\n<ul class=\"wp-block-list\">\n<li><strong>K\u1ebft n\u1ed1i linh ho\u1ea1t:<\/strong> H\u1ed7 tr\u1ee3 hai ch\u1ebf \u0111\u1ed9 k\u1ebft n\u1ed1i (2.4GHz v\u00e0 Bluetooth 5.4), cho ph\u00e9p k\u1ebft n\u1ed1i \u0111\u1ed3ng th\u1eddi t\u1ed1i \u0111a ba thi\u1ebft b\u1ecb v\u00e0 chuy\u1ec3n \u0111\u1ed5i d\u1ec5 d\u00e0ng ch\u1ec9 v\u1edbi m\u1ed9t n\u00fat b\u1ea5m.<\/li>\n<li><strong>C\u00f4ng ngh\u1ec7 cu\u1ed9n si\u00eau nhanh:<\/strong> B\u00e1nh xe cu\u1ed9n Hyper-fast gi\u00fap l\u01b0\u1edbt nhanh qua c\u00e1c t\u1eadp d\u1eef li\u1ec7u l\u1edbn ho\u1eb7c t\u00e0i li\u1ec7u d\u00e0i m\u1ed9t c\u00e1ch m\u01b0\u1ee3t m\u00e0, l\u00fd t\u01b0\u1edfng cho nh\u00e2n vi\u00ean v\u0103n ph\u00f2ng chuy\u00ean s\u00e2u.<\/li>\n<li><strong>B\u00e1nh xe cu\u1ed9n b\u00ean ti\u1ec7n l\u1ee3i:<\/strong> B\u00e1nh xe ph\u1ee5 \u1edf ng\u00f3n tay c\u00e1i cho ph\u00e9p cu\u1ed9n ngang trong b\u1ea3ng t\u00ednh, ph\u1ea7n m\u1ec1m thi\u1ebft k\u1ebf v\u00e0 c\u00e1c \u1ee9ng d\u1ee5ng kh\u00e1c, t\u0103ng c\u01b0\u1eddng kh\u1ea3 n\u0103ng thao t\u00e1c.<\/li>\n<li><strong>\u0110\u1ed9 ph\u00e2n gi\u1ea3i DPI t\u00f9y ch\u1ec9nh:<\/strong> H\u1ed7 tr\u1ee3 5 m\u1ee9c DPI (1000\/1600\/2400\/3200\/5000), \u0111\u00e1p \u1ee9ng linh ho\u1ea1t cho c\u00e1c nhu c\u1ea7u t\u1eeb c\u00f4ng vi\u1ec7c chi ti\u1ebft \u0111\u1ebfn c\u00e1c thao t\u00e1c nhanh.<\/li>\n<li><strong>N\u00fat b\u1ea5m im l\u1eb7ng:<\/strong> C\u00e1c n\u00fat b\u1ea5m \u0111\u01b0\u1ee3c thi\u1ebft k\u1ebf gi\u1ea3m ti\u1ebfng \u1ed3n, v\u1edbi tu\u1ed5i th\u1ecd l\u00ean \u0111\u1ebfn 5 tri\u1ec7u l\u1ea7n nh\u1ea5n, mang l\u1ea1i tr\u1ea3i nghi\u1ec7m y\u00ean t\u0129nh v\u00e0 b\u1ec1n b\u1ec9.<\/li>\n<li><strong>\u0110\u1ed9 b\u1ec1n cao:<\/strong> B\u00e1nh xe cu\u1ed9n b\u1eb1ng cao su v\u1edbi b\u1ed9 m\u00e3 h\u00f3a im l\u1eb7ng, \u0111\u01b0\u1ee3c th\u1eed nghi\u1ec7m l\u00ean t\u1edbi 300.000 v\u00f2ng xoay.<\/li>\n<\/ul>\n<figure class=\"wp-block-image size-full\"><img decoding=\"async\" src=\"https:\/\/dienmay1.pluginaz.com\/wp-content\/uploads\/2025\/09\/chuot-khong-day-ugreen-45792-m751-bluetooth-5-4-wirelless-2-4ghz-5000dpi-5-cap-do-18.jpg\" width=\"1464\" height=\"600\" alt=\"Chu\u1ed9t m\u00e1y t\u00ednh\" class=\"wp-image-77558\" title=\"UGREEN M751 - Chu\u1ed9t m\u00e1y t\u00ednh c\u00f4ng th\u00e1i h\u1ecdc kh\u00f4ng d\u00e2y Bluetooth 19\" loading=\"lazy\"><figcaption>UGREEN M751 &#8211; Chu\u1ed9t m\u00e1y t\u00ednh c\u00f4ng th\u00e1i h\u1ecdc kh\u00f4ng d\u00e2y Bluetooth<\/figcaption><\/figure>\n<h2 class=\"wp-block-heading\">Nh\u1eefng thi\u1ebft b\u1ecb t\u01b0\u01a1ng th\u00edch v\u1edbi chu\u1ed9t m\u00e1y t\u00ednh M751<\/h2>\n<p>Chu\u1ed9t UGREEN M751 t\u01b0\u01a1ng th\u00edch v\u1edbi nhi\u1ec1u h\u1ec7 \u0111i\u1ec1u h\u00e0nh ph\u1ed5 bi\u1ebfn, bao g\u1ed3m:<\/p>\n<ul class=\"wp-block-list\">\n<li><strong>Windows:<\/strong> 7\/8.1\/10\/11<\/li>\n<li><strong>macOS:<\/strong> Phi\u00ean b\u1ea3n 10.5 tr\u1edf l\u00ean<\/li>\n<li><strong>Linux:<\/strong> C\u00e1c phi\u00ean b\u1ea3n ph\u1ed5 bi\u1ebfn<\/li>\n<li><strong>Chrome OS:<\/strong><\/li>\n<li><strong>Android:<\/strong> Phi\u00ean b\u1ea3n 5.0 tr\u1edf l\u00ean<\/li>\n<\/ul>\n<p>D\u00f9 b\u1ea1n s\u1eed d\u1ee5ng m\u00e1y t\u00ednh x\u00e1ch tay, m\u00e1y t\u00ednh \u0111\u1ec3 b\u00e0n hay thi\u1ebft b\u1ecb di \u0111\u1ed9ng, <strong>chu\u1ed9t m\u00e1y t\u00ednh<\/strong> M751 \u0111\u1ec1u ho\u1ea1t \u0111\u1ed9ng m\u01b0\u1ee3t m\u00e0, \u0111\u1ea3m b\u1ea3o t\u00ednh linh ho\u1ea1t t\u1ed1i \u0111a.<\/p>\n<h2 class=\"wp-block-heading\">\u0110\u00f3ng g\u00f3i s\u1ea3n ph\u1ea9m<\/h2>\n<p>B\u00ean trong h\u1ed9p s\u1ea3n ph\u1ea9m, b\u1ea1n s\u1ebd nh\u1eadn \u0111\u01b0\u1ee3c:<\/p>\n<ul class=\"wp-block-list\">\n<li>1 Chu\u1ed9t UGREEN M751 Chu\u1ed9t C\u00f4ng Th\u00e1i H\u1ecdc Kh\u00f4ng D\u00e2y Bluetooth<\/li>\n<li>1 B\u1ed9 thu USB 2.4GHz<\/li>\n<li>2 Pin AA ki\u1ec1m<\/li>\n<li>H\u01b0\u1edbng d\u1eabn s\u1eed d\u1ee5ng chi ti\u1ebft<\/li>\n<\/ul>\n<p>T\u1ea5t c\u1ea3 \u0111\u01b0\u1ee3c \u0111\u00f3ng g\u00f3i c\u1ea9n th\u1eadn, \u0111\u1ea3m b\u1ea3o s\u1ea3n ph\u1ea9m \u0111\u1ebfn tay b\u1ea1n trong t\u00ecnh tr\u1ea1ng ho\u00e0n h\u1ea3o.<\/p>\n<figure class=\"wp-block-image size-full\"><img decoding=\"async\" src=\"https:\/\/dienmay1.pluginaz.com\/wp-content\/uploads\/2025\/09\/chuot-khong-day-ugreen-45792-m751-bluetooth-5-4-wirelless-2-4ghz-5000dpi-5-cap-do-17.jpg\" width=\"1464\" height=\"600\" alt=\"UGREEN M751 - Chu\u1ed9t m\u00e1y t\u00ednh c\u00f4ng th\u00e1i h\u1ecdc kh\u00f4ng d\u00e2y Bluetooth\" class=\"wp-image-77559\" title=\"UGREEN M751 - Chu\u1ed9t m\u00e1y t\u00ednh c\u00f4ng th\u00e1i h\u1ecdc kh\u00f4ng d\u00e2y Bluetooth 20\" loading=\"lazy\"><figcaption>UGREEN M751 &#8211; Chu\u1ed9t m\u00e1y t\u00ednh c\u00f4ng th\u00e1i h\u1ecdc kh\u00f4ng d\u00e2y Bluetooth<\/figcaption><\/figure>\n<figure class=\"wp-block-image size-full\"><img decoding=\"async\" src=\"https:\/\/dienmay1.pluginaz.com\/wp-content\/uploads\/2025\/09\/chuot-khong-day-ugreen-45792-m751-bluetooth-5-4-wirelless-2-4ghz-5000dpi-5-cap-do-16.png\" width=\"1464\" height=\"600\" alt=\"UGREEN M751 - Chu\u1ed9t m\u00e1y t\u00ednh c\u00f4ng th\u00e1i h\u1ecdc kh\u00f4ng d\u00e2y Bluetooth\" class=\"wp-image-77560\" title=\"UGREEN M751 - Chu\u1ed9t m\u00e1y t\u00ednh c\u00f4ng th\u00e1i h\u1ecdc kh\u00f4ng d\u00e2y Bluetooth 21\" loading=\"lazy\"><figcaption>UGREEN M751 &#8211; Chu\u1ed9t m\u00e1y t\u00ednh c\u00f4ng th\u00e1i h\u1ecdc kh\u00f4ng d\u00e2y Bluetooth<\/figcaption><\/figure>\n<figure class=\"wp-block-image size-full\"><img decoding=\"async\" src=\"https:\/\/dienmay1.pluginaz.com\/wp-content\/uploads\/2025\/09\/chuot-khong-day-ugreen-45792-m751-bluetooth-5-4-wirelless-2-4ghz-5000dpi-5-cap-do-15.jpg\" width=\"1464\" height=\"600\" alt=\"UGREEN M751 - Chu\u1ed9t m\u00e1y t\u00ednh c\u00f4ng th\u00e1i h\u1ecdc kh\u00f4ng d\u00e2y Bluetooth\" class=\"wp-image-77561\" title=\"UGREEN M751 - Chu\u1ed9t m\u00e1y t\u00ednh c\u00f4ng th\u00e1i h\u1ecdc kh\u00f4ng d\u00e2y Bluetooth 22\" loading=\"lazy\"><figcaption>UGREEN M751 &#8211; Chu\u1ed9t m\u00e1y t\u00ednh c\u00f4ng th\u00e1i h\u1ecdc kh\u00f4ng d\u00e2y Bluetooth<\/figcaption><\/figure>\n<figure class=\"wp-block-image size-full\"><img decoding=\"async\" src=\"https:\/\/dienmay1.pluginaz.com\/wp-content\/uploads\/2025\/09\/chuot-khong-day-ugreen-45792-m751-bluetooth-5-4-wirelless-2-4ghz-5000dpi-5-cap-do-14.jpg\" width=\"1464\" height=\"600\" alt=\"UGREEN M751 - Chu\u1ed9t m\u00e1y t\u00ednh c\u00f4ng th\u00e1i h\u1ecdc kh\u00f4ng d\u00e2y Bluetooth\" class=\"wp-image-77562\" title=\"UGREEN M751 - Chu\u1ed9t m\u00e1y t\u00ednh c\u00f4ng th\u00e1i h\u1ecdc kh\u00f4ng d\u00e2y Bluetooth 23\" loading=\"lazy\"><figcaption>UGREEN M751 &#8211; Chu\u1ed9t m\u00e1y t\u00ednh c\u00f4ng th\u00e1i h\u1ecdc kh\u00f4ng d\u00e2y Bluetooth<\/figcaption><\/figure>\n<figure class=\"wp-block-image size-full\"><img decoding=\"async\" src=\"https:\/\/dienmay1.pluginaz.com\/wp-content\/uploads\/2025\/09\/chuot-khong-day-ugreen-45792-m751-bluetooth-5-4-wirelless-2-4ghz-5000dpi-5-cap-do-13.jpg\" width=\"1464\" height=\"600\" alt=\"UGREEN M751 - Chu\u1ed9t m\u00e1y t\u00ednh c\u00f4ng th\u00e1i h\u1ecdc kh\u00f4ng d\u00e2y Bluetooth\" class=\"wp-image-77563\" title=\"UGREEN M751 - Chu\u1ed9t m\u00e1y t\u00ednh c\u00f4ng th\u00e1i h\u1ecdc kh\u00f4ng d\u00e2y Bluetooth 24\" loading=\"lazy\"><figcaption>UGREEN M751 &#8211; Chu\u1ed9t m\u00e1y t\u00ednh c\u00f4ng th\u00e1i h\u1ecdc kh\u00f4ng d\u00e2y Bluetooth<\/figcaption><\/figure>\n<h2 class=\"wp-block-heading\">K\u1ebft lu\u1eadn chung v\u1ec1 chu\u1ed9t m\u00e1y t\u00ednh M751<\/h2>\n<p>V\u1edbi thi\u1ebft k\u1ebf c\u00f4ng th\u00e1i h\u1ecdc, t\u00ednh n\u0103ng v\u01b0\u1ee3t tr\u1ed9i v\u00e0 kh\u1ea3 n\u0103ng t\u01b0\u01a1ng th\u00edch r\u1ed9ng r\u00e3i, <strong>chu\u1ed9t m\u00e1y t\u00ednh<\/strong> M751 l\u00e0 s\u1ef1 l\u1ef1a ch\u1ecdn ho\u00e0n h\u1ea3o cho c\u1ea3 c\u00f4ng vi\u1ec7c v\u00e0 gi\u1ea3i tr\u00ed. \u0110\u1ea7u t\u01b0 v\u00e0o m\u1ed9t thi\u1ebft b\u1ecb chu\u1ed9t kh\u00f4ng d\u00e2y nh\u01b0 <strong>UGREEN M751<\/strong> kh\u00f4ng ch\u1ec9 n\u00e2ng cao hi\u1ec7u su\u1ea5t l\u00e0m vi\u1ec7c m\u00e0 c\u00f2n b\u1ea3o v\u1ec7 s\u1ee9c kh\u1ecfe \u0111\u00f4i tay c\u1ee7a b\u1ea1n qua nh\u1eefng gi\u1edd l\u00e0m vi\u1ec7c d\u00e0i.<\/p>\n<p>H\u00e3y nhanh tay s\u1edf h\u1eefu <strong>Chu\u1ed9t m\u00e1y t\u00ednh Bluetooth 5.4<\/strong> M571 ngay h\u00f4m nay \u0111\u1ec3 tr\u1ea3i nghi\u1ec7m s\u1ef1 kh\u00e1c bi\u1ec7t! \u0110\u1eebng b\u1ecf l\u1ee1 c\u01a1 h\u1ed9i \u0111\u1ec3 n\u00e2ng c\u1ea5p kh\u00f4ng gian l\u00e0m vi\u1ec7c c\u1ee7a b\u1ea1n v\u1edbi thi\u1ebft b\u1ecb hi\u1ec7n \u0111\u1ea1i n\u00e0y.<\/p>\n<\/div>\n","protected":false},"excerpt":{"rendered":"<ul>\n<li><strong>Ch\u1ebf \u0111\u1ed9 k\u1ebft n\u1ed1i:<\/strong> Kh\u00f4ng d\u00e2y 2.4GHz &amp; Bluetooth 5.4, k\u1ebft n\u1ed1i t\u1ed1i \u0111a 3 thi\u1ebft b\u1ecb c\u00f9ng l\u00fac.<\/li>\n<li><strong>\u0110\u1ed9 ph\u00e2n gi\u1ea3i DPI:<\/strong> 1000 \/ 1600 \/ 2400 \/ 3200 \/ 5000 DPI, ph\u00f9 h\u1ee3p cho nhi\u1ec1u nhu c\u1ea7u s\u1eed d\u1ee5ng.<\/li>\n<li><strong>T\u01b0\u01a1ng th\u00edch:<\/strong> Windows, macOS, Linux, Chrome OS, Android 5.0+, ho\u1ea1t \u0111\u1ed9ng \u1ed5n \u0111\u1ecbnh tr\u00ean nhi\u1ec1u thi\u1ebft b\u1ecb.<\/li>\n<\/ul>\n","protected":false},"featured_media":458,"comment_status":"closed","ping_status":"closed","template":"","meta":{"_acf_changed":false},"product_brand":[25],"product_cat":[15],"product_tag":[],"class_list":{"0":"post-457","1":"product","2":"type-product","3":"status-publish","4":"has-post-thumbnail","6":"product_brand-ugreen","7":"product_cat-phu-kien-laptop-va-pc","9":"first","10":"instock","11":"sale","12":"shipping-taxable","13":"purchasable","14":"product-type-simple"},"acf":[],"_links":{"self":[{"href":"https:\/\/dienmay1.pluginaz.com\/index.php\/wp-json\/wp\/v2\/product\/457","targetHints":{"allow":["GET"]}}],"collection":[{"href":"https:\/\/dienmay1.pluginaz.com\/index.php\/wp-json\/wp\/v2\/product"}],"about":[{"href":"https:\/\/dienmay1.pluginaz.com\/index.php\/wp-json\/wp\/v2\/types\/product"}],"replies":[{"embeddable":true,"href":"https:\/\/dienmay1.pluginaz.com\/index.php\/wp-json\/wp\/v2\/comments?post=457"}],"wp:featuredmedia":[{"embeddable":true,"href":"https:\/\/dienmay1.pluginaz.com\/index.php\/wp-json\/wp\/v2\/media\/458"}],"wp:attachment":[{"href":"https:\/\/dienmay1.pluginaz.com\/index.php\/wp-json\/wp\/v2\/media?parent=457"}],"wp:term":[{"taxonomy":"product_brand","embeddable":true,"href":"https:\/\/dienmay1.pluginaz.com\/index.php\/wp-json\/wp\/v2\/product_brand?post=457"},{"taxonomy":"product_cat","embeddable":true,"href":"https:\/\/dienmay1.pluginaz.com\/index.php\/wp-json\/wp\/v2\/product_cat?post=457"},{"taxonomy":"product_tag","embeddable":true,"href":"https:\/\/dienmay1.pluginaz.com\/index.php\/wp-json\/wp\/v2\/product_tag?post=457"}],"curies":[{"name":"wp","href":"https:\/\/api.w.org\/{rel}","templated":true}]}}