{"id":484,"date":"2025-09-27T21:19:03","date_gmt":"2025-09-27T14:19:03","guid":{"rendered":"https:\/\/dienmay1.pluginaz.com\/index.php\/san-pham\/gay-selfie-tripod-bluetooth-5-1-co-remote-ugreen-15062-lp586\/"},"modified":"2025-09-27T21:19:18","modified_gmt":"2025-09-27T14:19:18","slug":"gay-selfie-tripod-bluetooth-5-1-co-remote-ugreen-15062-lp586","status":"publish","type":"product","link":"https:\/\/dienmay1.pluginaz.com\/index.php\/san-pham\/gay-selfie-tripod-bluetooth-5-1-co-remote-ugreen-15062-lp586\/","title":{"rendered":"G\u1eady Selfie Tripod Bluetooth 5.1 c\u00f3 remote Ugreen 15062 LP586"},"content":{"rendered":"<div class=\"luanlt_excerpt\">\n<h2>\u0110\u1eb7c \u0111i\u1ec3m n\u1ed5i b\u1eadt  15062<\/h2>\n<ul>\n<li><strong>Bluetooth 5.1<\/strong> \u2013 K\u1ebft n\u1ed1i nhanh, \u1ed5n \u0111\u1ecbnh trong ph\u1ea1m vi 10m<\/li>\n<li><strong>Thi\u1ebft k\u1ebf 2 trong 1<\/strong> \u2013 S\u1eed d\u1ee5ng linh ho\u1ea1t gi\u1eefa g\u1eady selfie v\u00e0 tripod<\/li>\n<li><strong>T\u1ea3i tr\u1ecdng l\u1edbn<\/strong> \u2013 H\u1ed7 tr\u1ee3 \u0111i\u1ec7n tho\u1ea1i, GoPro, camera, \u0111\u00e8n chi\u1ebfu s\u00e1ng l\u00ean \u0111\u1ebfn 2kg<\/li>\n<li><strong>G\u00f3c \u0111i\u1ec1u ch\u1ec9nh 180\u00b0<\/strong> \u2013 D\u1ec5 d\u00e0ng thay \u0111\u1ed5i g\u00f3c quay linh ho\u1ea1t<\/li>\n<li><strong>Ch\u1ea5t li\u1ec7u cao c\u1ea5p<\/strong> \u2013 H\u1ee3p kim nh\u00f4m, ABS ch\u1eafc ch\u1eafn, b\u1ec1n b\u1ec9<\/li>\n<\/ul>\n<\/div>\n<div class=\"luanlt_content_tab\">\n<p>G\u1eady Selfie Tripod Bluetooth 5.1 Ugreen 15062 LP586 l\u00e0 m\u1ed9t ph\u1ee5 ki\u1ec7n \u0111a n\u0103ng gi\u00fap ng\u01b0\u1eddi d\u00f9ng d\u1ec5 d\u00e0ng ch\u1ee5p \u1ea3nh, quay video v\u1edbi ch\u1ea5t l\u01b0\u1ee3ng chuy\u00ean nghi\u1ec7p. Thi\u1ebft k\u1ebf 2 trong 1 v\u1eeba l\u00e0 g\u1eady selfie v\u1eeba l\u00e0 tripod ch\u1eafc ch\u1eafn, h\u1ed7 tr\u1ee3 nhi\u1ec1u thi\u1ebft b\u1ecb nh\u01b0 \u0111i\u1ec7n tho\u1ea1i (4.6 \u2013 7.2 inch), GoPro, m\u00e1y \u1ea3nh, Osmo Action\u2026 V\u1edbi k\u1ebft n\u1ed1i Bluetooth 5.1 hi\u1ec7n \u0111\u1ea1i, kh\u1ea3 n\u0103ng m\u1edf r\u1ed9ng t\u1ed1i \u0111a 157cm v\u00e0 dung l\u01b0\u1ee3ng pin b\u1ec1n b\u1ec9, s\u1ea3n ph\u1ea9m n\u00e0y l\u00e0 l\u1ef1a ch\u1ecdn l\u00fd t\u01b0\u1edfng cho c\u00e1c nhi\u1ebfp \u1ea3nh gia, vlogger v\u00e0 ng\u01b0\u1eddi y\u00eau th\u00edch du l\u1ecbch.<\/p>\n<figure class=\"wp-block-image aligncenter size-full\"><img decoding=\"async\" src=\"https:\/\/dienmay1.pluginaz.com\/wp-content\/uploads\/2025\/09\/gay-selfie-tripod-bluetooth-5-1-ugreen-15062-lp586-14.jpg\" width=\"1464\" height=\"600\" alt=\"G\u1eady Selfie Tripod Bluetooth 5.1 c\u00f3 remote Ugreen 15062 LP586 - H\u00ecnh \u1ea3nh 9\" class=\"wp-image-81194\" title=\"G\u1eady Selfie Tripod Bluetooth 5.1 c\u00f3 remote Ugreen 15062 LP586 9\" loading=\"lazy\"><figcaption class=\"wp-element-caption\">G\u1eady Selfie Tripod Bluetooth 5.1 c\u00f3 remote Ugreen 15062 LP586<\/figcaption><\/figure>\n<h2 class=\"wp-block-heading\">Nh\u1eefng t\u00ednh n\u0103ng n\u1ed5i b\u1eadt<\/h2>\n<h3 class=\"wp-block-heading\">K\u1ebft n\u1ed1i Bluetooth 5.1 \u1ed5n \u0111\u1ecbnh, ph\u1ea1m vi 10m<\/h3>\n<p>C\u00f4ng ngh\u1ec7 Bluetooth 5.1 tr\u00ean g\u1eady selfie tripod Ugreen 15062 \u0111\u1ea3m b\u1ea3o k\u1ebft n\u1ed1i nhanh ch\u00f3ng, \u1ed5n \u0111\u1ecbnh trong ph\u1ea1m vi l\u00ean \u0111\u1ebfn 10m. \u0110i\u1ec1u khi\u1ec3n t\u1eeb xa gi\u00fap ng\u01b0\u1eddi d\u00f9ng d\u1ec5 d\u00e0ng ch\u1ee5p \u1ea3nh m\u00e0 kh\u00f4ng c\u1ea7n ch\u1ea1m v\u00e0o \u0111i\u1ec7n tho\u1ea1i, mang l\u1ea1i tr\u1ea3i nghi\u1ec7m ti\u1ec7n l\u1ee3i v\u00e0 chuy\u00ean nghi\u1ec7p h\u01a1n.<\/p>\n<figure class=\"wp-block-image aligncenter size-full\"><img decoding=\"async\" src=\"https:\/\/dienmay1.pluginaz.com\/wp-content\/uploads\/2025\/09\/gay-selfie-tripod-bluetooth-5-1-ugreen-15062-lp586-10.jpg\" width=\"1125\" height=\"1500\" alt=\"G\u1eady Selfie Tripod Bluetooth 5.1 c\u00f3 remote Ugreen 15062 LP586 - H\u00ecnh \u1ea3nh 2\" class=\"wp-image-81200\" title=\"G\u1eady Selfie Tripod Bluetooth 5.1 c\u00f3 remote Ugreen 15062 LP586 2\" loading=\"lazy\"><figcaption class=\"wp-element-caption\">G\u1eady Selfie Tripod Bluetooth 5.1 c\u00f3 remote Ugreen 15062 LP586<\/figcaption><\/figure>\n<h3 class=\"wp-block-heading\">T\u01b0\u01a1ng th\u00edch v\u1edbi nhi\u1ec1u thi\u1ebft b\u1ecb<\/h3>\n<p>G\u1eady selfie Ugreen h\u1ed7 tr\u1ee3 nhi\u1ec1u thi\u1ebft b\u1ecb kh\u00e1c nhau nh\u01b0 iPhone, Samsung, GoPro, camera k\u1ef9 thu\u1eadt s\u1ed1 v\u00e0 Osmo Action. V\u1edbi kh\u1ea3 n\u0103ng g\u1eafn thi\u1ebft b\u1ecb c\u00f3 k\u00edch th\u01b0\u1edbc m\u00e0n h\u00ecnh t\u1eeb 4.6 \u2013 7.2 inch v\u00e0 \u1ed1c v\u00edt ti\u00eau chu\u1ea9n 1\/4\u2033, s\u1ea3n ph\u1ea9m ph\u00f9 h\u1ee3p v\u1edbi nhi\u1ec1u nhu c\u1ea7u s\u1eed d\u1ee5ng t\u1eeb ch\u1ee5p \u1ea3nh c\u00e1 nh\u00e2n \u0111\u1ebfn quay video chuy\u00ean nghi\u1ec7p.<\/p>\n<h3 class=\"wp-block-heading\">Thi\u1ebft k\u1ebf linh ho\u1ea1t: G\u1eady selfie v\u00e0 tripod 2 trong 1<\/h3>\n<p>Ugreen 15062 c\u00f3 th\u1ec3 chuy\u1ec3n \u0111\u1ed5i linh ho\u1ea1t gi\u1eefa ch\u1ebf \u0111\u1ed9 g\u1eady selfie v\u00e0 tripod. Khi s\u1eed d\u1ee5ng nh\u01b0 m\u1ed9t tripod, ch\u00e2n \u0111\u1ebf ch\u1eafc ch\u1eafn gi\u00fap thi\u1ebft b\u1ecb \u0111\u1ee9ng v\u1eefng tr\u00ean nhi\u1ec1u b\u1ec1 m\u1eb7t kh\u00e1c nhau, mang l\u1ea1i g\u00f3c quay \u1ed5n \u0111\u1ecbnh cho ch\u1ee5p \u1ea3nh nh\u00f3m, livestream hay quay vlog.<\/p>\n<h3 class=\"wp-block-heading\">Dung l\u01b0\u1ee3ng pin l\u1edbn, ch\u1ee5p \u0111\u1ebfn 20.000 l\u1ea7n<\/h3>\n<p>\u0110i\u1ec1u khi\u1ec3n Bluetooth s\u1eed d\u1ee5ng pin CR 3V dung l\u01b0\u1ee3ng 120mAh, cho ph\u00e9p ch\u1ee5p \u0111\u1ebfn 20.000 b\u1ee9c \u1ea3nh tr\u01b0\u1edbc khi c\u1ea7n thay pin. V\u1edbi th\u1eddi l\u01b0\u1ee3ng pin \u1ea5n t\u01b0\u1ee3ng, ng\u01b0\u1eddi d\u00f9ng c\u00f3 th\u1ec3 y\u00ean t\u00e2m s\u00e1ng t\u1ea1o n\u1ed9i dung m\u00e0 kh\u00f4ng lo gi\u00e1n \u0111o\u1ea1n.<\/p>\n<h3 class=\"wp-block-heading\">H\u1ed7 tr\u1ee3 nhi\u1ec1u thi\u1ebft b\u1ecb ngo\u1ea1i vi, t\u1ea3i tr\u1ecdng l\u00ean \u0111\u1ebfn 1.5kg<\/h3>\n<p>Ngo\u00e0i \u0111i\u1ec7n tho\u1ea1i, g\u1eady selfie tripod Ugreen c\u00f2n h\u1ed7 tr\u1ee3 g\u1eafn GoPro, camera k\u1ef9 thu\u1eadt s\u1ed1 v\u00e0 \u0111\u00e8n fill light th\u00f4ng qua l\u1ed7 v\u00edt 1\/4\u2033. V\u1edbi t\u1ea3i tr\u1ecdng t\u1ed1i \u0111a 1.5kg, s\u1ea3n ph\u1ea9m \u0111\u1ea3m b\u1ea3o an to\u00e0n v\u00e0 c\u1ed1 \u0111\u1ecbnh ch\u1eafc ch\u1eafn cho thi\u1ebft b\u1ecb khi s\u1eed d\u1ee5ng.<\/p>\n<h2 class=\"wp-block-heading\">\u1ee8ng d\u1ee5ng th\u1ef1c t\u1ebf c\u1ee7a s\u1ea3n ph\u1ea9m<\/h2>\n<ul class=\"wp-block-list\">\n<li><strong>Du l\u1ecbch v\u00e0 d\u00e3 ngo\u1ea1i:<\/strong> Ghi l\u1ea1i nh\u1eefng kho\u1ea3nh kh\u1eafc \u0111\u1eb9p m\u00e0 kh\u00f4ng c\u1ea7n nh\u1edd ng\u01b0\u1eddi kh\u00e1c ch\u1ee5p gi\u00fap.<\/li>\n<li><strong>Quay vlog v\u00e0 livestream:<\/strong> Gi\u00fap c\u1ed1 \u0111\u1ecbnh thi\u1ebft b\u1ecb, t\u1ea1o g\u00f3c quay chuy\u00ean nghi\u1ec7p m\u00e0 kh\u00f4ng c\u1ea7n ng\u01b0\u1eddi h\u1ed7 tr\u1ee3.<\/li>\n<li><strong>Ch\u1ee5p \u1ea3nh nh\u00f3m:<\/strong> Ch\u1ebf \u0111\u1ed9 tripod gi\u00fap d\u1ec5 d\u00e0ng ch\u1ee5p \u1ea3nh nh\u00f3m m\u00e0 kh\u00f4ng c\u1ea7n c\u1ea7m \u0111i\u1ec7n tho\u1ea1i.<\/li>\n<li><strong>H\u1ecdp tr\u1ef1c tuy\u1ebfn v\u00e0 gi\u1ea3ng d\u1ea1y t\u1eeb xa:<\/strong> Gi\u1eef c\u1ed1 \u0111\u1ecbnh g\u00f3c quay, gi\u00fap h\u00ecnh \u1ea3nh s\u1eafc n\u00e9t v\u00e0 \u1ed5n \u0111\u1ecbnh h\u01a1n trong c\u00e1c cu\u1ed9c g\u1ecdi video.<\/li>\n<\/ul>\n<h2 class=\"wp-block-heading\">Th\u00f4ng s\u1ed1 k\u1ef9 thu\u1eadt<\/h2>\n<ul class=\"wp-block-list\">\n<li><strong>Th\u01b0\u01a1ng hi\u1ec7u:<\/strong> Ugreen<\/li>\n<li><strong>M\u00e3 s\u1ea3n ph\u1ea9m:<\/strong> 15062 (LP586)<\/li>\n<li><strong>K\u1ebft n\u1ed1i:<\/strong> Bluetooth 5.1<\/li>\n<li><strong>Kho\u1ea3ng c\u00e1ch k\u1ebft n\u1ed1i:<\/strong> \u226410m<\/li>\n<li><strong>Chi\u1ec1u d\u00e0i:<\/strong> 30.5cm (thu g\u1ecdn) \u2013 157cm (m\u1edf r\u1ed9ng)<\/li>\n<li><strong>T\u01b0\u01a1ng th\u00edch:<\/strong> \u0110i\u1ec7n tho\u1ea1i (4.6 \u2013 7.2 inch), GoPro, camera, Osmo Action\u2026<\/li>\n<li><strong>T\u1ea3i tr\u1ecdng t\u1ed1i \u0111a:<\/strong> 1.5kg<\/li>\n<li><strong>L\u1ed7 v\u00edt:<\/strong> 1\/4\u2033<\/li>\n<li><strong>Pin \u0111i\u1ec1u khi\u1ec3n:<\/strong> CR 3V, 120mAh<\/li>\n<li><strong>Th\u1eddi l\u01b0\u1ee3ng pin:<\/strong> L\u00ean \u0111\u1ebfn 20.000 l\u1ea7n ch\u1ee5p<\/li>\n<\/ul>\n<h2 class=\"wp-block-heading\">T\u1ea1i sao n\u00ean ch\u1ecdn G\u1eady Selfie Tripod Bluetooth 5.1 Ugreen 15062?<\/h2>\n<p>G\u1eady selfie tripod Ugreen 15062 kh\u00f4ng ch\u1ec9 l\u00e0 m\u1ed9t ph\u1ee5 ki\u1ec7n ch\u1ee5p \u1ea3nh th\u00f4ng th\u01b0\u1eddng m\u00e0 c\u00f2n l\u00e0 c\u00f4ng c\u1ee5 h\u1ed7 tr\u1ee3 quay phim, livestream v\u00e0 ch\u1ee5p \u1ea3nh nh\u00f3m hi\u1ec7u qu\u1ea3. V\u1edbi thi\u1ebft k\u1ebf ch\u1eafc ch\u1eafn, k\u1ebft n\u1ed1i Bluetooth 5.1 \u1ed5n \u0111\u1ecbnh, kh\u1ea3 n\u0103ng m\u1edf r\u1ed9ng l\u00ean \u0111\u1ebfn 157cm v\u00e0 th\u1eddi l\u01b0\u1ee3ng pin \u1ea5n t\u01b0\u1ee3ng, \u0111\u00e2y l\u00e0 l\u1ef1a ch\u1ecdn ho\u00e0n h\u1ea3o cho nh\u1eefng ai y\u00eau th\u00edch nhi\u1ebfp \u1ea3nh, du l\u1ecbch ho\u1eb7c s\u00e1ng t\u1ea1o n\u1ed9i dung chuy\u00ean nghi\u1ec7p.<\/p>\n<p>N\u1ebfu b\u1ea1n \u0111ang t\u00ecm ki\u1ebfm m\u1ed9t chi\u1ebfc g\u1eady selfie tripod ch\u1ea5t l\u01b0\u1ee3ng cao, \u0111a n\u0103ng v\u00e0 b\u1ec1n b\u1ec9, Ugreen 15062 ch\u00ednh l\u00e0 s\u1ea3n ph\u1ea9m \u0111\u00e1ng \u0111\u1ec3 \u0111\u1ea7u t\u01b0. H\u00e3y s\u1edf h\u1eefu ngay \u0111\u1ec3 t\u1eadn h\u01b0\u1edfng nh\u1eefng tr\u1ea3i nghi\u1ec7m ch\u1ee5p \u1ea3nh v\u00e0 quay video chuy\u00ean nghi\u1ec7p!<\/p>\n<\/div>\n","protected":false},"excerpt":{"rendered":"<ul>\n<li>Chi\u1ec1u d\u00e0i linh ho\u1ea1t: 58.4cm (thu g\u1ecdn) \u2013 166cm (m\u1edf r\u1ed9ng)<\/li>\n<li>H\u1ed7 tr\u1ee3 thi\u1ebft b\u1ecb c\u00f3 l\u1ed7 v\u00edt 1\/4\u2033, t\u1ea3i tr\u1ecdng t\u1ed1i \u0111a 2kg<\/li>\n<li>K\u1ebft n\u1ed1i Bluetooth 5.0, ch\u1ea5t li\u1ec7u h\u1ee3p kim nh\u00f4m + ABS b\u1ec1n b\u1ec9<\/li>\n<\/ul>\n","protected":false},"featured_media":485,"comment_status":"closed","ping_status":"closed","template":"","meta":{"_acf_changed":false},"product_brand":[25],"product_cat":[16],"product_tag":[],"class_list":{"0":"post-484","1":"product","2":"type-product","3":"status-publish","4":"has-post-thumbnail","6":"product_brand-ugreen","7":"product_cat-phu-kien-dien-thoai","9":"first","10":"instock","11":"shipping-taxable","12":"product-type-simple"},"acf":[],"_links":{"self":[{"href":"https:\/\/dienmay1.pluginaz.com\/index.php\/wp-json\/wp\/v2\/product\/484","targetHints":{"allow":["GET"]}}],"collection":[{"href":"https:\/\/dienmay1.pluginaz.com\/index.php\/wp-json\/wp\/v2\/product"}],"about":[{"href":"https:\/\/dienmay1.pluginaz.com\/index.php\/wp-json\/wp\/v2\/types\/product"}],"replies":[{"embeddable":true,"href":"https:\/\/dienmay1.pluginaz.com\/index.php\/wp-json\/wp\/v2\/comments?post=484"}],"wp:featuredmedia":[{"embeddable":true,"href":"https:\/\/dienmay1.pluginaz.com\/index.php\/wp-json\/wp\/v2\/media\/485"}],"wp:attachment":[{"href":"https:\/\/dienmay1.pluginaz.com\/index.php\/wp-json\/wp\/v2\/media?parent=484"}],"wp:term":[{"taxonomy":"product_brand","embeddable":true,"href":"https:\/\/dienmay1.pluginaz.com\/index.php\/wp-json\/wp\/v2\/product_brand?post=484"},{"taxonomy":"product_cat","embeddable":true,"href":"https:\/\/dienmay1.pluginaz.com\/index.php\/wp-json\/wp\/v2\/product_cat?post=484"},{"taxonomy":"product_tag","embeddable":true,"href":"https:\/\/dienmay1.pluginaz.com\/index.php\/wp-json\/wp\/v2\/product_tag?post=484"}],"curies":[{"name":"wp","href":"https:\/\/api.w.org\/{rel}","templated":true}]}}