{"id":506,"date":"2025-09-27T21:20:45","date_gmt":"2025-09-27T14:20:45","guid":{"rendered":"https:\/\/dienmay1.pluginaz.com\/index.php\/san-pham\/o-cam-dien-da-nang-ugreen-cd286\/"},"modified":"2025-09-27T21:21:07","modified_gmt":"2025-09-27T14:21:07","slug":"o-cam-dien-da-nang-ugreen-cd286","status":"publish","type":"product","link":"https:\/\/dienmay1.pluginaz.com\/index.php\/san-pham\/o-cam-dien-da-nang-ugreen-cd286\/","title":{"rendered":"\u1ed4 c\u1eafm \u0111i\u1ec7n \u0111a n\u0103ng UGREEN CD286"},"content":{"rendered":"<div class=\"luanlt_content_tab\">\n<p><strong><span class=\"a-list-item\">\u1ed4 c\u1eafm \u0111i\u1ec7n \u0111a n\u0103ng UGREEN CD286 v\u1edbi 3 \u1ed5 c\u1eafm AC, 2 c\u1ed5ng USB-A, 2 c\u1ed5ng USB-A, D\u1ea3i ngu\u1ed3n Ugreen 30W USB-C <\/span><\/strong><\/p>\n<p>S\u1ef1 l\u1ef1a ch\u1ecdn ho\u00e0n h\u1ea3o cho nhu c\u1ea7u s\u1ea1c v\u00e0 c\u1eafm \u0111i\u1ec7n th\u1eddi \u0111\u1ea1i 4.0. V\u1edbi thi\u1ebft k\u1ebf \u0111\u1eb3ng c\u1ea5p v\u00e0 t\u00edch h\u1ee3p nhi\u1ec1u t\u00ednh n\u0103ng an to\u00e0n, UGREEN CD286 mang \u0111\u1ebfn s\u1ef1 ti\u1ec7n \u00edch v\u00e0 b\u1ea3o v\u1ec7 t\u1ed1i \u0111a cho b\u1ea1n v\u00e0 thi\u1ebft b\u1ecb c\u1ee7a b\u1ea1n.<\/p>\n<p><strong>\u1ed4 c\u1eafm ch\u1ed1ng ch\u00e1y v\u00e0 kh\u00e1ng nhi\u1ec7t:<\/strong> Th\u00e2n v\u1ecf \u1ed5 c\u1eafm \u0111\u01b0\u1ee3c ch\u1ebf t\u1ea1o t\u1eeb v\u1eadt li\u1ec7u PC cao c\u1ea5p, kh\u1ea3 n\u0103ng ch\u1ecbu nhi\u1ec7t l\u00ean \u0111\u1ebfn 750\u00b0C, gi\u00fap \u0111\u1ea3m b\u1ea3o an to\u00e0n tuy\u1ec7t \u0111\u1ed1i trong m\u1ecdi t\u00ecnh hu\u1ed1ng.<\/p>\n<figure class=\"wp-block-image size-full\"><img decoding=\"async\" src=\"https:\/\/dienmay1.pluginaz.com\/wp-content\/uploads\/2025\/09\/o-cam-dien-da-nang-ugreen-cd286-19.png\" width=\"750\" height=\"750\" class=\"wp-image-56983\" alt=\"\u1ed4 c\u1eafm \u0111i\u1ec7n \u0111a n\u0103ng UGREEN CD286\" title=\"\u1ed4 c\u1eafm \u0111i\u1ec7n \u0111a n\u0103ng UGREEN CD286 5\" loading=\"lazy\"><figcaption>\u1ed4 c\u1eafm \u0111i\u1ec7n \u0111a n\u0103ng UGREEN CD286<\/figcaption><\/figure>\n<p><strong>\u1ed4 c\u1eafm t\u00edch h\u1ee3p s\u1ea1c GaN nhanh v\u00e0 an to\u00e0n:<\/strong> S\u1eed d\u1ee5ng chip GaN k\u1ebft h\u1ee3p giao th\u1ee9c s\u1ea1c nhanh, s\u1ea3n ph\u1ea9m cho ph\u00e9p b\u1ea1n s\u1ea1c thi\u1ebft b\u1ecb m\u1ed9t c\u00e1ch nhanh ch\u00f3ng m\u00e0 v\u1eabn \u0111\u1ea3m b\u1ea3o an to\u00e0n tuy\u1ec7t \u0111\u1ed1i.<\/p>\n<figure class=\"wp-block-image size-full\"><img decoding=\"async\" src=\"https:\/\/dienmay1.pluginaz.com\/wp-content\/uploads\/2025\/09\/o-cam-dien-da-nang-ugreen-cd286-6.png\" width=\"800\" height=\"800\" class=\"wp-image-56982\" alt=\"\u1ed4 c\u1eafm \u0111i\u1ec7n \u0111a n\u0103ng UGREEN CD286\" title=\"\u1ed4 c\u1eafm \u0111i\u1ec7n \u0111a n\u0103ng UGREEN CD286 6\" loading=\"lazy\"><figcaption>\u1ed4 c\u1eafm \u0111i\u1ec7n \u0111a n\u0103ng UGREEN CD286<\/figcaption><\/figure>\n<p><strong>B\u1ea3o v\u1ec7 qu\u00e1 d\u00f2ng \u0111i\u1ec7n:<\/strong> \u1ed4 c\u1eafm \u0111\u01b0\u1ee3c trang b\u1ecb \u1ed1ng x\u1ea3 kh\u00ed GDT t\u00edch h\u1ee3p, gi\u00fap x\u1ea3 d\u00f2ng \u0111i\u1ec7n qu\u00e1 m\u1ee9c qua d\u00e2y n\u1ed1i \u0111\u1ea5t khi x\u1ea3y ra qu\u00e1 \u0111i\u1ec7n \u00e1p, b\u1ea3o v\u1ec7 m\u1ea1ch v\u00e0 c\u00e1c b\u1ed9 ph\u1eadn c\u1ee7a thi\u1ebft b\u1ecb kh\u1ecfi nguy c\u01a1 t\u1ed5n h\u1ea1i.<\/p>\n<figure class=\"wp-block-image size-full\"><img decoding=\"async\" src=\"https:\/\/dienmay1.pluginaz.com\/wp-content\/uploads\/2025\/09\/o-cam-dien-da-nang-ugreen-cd286-18.png\" width=\"750\" height=\"750\" class=\"wp-image-56985\" alt=\"\u1ed4 c\u1eafm \u0111i\u1ec7n \u0111a n\u0103ng UGREEN CD286\" title=\"\u1ed4 c\u1eafm \u0111i\u1ec7n \u0111a n\u0103ng UGREEN CD286 3\" loading=\"lazy\"><figcaption>\u1ed4 c\u1eafm \u0111i\u1ec7n \u0111a n\u0103ng UGREEN CD286<\/figcaption><\/figure>\n<p><strong>\u1ed4 c\u0103m \u0111i\u1ec7n th\u00f4ng minh thi\u1ebft k\u1ebf 6 trong 1 th\u00f4ng minh:<\/strong> V\u1edbi 3 \u1ed5 c\u1eafm AC, 2 c\u1ed5ng USB-A v\u00e0 1 c\u1ed5ng USB-C, s\u1ea3n ph\u1ea9m ph\u00f9 h\u1ee3p v\u1edbi \u0111a d\u1ea1ng thi\u1ebft b\u1ecb. D\u1ea3i \u0111\u1ed3ng t\u00edch h\u1ee3p t\u0103ng c\u01b0\u1eddng \u0111\u1ed9 b\u1ec1n v\u00e0 tu\u1ed5i th\u1ecd c\u1ee7a thi\u1ebft b\u1ecb, \u0111\u1ea3m b\u1ea3o k\u1ebft n\u1ed1i \u1ed5n \u0111\u1ecbnh m\u1ed7i khi c\u1eafm v\u00e0 r\u00fat ph\u00edch c\u1eafm.<\/p>\n<figure class=\"wp-block-image size-full\"><img decoding=\"async\" src=\"https:\/\/dienmay1.pluginaz.com\/wp-content\/uploads\/2025\/09\/o-cam-dien-da-nang-ugreen-cd286.png\" width=\"800\" height=\"800\" class=\"wp-image-56981\" alt=\"\u1ed4 c\u1eafm \u0111i\u1ec7n \u0111a n\u0103ng UGREEN CD286\" title=\"\u1ed4 c\u1eafm \u0111i\u1ec7n \u0111a n\u0103ng UGREEN CD286 7\" loading=\"lazy\"><figcaption>\u1ed4 c\u1eafm \u0111i\u1ec7n \u0111a n\u0103ng UGREEN CD286<\/figcaption><\/figure>\n<p><strong>An to\u00e0n khi s\u1eed d\u1ee5ng:<\/strong> Thi\u1ebft k\u1ebf \u1ed5 c\u1eafm AC v\u1edbi c\u1eeda an to\u00e0n t\u00edch h\u1ee3p ng\u0103n ch\u1eb7n v\u1eadt th\u1ec3 l\u1ea1 x\u00e2m nh\u1eadp, gi\u1ea3m nguy c\u01a1 ti\u1ebfp x\u00fac v\u00e0 \u0111i\u1ec7n gi\u1eadt m\u1ed9t c\u00e1ch hi\u1ec7u qu\u1ea3.<\/p>\n<p><strong>Kh\u1ea3 n\u0103ng t\u01b0\u01a1ng th\u00edch r\u1ed9ng:<\/strong> S\u1ea3n ph\u1ea9m cung c\u1ea5p \u0111\u1ea7u ra t\u1ed1i \u0111a 18W cho c\u1ed5ng USB-A v\u00e0 30W cho c\u1ed5ng USB-C, \u0111\u1ea3m b\u1ea3o s\u1ea1c nhanh v\u00e0 hi\u1ec7u qu\u1ea3. Khi s\u1eed d\u1ee5ng \u0111\u1ed3ng th\u1eddi 2 ho\u1eb7c 3 c\u1ed5ng, c\u00f4ng su\u1ea5t t\u1ed1i \u0111a v\u1eabn duy tr\u00ec \u1edf m\u1ee9c 15.5W.<\/p>\n<p>\u1ed4 c\u1eafm \u0111i\u1ec7n \u0111a n\u0103ng UGREEN CD286 kh\u00f4ng ch\u1ec9 mang \u0111\u1ebfn t\u00ednh n\u0103ng \u0111a d\u1ea1ng m\u00e0 c\u00f2n \u0111\u1ea3m b\u1ea3o an to\u00e0n tuy\u1ec7t \u0111\u1ed1i cho b\u1ea1n v\u00e0 thi\u1ebft b\u1ecb c\u1ee7a b\u1ea1n. Hi\u1ec7n t\u1ea1i Ugreen Vi\u1ec7t Nam \u0111ang kinh doanh \u1ed5 c\u1eafm \u0111i\u1ec7n ch\u00ednh h\u00e3ng Ugreen <br \/>Ch\u00e2n \u1ea5m EU: Ugreen <span data-sheets-value='{\"1\":3,\"3\":15143}' data-sheets-userformat='{\"2\":12799,\"3\":{\"1\":0,\"3\":1},\"4\":{\"1\":2,\"2\":16508117},\"5\":{\"1\":[{\"1\":2,\"2\":0,\"5\":{\"1\":2,\"2\":0}},{\"1\":0,\"2\":0,\"3\":3},{\"1\":1,\"2\":0,\"4\":1}]},\"6\":{\"1\":[{\"1\":2,\"2\":0,\"5\":{\"1\":2,\"2\":0}},{\"1\":0,\"2\":0,\"3\":3},{\"1\":1,\"2\":0,\"4\":1}]},\"7\":{\"1\":[{\"1\":2,\"2\":0,\"5\":{\"1\":2,\"2\":0}},{\"1\":0,\"2\":0,\"3\":3},{\"1\":1,\"2\":0,\"4\":1}]},\"8\":{\"1\":[{\"1\":2,\"2\":0,\"5\":{\"1\":2,\"2\":0}},{\"1\":0,\"2\":0,\"3\":3},{\"1\":1,\"2\":0,\"4\":1}]},\"9\":1,\"10\":1,\"11\":4,\"15\":\"Calibri\",\"16\":12}'>15143<\/span><\/p>\n<\/div>\n","protected":false},"excerpt":{"rendered":"<p>\u1ed4 c\u1eafm \u0111i\u1ec7n \u0111a n\u0103ng UGREEN CD286 v\u1edbi 3 \u1ed5 c\u1eafm AC, 2 c\u1ed5ng USB-A, 2 c\u1ed5ng USB-A, D\u1ea3i ngu\u1ed3n Ugreen 30W USB-C S\u1ef1 l\u1ef1a ch\u1ecdn ho\u00e0n h\u1ea3o cho nhu c\u1ea7u s\u1ea1c v\u00e0 c\u1eafm \u0111i\u1ec7n th\u1eddi \u0111\u1ea1i 4.0. V\u1edbi thi\u1ebft k\u1ebf \u0111\u1eb3ng c\u1ea5p v\u00e0 t\u00edch h\u1ee3p nhi\u1ec1u t\u00ednh n\u0103ng an to\u00e0n, UGREEN CD286 mang \u0111\u1ebfn [&#8230;]\n","protected":false},"featured_media":507,"comment_status":"closed","ping_status":"closed","template":"","meta":{"_acf_changed":false},"product_brand":[25],"product_cat":[17],"product_tag":[],"class_list":{"0":"post-506","1":"product","2":"type-product","3":"status-publish","4":"has-post-thumbnail","6":"product_brand-ugreen","7":"product_cat-phu-kien-apple","9":"first","10":"instock","11":"sale","12":"shipping-taxable","13":"purchasable","14":"product-type-simple"},"acf":[],"_links":{"self":[{"href":"https:\/\/dienmay1.pluginaz.com\/index.php\/wp-json\/wp\/v2\/product\/506","targetHints":{"allow":["GET"]}}],"collection":[{"href":"https:\/\/dienmay1.pluginaz.com\/index.php\/wp-json\/wp\/v2\/product"}],"about":[{"href":"https:\/\/dienmay1.pluginaz.com\/index.php\/wp-json\/wp\/v2\/types\/product"}],"replies":[{"embeddable":true,"href":"https:\/\/dienmay1.pluginaz.com\/index.php\/wp-json\/wp\/v2\/comments?post=506"}],"wp:featuredmedia":[{"embeddable":true,"href":"https:\/\/dienmay1.pluginaz.com\/index.php\/wp-json\/wp\/v2\/media\/507"}],"wp:attachment":[{"href":"https:\/\/dienmay1.pluginaz.com\/index.php\/wp-json\/wp\/v2\/media?parent=506"}],"wp:term":[{"taxonomy":"product_brand","embeddable":true,"href":"https:\/\/dienmay1.pluginaz.com\/index.php\/wp-json\/wp\/v2\/product_brand?post=506"},{"taxonomy":"product_cat","embeddable":true,"href":"https:\/\/dienmay1.pluginaz.com\/index.php\/wp-json\/wp\/v2\/product_cat?post=506"},{"taxonomy":"product_tag","embeddable":true,"href":"https:\/\/dienmay1.pluginaz.com\/index.php\/wp-json\/wp\/v2\/product_tag?post=506"}],"curies":[{"name":"wp","href":"https:\/\/api.w.org\/{rel}","templated":true}]}}