{"id":522,"date":"2025-09-27T21:22:19","date_gmt":"2025-09-27T14:22:19","guid":{"rendered":"https:\/\/dienmay1.pluginaz.com\/index.php\/san-pham\/cu-sac-type-c-65w-ugreen-nexode-pro-x753-gan-ultra-slim\/"},"modified":"2025-09-27T21:22:40","modified_gmt":"2025-09-27T14:22:40","slug":"cu-sac-type-c-65w-ugreen-nexode-pro-x753-gan-ultra-slim","status":"publish","type":"product","link":"https:\/\/dienmay1.pluginaz.com\/index.php\/san-pham\/cu-sac-type-c-65w-ugreen-nexode-pro-x753-gan-ultra-slim\/","title":{"rendered":"C\u1ee7 s\u1ea1c Type C 65W UGREEN Nexode Pro X753 GaN Ultra-Slim"},"content":{"rendered":"<div class=\"luanlt_content_tab\">\n<p><strong>C\u1ee7 s\u1ea1c nhanh<\/strong> 65W UGREEN Nexode Pro X753 GaN Ultra-Slim l\u00e0 c\u1ee7 s\u1ea1c si\u00eau nhanh c\u00f4ng ngh\u1ec7 hi\u1ec7n \u0111\u1ea1i c\u1ee7a Ugreen, UGREEN Nexode Pro \u0111ang \u0111i \u0111\u1ea7u cu\u1ed9c c\u00e1ch m\u1ea1ng cho s\u1ea1c \u0111i\u1ec7n tho\u1ea1i, m\u00e1y t\u00ednh b\u1ea3ng, s\u1ea1c laptop.<\/p>\n<p>C\u1ee7 s\u1ea1c 65W UGREEN Nexode Pro X753 GaN Ultra-Slim \u0111\u01b0\u1ee3c b\u1ed5 sung m\u1edbi nh\u1ea5t cho d\u00f2ng s\u1ea3n ph\u1ea9m Nexode Pro ti\u00ean ti\u1ebfn c\u1ee7a ch\u00fang t\u00f4i. V\u1edbi c\u00f4ng ngh\u1ec7 ti\u00ean ti\u1ebfn v\u00e0 t\u00ednh n\u0103ng chuy\u00ean nghi\u1ec7p, b\u1ed9 s\u1ea1c n\u00e0y mang l\u1ea1i tr\u1ea3i nghi\u1ec7m s\u1ea1c th\u1ebf h\u1ec7 ti\u1ebfp theo kh\u00f4ng gi\u1ed1ng ai.<\/p>\n<figure class=\"wp-block-image size-full\"><img decoding=\"async\" src=\"https:\/\/dienmay1.pluginaz.com\/wp-content\/uploads\/2025\/09\/cu-sac-type-c-65w-ugreen-nexode-pro-x753-gan-ultra-slim-18.jpg\" width=\"1464\" height=\"600\" class=\"wp-image-66889\" alt=\"C\u1ee7 s\u1ea1c 65W UGREEN Nexode Pro X753 GaN Ultra-Slim\" title=\"C\u1ee7 s\u1ea1c Type C 65W UGREEN Nexode Pro X753 GaN Ultra-Slim 14\" loading=\"lazy\"><figcaption class=\"wp-element-caption\">C\u1ee7 s\u1ea1c 65W UGREEN Nexode Pro X753 GaN Ultra-Slim<\/figcaption><\/figure>\n<h2 class=\"wp-block-heading\">S\u1ea1c Nhanh 65W MacBook, Iphone v\u00e0 nhi\u1ec1u thi\u1ebft b\u1ecb kh\u00e1c<\/h2>\n<p>C\u1ee7 s\u1ea1c Nexode Pro X753 GaN Ultra-Slim cung c\u1ea5p t\u1ed1i \u0111a 65W khi k\u1ebft n\u1ed1i v\u1edbi m\u1ed9t thi\u1ebft b\u1ecb USB-C duy nh\u1ea5t. V\u1edbi b\u1ed9 s\u1ea1c m\u1ea1nh m\u1ebd n\u00e0y, b\u1ea1n c\u00f3 th\u1ec3 s\u1ea1c MacBook Pro 13\u201d M2 t\u1eeb 0% \u0111\u1ebfn 51% ch\u1ec9 trong 30 ph\u00fat.<\/p>\n<figure class=\"wp-block-image size-full\"><img decoding=\"async\" src=\"https:\/\/dienmay1.pluginaz.com\/wp-content\/uploads\/2025\/09\/cu-sac-type-c-65w-ugreen-nexode-pro-x753-gan-ultra-slim-17.jpg\" width=\"1464\" height=\"600\" class=\"wp-image-66890\" alt=\"C\u1ee7 s\u1ea1c Type C 65W UGREEN Nexode Pro X753 GaN Ultra-Slim 1\" title=\"C\u1ee7 s\u1ea1c Type C 65W UGREEN Nexode Pro X753 GaN Ultra-Slim 15\" loading=\"lazy\"><figcaption>C\u1ee7 s\u1ea1c Type C 65W UGREEN Nexode Pro X753 GaN Ultra-Slim<\/figcaption><\/figure>\n<p>Ngo\u00e0i ra, X753 cung c\u1ea5p s\u1ea1c t\u1ed1c \u0111\u1ed9 \u0111\u1ea7y \u0111\u1ee7 cho Galaxy S22 m\u1edbi nh\u1ea5t v\u00e0 c\u00e1c thi\u1ebft b\u1ecb t\u01b0\u01a1ng th\u00edch kh\u00e1c. N\u00f3i t\u1ea1m bi\u1ec7t v\u1edbi th\u1eddi gian s\u1ea1c d\u00e0i v\u00e0 t\u1eadn h\u01b0\u1edfng s\u1ef1 ti\u1ec7n l\u1ee3i c\u1ee7a vi\u1ec7c n\u1ea1p n\u0103ng l\u01b0\u1ee3ng nhanh ch\u00f3ng.<\/p>\n<figure class=\"wp-block-image aligncenter size-full\"><img decoding=\"async\" src=\"https:\/\/dienmay1.pluginaz.com\/wp-content\/uploads\/2025\/09\/cu-sac-type-c-65w-ugreen-nexode-pro-x753-gan-ultra-slim-8.jpg\" width=\"1464\" height=\"600\" class=\"wp-image-66900\" alt=\"C\u1ee7 s\u1ea1c Type C 65W UGREEN Nexode Pro X753 GaN Ultra-Slim 2\" title=\"C\u1ee7 s\u1ea1c Type C 65W UGREEN Nexode Pro X753 GaN Ultra-Slim 16\" loading=\"lazy\"><figcaption>C\u1ee7 s\u1ea1c Type C 65W UGREEN Nexode Pro X753 GaN Ultra-Slim<\/figcaption><\/figure>\n<h2 class=\"wp-block-heading\">B\u1ed9 S\u1ea1c 3 Trong 1 cho t\u1ea5t c\u1ea3 c\u00e1c thi\u1ebft b\u1ecb c\u1ee7a b\u1ea1n<\/h2>\n<p>B\u1ed9 s\u1ea1c Ugreen X753 \u0111\u01b0\u1ee3c thi\u1ebft k\u1ebf v\u1edbi 3 c\u1ed5ng c\u1ee7a m\u00ecnh, B\u1ed9 S\u1ea1c USB C Nexode Pro 65W c\u1ee7a UGREEN c\u00f3 c\u00f4ng su\u1ea5t l\u00ean t\u1edbi 65W. \u0110i\u1ec1u n\u00e0y c\u00f3 ngh\u0129a l\u00e0 b\u1ea1n c\u00f3 th\u1ec3 s\u1ea1c nhanh \u0111i\u1ec7n tho\u1ea1i, m\u00e1y t\u00ednh b\u1ea3ng v\u00e0 laptop c\u1ee7a m\u00ecnh c\u00f9ng m\u1ed9t l\u00fac, lo\u1ea1i b\u1ecf nhu c\u1ea7u s\u1eed d\u1ee5ng nhi\u1ec1u b\u1ed9 s\u1ea1c. T\u1eadn h\u01b0\u1edfng s\u1ef1 ti\u1ec7n l\u1ee3i v\u00e0 \u0111\u01a1n gi\u1ea3n c\u1ee7a m\u1ed9t b\u1ed9 s\u1ea1c duy nh\u1ea5t \u0111\u00e1p \u1ee9ng t\u1ea5t c\u1ea3 nhu c\u1ea7u s\u1ea1c c\u1ee7a b\u1ea1n.<\/p>\n<figure class=\"wp-block-image aligncenter size-full\"><img decoding=\"async\" src=\"https:\/\/dienmay1.pluginaz.com\/wp-content\/uploads\/2025\/09\/cu-sac-type-c-65w-ugreen-nexode-pro-x753-gan-ultra-slim-16.jpg\" width=\"1464\" height=\"600\" class=\"wp-image-66891\" alt=\"B\u1ed9 S\u1ea1c 3 Trong 1 cho t\u1ea5t c\u1ea3 c\u00e1c thi\u1ebft b\u1ecb c\u1ee7a b\u1ea1n\" title=\"C\u1ee7 s\u1ea1c Type C 65W UGREEN Nexode Pro X753 GaN Ultra-Slim 17\" loading=\"lazy\"><figcaption class=\"wp-element-caption\">B\u1ed9 S\u1ea1c 3 Trong 1 cho t\u1ea5t c\u1ea3 c\u00e1c thi\u1ebft b\u1ecb c\u1ee7a b\u1ea1n<\/figcaption><\/figure>\n<figure class=\"wp-block-image aligncenter size-full\"><img decoding=\"async\" src=\"https:\/\/dienmay1.pluginaz.com\/wp-content\/uploads\/2025\/09\/cu-sac-type-c-65w-ugreen-nexode-pro-x753-gan-ultra-slim-7.jpg\" width=\"1464\" height=\"600\" class=\"wp-image-66901\" alt=\"B\u1ed9 s\u1ea1c t\u00edch h\u1ee3p chip GaN\" title=\"C\u1ee7 s\u1ea1c Type C 65W UGREEN Nexode Pro X753 GaN Ultra-Slim 18\" loading=\"lazy\"><figcaption class=\"wp-element-caption\">B\u1ed9 s\u1ea1c t\u00edch h\u1ee3p chip GaN<\/figcaption><\/figure>\n<h2 class=\"wp-block-heading\">B\u1ed9 s\u1ea1c nh\u1ecf g\u1ecdn c\u00f4ng su\u1ea5t l\u1edbn<\/h2>\n<p>Nh\u1edd c\u00f4ng ngh\u1ec7 vi chip GaN ti\u00ean ti\u1ebfn c\u1ee7a n\u00f3, B\u1ed9 S\u1ea1c Type C Nexode Pro 65W c\u1ee7a UGREEN nh\u1ecf g\u1ecdn h\u01a1n 50% so v\u1edbi b\u1ed9 s\u1ea1c USB-C 61W ban \u0111\u1ea7u, khi\u1ebfn n\u00f3 c\u1ef1c k\u1ef3 nh\u1ecf g\u1ecdn v\u00e0 th\u00e2n thi\u1ec7n v\u1edbi du l\u1ecbch. Thi\u1ebft k\u1ebf ph\u1eb3ng d\u1ec5 d\u00e0ng v\u1eeba v\u1edbi khe t\u01b0\u1eddng h\u1eb9p, \u0111\u1ea3m b\u1ea3o b\u1ea1n c\u00f3 th\u1ec3 mang theo b\u1ea5t c\u1ee9 n\u01a1i n\u00e0o b\u1ea1n \u0111i. Tr\u1ea3i nghi\u1ec7m s\u1ef1 c\u00e2n b\u1eb1ng ho\u00e0n h\u1ea3o gi\u1eefa s\u1ee9c m\u1ea1nh v\u00e0 t\u00ednh di \u0111\u1ed9ng.<\/p>\n<figure class=\"wp-block-image aligncenter size-full\"><img decoding=\"async\" src=\"https:\/\/dienmay1.pluginaz.com\/wp-content\/uploads\/2025\/09\/cu-sac-type-c-65w-ugreen-nexode-pro-x753-gan-ultra-slim-15.jpg\" width=\"1464\" height=\"600\" class=\"wp-image-66893\" alt=\"B\u1ed9 s\u1ea1c nh\u1ecf g\u1ecdn c\u00f4ng su\u1ea5t l\u1edbn\" title=\"C\u1ee7 s\u1ea1c Type C 65W UGREEN Nexode Pro X753 GaN Ultra-Slim 19\" loading=\"lazy\"><figcaption class=\"wp-element-caption\">B\u1ed9 s\u1ea1c nh\u1ecf g\u1ecdn c\u00f4ng su\u1ea5t l\u1edbn<\/figcaption><\/figure>\n<figure class=\"wp-block-image aligncenter size-full\"><img decoding=\"async\" src=\"https:\/\/dienmay1.pluginaz.com\/wp-content\/uploads\/2025\/09\/cu-sac-type-c-65w-ugreen-nexode-pro-x753-gan-ultra-slim-14.jpg\" width=\"1464\" height=\"600\" class=\"wp-image-66894\" alt=\"B\u1ed9 s\u1ea1c nh\u1ecf nh\u01b0ng s\u1ea1c \u0111\u1ed3ng th\u1eddi 3 thi\u1ebft v\u1ecb c\u00f9ng m\u1ed9t l\u00fac bao g\u1ed3m c\u1ea3 laptop\" title=\"C\u1ee7 s\u1ea1c Type C 65W UGREEN Nexode Pro X753 GaN Ultra-Slim 20\" loading=\"lazy\"><figcaption class=\"wp-element-caption\">B\u1ed9 s\u1ea1c nh\u1ecf nh\u01b0ng s\u1ea1c \u0111\u1ed3ng th\u1eddi 3 thi\u1ebft v\u1ecb c\u00f9ng m\u1ed9t l\u00fac bao g\u1ed3m c\u1ea3 laptop<\/figcaption><\/figure>\n<h2 class=\"wp-block-heading\">S\u1ef1 T\u01b0\u01a1ng Th\u00edch R\u1ed9ng R\u00e3i Cho T\u1ea5t C\u1ea3 Thi\u1ebft B\u1ecb C\u1ee7a B\u1ea1n<\/h2>\n<p>C\u1ee7 s\u1ea1c Type C 65W UGREEN Nexode Pro X753 GaN Ultra-Slim cung c\u1ea5p s\u1ea1c nhanh cho h\u1ea7u h\u1ebft t\u1ea5t c\u1ea3 \u0111i\u1ec7n tho\u1ea1i, m\u00e1y t\u00ednh b\u1ea3ng v\u00e0 laptop USB-A v\u00e0 USB-C.<\/p>\n<p>Cho d\u00f9 b\u1ea1n c\u00f3 m\u1ed9t chi\u1ebfc MacBook, Dell XPS 13-inch, iPhone series 15, d\u00f2ng Galaxy S23, iPad Pro, ho\u1eb7c b\u1ea5t k\u1ef3 thi\u1ebft b\u1ecb t\u01b0\u01a1ng th\u00edch n\u00e0o kh\u00e1c, b\u1ed9 s\u1ea1c n\u00e0y \u0111\u1ec1u \u0111\u00e1p \u1ee9ng \u0111\u01b0\u1ee3c. Tr\u1ea3i nghi\u1ec7m t\u00ednh t\u01b0\u01a1ng th\u00edch to\u00e0n c\u1ea7u v\u00e0 t\u1eadn h\u01b0\u1edfng s\u1ef1 ti\u1ec7n l\u1ee3i c\u1ee7a s\u1ea1c nhanh cho t\u1ea5t c\u1ea3 thi\u1ebft b\u1ecb c\u1ee7a b\u1ea1n.<\/p>\n<figure class=\"wp-block-image aligncenter size-full\"><img decoding=\"async\" src=\"https:\/\/dienmay1.pluginaz.com\/wp-content\/uploads\/2025\/09\/cu-sac-type-c-65w-ugreen-nexode-pro-x753-gan-ultra-slim-13.jpg\" width=\"1464\" height=\"600\" class=\"wp-image-66895\" alt=\"C\u1ee7 s\u1ea1c Type C 65W UGREEN Nexode Pro X753 GaN Ultra-Slim 3\" title=\"C\u1ee7 s\u1ea1c Type C 65W UGREEN Nexode Pro X753 GaN Ultra-Slim 21\" loading=\"lazy\"><figcaption class=\"wp-element-caption\">C\u1ee7 s\u1ea1c Type C 65W UGREEN Nexode Pro X753 GaN Ultra-Slim t\u01b0\u01a1ng th\u00edch h\u1ea7u h\u1ebft thi\u1ebft b\u1ecb<\/figcaption><\/figure>\n<figure class=\"wp-block-image aligncenter size-full\"><img decoding=\"async\" src=\"https:\/\/dienmay1.pluginaz.com\/wp-content\/uploads\/2025\/09\/cu-sac-type-c-65w-ugreen-nexode-pro-x753-gan-ultra-slim-12.jpg\" width=\"1464\" height=\"600\" class=\"wp-image-66896\" alt=\"UGREEN Nexode Pro X753 GaN Ultra-Slim khi d\u00f9ng 3 c\u1ed5ng s\u1ea1c\" title=\"C\u1ee7 s\u1ea1c Type C 65W UGREEN Nexode Pro X753 GaN Ultra-Slim 22\" loading=\"lazy\"><figcaption class=\"wp-element-caption\">UGREEN Nexode Pro X753 GaN Ultra-Slim khi d\u00f9ng 3 c\u1ed5ng s\u1ea1c<\/figcaption><\/figure>\n<figure class=\"wp-block-image aligncenter size-full\"><img decoding=\"async\" src=\"https:\/\/dienmay1.pluginaz.com\/wp-content\/uploads\/2025\/09\/cu-sac-type-c-65w-ugreen-nexode-pro-x753-gan-ultra-slim-11.jpg\" width=\"1464\" height=\"600\" class=\"wp-image-66897\" alt=\"UGREEN Nexode Pro X753 GaN Ultra-Slim khi d\u00f9ng 2 c\u1ed5ng s\u1ea1c\" title=\"C\u1ee7 s\u1ea1c Type C 65W UGREEN Nexode Pro X753 GaN Ultra-Slim 23\" loading=\"lazy\"><figcaption class=\"wp-element-caption\">UGREEN Nexode Pro X753 GaN Ultra-Slim khi d\u00f9ng 2 c\u1ed5ng s\u1ea1c<\/figcaption><\/figure>\n<figure class=\"wp-block-image aligncenter size-full\"><img decoding=\"async\" src=\"https:\/\/dienmay1.pluginaz.com\/wp-content\/uploads\/2025\/09\/cu-sac-type-c-65w-ugreen-nexode-pro-x753-gan-ultra-slim-10.jpg\" width=\"1464\" height=\"600\" class=\"wp-image-66898\" alt=\"UGREEN Nexode Pro X753 GaN Ultra-Slim khi d\u00f9ng 1 c\u1ed5ng s\u1ea1c\" title=\"C\u1ee7 s\u1ea1c Type C 65W UGREEN Nexode Pro X753 GaN Ultra-Slim 24\" loading=\"lazy\"><figcaption class=\"wp-element-caption\">UGREEN Nexode Pro X753 GaN Ultra-Slim khi d\u00f9ng 1 c\u1ed5ng s\u1ea1c<\/figcaption><\/figure>\n<figure class=\"wp-block-image aligncenter size-full\"><img decoding=\"async\" src=\"https:\/\/dienmay1.pluginaz.com\/wp-content\/uploads\/2025\/09\/cu-sac-type-c-65w-ugreen-nexode-pro-x753-gan-ultra-slim-9.jpg\" width=\"1464\" height=\"600\" class=\"wp-image-66899\" alt=\"C\u1ee7 s\u1ea1c Type C 65W UGREEN Nexode Pro X753 GaN Ultra-Slim 4\" title=\"C\u1ee7 s\u1ea1c Type C 65W UGREEN Nexode Pro X753 GaN Ultra-Slim 25\" loading=\"lazy\"><figcaption class=\"wp-element-caption\">So s\u00e1nh c\u00e1c c\u1ee7 s\u1ea1c Ugreen<\/figcaption><\/figure>\n<\/div>\n","protected":false},"excerpt":{"rendered":"<p>C\u1ee7 s\u1ea1c nhanh 65W UGREEN Nexode Pro X753 GaN Ultra-Slim l\u00e0 c\u1ee7 s\u1ea1c si\u00eau nhanh c\u00f4ng ngh\u1ec7 hi\u1ec7n \u0111\u1ea1i c\u1ee7a Ugreen, UGREEN Nexode Pro \u0111ang \u0111i \u0111\u1ea7u cu\u1ed9c c\u00e1ch m\u1ea1ng cho s\u1ea1c \u0111i\u1ec7n tho\u1ea1i, m\u00e1y t\u00ednh b\u1ea3ng, s\u1ea1c laptop. C\u1ee7 s\u1ea1c 65W UGREEN Nexode Pro X753 GaN Ultra-Slim \u0111\u01b0\u1ee3c b\u1ed5 sung m\u1edbi nh\u1ea5t cho d\u00f2ng [&#8230;]\n","protected":false},"featured_media":523,"comment_status":"closed","ping_status":"closed","template":"","meta":{"_acf_changed":false},"product_brand":[25],"product_cat":[18],"product_tag":[],"class_list":{"0":"post-522","1":"product","2":"type-product","3":"status-publish","4":"has-post-thumbnail","6":"product_brand-ugreen","7":"product_cat-sac-va-bo-sac","9":"first","10":"instock","11":"sale","12":"shipping-taxable","13":"purchasable","14":"product-type-simple"},"acf":[],"_links":{"self":[{"href":"https:\/\/dienmay1.pluginaz.com\/index.php\/wp-json\/wp\/v2\/product\/522","targetHints":{"allow":["GET"]}}],"collection":[{"href":"https:\/\/dienmay1.pluginaz.com\/index.php\/wp-json\/wp\/v2\/product"}],"about":[{"href":"https:\/\/dienmay1.pluginaz.com\/index.php\/wp-json\/wp\/v2\/types\/product"}],"replies":[{"embeddable":true,"href":"https:\/\/dienmay1.pluginaz.com\/index.php\/wp-json\/wp\/v2\/comments?post=522"}],"wp:featuredmedia":[{"embeddable":true,"href":"https:\/\/dienmay1.pluginaz.com\/index.php\/wp-json\/wp\/v2\/media\/523"}],"wp:attachment":[{"href":"https:\/\/dienmay1.pluginaz.com\/index.php\/wp-json\/wp\/v2\/media?parent=522"}],"wp:term":[{"taxonomy":"product_brand","embeddable":true,"href":"https:\/\/dienmay1.pluginaz.com\/index.php\/wp-json\/wp\/v2\/product_brand?post=522"},{"taxonomy":"product_cat","embeddable":true,"href":"https:\/\/dienmay1.pluginaz.com\/index.php\/wp-json\/wp\/v2\/product_cat?post=522"},{"taxonomy":"product_tag","embeddable":true,"href":"https:\/\/dienmay1.pluginaz.com\/index.php\/wp-json\/wp\/v2\/product_tag?post=522"}],"curies":[{"name":"wp","href":"https:\/\/api.w.org\/{rel}","templated":true}]}}