{"id":553,"date":"2025-09-27T21:25:56","date_gmt":"2025-09-27T14:25:56","guid":{"rendered":"https:\/\/dienmay1.pluginaz.com\/index.php\/san-pham\/day-chuyen-doi-3-5mm-ra-2rca-hoa-sen-ugreen-av102-dau-tiep-xuc-ma-vang-day-pvc-chong-roi\/"},"modified":"2025-09-27T21:26:07","modified_gmt":"2025-09-27T14:26:07","slug":"day-chuyen-doi-3-5mm-ra-2rca-hoa-sen-ugreen-av102-dau-tiep-xuc-ma-vang-day-pvc-chong-roi","status":"publish","type":"product","link":"https:\/\/dienmay1.pluginaz.com\/index.php\/san-pham\/day-chuyen-doi-3-5mm-ra-2rca-hoa-sen-ugreen-av102-dau-tiep-xuc-ma-vang-day-pvc-chong-roi\/","title":{"rendered":"D\u00e2y chuy\u1ec3n \u0111\u1ed5i 3.5mm ra 2RCA (Hoa sen) UGREEN AV102 \u2013 \u0110\u1ea7u ti\u1ebfp x\u00fac m\u1ea1 v\u00e0ng, d\u00e2y PVC ch\u1ed1ng r\u1ed1i"},"content":{"rendered":"","protected":false},"excerpt":{"rendered":"<ul>\n<li>1 \u0111\u1ea7u jack3.5mm,1 \u0111\u1ea7u 2 c\u1ed5ng hoa sen RCA<\/li>\n<li>Chuy\u00ean d\u00f9ng \u0111\u1ec3 k\u1ebft n\u1ed1i t\u1eeb c\u1ed5ng \u00e2m thanh loa 3.5mm c\u1ee7a m\u00e1y t\u00ednh, \u0111i\u1ec7n tho\u1ea1i v\u00e0 t\u1ea5t c\u1ea3 \u00a0thi\u1ebft b\u1ecb ph\u00e1t \u00e2m thanh b\u1eb1ng c\u1ed5ng 3.5 sang 2 \u0111\u1ea7u tr\u1eafng\/\u0111\u1ecf RCA, r\u1eafc hoa sen c\u1ee7a loa, amply ho\u1eb7c 1 s\u1ed1 thi\u1ebft b\u1ecb chuy\u00ean d\u1ee5ng kh\u00e1c<\/li>\n<li>\u0110\u01b0\u1ee3c s\u1ea3n xu\u1ea5t tr\u00ean c\u00f4ng ngh\u1ec7 m\u1edbi nh\u1ea5t c\u1ee7a h\u00e3ng Ugreen, c\u00e1p c\u00f3 v\u1ecf \u0111\u01b0\u1ee3c l\u00e0m b\u1eb1ng nh\u1ef1a pvc cao c\u1ea5p r\u1ea5t ch\u1eafc b\u1ec1n v\u00e0 \u0111\u1ed3ng th\u1eddi c\u0169ng r\u1ea5t th\u1eddi trang<\/li>\n<li>L\u00f5i c\u00e1p loa 3.5mm sang 2 \u0111\u1ea7u hoa sen l\u00e0m b\u1eb1ng \u0111\u1ed3ng nguy\u00ean ch\u1ea5t, s\u1ee3i \u0111\u1ed3ng to cho kh\u1ea3 n\u0103ng d\u1eabn truy\u1ec1n d\u1eef li\u1ec7u audio t\u1ed1i \u01b0u<\/li>\n<li>\u0110\u1ea7u c\u1eafm audio 3.5 ph\u00f9 h\u1ee3p v\u1edbi t\u1ea5t c\u1ea3 c\u00e1c m\u00e1y t\u00ednh, \u0111i\u1ec7n tho\u1ea1i v\u00e0 c\u00e1c chu\u1ea9n \u00e2m thanh hi\u1ec7n nay tr\u00ean th\u1ecb tr\u01b0\u1eddng nh\u01b0 Iphone, Ipad,\u2026<\/li>\n<\/ul>\n","protected":false},"featured_media":554,"comment_status":"closed","ping_status":"closed","template":"","meta":{"_acf_changed":false},"product_brand":[25],"product_cat":[23],"product_tag":[],"class_list":{"0":"post-553","1":"product","2":"type-product","3":"status-publish","4":"has-post-thumbnail","6":"product_brand-ugreen","7":"product_cat-phu-kien-am-thanh","9":"first","10":"instock","11":"sale","12":"shipping-taxable","13":"purchasable","14":"product-type-simple"},"acf":[],"_links":{"self":[{"href":"https:\/\/dienmay1.pluginaz.com\/index.php\/wp-json\/wp\/v2\/product\/553","targetHints":{"allow":["GET"]}}],"collection":[{"href":"https:\/\/dienmay1.pluginaz.com\/index.php\/wp-json\/wp\/v2\/product"}],"about":[{"href":"https:\/\/dienmay1.pluginaz.com\/index.php\/wp-json\/wp\/v2\/types\/product"}],"replies":[{"embeddable":true,"href":"https:\/\/dienmay1.pluginaz.com\/index.php\/wp-json\/wp\/v2\/comments?post=553"}],"wp:featuredmedia":[{"embeddable":true,"href":"https:\/\/dienmay1.pluginaz.com\/index.php\/wp-json\/wp\/v2\/media\/554"}],"wp:attachment":[{"href":"https:\/\/dienmay1.pluginaz.com\/index.php\/wp-json\/wp\/v2\/media?parent=553"}],"wp:term":[{"taxonomy":"product_brand","embeddable":true,"href":"https:\/\/dienmay1.pluginaz.com\/index.php\/wp-json\/wp\/v2\/product_brand?post=553"},{"taxonomy":"product_cat","embeddable":true,"href":"https:\/\/dienmay1.pluginaz.com\/index.php\/wp-json\/wp\/v2\/product_cat?post=553"},{"taxonomy":"product_tag","embeddable":true,"href":"https:\/\/dienmay1.pluginaz.com\/index.php\/wp-json\/wp\/v2\/product_tag?post=553"}],"curies":[{"name":"wp","href":"https:\/\/api.w.org\/{rel}","templated":true}]}}