{"id":601,"date":"2025-09-27T21:33:00","date_gmt":"2025-09-27T14:33:00","guid":{"rendered":"https:\/\/dienmay1.pluginaz.com\/index.php\/san-pham\/dau-boc-bao-ve-cap-sac-mau-trang-ugreen-40705\/"},"modified":"2025-09-27T21:33:18","modified_gmt":"2025-09-27T14:33:18","slug":"dau-boc-bao-ve-cap-sac-mau-trang-ugreen-40705","status":"publish","type":"product","link":"https:\/\/dienmay1.pluginaz.com\/index.php\/san-pham\/dau-boc-bao-ve-cap-sac-mau-trang-ugreen-40705\/","title":{"rendered":"\u0110\u1ea7u b\u1ecdc b\u1ea3o v\u1ec7 c\u00e1p s\u1ea1c m\u00e0u tr\u1eafng Ugreen 40705"},"content":{"rendered":"<div class=\"luanlt_excerpt\">\n<h2>\u0110\u1eb7c \u0111i\u1ec3m n\u1ed5i b\u1eadt  40705<\/h2>\n<ul>\n<li>Gi\u1ea3m 90% nguy c\u01a1 g\u00e3y g\u1eadp \u0111\u1ea7u c\u00e1p \u2013 b\u1ea3o v\u1ec7 \u0111i\u1ec3m ti\u1ebfp x\u00fac d\u1ec5 h\u01b0 h\u1ea1i nh\u1ea5t.<\/li>\n<li>Ch\u1ea5t li\u1ec7u m\u1ec1m m\u1ea1i, kh\u00f4ng \u0111\u1ec3 l\u1ea1i v\u1ebft h\u1eb1n tr\u00ean d\u00e2y \u2013 an to\u00e0n v\u00e0 b\u1ec1n b\u1ec9.<\/li>\n<li>Ng\u0103n ng\u1eeba r\u00f2 r\u1ec9 \u0111i\u1ec7n, \u0111o\u1ea3n m\u1ea1ch \u2013 \u0111\u1ea3m b\u1ea3o an to\u00e0n khi s\u1ea1c.<\/li>\n<li>Thi\u1ebft k\u1ebf ch\u1ed1ng tr\u01b0\u1ee3t th\u00f4ng minh \u2013 gi\u1eef ch\u1eb7t c\u1ed1 \u0111\u1ecbnh, kh\u00f4ng tu\u1ed9t.<\/li>\n<li>L\u1eafp \u0111\u1eb7t nhanh ch\u00f3ng \u2013 kh\u00f4ng c\u1ea7n c\u00f4ng c\u1ee5, ch\u1ec9 c\u1ea7n b\u1ea5m nh\u1eb9 2 \u0111\u1ea7u.<\/li>\n<\/ul>\n<\/div>\n<div class=\"luanlt_content_tab\">\n<p>\u0110\u1ea7u b\u1ecdc b\u1ea3o v\u1ec7 c\u00e1p s\u1ea1c m\u00e0u tr\u1eafng <strong>Ugreen 40705<\/strong> l\u00e0 m\u1ed9t ph\u1ee5 ki\u1ec7n nh\u1ecf g\u1ecdn nh\u01b0ng c\u1ef1c k\u1ef3 h\u1eefu \u00edch gi\u00fap b\u1ea3o v\u1ec7 c\u00e1p s\u1ea1c kh\u1ecfi t\u00ecnh tr\u1ea1ng g\u00e3y g\u1eadp, tr\u1ea7y x\u01b0\u1edbc v\u00e0 h\u01b0 h\u1ecfng. \u0110\u01b0\u1ee3c thi\u1ebft k\u1ebf ri\u00eang cho c\u00e1p s\u1ea1c Apple ch\u00ednh h\u00e3ng (Lightning to USB), s\u1ea3n ph\u1ea9m n\u00e0y s\u1ebd gi\u00fap k\u00e9o d\u00e0i tu\u1ed5i th\u1ecd c\u00e1p g\u1ed1c l\u00ean \u0111\u00e1ng k\u1ec3, \u0111\u1ed3ng th\u1eddi \u0111\u1ea3m b\u1ea3o an to\u00e0n trong qu\u00e1 tr\u00ecnh s\u1ea1c v\u00e0 truy\u1ec1n d\u1eef li\u1ec7u.<\/p>\n<figure class=\"wp-block-image aligncenter size-full\"><img decoding=\"async\" src=\"https:\/\/dienmay1.pluginaz.com\/wp-content\/uploads\/2025\/09\/dau-boc-bao-ve-cap-sac-mau-trang-ugreen-40705-5.jpg\" width=\"930\" height=\"625\" alt=\"\u0110\u1ea7u b\u1ecdc b\u1ea3o v\u1ec7 c\u00e1p s\u1ea1c m\u00e0u tr\u1eafng Ugreen 40705\" class=\"wp-image-81818\" title=\"\u0110\u1ea7u b\u1ecdc b\u1ea3o v\u1ec7 c\u00e1p s\u1ea1c m\u00e0u tr\u1eafng Ugreen 40705 24\" loading=\"lazy\"><figcaption class=\"wp-element-caption\">\u0110\u1ea7u b\u1ecdc b\u1ea3o v\u1ec7 c\u00e1p s\u1ea1c m\u00e0u tr\u1eafng Ugreen 40705<\/figcaption><\/figure>\n<h2 class=\"wp-block-heading\">Nh\u1eefng t\u00ednh n\u0103ng n\u1ed5i b\u1eadt c\u1ee7a s\u1ea3n ph\u1ea9m<\/h2>\n<h3 class=\"wp-block-heading\">Gi\u1ea3m thi\u1ec3u nguy c\u01a1 g\u00e3y g\u1eadp c\u00e1p \u0111\u1ebfn 90%<\/h3>\n<p><strong>Ugreen 40705<\/strong> \u0111\u01b0\u1ee3c thi\u1ebft k\u1ebf \u0111\u1eb7c bi\u1ec7t \u0111\u1ec3 che ph\u1ee7 ph\u1ea7n d\u1ec5 b\u1ecb t\u1ed5n th\u01b0\u01a1ng nh\u1ea5t \u2013 v\u1ecb tr\u00ed ti\u1ebfp x\u00fac gi\u1eefa \u0111\u1ea7u c\u1eafm v\u00e0 d\u00e2y c\u00e1p. Vi\u1ec7c s\u1eed d\u1ee5ng \u0111\u1ea7u b\u1ecdc gi\u00fap ng\u0103n ch\u1eb7n t\u00ecnh tr\u1ea1ng g\u1eadp, n\u1ee9t g\u00e3y ho\u1eb7c \u0111\u1ee9t ng\u1ea7m, t\u1eeb \u0111\u00f3 gi\u1ea3m thi\u1ec3u \u0111\u1ebfn 90% nguy c\u01a1 h\u01b0 h\u1ecfng do s\u1eed d\u1ee5ng l\u00e2u ng\u00e0y.<\/p>\n<h3 class=\"wp-block-heading\">B\u1ea3o v\u1ec7 an to\u00e0n kh\u1ecfi r\u00f2 r\u1ec9 \u0111i\u1ec7n v\u00e0 \u0111o\u1ea3n m\u1ea1ch<\/h3>\n<p>\u0110\u1ea7u b\u1ecdc c\u00e1p <strong>Ugreen 40705<\/strong> kh\u00f4ng ch\u1ec9 gi\u00fap b\u1ea3o v\u1ec7 v\u1eadt l\u00fd m\u00e0 c\u00f2n g\u00f3p ph\u1ea7n t\u0103ng c\u01b0\u1eddng an to\u00e0n \u0111i\u1ec7n. S\u1ea3n ph\u1ea9m h\u1ed7 tr\u1ee3 gi\u1ea3m thi\u1ec3u r\u1ee7i ro \u0111o\u1ea3n m\u1ea1ch ho\u1eb7c r\u00f2 r\u1ec9 \u0111i\u1ec7n nh\u1edd kh\u1ea3 n\u0103ng che ch\u1eafn t\u1ed1t t\u1ea1i \u0111i\u1ec3m ti\u1ebfp x\u00fac, gi\u00fap qu\u00e1 tr\u00ecnh s\u1ea1c v\u00e0 truy\u1ec1n d\u1eef li\u1ec7u di\u1ec5n ra an to\u00e0n h\u01a1n.<\/p>\n<h3 class=\"wp-block-heading\">Ch\u1ea5t li\u1ec7u m\u1ec1m m\u1ea1i, kh\u00f4ng \u0111\u1ec3 l\u1ea1i v\u1ebft l\u00f5m tr\u00ean d\u00e2y c\u00e1p<\/h3>\n<p>S\u1eed d\u1ee5ng ch\u1ea5t li\u1ec7u <strong>PVC m\u1ec1m cao c\u1ea5p<\/strong>, \u0111\u1ea7u b\u1ecdc <strong>Ugreen LP127<\/strong> kh\u00f4ng l\u00e0m bi\u1ebfn d\u1ea1ng hay \u0111\u1ec3 l\u1ea1i v\u1ebft h\u1eb1n tr\u00ean d\u00e2y c\u00e1p sau khi th\u00e1o ra. K\u1ec3 c\u1ea3 khi s\u1eed d\u1ee5ng l\u00e2u d\u00e0i, c\u00e1p c\u1ee7a b\u1ea1n v\u1eabn s\u1ebd gi\u1eef \u0111\u01b0\u1ee3c h\u00ecnh d\u00e1ng v\u00e0 \u0111\u1ed9 b\u1ec1n ban \u0111\u1ea7u.<\/p>\n<h3 class=\"wp-block-heading\">C\u1ed1 \u0111\u1ecbnh ch\u1eafc ch\u1eafn v\u1edbi r\u00e3nh ch\u1ed1ng tr\u01b0\u1ee3t<\/h3>\n<p>Thi\u1ebft k\u1ebf r\u00e3nh ch\u1ed1ng tr\u01b0\u1ee3t b\u00ean trong gi\u00fap s\u1ea3n ph\u1ea9m c\u1ed1 \u0111\u1ecbnh ch\u1eafc ch\u1eafn t\u1ea1i \u0111\u00fang v\u1ecb tr\u00ed tr\u00ean d\u00e2y c\u00e1p. B\u1ea1n s\u1ebd kh\u00f4ng lo t\u00ecnh tr\u1ea1ng tr\u01b0\u1ee3t ho\u1eb7c r\u01a1i r\u1edbt trong qu\u00e1 tr\u00ecnh s\u1eed d\u1ee5ng h\u00e0ng ng\u00e0y.<\/p>\n<h3 class=\"wp-block-heading\">Thi\u1ebft k\u1ebf ri\u00eang cho c\u00e1p Apple ch\u00ednh h\u00e3ng<\/h3>\n<p><strong>Ugreen 40705<\/strong> t\u01b0\u01a1ng th\u00edch ho\u00e0n to\u00e0n v\u1edbi <strong>c\u00e1p Lightning to USB ch\u00ednh h\u00e3ng c\u1ee7a Apple<\/strong>. S\u1ea3n ph\u1ea9m kh\u00f4ng ph\u00f9 h\u1ee3p v\u1edbi c\u00e1c lo\u1ea1i c\u00e1p kh\u00f4ng ch\u00ednh h\u00e3ng ho\u1eb7c c\u00f3 k\u00edch th\u01b0\u1edbc kh\u00e1c bi\u1ec7t.<\/p>\n<h3 class=\"wp-block-heading\">D\u1ec5 d\u00e0ng l\u1eafp \u0111\u1eb7t<\/h3>\n<p>Vi\u1ec7c l\u1eafp \u0111\u1eb7t \u0111\u1ea7u b\u1ecdc r\u1ea5t \u0111\u01a1n gi\u1ea3n: ch\u1ec9 c\u1ea7n t\u00e1ch s\u1ea3n ph\u1ea9m l\u00e0m hai ph\u1ea7n, \u0111\u1eb7t v\u00e0o hai b\u00ean \u0111\u1ea7u c\u00e1p v\u00e0 b\u1ea5m nh\u1eb9 \u0111\u1ec3 c\u1ed1 \u0111\u1ecbnh. Kh\u00f4ng c\u1ea7n b\u1ea5t k\u1ef3 c\u00f4ng c\u1ee5 chuy\u00ean d\u1ee5ng n\u00e0o.<\/p>\n<h2 class=\"wp-block-heading\">M\u1ed9t s\u1ed1 t\u00ecnh hu\u1ed1ng s\u1eed d\u1ee5ng th\u1ef1c t\u1ebf<\/h2>\n<ul class=\"wp-block-list\">\n<li><strong>Ng\u01b0\u1eddi d\u00f9ng iPhone th\u01b0\u1eddng xuy\u00ean s\u1ea1c \u0111i\u1ec7n tho\u1ea1i v\u00e0o ban \u0111\u00eam<\/strong>: gi\u00fap gi\u1eef cho c\u00e1p kh\u00f4ng b\u1ecb g\u00e3y g\u1eadp khi \u0111\u1ec3 c\u1ea1nh gi\u01b0\u1eddng ng\u1ee7.<\/li>\n<li><strong>Nh\u00e2n vi\u00ean v\u0103n ph\u00f2ng mang theo c\u00e1p s\u1ea1c \u0111i l\u00e0m<\/strong>: tr\u00e1nh t\u00ecnh tr\u1ea1ng d\u00e2y b\u1ecb m\u00f2n ho\u1eb7c h\u01b0 h\u1ecfng do qu\u1ea5n c\u00e1p nhi\u1ec1u l\u1ea7n.<\/li>\n<li><strong>Ph\u1ee5 huynh c\u00f3 tr\u1ebb nh\u1ecf<\/strong>: tr\u1ebb em th\u01b0\u1eddng ngh\u1ecbch d\u00e2y c\u00e1p, \u0111\u1ea7u b\u1ecdc gi\u00fap h\u1ea1n ch\u1ebf vi\u1ec7c c\u00e1p b\u1ecb r\u00e1ch ho\u1eb7c \u0111\u1ee9t do va \u0111\u1eadp ho\u1eb7c k\u00e9o m\u1ea1nh.<\/li>\n<li><strong>Ng\u01b0\u1eddi d\u00f9ng th\u01b0\u1eddng xuy\u00ean di chuy\u1ec3n<\/strong>: b\u1ea3o v\u1ec7 d\u00e2y c\u00e1p khi b\u1ecf v\u00e0o t\u00fai x\u00e1ch, balo, tr\u00e1nh ma s\u00e1t v\u00e0 g\u00e3y \u0111\u1ea7u c\u00e1p.<\/li>\n<\/ul>\n<h2 class=\"wp-block-heading\">Th\u00f4ng s\u1ed1 k\u1ef9 thu\u1eadt c\u01a1 b\u1ea3n<\/h2>\n<ul class=\"wp-block-list\">\n<li>M\u00e3 s\u1ea3n ph\u1ea9m: Ugreen 40705<\/li>\n<li>T\u00ean m\u00e3 ph\u1ee5: Ugreen LP127<\/li>\n<li>M\u00e0u s\u1eafc: Tr\u1eafng<\/li>\n<li>S\u1ed1 l\u01b0\u1ee3ng: 6 c\u00e1i \/ t\u00fai<\/li>\n<li>V\u1eadt li\u1ec7u: PVC m\u1ec1m cao c\u1ea5p<\/li>\n<li>T\u01b0\u01a1ng th\u00edch: C\u00e1p Lightning to USB ch\u00ednh h\u00e3ng Apple<\/li>\n<\/ul>\n<h2 class=\"wp-block-heading\">T\u1ea1i sao l\u1ef1a ch\u1ecdn \u0110\u1ea7u b\u1ecdc b\u1ea3o v\u1ec7 c\u00e1p s\u1ea1c m\u00e0u tr\u1eafng Ugreen 40705?<\/h2>\n<p><strong>Ugreen 40705<\/strong> kh\u00f4ng ch\u1ec9 l\u00e0 m\u1ed9t ph\u1ee5 ki\u1ec7n th\u00f4ng minh m\u00e0 c\u00f2n l\u00e0 m\u1ed9t kho\u1ea3n \u0111\u1ea7u t\u01b0 h\u1ee3p l\u00fd gi\u00fap b\u1ea3o v\u1ec7 thi\u1ebft b\u1ecb s\u1ea1c kh\u1ecfi hao m\u00f2n, t\u0103ng tu\u1ed5i th\u1ecd s\u1eed d\u1ee5ng v\u00e0 \u0111\u1ea3m b\u1ea3o an to\u00e0n \u0111i\u1ec7n cho ng\u01b0\u1eddi d\u00f9ng. Th\u01b0\u01a1ng hi\u1ec7u <strong>Ugreen<\/strong> n\u1ed5i ti\u1ebfng v\u1ec1 ch\u1ea5t l\u01b0\u1ee3ng v\u00e0 \u0111\u1ed9 b\u1ec1n, cam k\u1ebft mang \u0111\u1ebfn gi\u1ea3i ph\u00e1p t\u1ed1i \u01b0u cho nh\u1eefng ai \u0111ang s\u1eed d\u1ee5ng thi\u1ebft b\u1ecb Apple ch\u00ednh h\u00e3ng.<\/p>\n<h2 class=\"wp-block-heading\">T\u1ed5ng k\u1ebft n\u1ed9i dung v\u00e0 k\u00eau g\u1ecdi ng\u01b0\u1eddi mua h\u00e0ng<\/h2>\n<p>N\u1ebfu b\u1ea1n \u0111ang t\u00ecm m\u1ed9t gi\u1ea3i ph\u00e1p \u0111\u1ec3 b\u1ea3o v\u1ec7 d\u00e2y s\u1ea1c iPhone ch\u00ednh h\u00e3ng m\u1ed9t c\u00e1ch hi\u1ec7u qu\u1ea3, <strong>\u0111\u1ea7u b\u1ecdc b\u1ea3o v\u1ec7 c\u00e1p s\u1ea1c m\u00e0u tr\u1eafng Ugreen 40705<\/strong> ch\u00ednh l\u00e0 l\u1ef1a ch\u1ecdn t\u1ed1i \u01b0u. V\u1edbi thi\u1ebft k\u1ebf tinh t\u1ebf, ch\u1ea5t li\u1ec7u cao c\u1ea5p v\u00e0 d\u1ec5 d\u00e0ng s\u1eed d\u1ee5ng, s\u1ea3n ph\u1ea9m n\u00e0y kh\u00f4ng ch\u1ec9 gi\u00fap k\u00e9o d\u00e0i tu\u1ed5i th\u1ecd c\u00e1p m\u00e0 c\u00f2n \u0111\u1ea3m b\u1ea3o an to\u00e0n cho thi\u1ebft b\u1ecb v\u00e0 ng\u01b0\u1eddi d\u00f9ng.<\/p>\n<p><strong>H\u00e3y trang b\u1ecb ngay Ugreen 40705<\/strong> \u0111\u1ec3 c\u00e1p s\u1ea1c c\u1ee7a b\u1ea1n lu\u00f4n b\u1ec1n b\u1ec9, s\u1ea1ch \u0111\u1eb9p v\u00e0 ho\u1ea1t \u0111\u1ed9ng \u1ed5n \u0111\u1ecbnh!<\/p>\n<\/div>\n","protected":false},"excerpt":{"rendered":"<ul>\n<li>Ch\u1ea5t li\u1ec7u PVC m\u1ec1m cao c\u1ea5p, kh\u00f4ng g\u00e2y bi\u1ebfn d\u1ea1ng c\u00e1p.<\/li>\n<li>T\u01b0\u01a1ng th\u00edch \u0111\u1ed9c quy\u1ec1n v\u1edbi c\u00e1p Apple Lightning ch\u00ednh h\u00e3ng.<\/li>\n<li><strong>B\u1ed9 6 chi\u1ebfc\/t\u00fai,<\/strong> d\u1ec5 d\u00e0ng l\u1eafp \u0111\u1eb7t v\u00e0 c\u1ed1 \u0111\u1ecbnh ch\u1eafc ch\u1eafn.<\/li>\n<\/ul>\n","protected":false},"featured_media":602,"comment_status":"closed","ping_status":"closed","template":"","meta":{"_acf_changed":false},"product_brand":[25],"product_cat":[16],"product_tag":[],"class_list":{"0":"post-601","1":"product","2":"type-product","3":"status-publish","4":"has-post-thumbnail","6":"product_brand-ugreen","7":"product_cat-phu-kien-dien-thoai","9":"first","10":"instock","11":"sale","12":"shipping-taxable","13":"purchasable","14":"product-type-simple"},"acf":[],"_links":{"self":[{"href":"https:\/\/dienmay1.pluginaz.com\/index.php\/wp-json\/wp\/v2\/product\/601","targetHints":{"allow":["GET"]}}],"collection":[{"href":"https:\/\/dienmay1.pluginaz.com\/index.php\/wp-json\/wp\/v2\/product"}],"about":[{"href":"https:\/\/dienmay1.pluginaz.com\/index.php\/wp-json\/wp\/v2\/types\/product"}],"replies":[{"embeddable":true,"href":"https:\/\/dienmay1.pluginaz.com\/index.php\/wp-json\/wp\/v2\/comments?post=601"}],"wp:featuredmedia":[{"embeddable":true,"href":"https:\/\/dienmay1.pluginaz.com\/index.php\/wp-json\/wp\/v2\/media\/602"}],"wp:attachment":[{"href":"https:\/\/dienmay1.pluginaz.com\/index.php\/wp-json\/wp\/v2\/media?parent=601"}],"wp:term":[{"taxonomy":"product_brand","embeddable":true,"href":"https:\/\/dienmay1.pluginaz.com\/index.php\/wp-json\/wp\/v2\/product_brand?post=601"},{"taxonomy":"product_cat","embeddable":true,"href":"https:\/\/dienmay1.pluginaz.com\/index.php\/wp-json\/wp\/v2\/product_cat?post=601"},{"taxonomy":"product_tag","embeddable":true,"href":"https:\/\/dienmay1.pluginaz.com\/index.php\/wp-json\/wp\/v2\/product_tag?post=601"}],"curies":[{"name":"wp","href":"https:\/\/api.w.org\/{rel}","templated":true}]}}