{"id":628,"date":"2025-09-27T21:34:47","date_gmt":"2025-09-27T14:34:47","guid":{"rendered":"https:\/\/dienmay1.pluginaz.com\/index.php\/san-pham\/o-cam-dien-da-nang-ugreen-cd270\/"},"modified":"2025-09-27T21:35:13","modified_gmt":"2025-09-27T14:35:13","slug":"o-cam-dien-da-nang-ugreen-cd270","status":"publish","type":"product","link":"https:\/\/dienmay1.pluginaz.com\/index.php\/san-pham\/o-cam-dien-da-nang-ugreen-cd270\/","title":{"rendered":"\u1ed4 c\u1eafm \u0111i\u1ec7n \u0111a n\u0103ng UGREEN CD270"},"content":{"rendered":"<div class=\"luanlt_content_tab\">\n<p><span class=\"a-list-item\">Tr\u1ea1m s\u1ea1c UGREEN CD270 m\u1ea1nh m\u1ebd: V\u1edbi 2 \u1ed5 c\u1eafm AC, 3 c\u1ed5ng USB-C, 1 c\u1ed5ng USB-A v\u00e0 d\u00e2y n\u1ed1i ngu\u1ed3n Heavy Duty d\u00e0i 1.8m, D\u1ea3i ngu\u1ed3n Ugreen 100W USB-C cung c\u1ea5p n\u0103ng l\u01b0\u1ee3ng cho t\u1ed1i \u0111a 6 thi\u1ebft b\u1ecb c\u00f9ng m\u1ed9t l\u00fac.<\/span><\/p>\n<p><span class=\"a-list-item\">Tr\u1ea1m s\u1ea1c Type C t\u1ed1c \u0111\u1ed9 cao\u00a0 100W: B\u1ed9 s\u1ea1c DigiNest Pro USB C cung c\u1ea5p c\u00f4ng su\u1ea5t t\u1ed1c \u0111\u1ed9 cao 100W cho MacBook Air M2 13 inch\u2026<\/span><\/p>\n<p><span class=\"a-list-item\">S\u1eafp x\u1ebfp m\u00e1y t\u00ednh \u0111\u1ec3 b\u00e0n c\u1ee7a b\u1ea1n: D\u1ea3i ngu\u1ed3n 6\u00a0 trong 1 v\u1edbi USB C, Tr\u1ea1m s\u1ea1c DigiNest Pro 100W s\u1eafp x\u1ebfp hi\u1ec7u qu\u1ea3 r\u1eebng c\u00e1p s\u1ea1c c\u1ee7a b\u1ea1n, ti\u1ebft ki\u1ec7m kh\u00f4ng gian v\u00e0 mang l\u1ea1i kh\u00f4ng gian l\u00e0m vi\u1ec7c g\u1ecdn g\u00e0ng h\u01a1n.<\/span><\/p>\n<p><span class=\"a-list-item\">Nh\u1ecf g\u1ecdn &amp; An to\u00e0n to\u00e0n di\u1ec7n: \u0110\u01b0\u1ee3c trang b\u1ecb chip GaN III, thi\u1ebft k\u1ebf nh\u1ecf g\u1ecdn n\u00e0y ph\u00f9 h\u1ee3p cho gia \u0111\u00ecnh, v\u0103n ph\u00f2ng v\u00e0 du l\u1ecbch. Y\u00ean t\u00e2m s\u1ea1c v\u1edbi qu\u00e1 t\u1ea3i, qu\u00e1 d\u00f2ng, b\u1ea3o v\u1ec7 n\u1ed1i \u0111\u1ea5t v\u00e0 nhi\u1ec1u t\u00ednh n\u0103ng b\u1ea3o m\u1eadt kh\u00e1c.<\/span><\/p>\n<p><span class=\"a-list-item\">Kh\u1ea3 n\u0103ng t\u01b0\u01a1ng th\u00edch r\u1ed9ng: Tr\u1ea1m s\u1ea1c USB C Ugreen cung c\u1ea5p kh\u1ea3 n\u0103ng s\u1ea1c nhanh cho h\u1ea7u h\u1ebft m\u1ecdi thi\u1ebft b\u1ecb: \u0111i\u1ec7n tho\u1ea1i, m\u00e1y t\u00ednh b\u1ea3ng v\u00e0 m\u00e1y t\u00ednh x\u00e1ch tay. <\/span><\/p>\n<p><span class=\"a-list-item\">V\u1edbi 3 \u1ed5 c\u1eafm AC, k\u1ebft n\u1ed1i c\u00e1c thi\u1ebft b\u1ecb gia d\u1ee5ng nh\u01b0 TV, m\u00e1y chi\u1ebfu, \u0111\u00e8n,\u2026<\/span>Ch\u00e2n EU: Ugreen <span data-sheets-value='{\"1\":3,\"3\":60167}' data-sheets-userformat='{\"2\":12799,\"3\":{\"1\":0,\"3\":1},\"4\":{\"1\":2,\"2\":16508117},\"5\":{\"1\":[{\"1\":2,\"2\":0,\"5\":{\"1\":2,\"2\":0}},{\"1\":0,\"2\":0,\"3\":3},{\"1\":1,\"2\":0,\"4\":1}]},\"6\":{\"1\":[{\"1\":2,\"2\":0,\"5\":{\"1\":2,\"2\":0}},{\"1\":0,\"2\":0,\"3\":3},{\"1\":1,\"2\":0,\"4\":1}]},\"7\":{\"1\":[{\"1\":2,\"2\":0,\"5\":{\"1\":2,\"2\":0}},{\"1\":0,\"2\":0,\"3\":3},{\"1\":1,\"2\":0,\"4\":1}]},\"8\":{\"1\":[{\"1\":2,\"2\":0,\"5\":{\"1\":2,\"2\":0}},{\"1\":0,\"2\":0,\"3\":3},{\"1\":1,\"2\":0,\"4\":1}]},\"9\":1,\"10\":1,\"11\":4,\"15\":\"Calibri\",\"16\":12}'>60167<\/span> Ch\u00e2n US: Ugreen <span data-sheets-value='{\"1\":3,\"3\":40896}' data-sheets-userformat='{\"2\":12799,\"3\":{\"1\":0,\"3\":1},\"4\":{\"1\":2,\"2\":16508117},\"5\":{\"1\":[{\"1\":2,\"2\":0,\"5\":{\"1\":2,\"2\":0}},{\"1\":0,\"2\":0,\"3\":3},{\"1\":1,\"2\":0,\"4\":1}]},\"6\":{\"1\":[{\"1\":2,\"2\":0,\"5\":{\"1\":2,\"2\":0}},{\"1\":0,\"2\":0,\"3\":3},{\"1\":1,\"2\":0,\"4\":1}]},\"7\":{\"1\":[{\"1\":2,\"2\":0,\"5\":{\"1\":2,\"2\":0}},{\"1\":0,\"2\":0,\"3\":3},{\"1\":1,\"2\":0,\"4\":1}]},\"8\":{\"1\":[{\"1\":2,\"2\":0,\"5\":{\"1\":2,\"2\":0}},{\"1\":0,\"2\":0,\"3\":3},{\"1\":1,\"2\":0,\"4\":1}]},\"9\":1,\"10\":1,\"11\":4,\"15\":\"Calibri\",\"16\":12}'>40896<\/span><\/p>\n<figure class=\"wp-block-image aligncenter\"><img decoding=\"async\" src=\"https:\/\/dienmay1.pluginaz.com\/wp-content\/uploads\/2025\/09\/o-cam-dien-da-nang-ugreen-cd270-2-1.jpg\" width=\"1464\" height=\"600\" class=\"wp-image-56911\" alt=\"\u1ed4 c\u1eafm \u0111i\u1ec7n \u0111a n\u0103ng UGREEN CD270 1\" title=\"\u1ed4 c\u1eafm \u0111i\u1ec7n \u0111a n\u0103ng UGREEN CD270 24\" loading=\"lazy\"><figcaption>\u1ed4 c\u1eafm \u0111i\u1ec7n \u0111a n\u0103ng UGREEN CD270<\/figcaption><\/figure>\n<figure class=\"wp-block-image aligncenter\"><img decoding=\"async\" src=\"https:\/\/dienmay1.pluginaz.com\/wp-content\/uploads\/2025\/09\/o-cam-dien-da-nang-ugreen-cd270.jpg\" width=\"1464\" height=\"600\" class=\"wp-image-56912\" alt=\"\u1ed4 c\u1eafm \u0111i\u1ec7n \u0111a n\u0103ng UGREEN CD270 2\" title=\"\u1ed4 c\u1eafm \u0111i\u1ec7n \u0111a n\u0103ng UGREEN CD270 25\" loading=\"lazy\"><figcaption>\u1ed4 c\u1eafm \u0111i\u1ec7n \u0111a n\u0103ng UGREEN CD270<\/figcaption><\/figure>\n<figure class=\"wp-block-image aligncenter wp-image-56900 size-full\"><img decoding=\"async\" src=\"https:\/\/dienmay1.pluginaz.com\/wp-content\/uploads\/2025\/09\/o-cam-dien-da-nang-ugreen-cd270-3-1.jpg\" width=\"930\" height=\"1419\" class=\"wp-image-56900\" alt=\"\u1ed4 c\u1eafm \u0111i\u1ec7n \u0111a n\u0103ng UGREEN 100W DigiNest Pro (EU 3C1A)\" title=\"\u1ed4 c\u1eafm \u0111i\u1ec7n \u0111a n\u0103ng UGREEN CD270 26\" loading=\"lazy\"><figcaption class=\"wp-element-caption\">\u1ed4 c\u1eafm \u0111i\u1ec7n \u0111a n\u0103ng UGREEN 100W DigiNest Pro (EU 3C1A)<\/figcaption><\/figure>\n<\/div>\n","protected":false},"excerpt":{"rendered":"<ul>\n<li><strong data-start=\"71\" data-end=\"89\">Ngu\u1ed3n v\u00e0o USB:<\/strong> 100-240V~ 50\/60Hz 1.8A MAX<\/li>\n<li><strong data-start=\"121\" data-end=\"144\">Ngu\u1ed3n ra USB-C1\/C2:<\/strong> 5V=3A, 9V=3A, 12V=3A, 15V=3A, 20V=5A (100W MAX)<\/li>\n<li><strong data-start=\"197\" data-end=\"225\">Ngu\u1ed3n ra USB-C3 &amp; USB-A:<\/strong> USB-C3: 5V=3A, 9V=2.5A, 12V=1.88A (22.5W MAX); USB-A: 4.5V=5A, 5V=4.5A, 5V=3A, 9V=2A, 12V=1.5A (22.5W MAX)<\/li>\n<\/ul>\n","protected":false},"featured_media":629,"comment_status":"closed","ping_status":"closed","template":"","meta":{"_acf_changed":false},"product_brand":[25],"product_cat":[17],"product_tag":[],"class_list":{"0":"post-628","1":"product","2":"type-product","3":"status-publish","4":"has-post-thumbnail","6":"product_brand-ugreen","7":"product_cat-phu-kien-apple","9":"first","10":"instock","11":"shipping-taxable","12":"product-type-simple"},"acf":[],"_links":{"self":[{"href":"https:\/\/dienmay1.pluginaz.com\/index.php\/wp-json\/wp\/v2\/product\/628","targetHints":{"allow":["GET"]}}],"collection":[{"href":"https:\/\/dienmay1.pluginaz.com\/index.php\/wp-json\/wp\/v2\/product"}],"about":[{"href":"https:\/\/dienmay1.pluginaz.com\/index.php\/wp-json\/wp\/v2\/types\/product"}],"replies":[{"embeddable":true,"href":"https:\/\/dienmay1.pluginaz.com\/index.php\/wp-json\/wp\/v2\/comments?post=628"}],"wp:featuredmedia":[{"embeddable":true,"href":"https:\/\/dienmay1.pluginaz.com\/index.php\/wp-json\/wp\/v2\/media\/629"}],"wp:attachment":[{"href":"https:\/\/dienmay1.pluginaz.com\/index.php\/wp-json\/wp\/v2\/media?parent=628"}],"wp:term":[{"taxonomy":"product_brand","embeddable":true,"href":"https:\/\/dienmay1.pluginaz.com\/index.php\/wp-json\/wp\/v2\/product_brand?post=628"},{"taxonomy":"product_cat","embeddable":true,"href":"https:\/\/dienmay1.pluginaz.com\/index.php\/wp-json\/wp\/v2\/product_cat?post=628"},{"taxonomy":"product_tag","embeddable":true,"href":"https:\/\/dienmay1.pluginaz.com\/index.php\/wp-json\/wp\/v2\/product_tag?post=628"}],"curies":[{"name":"wp","href":"https:\/\/api.w.org\/{rel}","templated":true}]}}