{"id":657,"date":"2025-09-27T21:45:30","date_gmt":"2025-09-27T14:45:30","guid":{"rendered":"https:\/\/dienmay1.pluginaz.com\/index.php\/san-pham\/bo-sac-ugreen-300w-de-ban-da-nang-nexode-gan-cd333\/"},"modified":"2025-09-27T21:45:53","modified_gmt":"2025-09-27T14:45:53","slug":"bo-sac-ugreen-300w-de-ban-da-nang-nexode-gan-cd333","status":"publish","type":"product","link":"https:\/\/dienmay1.pluginaz.com\/index.php\/san-pham\/bo-sac-ugreen-300w-de-ban-da-nang-nexode-gan-cd333\/","title":{"rendered":"B\u1ed9 s\u1ea1c Ugreen 300W \u0111\u1ec3 b\u00e0n \u0111a n\u0103ng Nexode GaN CD333"},"content":{"rendered":"<div class=\"luanlt_content_tab\">\n<p><strong>C\u1ee7 s\u1ea1c nhanh<\/strong> k\u00e8m c\u00e1p Ugreen 300W \u0111\u1ec3 b\u00e0n \u0111a n\u0103ng Nexode GaN CD333 l\u00e0 b\u1ed9 s\u1ea1c m\u1ea1nh m\u1ebd cho b\u1ea1n l\u00e0m vi\u1ec7c. V\u1edbi c\u00f4ng su\u1ea5t l\u1edbn 300W, b\u1ed9 s\u1ea1c n\u00e0y cho ph\u00e9p s\u1ea1c \u0111\u1ed3ng th\u1eddi nhi\u1ec1u thi\u1ebft b\u1ecb, bao g\u1ed3m MacBook Pro, Dell XPS, iPad Pro, iPhone, v\u00e0 Galaxy S.<\/p>\n<p>S\u1eed d\u1ee5ng c\u00f4ng ngh\u1ec7 GaN ti\u00ean ti\u1ebfn, s\u1ea3n ph\u1ea9m cung c\u1ea5p s\u1ea1c nhanh v\u00e0 hi\u1ec7u qu\u1ea3, \u0111\u1ed3ng th\u1eddi t\u01b0\u01a1ng th\u00edch v\u1edbi nhi\u1ec1u lo\u1ea1i thi\u1ebft b\u1ecb. \u0110i k\u00e8m v\u1edbi b\u1ed9 s\u1ea1c l\u00e0 tr\u1ea1m s\u1ea1c 5 c\u1ed5ng, c\u00e1p s\u1ea1c USB C, d\u00e2y ngu\u1ed3n v\u00e0 h\u01b0\u1edbng d\u1eabn s\u1eed d\u1ee5ng, t\u1ea1o \u0111i\u1ec1u ki\u1ec7n thu\u1eadn l\u1ee3i cho vi\u1ec7c s\u1ea1c \u0111a thi\u1ebft b\u1ecb.<\/p>\n<figure class=\"wp-block-image size-full\"><img decoding=\"async\" src=\"https:\/\/dienmay1.pluginaz.com\/wp-content\/uploads\/2025\/09\/bo-sac-ugreen-300w-de-ban-da-nang-nexode-gan-cd333-21.jpg\" width=\"1464\" height=\"600\" class=\"wp-image-66824\" alt=\"B\u1ed9 s\u1ea1c Ugreen 300W \u0111\u1ec3 b\u00e0n \u0111a n\u0103ng Nexode GaN CD333\" title=\"B\u1ed9 s\u1ea1c Ugreen 300W \u0111\u1ec3 b\u00e0n \u0111a n\u0103ng Nexode GaN CD333 18\" loading=\"lazy\"><figcaption>B\u1ed9 s\u1ea1c Ugreen 300W \u0111\u1ec3 b\u00e0n \u0111a n\u0103ng Nexode GaN CD333<\/figcaption><\/figure>\n<h2 class=\"wp-block-heading\">B\u1ed9 s\u1ea1c 300W s\u1ea1c \u0111\u1ed3ng th\u1eddi nhi\u1ec1u thi\u1ebft b\u1ecb<\/h2>\n<p>B\u1ed9 s\u1ea1c \u0111\u1ec3 b\u00e0n \u0111a n\u0103ng Ugreen CD333 Nexode GaN 300W ch\u00e2n d\u1eb9t m\u00e3 90903B s\u1ea1c 5 thi\u1ebft b\u1ecb m\u1ed9t l\u00fac \u0111\u00e2y l\u00e0 tr\u1ea1m s\u1ea1c m\u1ea1nh m\u1ebd s\u1ebd l\u00e0m thay \u0111\u1ed5i c\u00e1ch b\u1ea1n s\u1ea1c thi\u1ebft b\u1ecb c\u1ee7a m\u00ecnh. C\u00f4ng su\u1ea5t \u0111\u1ea7u ra t\u1ed1i \u0111a \u1ea5n t\u01b0\u1ee3ng l\u00ean \u0111\u1ebfn 300W, tr\u1ea1m s\u1ea1c n\u00e0y cho ph\u00e9p b\u1ea1n cung c\u1ea5p n\u0103ng l\u01b0\u1ee3ng cho t\u1edbi 5 thi\u1ebft b\u1ecb c\u00f9ng m\u1ed9t l\u00fac, bi\u1ebfn n\u00f3 th\u00e0nh gi\u1ea3i ph\u00e1p n\u0103ng l\u01b0\u1ee3ng tuy\u1ec7t v\u1eddi nh\u1ea5t cho b\u00e0n l\u00e0m vi\u1ec7c c\u1ee7a b\u1ea1n. Cho d\u00f9 b\u1ea1n c\u1ea7n s\u1ea1c MacBook Pro, Dell XPS, iPad Pro, iPhone 15 Pro, ho\u1eb7c Galaxy S23 Ultra, B\u1ed9 S\u1ea1c UGREEN 300W USB C \u0111\u1ec1u \u0111\u00e1p \u1ee9ng \u0111\u01b0\u1ee3c.<\/p>\n<figure class=\"wp-block-image size-full\"><img decoding=\"async\" src=\"https:\/\/dienmay1.pluginaz.com\/wp-content\/uploads\/2025\/09\/bo-sac-ugreen-300w-de-ban-da-nang-nexode-gan-cd333-2.jpg\" width=\"1464\" height=\"600\" class=\"wp-image-66844\" alt=\"B\u1ed9 s\u1ea1c Ugreen 300W \u0111\u1ec3 b\u00e0n \u0111a n\u0103ng Nexode GaN CD333\" title=\"B\u1ed9 s\u1ea1c Ugreen 300W \u0111\u1ec3 b\u00e0n \u0111a n\u0103ng Nexode GaN CD333 19\" loading=\"lazy\"><figcaption class=\"wp-element-caption\">B\u1ed9 s\u1ea1c c\u00f4ng su\u1ea5t cao, s\u1ea1c nhanh 5 thi\u1ebft b\u1ecb m\u1ed9t l\u00fac<\/figcaption><\/figure>\n<h2 class=\"wp-block-heading\">B\u1ed9 s\u1ea1c \u0111a n\u0103ng v\u1edbi vai tr\u00f2 c\u1ee7 s\u1ea1c Iphone, adpater laptop<\/h2>\n<p>Ugreen Nexode GaN v\u1edbi c\u00f4ng su\u1ea5t 300W \u1ea5n t\u01b0\u1ee3ng, b\u1ed9 s\u1ea1c 5 trong 1 n\u00e0y c\u00f3 th\u1ec3 h\u1ed7 tr\u1ee3 \u0111\u1ebfn 140W \u0111\u1ea7u ra tr\u00ean c\u1ed5ng C1 (ho\u00e0n h\u1ea3o cho MacBook Pro 16 inch) v\u00e0 \u0111\u1ebfn 100W \u0111\u1ea7u ra tr\u00ean c\u00e1c c\u1ed5ng C2 v\u00e0 C3. \u0110i\u1ec1u n\u00e0y c\u00f3 ngh\u0129a l\u00e0 b\u1ea1n c\u00f3 th\u1ec3 s\u1ea1c \u0111\u1ed3ng th\u1eddi t\u1edbi ba laptop, v\u1edbi c\u1ed5ng USB C1 cung c\u1ea5p 140W \u0111\u1ebfn, c\u1ed5ng USB C2 cung c\u1ea5p 100W, v\u00e0 c\u1ed5ng USB C3 cung c\u1ea5p 60W. T\u1ea1m bi\u1ec7t vi\u1ec7c ch\u1edd \u0111\u1ee3i \u0111\u1ec3 s\u1ea1c t\u1eebng thi\u1ebft b\u1ecb m\u1ed9t.<\/p>\n<figure class=\"wp-block-image size-full\"><img decoding=\"async\" src=\"https:\/\/dienmay1.pluginaz.com\/wp-content\/uploads\/2025\/09\/bo-sac-ugreen-300w-de-ban-da-nang-nexode-gan-cd333-22.jpg\" width=\"1464\" height=\"600\" class=\"wp-image-66823\" alt=\"B\u1ed9 s\u1ea1c \u0111\u1ec3 b\u00e0n \u0111a n\u0103ng Ugreen CD333 Nexode GaN 300W s\u1ea1c 5 thi\u1ebft b\u1ecb m\u1ed9t l\u00fac\" title=\"B\u1ed9 s\u1ea1c Ugreen 300W \u0111\u1ec3 b\u00e0n \u0111a n\u0103ng Nexode GaN CD333 20\" loading=\"lazy\"><figcaption class=\"wp-element-caption\">B\u1ed9 s\u1ea1c \u0111\u1ec3 b\u00e0n \u0111a n\u0103ng Ugreen CD333 Nexode GaN 300W s\u1ea1c 5 thi\u1ebft b\u1ecb m\u1ed9t l\u00fac<\/figcaption><\/figure>\n<h2 class=\"wp-block-heading\">C\u1ee7 s\u1ea1c GaN hi\u1ec7u su\u1ea5t cao, an to\u00e0n v\u00e0 hi\u1ec7u qu\u1ea3<\/h2>\n<p>B\u1ed9 s\u1ea1c t\u00edch h\u1ee3p Chip GaN ti\u00ean ti\u1ebfn, UGREEN CD333 300W type C mang t\u1edbi ngu\u1ed3n \u0111i\u1ec7n m\u1ea1nh m\u1ebd cho thi\u1ebft b\u1ecb c\u1ee7a b\u1ea1n trong khi duy tr\u00ec hi\u1ec7u su\u1ea5t v\u00e0 l\u00e0m m\u00e1t xu\u1ea5t s\u1eafc. T\u1ea1m bi\u1ec7t nh\u1eefng th\u1eddi gian s\u1ea1c ch\u1eadm v\u00e0 ch\u00e0o \u0111\u00f3n s\u1ef1 ph\u00e1t tri\u1ec3n c\u1ee7a vi\u1ec7c s\u1ea1c nhanh v\u00e0 hi\u1ec7u qu\u1ea3.<\/p>\n<p>Tr\u1ea3i nghi\u1ec7m c\u00f4ng ngh\u1ec7 s\u1ea1c c\u1ee7a t\u01b0\u01a1ng lai v\u1edbi c\u00f4ng ngh\u1ec7 GaN v\u00e0 th\u01b0\u1edfng th\u1ee9c ti\u1ec7n \u00edch c\u1ee7a vi\u1ec7c s\u1ea1c nhi\u1ec1u laptop c\u00f9ng m\u1ed9t l\u00fac.<\/p>\n<p>V\u1edbi c\u00f4ng su\u1ea5t \u0111\u1ea7u ra tr\u00ean c\u00e1c c\u1ed5ng C<\/p>\n<ul class=\"wp-block-list\">\n<li>140W tr\u00ean c\u1ed5ng C1,<\/li>\n<li>100W tr\u00ean c\u1ed5ng C2,<\/li>\n<li>60W tr\u00ean c\u1ed5ng C3,<\/li>\n<\/ul>\n<p>b\u1ea1n c\u00f3 th\u1ec3 n\u1ea1p n\u0103ng l\u01b0\u1ee3ng cho thi\u1ebft b\u1ecb c\u1ee7a m\u00ecnh m\u1ed9t c\u00e1ch nhanh ch\u00f3ng.<\/p>\n<figure class=\"wp-block-image size-full\"><img decoding=\"async\" src=\"https:\/\/dienmay1.pluginaz.com\/wp-content\/uploads\/2025\/09\/bo-sac-ugreen-300w-de-ban-da-nang-nexode-gan-cd333-20.jpg\" width=\"1464\" height=\"600\" class=\"wp-image-66825\" alt=\"B\u1ed9 s\u1ea1c Ugreen 300W \u0111\u1ec3 b\u00e0n \u0111a n\u0103ng Nexode GaN CD333\" title=\"B\u1ed9 s\u1ea1c Ugreen 300W \u0111\u1ec3 b\u00e0n \u0111a n\u0103ng Nexode GaN CD333 21\" loading=\"lazy\"><figcaption>B\u1ed9 s\u1ea1c Ugreen 300W \u0111\u1ec3 b\u00e0n \u0111a n\u0103ng Nexode GaN CD333<\/figcaption><\/figure>\n<h2 class=\"wp-block-heading\">B\u1ed9 s\u1ea1c \u0111a n\u0103ng t\u01b0\u01a1ng th\u00edch nhi\u1ec1u thi\u1ebft b\u1ecb c\u00f4ng ngh\u1ec7<\/h2>\n<p>B\u1ed9 s\u1ea1c Type C UGREEN CD333 300W t\u01b0\u01a1ng th\u00edch v\u1edbi m\u1ed9t lo\u1ea1t c\u00e1c thi\u1ebft b\u1ecb, bao g\u1ed3m MacBook Pro Air M2, ThinkPad X1, Dell XPS, NoteBook, iPad Pro, iPhone 15 Pro Max, AirPods, Galaxy S23, S22, S21, S20, v\u00e0 th\u1eadm ch\u00ed c\u1ea3 Steam Deck \u0111\u01b0\u1ee3c mong ch\u1edd. B\u1ea5t k\u1ec3 b\u1ea1n s\u1edf h\u1eefu thi\u1ebft b\u1ecb n\u00e0o, h\u00e3y y\u00ean t\u00e2m r\u1eb1ng UGREEN 300W USB C Charger s\u1ebd cung c\u1ea5p s\u1ea1c nhanh v\u00e0 \u0111\u00e1ng tin c\u1eady.<\/p>\n<figure class=\"wp-block-image size-full\"><img decoding=\"async\" src=\"https:\/\/dienmay1.pluginaz.com\/wp-content\/uploads\/2025\/09\/bo-sac-ugreen-300w-de-ban-da-nang-nexode-gan-cd333-19.jpg\" width=\"1464\" height=\"600\" class=\"wp-image-66827\" alt=\"B\u1ed9 s\u1ea1c Ugreen 300W \u0111\u1ec3 b\u00e0n \u0111a n\u0103ng Nexode GaN CD333\" title=\"B\u1ed9 s\u1ea1c Ugreen 300W \u0111\u1ec3 b\u00e0n \u0111a n\u0103ng Nexode GaN CD333 22\" loading=\"lazy\"><figcaption>B\u1ed9 s\u1ea1c Ugreen 300W \u0111\u1ec3 b\u00e0n \u0111a n\u0103ng Nexode GaN CD333<\/figcaption><\/figure>\n<p>B\u1ed9 s\u1ea1c 300W ti\u1ebft ki\u1ec7m kh\u00f4ng gian<\/p>\n<p>M\u1eb7c d\u00f9 k\u00edch th\u01b0\u1edbc c\u1ee7a b\u1ed9 s\u1ea1c n\u00e0y c\u00f3 th\u1ec3 l\u1edbn h\u01a1n m\u1ed9t ch\u00fat so v\u1edbi c\u00e1c lo\u1ea1i kh\u00e1c, nh\u01b0ng hi\u1ec7u su\u1ea5t c\u1ee7a n\u00f3 h\u01a1n h\u1eb3n, v\u00e0 n\u00f3 c\u00f3 th\u1ec3 thay th\u1ebf cho 5 c\u1ee7 s\u1ea1c laptop, \u0111i\u1ec7n tho\u1ea1i c\u1ee7a b\u1ea1n.<\/p>\n<p>B\u1ed9 s\u1ea1c 300W UGREEN th\u1ef1c s\u1ef1 l\u00e0 m\u1ed9t con qu\u00e1i v\u1eadt v\u1ec1 s\u1ee9c m\u1ea1nh, cho ph\u00e9p b\u1ea1n s\u1ea1c nhi\u1ec1u thi\u1ebft b\u1ecb \u0111\u1ed3ng th\u1eddi m\u00e0 kh\u00f4ng l\u00e0m ch\u1eadm l\u1ea1i t\u1ed1c \u0111\u1ed9. H\u01a1n n\u1eefa, c\u1ea5u tr\u00fac ch\u1eafc ch\u1eafn c\u1ee7a n\u00f3 \u0111\u1ea3m b\u1ea3o s\u1ef1 b\u1ec1n b\u1ec9, bi\u1ebfn n\u00f3 th\u00e0nh m\u1ed9t kho\u1ea3n \u0111\u1ea7u t\u01b0 \u0111\u00e1ng tin c\u1eady v\u00e0 l\u00e2u d\u00e0i.<\/p>\n<figure class=\"wp-block-image size-full\"><img decoding=\"async\" src=\"https:\/\/dienmay1.pluginaz.com\/wp-content\/uploads\/2025\/09\/bo-sac-ugreen-300w-de-ban-da-nang-nexode-gan-cd333-18.jpg\" width=\"1464\" height=\"600\" class=\"wp-image-66828\" alt=\"B\u1ed9 s\u1ea1c Ugreen 300W \u0111\u1ec3 b\u00e0n \u0111a n\u0103ng Nexode GaN CD333\" title=\"B\u1ed9 s\u1ea1c Ugreen 300W \u0111\u1ec3 b\u00e0n \u0111a n\u0103ng Nexode GaN CD333 23\" loading=\"lazy\"><figcaption>B\u1ed9 s\u1ea1c Ugreen 300W \u0111\u1ec3 b\u00e0n \u0111a n\u0103ng Nexode GaN CD333<\/figcaption><\/figure>\n<p>M\u1eb7c d\u00f9 ch\u00fang t\u00f4i hi\u1ec3u r\u1eb1ng b\u1ed1 tr\u00ed c\u1ed5ng c\u00f3 th\u1ec3 kh\u00f4ng ph\u00f9 h\u1ee3p v\u1edbi nhu c\u1ea7u c\u1ee5 th\u1ec3 c\u1ee7a m\u1ecdi ng\u01b0\u1eddi, nh\u01b0ng ch\u00fang t\u00f4i tin r\u1eb1ng c\u00e1c t\u00ednh n\u0103ng v\u00e0 kh\u1ea3 n\u0103ng c\u1ee7a b\u1ed9 s\u1ea1c n\u00e0y v\u01b0\u1ee3t tr\u1ed9i h\u01a1n b\u1ea5t k\u1ef3 b\u1ea5t ti\u1ec7n nh\u1ecf n\u00e0o.<\/p>\n<p>B\u1ed9 s\u1ea1c 300W UGREEN \u0111\u01b0\u1ee3c thi\u1ebft k\u1ebf \u0111\u1ec3 cung c\u1ea5p hi\u1ec7u su\u1ea5t v\u00e0 ti\u1ec7n \u00edch s\u1ea1c kh\u00f4ng gi\u1edbi h\u1ea1n, bi\u1ebfn n\u00f3 th\u00e0nh m\u1ed9t s\u1ea3n ph\u1ea9m kh\u00f4ng th\u1ec3 thi\u1ebfu \u0111\u1ed1i v\u1edbi ng\u01b0\u1eddi d\u00f9ng s\u00e0nh \u0111i\u1ec7u v\u00e0 \u0111am m\u00ea c\u00f4ng ngh\u1ec7.<\/p>\n<figure class=\"wp-block-image size-full\"><img decoding=\"async\" src=\"https:\/\/dienmay1.pluginaz.com\/wp-content\/uploads\/2025\/09\/bo-sac-ugreen-300w-de-ban-da-nang-nexode-gan-cd333-17.jpg\" width=\"1464\" height=\"600\" class=\"wp-image-66829\" alt=\"B\u1ed9 s\u1ea1c Ugreen 300W \u0111\u1ec3 b\u00e0n \u0111a n\u0103ng Nexode GaN CD333\" title=\"B\u1ed9 s\u1ea1c Ugreen 300W \u0111\u1ec3 b\u00e0n \u0111a n\u0103ng Nexode GaN CD333 24\" loading=\"lazy\"><figcaption>B\u1ed9 s\u1ea1c Ugreen 300W \u0111\u1ec3 b\u00e0n \u0111a n\u0103ng Nexode GaN CD333<\/figcaption><\/figure>\n<p>N\u00e2ng c\u1ea5p b\u1ed9 s\u1ea1c c\u1ee7a b\u1ea1n v\u1edbi B\u1ed9 s\u1ea1c UGREEN 300W USB C Charger, Tr\u1ea1m s\u1ea1c b\u00e0n Nexode GaN 5 C\u1ed5ng. Tr\u1ea3i nghi\u1ec7m s\u1ee9c m\u1ea1nh, t\u00ednh linh ho\u1ea1t v\u00e0 \u0111\u1ed9 tin c\u1eady m\u00e0 b\u1ed9 s\u1ea1c n\u00e0y mang l\u1ea1i. \u0110\u1eebng ch\u1ea5p nh\u1eadn c\u00e1c gi\u1ea3i ph\u00e1p s\u1ea1c th\u00f4ng th\u01b0\u1eddng khi b\u1ea1n c\u00f3 th\u1ec3 c\u00f3 c\u00e1i \u0111\u1eb7c bi\u1ec7t. H\u00e3y s\u1edf h\u1eefu ngay h\u00f4m nay v\u00e0 t\u1eadn h\u01b0\u1edfng s\u1ef1 ti\u1ec7n l\u1ee3i c\u1ee7a s\u1ea1c nhanh ch\u00f3ng, hi\u1ec7u qu\u1ea3 cho t\u1ea5t c\u1ea3 c\u00e1c thi\u1ebft b\u1ecb c\u1ee7a b\u1ea1n.<\/p>\n<figure class=\"wp-block-image size-full\"><img decoding=\"async\" src=\"https:\/\/dienmay1.pluginaz.com\/wp-content\/uploads\/2025\/09\/bo-sac-ugreen-300w-de-ban-da-nang-nexode-gan-cd333-15.jpg\" width=\"1464\" height=\"600\" class=\"wp-image-66831\" alt=\"B\u1ed9 s\u1ea1c Ugreen 300W \u0111\u1ec3 b\u00e0n \u0111a n\u0103ng Nexode GaN CD333\" title=\"B\u1ed9 s\u1ea1c Ugreen 300W \u0111\u1ec3 b\u00e0n \u0111a n\u0103ng Nexode GaN CD333 25\" loading=\"lazy\"><figcaption class=\"wp-element-caption\">B\u1ed9 s\u1ea1c \u0111\u1ed3ng th\u1eddi 2 laptop m\u1ed9t l\u00fac<\/figcaption><\/figure>\n<figure class=\"wp-block-image size-full\"><img decoding=\"async\" src=\"https:\/\/dienmay1.pluginaz.com\/wp-content\/uploads\/2025\/09\/bo-sac-ugreen-300w-de-ban-da-nang-nexode-gan-cd333-16.jpg\" width=\"1464\" height=\"600\" class=\"wp-image-66830\" alt=\"B\u1ed9 s\u1ea1c Ugreen 300W \u0111\u1ec3 b\u00e0n \u0111a n\u0103ng Nexode GaN CD333\" title=\"B\u1ed9 s\u1ea1c Ugreen 300W \u0111\u1ec3 b\u00e0n \u0111a n\u0103ng Nexode GaN CD333 26\" loading=\"lazy\"><figcaption class=\"wp-element-caption\">B\u1ed9 d\u1ea1ng ph\u00e2n ph\u1ed1i ngu\u1ed3n \u0111i\u1ec7n th\u00f4ng minh<\/figcaption><\/figure>\n<figure class=\"wp-block-image size-full\"><img decoding=\"async\" src=\"https:\/\/dienmay1.pluginaz.com\/wp-content\/uploads\/2025\/09\/bo-sac-ugreen-300w-de-ban-da-nang-nexode-gan-cd333-14.jpg\" width=\"1464\" height=\"600\" class=\"wp-image-66832\" alt=\"C\u00f4ng su\u1ea5t khi s\u1eed d\u1ee5ng 1 c\u1ed5ng\" title=\"B\u1ed9 s\u1ea1c Ugreen 300W \u0111\u1ec3 b\u00e0n \u0111a n\u0103ng Nexode GaN CD333 27\" loading=\"lazy\"><figcaption class=\"wp-element-caption\">C\u00f4ng su\u1ea5t khi s\u1eed d\u1ee5ng 1 c\u1ed5ng<\/figcaption><\/figure>\n<figure class=\"wp-block-image size-full is-resized\"><img decoding=\"async\" src=\"https:\/\/dienmay1.pluginaz.com\/wp-content\/uploads\/2025\/09\/bo-sac-ugreen-300w-de-ban-da-nang-nexode-gan-cd333-13.jpg\" width=\"1464\" height=\"600\" class=\"wp-image-66833\" alt=\"C\u00f4ng su\u1ea5t khi s\u1eed d\u1ee5ng 2 c\u1ed5ng\" title=\"B\u1ed9 s\u1ea1c Ugreen 300W \u0111\u1ec3 b\u00e0n \u0111a n\u0103ng Nexode GaN CD333 28\" loading=\"lazy\"><figcaption class=\"wp-element-caption\">C\u00f4ng su\u1ea5t khi s\u1eed d\u1ee5ng 2 c\u1ed5ng<\/figcaption><\/figure>\n<figure class=\"wp-block-image aligncenter size-full\"><img decoding=\"async\" src=\"https:\/\/dienmay1.pluginaz.com\/wp-content\/uploads\/2025\/09\/bo-sac-ugreen-300w-de-ban-da-nang-nexode-gan-cd333-12.jpg\" width=\"1464\" height=\"600\" class=\"wp-image-66834\" alt=\"C\u00f4ng su\u1ea5t khi s\u1eed d\u1ee5ng 3 c\u1ed5ng\" title=\"B\u1ed9 s\u1ea1c Ugreen 300W \u0111\u1ec3 b\u00e0n \u0111a n\u0103ng Nexode GaN CD333 29\" loading=\"lazy\"><figcaption class=\"wp-element-caption\">C\u00f4ng su\u1ea5t khi s\u1eed d\u1ee5ng 3 c\u1ed5ng<\/figcaption><\/figure>\n<figure class=\"wp-block-image size-full\"><img decoding=\"async\" src=\"https:\/\/dienmay1.pluginaz.com\/wp-content\/uploads\/2025\/09\/bo-sac-ugreen-300w-de-ban-da-nang-nexode-gan-cd333-11.jpg\" width=\"1464\" height=\"600\" class=\"wp-image-66835\" alt=\"C\u00f4ng su\u1ea5t khi s\u1eed d\u1ee5ng 4 c\u1ed5ng\" title=\"B\u1ed9 s\u1ea1c Ugreen 300W \u0111\u1ec3 b\u00e0n \u0111a n\u0103ng Nexode GaN CD333 30\" loading=\"lazy\"><figcaption class=\"wp-element-caption\">C\u00f4ng su\u1ea5t khi s\u1eed d\u1ee5ng 4 c\u1ed5ng<\/figcaption><\/figure>\n<div class=\"wp-block-columns is-layout-flex wp-container-core-columns-is-layout-9d6595d7 wp-block-columns-is-layout-flex\">\n<div class=\"wp-block-column is-layout-flow wp-block-column-is-layout-flow\">\n<p>\u0110\u00f3ng g\u00f3i s\u1ea3n ph\u1ea9m g\u1ed3m:<\/p>\n<ul class=\"wp-block-list\">\n<li>1x c\u1ee7 s\u1ea1c<\/li>\n<li>1x s\u00e1c h\u01b0\u1edbng d\u1eabn<\/li>\n<li>1 x c\u00e1p ngu\u1ed3n ( ch\u00e2n c\u1eafm tr\u00f2n ho\u1eb7c d\u1eb9t t\u00f9y phi\u00ean b\u1ea3n)<\/li>\n<li>1 x c\u00e1p s\u1ea1c<\/li>\n<\/ul>\n<\/div>\n<div class=\"wp-block-column is-layout-flow wp-block-column-is-layout-flow\">\n<figure class=\"wp-block-image aligncenter size-full\"><img decoding=\"async\" src=\"https:\/\/dienmay1.pluginaz.com\/wp-content\/uploads\/2025\/09\/bo-sac-ugreen-300w-de-ban-da-nang-nexode-gan-cd333.jpg\" width=\"1217\" height=\"1127\" class=\"wp-image-66846\" alt=\"B\u1ed9 s\u1ea1c Ugreen 300W \u0111\u1ec3 b\u00e0n \u0111a n\u0103ng Nexode GaN CD333\" title=\"B\u1ed9 s\u1ea1c Ugreen 300W \u0111\u1ec3 b\u00e0n \u0111a n\u0103ng Nexode GaN CD333 9\" loading=\"lazy\"><figcaption>B\u1ed9 s\u1ea1c Ugreen 300W \u0111\u1ec3 b\u00e0n \u0111a n\u0103ng Nexode GaN CD333<\/figcaption><\/figure>\n<\/div>\n<\/div>\n<p>\u00a0<\/p>\n<\/div>\n","protected":false},"excerpt":{"rendered":"<p>C\u1ee7 s\u1ea1c nhanh k\u00e8m c\u00e1p Ugreen 300W \u0111\u1ec3 b\u00e0n \u0111a n\u0103ng Nexode GaN CD333 l\u00e0 b\u1ed9 s\u1ea1c m\u1ea1nh m\u1ebd cho b\u1ea1n l\u00e0m vi\u1ec7c. V\u1edbi c\u00f4ng su\u1ea5t l\u1edbn 300W, b\u1ed9 s\u1ea1c n\u00e0y cho ph\u00e9p s\u1ea1c \u0111\u1ed3ng th\u1eddi nhi\u1ec1u thi\u1ebft b\u1ecb, bao g\u1ed3m MacBook Pro, Dell XPS, iPad Pro, iPhone, v\u00e0 Galaxy S. S\u1eed d\u1ee5ng c\u00f4ng ngh\u1ec7 [&#8230;]\n","protected":false},"featured_media":658,"comment_status":"closed","ping_status":"closed","template":"","meta":{"_acf_changed":false},"product_brand":[25],"product_cat":[18],"product_tag":[],"class_list":{"0":"post-657","1":"product","2":"type-product","3":"status-publish","4":"has-post-thumbnail","6":"product_brand-ugreen","7":"product_cat-sac-va-bo-sac","9":"first","10":"instock","11":"sale","12":"shipping-taxable","13":"purchasable","14":"product-type-simple"},"acf":[],"_links":{"self":[{"href":"https:\/\/dienmay1.pluginaz.com\/index.php\/wp-json\/wp\/v2\/product\/657","targetHints":{"allow":["GET"]}}],"collection":[{"href":"https:\/\/dienmay1.pluginaz.com\/index.php\/wp-json\/wp\/v2\/product"}],"about":[{"href":"https:\/\/dienmay1.pluginaz.com\/index.php\/wp-json\/wp\/v2\/types\/product"}],"replies":[{"embeddable":true,"href":"https:\/\/dienmay1.pluginaz.com\/index.php\/wp-json\/wp\/v2\/comments?post=657"}],"wp:featuredmedia":[{"embeddable":true,"href":"https:\/\/dienmay1.pluginaz.com\/index.php\/wp-json\/wp\/v2\/media\/658"}],"wp:attachment":[{"href":"https:\/\/dienmay1.pluginaz.com\/index.php\/wp-json\/wp\/v2\/media?parent=657"}],"wp:term":[{"taxonomy":"product_brand","embeddable":true,"href":"https:\/\/dienmay1.pluginaz.com\/index.php\/wp-json\/wp\/v2\/product_brand?post=657"},{"taxonomy":"product_cat","embeddable":true,"href":"https:\/\/dienmay1.pluginaz.com\/index.php\/wp-json\/wp\/v2\/product_cat?post=657"},{"taxonomy":"product_tag","embeddable":true,"href":"https:\/\/dienmay1.pluginaz.com\/index.php\/wp-json\/wp\/v2\/product_tag?post=657"}],"curies":[{"name":"wp","href":"https:\/\/api.w.org\/{rel}","templated":true}]}}