{"id":708,"date":"2025-09-27T21:54:44","date_gmt":"2025-09-27T14:54:44","guid":{"rendered":"https:\/\/dienmay1.pluginaz.com\/index.php\/san-pham\/day-am-thanh-3-5mm-ugreen-av112-vo-ben-vai-soi-tong-hop-dai-tu-0-5-5m\/"},"modified":"2025-09-27T21:55:01","modified_gmt":"2025-09-27T14:55:01","slug":"day-am-thanh-3-5mm-ugreen-av112-vo-ben-vai-soi-tong-hop-dai-tu-0-5-5m","status":"publish","type":"product","link":"https:\/\/dienmay1.pluginaz.com\/index.php\/san-pham\/day-am-thanh-3-5mm-ugreen-av112-vo-ben-vai-soi-tong-hop-dai-tu-0-5-5m\/","title":{"rendered":"D\u00e2y \u00e2m thanh 3.5mm UGREEN AV112 V\u1ecf b\u1ec7n v\u1ea3i s\u1ee3i t\u1ed5ng h\u1ee3p d\u00e0i t\u1eeb 0.5-5m"},"content":{"rendered":"","protected":false},"excerpt":{"rendered":"<ul>\n<li>D\u00e2y c\u00e1p 3.5mm ch\u00ednh h\u00e3ng Ugreen AV112 ch\u1ea5t l\u01b0\u1ee3ng cao;<\/li>\n<li>D\u00e2y b\u1ec7n v\u1ea3i s\u1ee3i t\u1ed5ng h\u1ee3p mang \u0111\u1ebfn\u0111\u1ed9 b\u1ec1n cao cho s\u1ea3n ph\u1ea9m;<\/li>\n<li>T\u01b0\u01a1ng th\u00edch v\u1edbi h\u1ea7u h\u1ebft c\u00e1c thi\u1ebft b\u1ecb c\u00f3 chu\u1ea9n 3.5mm.<\/li>\n<\/ul>\n","protected":false},"featured_media":709,"comment_status":"closed","ping_status":"closed","template":"","meta":{"_acf_changed":false},"product_brand":[25],"product_cat":[23],"product_tag":[],"class_list":{"0":"post-708","1":"product","2":"type-product","3":"status-publish","4":"has-post-thumbnail","6":"product_brand-ugreen","7":"product_cat-phu-kien-am-thanh","9":"first","10":"instock","11":"sale","12":"shipping-taxable","13":"purchasable","14":"product-type-simple"},"acf":[],"_links":{"self":[{"href":"https:\/\/dienmay1.pluginaz.com\/index.php\/wp-json\/wp\/v2\/product\/708","targetHints":{"allow":["GET"]}}],"collection":[{"href":"https:\/\/dienmay1.pluginaz.com\/index.php\/wp-json\/wp\/v2\/product"}],"about":[{"href":"https:\/\/dienmay1.pluginaz.com\/index.php\/wp-json\/wp\/v2\/types\/product"}],"replies":[{"embeddable":true,"href":"https:\/\/dienmay1.pluginaz.com\/index.php\/wp-json\/wp\/v2\/comments?post=708"}],"wp:featuredmedia":[{"embeddable":true,"href":"https:\/\/dienmay1.pluginaz.com\/index.php\/wp-json\/wp\/v2\/media\/709"}],"wp:attachment":[{"href":"https:\/\/dienmay1.pluginaz.com\/index.php\/wp-json\/wp\/v2\/media?parent=708"}],"wp:term":[{"taxonomy":"product_brand","embeddable":true,"href":"https:\/\/dienmay1.pluginaz.com\/index.php\/wp-json\/wp\/v2\/product_brand?post=708"},{"taxonomy":"product_cat","embeddable":true,"href":"https:\/\/dienmay1.pluginaz.com\/index.php\/wp-json\/wp\/v2\/product_cat?post=708"},{"taxonomy":"product_tag","embeddable":true,"href":"https:\/\/dienmay1.pluginaz.com\/index.php\/wp-json\/wp\/v2\/product_tag?post=708"}],"curies":[{"name":"wp","href":"https:\/\/api.w.org\/{rel}","templated":true}]}}