{"id":78,"date":"2025-09-27T18:15:57","date_gmt":"2025-09-27T11:15:57","guid":{"rendered":"https:\/\/dienmay1.pluginaz.com\/index.php\/san-pham\/ugreen-35900-chuot-khong-day-do-nhay-cao-4000-dpi\/"},"modified":"2025-09-27T18:16:13","modified_gmt":"2025-09-27T11:16:13","slug":"ugreen-35900-chuot-khong-day-do-nhay-cao-4000-dpi","status":"publish","type":"product","link":"https:\/\/dienmay1.pluginaz.com\/index.php\/san-pham\/ugreen-35900-chuot-khong-day-do-nhay-cao-4000-dpi\/","title":{"rendered":"UGREEN 35900 chu\u1ed9t kh\u00f4ng d\u00e2y \u0110\u1ed9 Nh\u1ea1y Cao 4000 DPI"},"content":{"rendered":"<div class=\"luanlt_excerpt\">\n<h2>\u0110\u1eb7c \u0111i\u1ec3m n\u1ed5i b\u1eadt  35900<\/h2>\n<ul>\n<li><strong data-start=\"423\" data-end=\"457\">K\u1ebft n\u1ed1i kh\u00f4ng d\u00e2y 2.4G \u1ed5n \u0111\u1ecbnh<\/strong>, kh\u00f4ng b\u1ecb gi\u00e1n \u0111o\u1ea1n<\/li>\n<li><strong data-start=\"482\" data-end=\"506\">DPI \u0111i\u1ec1u ch\u1ec9nh 4 m\u1ee9c<\/strong>, ph\u00f9 h\u1ee3p nhi\u1ec1u nhu c\u1ea7u s\u1eed d\u1ee5ng<\/li>\n<li><strong data-start=\"542\" data-end=\"568\">Thi\u1ebft k\u1ebf c\u00f4ng th\u00e1i h\u1ecdc<\/strong>, tho\u1ea3i m\u00e1i khi s\u1eed d\u1ee5ng l\u00e2u d\u00e0i<\/li>\n<li><strong data-start=\"604\" data-end=\"626\">Th\u1eddi l\u01b0\u1ee3ng pin d\u00e0i<\/strong>, ti\u1ebft ki\u1ec7m n\u0103ng l\u01b0\u1ee3ng th\u00f4ng minh<\/li>\n<li><strong data-start=\"664\" data-end=\"691\">T\u01b0\u01a1ng th\u00edch \u0111a n\u1ec1n t\u1ea3ng<\/strong>, h\u1ed7 tr\u1ee3 Windows, macOS, Linux,Chrome OS<\/li>\n<\/ul>\n<\/div>\n<div class=\"luanlt_content_tab\">\n<p>UGREEN 35900 chu\u1ed9t kh\u00f4ng d\u00e2y \u0110\u1ed9 Nh\u1ea1y Cao 4000 DPI l\u00e0 s\u1ef1 l\u1ef1a ch\u1ecdn l\u00fd t\u01b0\u1edfng cho nh\u1eefng ai \u0111ang t\u00ecm ki\u1ebfm m\u1ed9t thi\u1ebft b\u1ecb chu\u1ed9t c\u00f3 hi\u1ec7u su\u1ea5t \u1ed5n \u0111\u1ecbnh, \u0111\u1ed9 nh\u1ea1y cao v\u00e0 k\u1ebft n\u1ed1i kh\u00f4ng d\u00e2y 2.4G ti\u1ec7n l\u1ee3i. V\u1edbi thi\u1ebft k\u1ebf c\u00f4ng th\u00e1i h\u1ecdc c\u00f9ng kh\u1ea3 n\u0103ng di chuy\u1ec3n m\u01b0\u1ee3t m\u00e0, s\u1ea3n ph\u1ea9m n\u00e0y ph\u00f9 h\u1ee3p cho c\u1ea3 c\u00f4ng vi\u1ec7c v\u0103n ph\u00f2ng, h\u1ecdc t\u1eadp v\u00e0 gi\u1ea3i tr\u00ed.<\/p>\n<figure class=\"wp-block-image aligncenter size-full\"><img decoding=\"async\" src=\"https:\/\/dienmay1.pluginaz.com\/wp-content\/uploads\/2025\/09\/s-l1600-7-1.webp\" width=\"800\" height=\"800\" alt=\"UGREEN 35900 chu\u1ed9t kh\u00f4ng d\u00e2y \u0110\u1ed9 Nh\u1ea1y Cao 4000 DPI\" class=\"wp-image-81268\" title=\"UGREEN 35900 chu\u1ed9t kh\u00f4ng d\u00e2y \u0110\u1ed9 Nh\u1ea1y Cao 4000 DPI 1\" loading=\"lazy\"><figcaption class=\"wp-element-caption\">UGREEN 35900 chu\u1ed9t kh\u00f4ng d\u00e2y \u0110\u1ed9 Nh\u1ea1y Cao 4000 DPI<\/figcaption><\/figure>\n<p>L\u01b0u \u00fd: UGREEN 35900 v\u00e0 UGREEN 45149 \u0111\u1ec1u l\u00e0 model M556. \u0110i\u1ec3m kh\u00e1c bi\u1ec7t l\u00e0 UGREEN 45149 h\u1ed7 tr\u1ee3 c\u1ea3 k\u1ebft n\u1ed1i Bluetooth v\u00e0 2.4G, trong khi UGREEN 35900 ch\u1ec9 h\u1ed7 tr\u1ee3 k\u1ebft n\u1ed1i kh\u00f4ng d\u00e2y 2.4G.<\/p>\n<h2 class=\"wp-block-heading\">Nh\u1eefng t\u00ednh n\u0103ng n\u1ed5i b\u1eadt<\/h2>\n<h3 class=\"wp-block-heading\">K\u1ebft n\u1ed1i kh\u00f4ng d\u00e2y 2.4G \u1ed5n \u0111\u1ecbnh<\/h3>\n<p>Chu\u1ed9t UGREEN 35900 s\u1eed d\u1ee5ng c\u00f4ng ngh\u1ec7 k\u1ebft n\u1ed1i kh\u00f4ng d\u00e2y 2.4G ti\u00ean ti\u1ebfn, \u0111\u1ea3m b\u1ea3o t\u00edn hi\u1ec7u \u1ed5n \u0111\u1ecbnh, kh\u00f4ng b\u1ecb gi\u00e1n \u0111o\u1ea1n trong qu\u00e1 tr\u00ecnh s\u1eed d\u1ee5ng. Ch\u1ec9 c\u1ea7n c\u1eafm \u0111\u1ea7u thu USB v\u00e0o m\u00e1y t\u00ednh, chu\u1ed9t s\u1ebd t\u1ef1 \u0111\u1ed9ng k\u1ebft n\u1ed1i m\u00e0 kh\u00f4ng c\u1ea7n c\u00e0i \u0111\u1eb7t ph\u1ee9c t\u1ea1p.<\/p>\n<h3 class=\"wp-block-heading\">\u0110\u1ed9 nh\u1ea1y cao v\u1edbi 4 m\u1ee9c DPI t\u00f9y ch\u1ec9nh<\/h3>\n<p>Chu\u1ed9t \u0111\u01b0\u1ee3c trang b\u1ecb 4 m\u1ee9c DPI linh ho\u1ea1t: 1000, 1600, 2000, 4000, gi\u00fap b\u1ea1n d\u1ec5 d\u00e0ng \u0111i\u1ec1u ch\u1ec9nh t\u1ed1c \u0111\u1ed9 con tr\u1ecf theo nhu c\u1ea7u s\u1eed d\u1ee5ng. V\u1edbi \u0111\u1ed9 nh\u1ea1y cao l\u00ean \u0111\u1ebfn 4000 DPI, UGREEN 35900 ph\u00f9 h\u1ee3p cho c\u1ea3 c\u00f4ng vi\u1ec7c v\u0103n ph\u00f2ng l\u1eabn c\u00e1c t\u00e1c v\u1ee5 c\u1ea7n \u0111\u1ed9 ch\u00ednh x\u00e1c cao nh\u01b0 thi\u1ebft k\u1ebf \u0111\u1ed3 h\u1ecda.<\/p>\n<h3 class=\"wp-block-heading\">Thi\u1ebft k\u1ebf c\u00f4ng th\u00e1i h\u1ecdc, tho\u1ea3i m\u00e1i khi s\u1eed d\u1ee5ng<\/h3>\n<p>V\u1edbi k\u00edch th\u01b0\u1edbc 105mm x 58.5mm x 38mm, chu\u1ed9t UGREEN M556 c\u00f3 thi\u1ebft k\u1ebf v\u1eeba v\u1eb7n v\u1edbi l\u00f2ng b\u00e0n tay, gi\u00fap ng\u01b0\u1eddi d\u00f9ng tho\u1ea3i m\u00e1i khi s\u1eed d\u1ee5ng trong th\u1eddi gian d\u00e0i m\u00e0 kh\u00f4ng b\u1ecb m\u1ecfi tay. Tr\u1ecdng l\u01b0\u1ee3ng nh\u1eb9 ch\u1ec9 130g (bao g\u1ed3m pin) mang l\u1ea1i tr\u1ea3i nghi\u1ec7m di chu\u1ed9t m\u01b0\u1ee3t m\u00e0.<\/p>\n<h3 class=\"wp-block-heading\">Ti\u1ebft ki\u1ec7m pin, th\u1eddi gian s\u1eed d\u1ee5ng d\u00e0i<\/h3>\n<p>Chu\u1ed9t s\u1eed d\u1ee5ng pin AA (pin s\u1ed1 5) v\u1edbi th\u1eddi l\u01b0\u1ee3ng pin \u1ea5n t\u01b0\u1ee3ng t\u1eeb 4-6 th\u00e1ng. C\u00f4ng ngh\u1ec7 ti\u1ebft ki\u1ec7m n\u0103ng l\u01b0\u1ee3ng th\u00f4ng minh gi\u00fap chu\u1ed9t t\u1ef1 \u0111\u1ed9ng chuy\u1ec3n sang ch\u1ebf \u0111\u1ed9 ng\u1ee7 khi kh\u00f4ng s\u1eed d\u1ee5ng, k\u00e9o d\u00e0i tu\u1ed5i th\u1ecd pin.<\/p>\n<h3 class=\"wp-block-heading\">T\u01b0\u01a1ng th\u00edch \u0111a h\u1ec7 \u0111i\u1ec1u h\u00e0nh<\/h3>\n<p>UGREEN 35900 h\u1ed7 tr\u1ee3 nhi\u1ec1u h\u1ec7 \u0111i\u1ec1u h\u00e0nh kh\u00e1c nhau, bao g\u1ed3m Windows 7\/8.1\/10\/11, macOS 10.5 tr\u1edf l\u00ean, Linux, Chrome OS, Android 5.0 tr\u1edf l\u00ean, gi\u00fap b\u1ea1n d\u1ec5 d\u00e0ng s\u1eed d\u1ee5ng tr\u00ean nhi\u1ec1u thi\u1ebft b\u1ecb kh\u00e1c nhau.<\/p>\n<h2 class=\"wp-block-heading\">Tr\u01b0\u1eddng h\u1ee3p s\u1eed d\u1ee5ng th\u1ef1c t\u1ebf<\/h2>\n<ul class=\"wp-block-list\">\n<li><strong>D\u00e0nh cho d\u00e2n v\u0103n ph\u00f2ng<\/strong>: Chu\u1ed9t kh\u00f4ng d\u00e2y UGREEN 35900 gi\u00fap thao t\u00e1c nhanh ch\u00f3ng, h\u1ea1n ch\u1ebf d\u00e2y r\u1ed1i v\u00e0 t\u1ea1o kh\u00f4ng gian l\u00e0m vi\u1ec7c g\u1ecdn g\u00e0ng h\u01a1n.<\/li>\n<li><strong>D\u00e0nh cho game th\u1ee7 kh\u00f4ng chuy\u00ean<\/strong>: V\u1edbi m\u1ee9c DPI cao, chu\u1ed9t \u0111\u00e1p \u1ee9ng t\u1ed1t nhu c\u1ea7u ch\u01a1i game gi\u1ea3i tr\u00ed nh\u1eb9 nh\u00e0ng.<\/li>\n<li><strong>D\u00e0nh cho thi\u1ebft k\u1ebf \u0111\u1ed3 h\u1ecda<\/strong>: \u0110\u1ed9 ch\u00ednh x\u00e1c cao c\u1ee7a chu\u1ed9t gi\u00fap thao t\u00e1c v\u1ebd, ch\u1ec9nh s\u1eeda h\u00ecnh \u1ea3nh m\u01b0\u1ee3t m\u00e0 h\u01a1n.<\/li>\n<li><strong>D\u00e0nh cho ng\u01b0\u1eddi th\u01b0\u1eddng xuy\u00ean di chuy\u1ec3n<\/strong>: V\u1edbi thi\u1ebft k\u1ebf nh\u1ecf g\u1ecdn, d\u1ec5 d\u00e0ng mang theo, UGREEN M556 l\u00e0 l\u1ef1a ch\u1ecdn l\u00fd t\u01b0\u1edfng cho ng\u01b0\u1eddi l\u00e0m vi\u1ec7c di \u0111\u1ed9ng.<\/li>\n<\/ul>\n<h2 class=\"wp-block-heading\">Th\u00f4ng s\u1ed1 k\u1ef9 thu\u1eadt c\u01a1 b\u1ea3n<\/h2>\n<ul class=\"wp-block-list\">\n<li><strong>K\u1ebft n\u1ed1i<\/strong>: Kh\u00f4ng d\u00e2y 2.4G<\/li>\n<li><strong>Kho\u1ea3ng c\u00e1ch ho\u1ea1t \u0111\u1ed9ng<\/strong>: 10m<\/li>\n<li><strong>DPI<\/strong>: 1000\/1600\/2000\/4000<\/li>\n<li><strong>T\u1ed1c \u0111\u1ed9 ph\u1ea3n h\u1ed3i<\/strong>: 125\/133Hz<\/li>\n<li><strong>Ngu\u1ed3n \u0111i\u1ec7n<\/strong>: Pin AA (kh\u00f4ng \u0111i k\u00e8m)<\/li>\n<li><strong>Tr\u1ecdng l\u01b0\u1ee3ng<\/strong>: 130g (bao g\u1ed3m pin)<\/li>\n<li><strong>B\u1ea3o h\u00e0nh<\/strong>: 12 th\u00e1ng<\/li>\n<li><strong>H\u1ed9p \u0111\u00f3ng g\u00f3i<\/strong>: H\u1ed9p b\u00e1n l\u1ebb c\u1ee7a UGREEN<\/li>\n<\/ul>\n<h2 class=\"wp-block-heading\">T\u1ea1i sao n\u00ean ch\u1ecdn Chu\u1ed9t Kh\u00f4ng D\u00e2y UGREEN 35900 ?<\/h2>\n<ul class=\"wp-block-list\">\n<li><strong>Ch\u1ea5t l\u01b0\u1ee3ng cao t\u1eeb th\u01b0\u01a1ng hi\u1ec7u UGREEN<\/strong>: \u0110\u01b0\u1ee3c s\u1ea3n xu\u1ea5t b\u1edfi th\u01b0\u01a1ng hi\u1ec7u n\u1ed5i ti\u1ebfng trong l\u0129nh v\u1ef1c ph\u1ee5 ki\u1ec7n c\u00f4ng ngh\u1ec7, \u0111\u1ea3m b\u1ea3o \u0111\u1ed9 b\u1ec1n v\u00e0 hi\u1ec7u su\u1ea5t \u1ed5n \u0111\u1ecbnh.<\/li>\n<li><strong>K\u1ebft n\u1ed1i kh\u00f4ng d\u00e2y ti\u1ec7n l\u1ee3i<\/strong>: Kh\u00f4ng c\u1ea7n d\u00e2y r\u01b0\u1eddm r\u00e0, d\u1ec5 d\u00e0ng s\u1eed d\u1ee5ng ch\u1ec9 v\u1edbi \u0111\u1ea7u thu USB.<\/li>\n<li><strong>Hi\u1ec7u su\u1ea5t cao, linh ho\u1ea1t<\/strong>: \u0110\u1ed9 nh\u1ea1y cao, t\u00f9y ch\u1ec9nh DPI ph\u00f9 h\u1ee3p v\u1edbi nhi\u1ec1u nhu c\u1ea7u s\u1eed d\u1ee5ng.<\/li>\n<li><strong>Th\u1eddi l\u01b0\u1ee3ng pin d\u00e0i<\/strong>: Ti\u1ebft ki\u1ec7m n\u0103ng l\u01b0\u1ee3ng, kh\u00f4ng lo h\u1ebft pin th\u01b0\u1eddng xuy\u00ean.<\/li>\n<\/ul>\n<p>Chu\u1ed9t kh\u00f4ng d\u00e2y UGREEN 35900  l\u00e0 s\u1ef1 l\u1ef1a ch\u1ecdn ho\u00e0n h\u1ea3o cho ng\u01b0\u1eddi d\u00f9ng c\u1ea7n m\u1ed9t thi\u1ebft b\u1ecb chu\u1ed9t kh\u00f4ng d\u00e2y \u1ed5n \u0111\u1ecbnh, \u0111\u1ed9 nh\u1ea1y cao v\u00e0 thi\u1ebft k\u1ebf tho\u1ea3i m\u00e1i. N\u1ebfu b\u1ea1n \u0111ang t\u00ecm ki\u1ebfm m\u1ed9t s\u1ea3n ph\u1ea9m b\u1ec1n b\u1ec9, \u0111a n\u0103ng v\u00e0 c\u00f3 m\u1ee9c gi\u00e1 h\u1ee3p l\u00fd, \u0111\u00e2y ch\u1eafc ch\u1eafn l\u00e0 m\u1ed9t s\u1ea3n ph\u1ea9m \u0111\u00e1ng c\u00e2n nh\u1eafc.<\/p>\n<p>H\u00e3y \u0111\u1eb7t h\u00e0ng ngay h\u00f4m nay \u0111\u1ec3 tr\u1ea3i nghi\u1ec7m s\u1ef1 ti\u1ec7n l\u1ee3i m\u00e0 chu\u1ed9t kh\u00f4ng d\u00e2y UGREEN 35900 mang l\u1ea1i!<\/p>\n<\/div>\n","protected":false},"excerpt":{"rendered":"<ul>\n<li data-start=\"245\" data-end=\"294\">K\u1ebft n\u1ed1i kh\u00f4ng d\u00e2y 2.4G, ph\u1ea1m vi ho\u1ea1t \u0111\u1ed9ng 10m<\/li>\n<li data-start=\"295\" data-end=\"335\">\u0110\u1ed9 nh\u1ea1y 4000 DPI v\u1edbi 4 m\u1ee9c t\u00f9y ch\u1ec9nh<\/li>\n<li data-start=\"336\" data-end=\"379\">D\u00f9ng pin AA, th\u1eddi l\u01b0\u1ee3ng l\u00ean \u0111\u1ebfn 6 th\u00e1ng<\/li>\n<\/ul>\n","protected":false},"featured_media":79,"comment_status":"closed","ping_status":"closed","template":"","meta":{"_acf_changed":false},"product_brand":[],"product_cat":[15],"product_tag":[],"class_list":{"0":"post-78","1":"product","2":"type-product","3":"status-publish","4":"has-post-thumbnail","6":"product_cat-phu-kien-laptop-va-pc","8":"first","9":"instock","10":"sale","11":"shipping-taxable","12":"purchasable","13":"product-type-simple"},"acf":[],"_links":{"self":[{"href":"https:\/\/dienmay1.pluginaz.com\/index.php\/wp-json\/wp\/v2\/product\/78","targetHints":{"allow":["GET"]}}],"collection":[{"href":"https:\/\/dienmay1.pluginaz.com\/index.php\/wp-json\/wp\/v2\/product"}],"about":[{"href":"https:\/\/dienmay1.pluginaz.com\/index.php\/wp-json\/wp\/v2\/types\/product"}],"replies":[{"embeddable":true,"href":"https:\/\/dienmay1.pluginaz.com\/index.php\/wp-json\/wp\/v2\/comments?post=78"}],"wp:featuredmedia":[{"embeddable":true,"href":"https:\/\/dienmay1.pluginaz.com\/index.php\/wp-json\/wp\/v2\/media\/79"}],"wp:attachment":[{"href":"https:\/\/dienmay1.pluginaz.com\/index.php\/wp-json\/wp\/v2\/media?parent=78"}],"wp:term":[{"taxonomy":"product_brand","embeddable":true,"href":"https:\/\/dienmay1.pluginaz.com\/index.php\/wp-json\/wp\/v2\/product_brand?post=78"},{"taxonomy":"product_cat","embeddable":true,"href":"https:\/\/dienmay1.pluginaz.com\/index.php\/wp-json\/wp\/v2\/product_cat?post=78"},{"taxonomy":"product_tag","embeddable":true,"href":"https:\/\/dienmay1.pluginaz.com\/index.php\/wp-json\/wp\/v2\/product_tag?post=78"}],"curies":[{"name":"wp","href":"https:\/\/api.w.org\/{rel}","templated":true}]}}