{"id":784,"date":"2025-09-27T22:08:16","date_gmt":"2025-09-27T15:08:16","guid":{"rendered":"https:\/\/dienmay1.pluginaz.com\/index.php\/san-pham\/o-cam-dien-da-nang-ugreen-c268-tram-sac-de-ban-65w\/"},"modified":"2025-09-27T22:08:34","modified_gmt":"2025-09-27T15:08:34","slug":"o-cam-dien-da-nang-ugreen-c268-tram-sac-de-ban-65w","status":"publish","type":"product","link":"https:\/\/dienmay1.pluginaz.com\/index.php\/san-pham\/o-cam-dien-da-nang-ugreen-c268-tram-sac-de-ban-65w\/","title":{"rendered":"\u1ed4 c\u1eafm \u0111i\u1ec7n \u0111a n\u0103ng UGREEN C268 tr\u1ea1m s\u1ea1c \u0111\u1ec3 b\u00e0n 65W"},"content":{"rendered":"<div class=\"luanlt_content_tab\">\n<p>Tr\u1ea1m s\u1ea1c m\u1ea1nh m\u1ebd: V\u1edbi 3 \u1ed5 c\u1eafm AC, 2 c\u1ed5ng USB-C, 2 c\u1ed5ng USB-A v\u00e0 d\u00e2y n\u1ed1i ngu\u1ed3n Heavy Duty d\u00e0i 6 ft (1875W\/15A), D\u1ea3i ngu\u1ed3n Ugreen 65W USB-C cung c\u1ea5p n\u0103ng l\u01b0\u1ee3ng cho t\u1ed1i \u0111a 7 thi\u1ebft b\u1ecb c\u00f9ng m\u1ed9t l\u00fac .<\/p>\n<p>S\u1ea1c t\u1ed1c \u0111\u1ed9 cao 65W: B\u1ed9 s\u1ea1c DigiNest Cube USB C cung c\u1ea5p c\u00f4ng su\u1ea5t t\u1ed1c \u0111\u1ed9 cao 65W cho MacBook Air M2 13 inch, s\u1ea1c \u0111\u1ea7y thi\u1ebft b\u1ecb trong v\u00f2ng ch\u01b0a \u0111\u1ea7y 1,5 gi\u1edd.<\/p>\n<p>S\u1eafp x\u1ebfp m\u00e1y t\u00ednh \u0111\u1ec3 b\u00e0n c\u1ee7a b\u1ea1n: D\u1ea3i ngu\u1ed3n 7 trong 1 v\u1edbi USB C, Tr\u1ea1m s\u1ea1c DigiNest Cube 65W s\u1eafp x\u1ebfp hi\u1ec7u qu\u1ea3 r\u1eebng c\u00e1p s\u1ea1c c\u1ee7a b\u1ea1n, ti\u1ebft ki\u1ec7m kh\u00f4ng gian v\u00e0 mang l\u1ea1i kh\u00f4ng gian l\u00e0m vi\u1ec7c g\u1ecdn g\u00e0ng h\u01a1n.<\/p>\n<p>Nh\u1ecf g\u1ecdn &amp; An to\u00e0n to\u00e0n di\u1ec7n: \u0110\u01b0\u1ee3c trang b\u1ecb chip GaN III, thi\u1ebft k\u1ebf 3 m\u1eb7t nh\u1ecf g\u1ecdn n\u00e0y ph\u00f9 h\u1ee3p cho gia \u0111\u00ecnh, v\u0103n ph\u00f2ng v\u00e0 du l\u1ecbch.\u00a0Y\u00ean t\u00e2m s\u1ea1c v\u1edbi qu\u00e1 t\u1ea3i, qu\u00e1 d\u00f2ng, b\u1ea3o v\u1ec7 n\u1ed1i \u0111\u1ea5t v\u00e0 nhi\u1ec1u t\u00ednh n\u0103ng b\u1ea3o m\u1eadt kh\u00e1c.<\/p>\n<figure class=\"wp-block-image aligncenter size-full\"><img decoding=\"async\" src=\"https:\/\/dienmay1.pluginaz.com\/wp-content\/uploads\/2025\/09\/o-cam-dien-da-nang-ugreen-c268-2.webp\" width=\"800\" height=\"800\" class=\"wp-image-56882\" alt=\"\u1ed4 c\u1eafm \u0111i\u1ec7n \u0111a n\u0103ng UGREEN C268\" title=\"\u1ed4 c\u1eafm \u0111i\u1ec7n \u0111a n\u0103ng UGREEN C268 tr\u1ea1m s\u1ea1c \u0111\u1ec3 b\u00e0n 65W 6\" loading=\"lazy\"><figcaption class=\"wp-element-caption\">\u1ed4 c\u1eafm \u0111i\u1ec7n \u0111a n\u0103ng UGREEN C268<\/figcaption><\/figure>\n<p>Kh\u1ea3 n\u0103ng t\u01b0\u01a1ng th\u00edch r\u1ed9ng: Tr\u1ea1m s\u1ea1c USB C Ugreen cung c\u1ea5p kh\u1ea3 n\u0103ng s\u1ea1c nhanh cho h\u1ea7u h\u1ebft m\u1ecdi thi\u1ebft b\u1ecb: \u0111i\u1ec7n tho\u1ea1i, m\u00e1y t\u00ednh b\u1ea3ng v\u00e0 m\u00e1y t\u00ednh x\u00e1ch tay.\u00a0V\u1edbi 3 \u1ed5 c\u1eafm AC, k\u1ebft n\u1ed1i c\u00e1c thi\u1ebft b\u1ecb gia d\u1ee5ng nh\u01b0 TV, m\u00e1y chi\u1ebfu, \u0111\u00e8n, v.v.<\/p>\n<figure class=\"wp-block-image size-full\"><img decoding=\"async\" src=\"https:\/\/dienmay1.pluginaz.com\/wp-content\/uploads\/2025\/09\/o-cam-dien-da-nang-ugreen-c268-tram-sac-de-ban-65w-4.webp\" width=\"2196\" height=\"900\" class=\"wp-image-64491\" alt=\"\u1ed4 c\u1eafm \u0111i\u1ec7n \u0111a n\u0103ng UGREEN C268 tr\u1ea1m s\u1ea1c \u0111\u1ec3 b\u00e0n 65W 1\" title=\"\u1ed4 c\u1eafm \u0111i\u1ec7n \u0111a n\u0103ng UGREEN C268 tr\u1ea1m s\u1ea1c \u0111\u1ec3 b\u00e0n 65W 25\" loading=\"lazy\"><figcaption class=\"wp-element-caption\">\u1ed4 c\u1eafm \u0111i\u1ec7n \u0111a n\u0103ng UGREEN C268 tr\u1ea1m s\u1ea1c \u0111\u1ec3 b\u00e0n 65W t\u01b0\u01a1ng th\u00edch nhi\u1ec1u thi\u1ebft b\u1ecb<\/figcaption><\/figure>\n<p>Kh\u1ea3 n\u0103ng t\u01b0\u01a1ng th\u00edch:<\/p>\n<ul class=\"wp-block-list\">\n<li>T\u01b0\u01a1ng th\u00edch v\u1edbi MacBook Pro M2\/M1, Macbook Air M2 2022\/M1; XPS 15\/13; ThinkPad T490; MateBook X Pro, v.v.<\/li>\n<li>T\u01b0\u01a1ng th\u00edch v\u1edbi iPhone 14 Pro Max, 14 Plus, 14 Pro, 13, 13 Mini, 13 Pro, 13 Pro Max, 12, 12 Pro, 11 Pro Max, SE 2022, XS, XS Max, XR, X, 8, 8 Plus , Watch 8, 7, Watch SE, iPad Pro\/Air\/Mini, AirPods 3, 2, Pro, MagSafe, v.v.<\/li>\n<li>T\u01b0\u01a1ng th\u00edch v\u1edbi Galaxy S22, S22 Ultra, S22+, S21 FE, S21 Ultra, S20, S20FE, S10, S9, S8+, S8; Tab A8, S8, S7+; Z Flip; Note 10, Note 9, A72, A71, A53, A52s, A51, A40, A21, A20; M43, Galaxy Fold 2, v.v.<\/li>\n<li>T\u01b0\u01a1ng th\u00edch v\u1edbi Redmi Note 11, 10, Note 9, Note 8; Xiaomi Poco F3, X3, M3; Xiaomi Mi 9, Mi 9T, Mi 8, Mi6, Mix, Mix 2 , Mix 2S, Mix 3, Mi A3, Mi A2, v.v.<\/li>\n<li>T\u01b0\u01a1ng th\u00edch v\u1edbi Pixel 7, 6, 6 Pro, Pixel 5, 4, 4A, Pixel 3, Pixel 3XL, Pixel 3, Pixel XL, Pixel 2, Pixel 2XL, v.v.<\/li>\n<li>T\u01b0\u01a1ng th\u00edch v\u1edbi Steam Deck, Switch, Tablets; iPhone 7, 7 Plus, 6, 5s, iPad Mini 4, v.v.<\/li>\n<\/ul>\n<\/div>\n","protected":false},"excerpt":{"rendered":"<p>Tr\u1ea1m s\u1ea1c m\u1ea1nh m\u1ebd: V\u1edbi 3 \u1ed5 c\u1eafm AC, 2 c\u1ed5ng USB-C, 2 c\u1ed5ng USB-A v\u00e0 d\u00e2y n\u1ed1i ngu\u1ed3n Heavy Duty d\u00e0i 6 ft (1875W\/15A), D\u1ea3i ngu\u1ed3n Ugreen 65W USB-C cung c\u1ea5p n\u0103ng l\u01b0\u1ee3ng cho t\u1ed1i \u0111a 7 thi\u1ebft b\u1ecb c\u00f9ng m\u1ed9t l\u00fac . S\u1ea1c t\u1ed1c \u0111\u1ed9 cao 65W: B\u1ed9 s\u1ea1c DigiNest Cube USB C [&#8230;]\n","protected":false},"featured_media":785,"comment_status":"closed","ping_status":"closed","template":"","meta":{"_acf_changed":false},"product_brand":[25],"product_cat":[17],"product_tag":[],"class_list":{"0":"post-784","1":"product","2":"type-product","3":"status-publish","4":"has-post-thumbnail","6":"product_brand-ugreen","7":"product_cat-phu-kien-apple","9":"first","10":"instock","11":"shipping-taxable","12":"product-type-simple"},"acf":[],"_links":{"self":[{"href":"https:\/\/dienmay1.pluginaz.com\/index.php\/wp-json\/wp\/v2\/product\/784","targetHints":{"allow":["GET"]}}],"collection":[{"href":"https:\/\/dienmay1.pluginaz.com\/index.php\/wp-json\/wp\/v2\/product"}],"about":[{"href":"https:\/\/dienmay1.pluginaz.com\/index.php\/wp-json\/wp\/v2\/types\/product"}],"replies":[{"embeddable":true,"href":"https:\/\/dienmay1.pluginaz.com\/index.php\/wp-json\/wp\/v2\/comments?post=784"}],"wp:featuredmedia":[{"embeddable":true,"href":"https:\/\/dienmay1.pluginaz.com\/index.php\/wp-json\/wp\/v2\/media\/785"}],"wp:attachment":[{"href":"https:\/\/dienmay1.pluginaz.com\/index.php\/wp-json\/wp\/v2\/media?parent=784"}],"wp:term":[{"taxonomy":"product_brand","embeddable":true,"href":"https:\/\/dienmay1.pluginaz.com\/index.php\/wp-json\/wp\/v2\/product_brand?post=784"},{"taxonomy":"product_cat","embeddable":true,"href":"https:\/\/dienmay1.pluginaz.com\/index.php\/wp-json\/wp\/v2\/product_cat?post=784"},{"taxonomy":"product_tag","embeddable":true,"href":"https:\/\/dienmay1.pluginaz.com\/index.php\/wp-json\/wp\/v2\/product_tag?post=784"}],"curies":[{"name":"wp","href":"https:\/\/api.w.org\/{rel}","templated":true}]}}