{"id":811,"date":"2025-09-27T22:09:23","date_gmt":"2025-09-27T15:09:23","guid":{"rendered":"https:\/\/dienmay1.pluginaz.com\/index.php\/san-pham\/bo-sac-gan-ugreen-100w-nexode-pro-x757-2c1a\/"},"modified":"2025-09-27T22:09:51","modified_gmt":"2025-09-27T15:09:51","slug":"bo-sac-gan-ugreen-100w-nexode-pro-x757-2c1a","status":"publish","type":"product","link":"https:\/\/dienmay1.pluginaz.com\/index.php\/san-pham\/bo-sac-gan-ugreen-100w-nexode-pro-x757-2c1a\/","title":{"rendered":"B\u1ed9 s\u1ea1c GaN UGREEN 100W Nexode Pro X757 2C1A"},"content":{"rendered":"<div class=\"luanlt_content_tab\">\n<p>B\u1ed9 s\u1ea1c GaN UGREEN 100W Nexode Pro X757 l\u00e0 b\u1ed9 s\u1ea1c GaN v\u1edbi c\u1ee7 s\u1ea1c 3 c\u1ed5ng trong \u0111\u00f3n 2 c\u1ed5ng Type C v\u00e0 1 c\u1ed5ng USB-A l\u00e0 gi\u1ea3i ph\u00e1p s\u1ea1c t\u1ed1i \u01b0u cho c\u00e1c thi\u1ebft b\u1ecb ti\u00eau th\u1ee5 n\u0103ng l\u01b0\u1ee3ng cao. V\u1edbi c\u00f4ng ngh\u1ec7 GaNInfinity Chip, B\u1ed9 s\u1ea1c Ugeen Nexode Pro X757 mang l\u1ea1i tr\u1ea3i nghi\u1ec7m s\u1ea1c nhanh v\u00e0 m\u1ea1nh m\u1ebd, \u0111\u1ed3ng th\u1eddi b\u1ea3o v\u1ec7 to\u00e0n di\u1ec7n cho thi\u1ebft b\u1ecb v\u1edbi c\u00e1c t\u00ednh n\u0103ng an to\u00e0n.<\/p>\n<p>Thi\u1ebft k\u1ebf nh\u1ecf g\u1ecdn v\u00e0 nh\u1eb9, cung c\u1ea5p c\u00f4ng su\u1ea5t \u0111\u1ebfn 100W, cho ph\u00e9p s\u1ea1c nhanh c\u00e1c thi\u1ebft b\u1ecb nh\u01b0 MacBook Pro ch\u1ec9 trong v\u00e0i ph\u00fat. UGREEN Nexode Pro X757 l\u00e0 l\u1ef1a ch\u1ecdn h\u00e0ng \u0111\u1ea7u cho ng\u01b0\u1eddi d\u00f9ng \u0111\u00f2i h\u1ecfi s\u1ef1 hi\u1ec7u qu\u1ea3 v\u00e0 ti\u1ec7n l\u1ee3i trong vi\u1ec7c s\u1ea1c pin.<\/p>\n<figure class=\"wp-block-image aligncenter size-full\"><img decoding=\"async\" src=\"https:\/\/dienmay1.pluginaz.com\/wp-content\/uploads\/2025\/09\/bo-sac-gan-ugreen-100w-nexode-pro-x757-2c1a-18.jpg\" width=\"1464\" height=\"600\" alt=\"B\u1ed9 s\u1ea1c GaN UGREEN 100W Nexode Pro X757 2C1A\" class=\"wp-image-66807\" title=\"B\u1ed9 s\u1ea1c GaN UGREEN 100W Nexode Pro X757 2C1A 20\" loading=\"lazy\"><figcaption class=\"wp-element-caption\">B\u1ed9 s\u1ea1c GaN UGREEN 100W Nexode Pro X757 2C1A<\/figcaption><\/figure>\n<h2 class=\"wp-block-heading\">B\u1ed9 s\u1ea1c Ugreen 100W s\u1ea1c nhi\u1ec1u thi\u1ebft b\u1ecb c\u00f9ng m\u1ed9t l\u00fac<\/h2>\n<p>Tr\u1ea3i nghi\u1ec7m ti\u1ec7n \u00edch c\u1ee7a vi\u1ec7c s\u1ea1c th\u00f4ng minh 3-in-1 v\u1edbi B\u1ed9 S\u1ea1c GaN UGREEN Nexode Pro 100W. V\u1edbi hai c\u1ed5ng USB-C v\u00e0 m\u1ed9t c\u1ed5ng USB-A, b\u1ed9 s\u1ea1c n\u00e0y cho ph\u00e9p b\u1ea1n s\u1ea1c nhanh ba thi\u1ebft b\u1ecb c\u00f9ng m\u1ed9t l\u00fac.<\/p>\n<p>V\u1edbi h\u1ec7 th\u1ed1ng ph\u00e2n ph\u1ed1i d\u00f2ng \u0111i\u1ec7n th\u00f4ng minh, b\u1ea1n c\u00f3 th\u1ec3 tin t\u01b0\u1edfng r\u1eb1ng m\u1ed7i thi\u1ebft b\u1ecb \u0111ang nh\u1eadn \u0111\u01b0\u1ee3c c\u00f4ng su\u1ea5t s\u1ea1c t\u1ed1t nh\u1ea5t cho ti\u1ebft b\u1ecb \u0111\u00f3.<\/p>\n<figure class=\"wp-block-image size-full\"><img decoding=\"async\" src=\"https:\/\/dienmay1.pluginaz.com\/wp-content\/uploads\/2025\/09\/bo-sac-gan-ugreen-100w-nexode-pro-x757-2c1a-17.jpg\" width=\"1464\" height=\"600\" alt=\"B\u1ed9 s\u1ea1c GaN UGREEN 100W Nexode Pro X757 2C1A 1\" class=\"wp-image-66808\" title=\"B\u1ed9 s\u1ea1c GaN UGREEN 100W Nexode Pro X757 2C1A 21\" loading=\"lazy\"><figcaption>B\u1ed9 s\u1ea1c GaN UGREEN 100W Nexode Pro X757 2C1A<\/figcaption><\/figure>\n<h2 class=\"wp-block-heading\">B\u1ed9 s\u1ea1c si\u00eau nhanh Ugreen<\/h2>\n<p>M\u1ea1nh m\u1ebd v\u00e0 hi\u1ec7u qu\u1ea3, c\u1ed5ng USB-C1 cung c\u1ea5p c\u00f4ng su\u1ea5t \u0111\u1ea7y \u0111\u1ee7 100W khi s\u1eed d\u1ee5ng m\u1ed9t m\u00ecnh. H\u00e3y t\u01b0\u1edfng t\u01b0\u1ee3ng b\u1ea1n c\u00f3 th\u1ec3 s\u1ea1c MacBook Pro 14 inch t\u1eeb 0% \u0111\u1ebfn 50% ch\u1ec9 trong 27 ph\u00fat.<\/p>\n<p>S\u1ea1c c\u0169ng h\u1ed7 tr\u1ee3 s\u1ea1c nhanh cho SamSung l\u00ean t\u1edbi 45W ch\u1ec9 \u0111\u1ec3 s\u1ea1c \u0111\u1ea7y 48% c\u1ee7a S23 Utra X757 ch\u1ec9 m\u1ea5t 19 ph\u00fat.<\/p>\n<figure class=\"wp-block-image size-full\"><img decoding=\"async\" src=\"https:\/\/dienmay1.pluginaz.com\/wp-content\/uploads\/2025\/09\/bo-sac-gan-ugreen-100w-nexode-pro-x757-2c1a-16.jpg\" width=\"1464\" height=\"600\" alt=\"B\u1ed9 s\u1ea1c si\u00eau nhanh Ugreen\" class=\"wp-image-66809\" title=\"B\u1ed9 s\u1ea1c GaN UGREEN 100W Nexode Pro X757 2C1A 22\" loading=\"lazy\"><figcaption class=\"wp-element-caption\">B\u1ed9 s\u1ea1c si\u00eau nhanh Ugreen<\/figcaption><\/figure>\n<figure class=\"wp-block-image size-full\"><img decoding=\"async\" src=\"https:\/\/dienmay1.pluginaz.com\/wp-content\/uploads\/2025\/09\/bo-sac-gan-ugreen-100w-nexode-pro-x757-2c1a-12.jpg\" width=\"1464\" height=\"600\" alt=\"B\u1ed9 s\u1ea1c Ugreen 100W\" class=\"wp-image-66815\" title=\"B\u1ed9 s\u1ea1c GaN UGREEN 100W Nexode Pro X757 2C1A 23\" loading=\"lazy\"><figcaption class=\"wp-element-caption\">B\u1ed9 s\u1ea1c Ugreen 100W<\/figcaption><\/figure>\n<h2 class=\"wp-block-heading\">S\u1ea1c t\u00edch h\u1ee3p chip GaNInfinity<\/h2>\n<p>Chip GaNInfinity, m\u1ed9t th\u1ebf h\u1ec7 m\u1edbi c\u1ee7a c\u00f4ng ngh\u1ec7 GaN, \u0111\u00e2y l\u00e0 \u0111i\u1ec3m qua tr\u1ecdng nh\u1ea5t trong b\u1ed9 s\u1ea1c GaN Nexode Pro X757 n\u00e0y. \u0110\u1ed5i m\u1edbi n\u00e0y mang l\u1ea1i cho b\u1ea1n tr\u1ea3i nghi\u1ec7m s\u1ea1c nhanh v\u00e0 m\u1ea1nh m\u1ebd h\u01a1n, \u0111\u1ed3ng th\u1eddi t\u1ea1o ra \u00edt nhi\u1ec7t h\u01a1n.<\/p>\n<figure class=\"wp-block-image size-full\"><img decoding=\"async\" src=\"https:\/\/dienmay1.pluginaz.com\/wp-content\/uploads\/2025\/09\/bo-sac-gan-ugreen-100w-nexode-pro-x757-2c1a-13.jpg\" width=\"1464\" height=\"600\" alt=\"B\u1ed9 s\u1ea1c GaN UGREEN 100W Nexode Pro X757 2C1A 2\" class=\"wp-image-66814\" title=\"B\u1ed9 s\u1ea1c GaN UGREEN 100W Nexode Pro X757 2C1A 24\" loading=\"lazy\"><figcaption>B\u1ed9 s\u1ea1c GaN UGREEN 100W Nexode Pro X757 2C1A<\/figcaption><\/figure>\n<p>Thi\u1ebft k\u1ebf b\u1ed9 s\u1ea1c Ugreen X757 nh\u1ecf g\u1ecdn v\u00e0 nh\u1eb9 gi\u00fap n\u00f3 tr\u1edf th\u00e0nh b\u1ea1n \u0111\u1ed3ng h\u00e0nh ho\u00e0n h\u1ea3o khi \u0111i du l\u1ecbch, \u0111\u1ea3m b\u1ea3o b\u1ea1n c\u00f3 th\u1ec3 s\u1ea1c thi\u1ebft b\u1ecb b\u1ea5t c\u1ee9 l\u00fac n\u00e0o, \u1edf b\u1ea5t c\u1ee9 \u0111\u00e2u.<\/p>\n<h2 class=\"wp-block-heading\">B\u1ed9 s\u1ea1c t\u00edch h\u1ee3p chip b\u1ea3o v\u1ec7 qu\u00e1 d\u00f2ng, qu\u00e1 nhi\u1ec7t<\/h2>\n<p>B\u1ed9 s\u1ea1c GaN UGREEN 100W Nexode Pro X757 2C1A \u0111\u01b0\u1ee3c trang b\u1ecb c\u00e1c chip th\u00f4ng minh cung c\u1ea5p b\u1ea3o v\u1ec7 to\u00e0n di\u1ec7n. H\u00e3y y\u00ean t\u00e2m bi\u1ebft r\u1eb1ng thi\u1ebft b\u1ecb c\u1ee7a b\u1ea1n \u0111\u01b0\u1ee3c b\u1ea3o v\u1ec7 kh\u1ecfi c\u00e1c short circuit, qu\u00e1 \u00e1p, qu\u00e1 nhi\u1ec7t v\u00e0 qu\u00e1 d\u00f2ng. S\u1ee9c kh\u1ecfe v\u00e0 tu\u1ed5i th\u1ecd c\u1ee7a thi\u1ebft b\u1ecb c\u1ee7a b\u1ea1n lu\u00f4n \u0111\u01b0\u1ee3c \u0111\u1ea3m b\u1ea3o.<\/p>\n<figure class=\"wp-block-image aligncenter size-full is-resized\"><img decoding=\"async\" src=\"https:\/\/dienmay1.pluginaz.com\/wp-content\/uploads\/2025\/09\/bo-sac-gan-ugreen-100w-nexode-pro-x757-2c1a-15.jpg\" width=\"1464\" height=\"600\" alt=\"B\u1ed9 s\u1ea1c t\u00edch h\u1ee3p chip b\u1ea3o v\u1ec7 qu\u00e1 d\u00f2ng, qu\u00e1 nhi\u1ec7t\" class=\"wp-image-66812\" title=\"B\u1ed9 s\u1ea1c GaN UGREEN 100W Nexode Pro X757 2C1A 25\" loading=\"lazy\"><figcaption class=\"wp-element-caption\">B\u1ed9 s\u1ea1c t\u00edch h\u1ee3p chip b\u1ea3o v\u1ec7 qu\u00e1 d\u00f2ng, qu\u00e1 nhi\u1ec7t<\/figcaption><\/figure>\n<h2 class=\"wp-block-heading\">T\u01b0\u01a1ng th\u00edch v\u1edbi nhi\u1ec1u lo\u1ea1i thi\u1ebft b\u1ecb<\/h2>\n<p>B\u1ed9 s\u1ea1c Ugreen 100W  Nexode Pro th\u1ebf h\u1ec7 m\u1edbi n\u00e0y t\u01b0\u01a1ng th\u00edch v\u1edbi nhi\u1ec1u thi\u1ebft b\u1ecb bao g\u1ed3m MacBook Pro\/Air, Pixelbook, iPad Pro, iPhone 15 Pro\/14, Galaxy S23\/Note20, Pixel 8, Steam Deck, v\u00e0 nhi\u1ec1u h\u01a1n n\u1eefa,<\/p>\n<p>B\u1ed9 s\u1ea1c UGREEN 100W  n\u00e0y s\u1eb5n s\u00e0ng \u0111\u00e1p \u1ee9ng t\u1ea5t c\u1ea3 nhu c\u1ea7u s\u1ea1c c\u1ee7a b\u1ea1n. V\u1edbi h\u1ed7 tr\u1ee3 cho PD3.0(PD2.0), QC4+(QC4.0\/QC3.0\/QC2.0), PPS2.0, PPS, AFC, APPLE 5V2.4A, v\u00e0 BC1.2, b\u1ea1n c\u00f3 th\u1ec3 tin t\u01b0\u1edfng r\u1eb1ng thi\u1ebft b\u1ecb c\u1ee7a b\u1ea1n s\u1ebd s\u1ea1c m\u1ed9t c\u00e1ch hi\u1ec7u qu\u1ea3 v\u00e0 an to\u00e0n.<\/p>\n<figure class=\"wp-block-image size-full\"><img decoding=\"async\" src=\"https:\/\/dienmay1.pluginaz.com\/wp-content\/uploads\/2025\/09\/bo-sac-gan-ugreen-100w-nexode-pro-x757-2c1a-14.jpg\" width=\"1464\" height=\"600\" alt=\"B\u1ed9 s\u1ea1c GaN UGREEN 100W Nexode Pro X757 2C1A 3\" class=\"wp-image-66813\" title=\"B\u1ed9 s\u1ea1c GaN UGREEN 100W Nexode Pro X757 2C1A 26\" loading=\"lazy\"><figcaption>B\u1ed9 s\u1ea1c GaN UGREEN 100W Nexode Pro X757 2C1A<\/figcaption><\/figure>\n<p>N\u00e2ng c\u1ea5p tr\u1ea3i nghi\u1ec7m s\u1ea1c c\u1ee7a b\u1ea1n l\u00ean m\u1ed9t t\u1ea7m cao m\u1edbi v\u1edbi B\u1ed9 S\u1ea1c Nhanh UGREEN X757 Nexode Pro 100W 3 C\u1ed5ng ngay.<\/p>\n<p>S\u1edf h\u1eefu t\u01b0\u01a1ng lai c\u1ee7a c\u00f4ng ngh\u1ec7 s\u1ea1c, n\u01a1i t\u1ed1c \u0111\u1ed9, hi\u1ec7u qu\u1ea3 v\u00e0 an to\u00e0n \u0111\u01b0\u1ee3c k\u1ebft h\u1ee3p m\u1ed9t c\u00e1ch ho\u00e0n h\u1ea3o. \u0110\u1eebng ch\u1ea5p nh\u1eadn nh\u1eefng b\u1ed9 s\u1ea1c th\u00f4ng th\u01b0\u1eddng khi b\u1ea1n c\u00f3 th\u1ec3 c\u00f3 nh\u1eefng tr\u1ea3i nghi\u1ec7m \u0111\u1eb7c bi\u1ec7t.<\/p>\n<p>\u0110\u1eb7t mua B\u1ed9 S\u1ea1c UGREEN Nexode Pro 100W c\u1ee7a b\u1ea1n ngay h\u00f4m nay v\u00e0 n\u00e2ng cao tr\u00ecnh \u0111\u1ed9 s\u1ea1c c\u1ee7a b\u1ea1n l\u00ean m\u1ed9t t\u1ea7m cao m\u1edbi.<\/p>\n<figure class=\"wp-block-image size-full is-resized\"><img decoding=\"async\" src=\"https:\/\/dienmay1.pluginaz.com\/wp-content\/uploads\/2025\/09\/bo-sac-gan-ugreen-100w-nexode-pro-x757-2c1a-9.jpg\" width=\"1464\" height=\"600\" alt=\"B\u1ed9 s\u1ea1c GaN UGREEN 100W Nexode Pro X757 2C1A 4\" class=\"wp-image-66818\" title=\"B\u1ed9 s\u1ea1c GaN UGREEN 100W Nexode Pro X757 2C1A 27\" loading=\"lazy\"><figcaption class=\"wp-element-caption\">C\u00f4ng su\u1ea5t \u0111\u1ea7u ra khi s\u1eed d\u1ee5ng 1 c\u1ed5ng s\u1ea1c<\/figcaption><\/figure>\n<figure class=\"wp-block-image size-full is-resized\"><img decoding=\"async\" src=\"https:\/\/dienmay1.pluginaz.com\/wp-content\/uploads\/2025\/09\/bo-sac-gan-ugreen-100w-nexode-pro-x757-2c1a-10.jpg\" width=\"1464\" height=\"600\" alt=\"C\u00f4ng su\u1ea5t \u0111\u1ea7u ra khi s\u1eed d\u1ee5ng 2 c\u1ed5ng s\u1ea1c\" class=\"wp-image-66817\" title=\"B\u1ed9 s\u1ea1c GaN UGREEN 100W Nexode Pro X757 2C1A 28\" loading=\"lazy\"><figcaption class=\"wp-element-caption\">C\u00f4ng su\u1ea5t \u0111\u1ea7u ra khi s\u1eed d\u1ee5ng 2 c\u1ed5ng s\u1ea1c<\/figcaption><\/figure>\n<figure class=\"wp-block-image size-full\"><img decoding=\"async\" src=\"https:\/\/dienmay1.pluginaz.com\/wp-content\/uploads\/2025\/09\/bo-sac-gan-ugreen-100w-nexode-pro-x757-2c1a-11.jpg\" width=\"1464\" height=\"600\" alt=\"C\u00f4ng su\u1ea5t \u0111\u1ea7u ra khi s\u1eed d\u1ee5ng 3 c\u1ed5ng s\u1ea1c\" class=\"wp-image-66816\" title=\"B\u1ed9 s\u1ea1c GaN UGREEN 100W Nexode Pro X757 2C1A 29\" loading=\"lazy\"><figcaption class=\"wp-element-caption\">C\u00f4ng su\u1ea5t \u0111\u1ea7u ra khi s\u1eed d\u1ee5ng 3 c\u1ed5ng s\u1ea1c<\/figcaption><\/figure>\n<figure class=\"wp-block-image size-full\"><img decoding=\"async\" src=\"https:\/\/dienmay1.pluginaz.com\/wp-content\/uploads\/2025\/09\/bo-sac-gan-ugreen-100w-nexode-pro-x757-2c1a-8.jpg\" width=\"1464\" height=\"600\" alt=\"B\u1ed9 s\u1ea1c GaN UGREEN 100W Nexode Pro X757 2C1A 5\" class=\"wp-image-66819\" title=\"B\u1ed9 s\u1ea1c GaN UGREEN 100W Nexode Pro X757 2C1A 30\" loading=\"lazy\"><figcaption class=\"wp-element-caption\">C\u00e1c m\u1eabu s\u1ea1c Nexode Pro Ugreen kh\u00e1c<\/figcaption><\/figure>\n<\/div>\n","protected":false},"excerpt":{"rendered":"<p>B\u1ed9 s\u1ea1c GaN UGREEN 100W Nexode Pro X757 l\u00e0 b\u1ed9 s\u1ea1c GaN v\u1edbi c\u1ee7 s\u1ea1c 3 c\u1ed5ng trong \u0111\u00f3n 2 c\u1ed5ng Type C v\u00e0 1 c\u1ed5ng USB-A l\u00e0 gi\u1ea3i ph\u00e1p s\u1ea1c t\u1ed1i \u01b0u cho c\u00e1c thi\u1ebft b\u1ecb ti\u00eau th\u1ee5 n\u0103ng l\u01b0\u1ee3ng cao. V\u1edbi c\u00f4ng ngh\u1ec7 GaNInfinity Chip, B\u1ed9 s\u1ea1c Ugeen Nexode Pro X757 mang l\u1ea1i [&#8230;]\n","protected":false},"featured_media":812,"comment_status":"closed","ping_status":"closed","template":"","meta":{"_acf_changed":false},"product_brand":[25],"product_cat":[18],"product_tag":[],"class_list":{"0":"post-811","1":"product","2":"type-product","3":"status-publish","4":"has-post-thumbnail","6":"product_brand-ugreen","7":"product_cat-sac-va-bo-sac","9":"first","10":"instock","11":"sale","12":"shipping-taxable","13":"purchasable","14":"product-type-simple"},"acf":[],"_links":{"self":[{"href":"https:\/\/dienmay1.pluginaz.com\/index.php\/wp-json\/wp\/v2\/product\/811","targetHints":{"allow":["GET"]}}],"collection":[{"href":"https:\/\/dienmay1.pluginaz.com\/index.php\/wp-json\/wp\/v2\/product"}],"about":[{"href":"https:\/\/dienmay1.pluginaz.com\/index.php\/wp-json\/wp\/v2\/types\/product"}],"replies":[{"embeddable":true,"href":"https:\/\/dienmay1.pluginaz.com\/index.php\/wp-json\/wp\/v2\/comments?post=811"}],"wp:featuredmedia":[{"embeddable":true,"href":"https:\/\/dienmay1.pluginaz.com\/index.php\/wp-json\/wp\/v2\/media\/812"}],"wp:attachment":[{"href":"https:\/\/dienmay1.pluginaz.com\/index.php\/wp-json\/wp\/v2\/media?parent=811"}],"wp:term":[{"taxonomy":"product_brand","embeddable":true,"href":"https:\/\/dienmay1.pluginaz.com\/index.php\/wp-json\/wp\/v2\/product_brand?post=811"},{"taxonomy":"product_cat","embeddable":true,"href":"https:\/\/dienmay1.pluginaz.com\/index.php\/wp-json\/wp\/v2\/product_cat?post=811"},{"taxonomy":"product_tag","embeddable":true,"href":"https:\/\/dienmay1.pluginaz.com\/index.php\/wp-json\/wp\/v2\/product_tag?post=811"}],"curies":[{"name":"wp","href":"https:\/\/api.w.org\/{rel}","templated":true}]}}