{"id":844,"date":"2025-09-27T22:15:53","date_gmt":"2025-09-27T15:15:53","guid":{"rendered":"https:\/\/dienmay1.pluginaz.com\/index.php\/san-pham\/dau-chuyen-type-c-sang-usb-3-0-ugreen-us204-toc-do-truyen-len-den-10gbps-ho-tro-tuong-thich-nguoc\/"},"modified":"2025-09-27T22:16:04","modified_gmt":"2025-09-27T15:16:04","slug":"dau-chuyen-type-c-sang-usb-3-0-ugreen-us204-toc-do-truyen-len-den-10gbps-ho-tro-tuong-thich-nguoc","status":"publish","type":"product","link":"https:\/\/dienmay1.pluginaz.com\/index.php\/san-pham\/dau-chuyen-type-c-sang-usb-3-0-ugreen-us204-toc-do-truyen-len-den-10gbps-ho-tro-tuong-thich-nguoc\/","title":{"rendered":"\u0110\u1ea7u chuy\u1ec3n Type C sang USB 3.0 UGREEN US204 \u2013 T\u1ed1c \u0111\u1ed9 truy\u1ec1n l\u00ean \u0111\u1ebfn 10Gbps, h\u1ed7 tr\u1ee3 t\u01b0\u01a1ng th\u00edch ng\u01b0\u1ee3c"},"content":{"rendered":"","protected":false},"excerpt":{"rendered":"<ul>\n<li>\u0110\u1ea7u n\u1ed1i chuy\u1ec3n \u0111\u1ed5i c\u1ed5ng\u00a0USB type C sang USB 3.0 c\u00f3 t\u00e1c d\u1ee5ng th\u00eam c\u1ed5ng USB Type-C v\u00e0o m\u00e1y t\u00ednh x\u00e1ch tay c\u0169 c\u1ee7a b\u1ea1n qua c\u1ed5ng USB b\u00ecnh th\u01b0\u1eddng, mang \u0111\u1ebfn \u0111\u01b0\u1eddng truy\u1ec1n d\u1eef li\u1ec7u t\u1ed1c \u0111\u1ed9 cao<\/li>\n<li>H\u1ed7 tr\u1ee3 PC, laptop v\u1edbi c\u1ed5ng USB b\u00ecnh th\u01b0\u1eddng v\u00e0 b\u1ea1n c\u00f3 th\u1ec3 k\u1ebft n\u1ed1i v\u1edbi c\u00e1c lo\u1ea1i \u0111i\u1ec7n tho\u1ea1i c\u00f3 c\u1ed5ng USB Type-C m\u00e0 b\u1ea1n kh\u00f4ng c\u1ea7n ph\u1ea3i mua th\u00eam b\u1ea5t k\u1ef3 m\u00e1y t\u00ednh n\u00e0o<\/li>\n<li>H\u1ed7 tr\u1ee3 t\u1ed1c \u0111\u1ed9 l\u00ean \u0111\u1ebfn 10Gbps<\/li>\n<li>T\u01b0\u01a1ng th\u00edch ng\u01b0\u1ee3c c\u00e1c chu\u1ea9n USB 2.0\/ 1.1<\/li>\n<li>K\u00edch th\u01b0\u1edbc nh\u1ecf g\u1ecdn v\u00e0 nh\u1eb9 \u0111\u1ec3 d\u1ec5 d\u00e0ng d\u00f9ng, ti\u1ec7n l\u1ee3i<\/li>\n<li>Model US204:\u00a040932 \u2013 \u0111\u1ea7u v\u1ecf nh\u1ef1a\u00a0ch\u1ea5t li\u1ec7u PVC th\u00e2n thi\u1ec7n m\u00f4i tr\u01b0\u1eddng, an to\u00e0n<\/li>\n<li>Model US276: 50533 \u2013 \u0111\u1ea7u h\u1ee3p kim nh\u00f4m k\u00e8m d\u00e2y m\u00f3c treo ch\u00eca kh\u00f3a ti\u1ec7n d\u1ee5ng, b\u1ec1n b\u1ec9<\/li>\n<\/ul>\n","protected":false},"featured_media":845,"comment_status":"closed","ping_status":"closed","template":"","meta":{"_acf_changed":false},"product_brand":[25],"product_cat":[20],"product_tag":[],"class_list":{"0":"post-844","1":"product","2":"type-product","3":"status-publish","4":"has-post-thumbnail","6":"product_brand-ugreen","7":"product_cat-cap-data-du-lieu","9":"first","10":"instock","11":"sale","12":"shipping-taxable","13":"purchasable","14":"product-type-simple"},"acf":[],"_links":{"self":[{"href":"https:\/\/dienmay1.pluginaz.com\/index.php\/wp-json\/wp\/v2\/product\/844","targetHints":{"allow":["GET"]}}],"collection":[{"href":"https:\/\/dienmay1.pluginaz.com\/index.php\/wp-json\/wp\/v2\/product"}],"about":[{"href":"https:\/\/dienmay1.pluginaz.com\/index.php\/wp-json\/wp\/v2\/types\/product"}],"replies":[{"embeddable":true,"href":"https:\/\/dienmay1.pluginaz.com\/index.php\/wp-json\/wp\/v2\/comments?post=844"}],"wp:featuredmedia":[{"embeddable":true,"href":"https:\/\/dienmay1.pluginaz.com\/index.php\/wp-json\/wp\/v2\/media\/845"}],"wp:attachment":[{"href":"https:\/\/dienmay1.pluginaz.com\/index.php\/wp-json\/wp\/v2\/media?parent=844"}],"wp:term":[{"taxonomy":"product_brand","embeddable":true,"href":"https:\/\/dienmay1.pluginaz.com\/index.php\/wp-json\/wp\/v2\/product_brand?post=844"},{"taxonomy":"product_cat","embeddable":true,"href":"https:\/\/dienmay1.pluginaz.com\/index.php\/wp-json\/wp\/v2\/product_cat?post=844"},{"taxonomy":"product_tag","embeddable":true,"href":"https:\/\/dienmay1.pluginaz.com\/index.php\/wp-json\/wp\/v2\/product_tag?post=844"}],"curies":[{"name":"wp","href":"https:\/\/api.w.org\/{rel}","templated":true}]}}