{"id":878,"date":"2025-09-27T22:25:38","date_gmt":"2025-09-27T15:25:38","guid":{"rendered":"https:\/\/dienmay1.pluginaz.com\/index.php\/san-pham\/ho-dung-o-cung-nvme-ugreen-15512-max-2tb-toc-do-10gbps\/"},"modified":"2025-09-27T22:25:46","modified_gmt":"2025-09-27T15:25:46","slug":"ho-dung-o-cung-nvme-ugreen-15512-max-2tb-toc-do-10gbps","status":"publish","type":"product","link":"https:\/\/dienmay1.pluginaz.com\/index.php\/san-pham\/ho-dung-o-cung-nvme-ugreen-15512-max-2tb-toc-do-10gbps\/","title":{"rendered":"H\u1ed9 d\u1ef1ng \u1ed5 c\u1ee9ng NVMe UGREEN 15512 max 2TB t\u1ed1c \u0111\u1ed9 10Gbps"},"content":{"rendered":"<div class=\"luanlt_excerpt\">\n<h2>\u0110\u1eb7c \u0111i\u1ec3m n\u1ed5i b\u1eadt  15512<\/h2>\n<ul>\n<li>T\u1ed1c \u0111\u1ed9 truy\u1ec1n d\u1eef li\u1ec7u c\u1ef1c nhanh 10Gbps<\/li>\n<li>H\u1ed7 tr\u1ee3 \u0111a d\u1ea1ng k\u00edch th\u01b0\u1edbc \u1ed5 SSD NVMe<\/li>\n<li>Thi\u1ebft k\u1ebf kh\u00f4ng c\u1ea7n d\u1ee5ng c\u1ee5 \u2013 d\u1ec5 d\u00e0ng s\u1eed d\u1ee5ng<\/li>\n<li>T\u01b0\u01a1ng th\u00edch r\u1ed9ng r\u00e3i v\u1edbi nhi\u1ec1u thi\u1ebft b\u1ecb v\u00e0 h\u1ec7 \u0111i\u1ec1u h\u00e0nh<\/li>\n<li>V\u1ecf h\u1ee3p kim nh\u00f4m gi\u00fap t\u1ea3n nhi\u1ec7t hi\u1ec7u qu\u1ea3, b\u1ea3o v\u1ec7 an to\u00e0n<\/li>\n<\/ul>\n<\/div>\n<div class=\"luanlt_content_tab\">\n<p><strong>Ugreen 15512<\/strong> l\u00e0 h\u1ed9p \u0111\u1ef1ng \u1ed5 c\u1ee9ng SSD M.2 NVMe cao c\u1ea5p, \u0111\u01b0\u1ee3c thi\u1ebft k\u1ebf \u0111\u1ec3 \u0111\u00e1p \u1ee9ng nhu c\u1ea7u l\u01b0u tr\u1eef t\u1ed1c \u0111\u1ed9 cao v\u00e0 linh ho\u1ea1t trong m\u1ed9t thi\u1ebft b\u1ecb nh\u1ecf g\u1ecdn. V\u1edbi giao di\u1ec7n USB-C 3.1 Gen 2, thi\u1ebft b\u1ecb cho ph\u00e9p truy\u1ec1n d\u1eef li\u1ec7u c\u1ef1c nhanh, t\u01b0\u01a1ng th\u00edch r\u1ed9ng r\u00e3i v\u1edbi nhi\u1ec1u n\u1ec1n t\u1ea3ng nh\u01b0 Windows, macOS, Linux, c\u00e1c d\u00f2ng m\u00e1y ch\u01a1i game v\u00e0 thi\u1ebft b\u1ecb di \u0111\u1ed9ng h\u1ed7 tr\u1ee3 OTG. \u0110\u00e2y l\u00e0 ph\u1ee5 ki\u1ec7n l\u00fd t\u01b0\u1edfng cho nh\u1eefng ai c\u1ea7n m\u1ed9t gi\u1ea3i ph\u00e1p l\u01b0u tr\u1eef di \u0111\u1ed9ng \u0111\u00e1ng tin c\u1eady, hi\u1ec7u su\u1ea5t cao.<\/p>\n<figure class=\"wp-block-image aligncenter size-full\"><img decoding=\"async\" src=\"https:\/\/dienmay1.pluginaz.com\/wp-content\/uploads\/2025\/09\/ho-dung-o-cung-nvme-ugreen-15512-max-2tb-toc-do-10gbps.jpg\" width=\"930\" height=\"986\" alt=\"H\u1ed9 d\u1ef1ng \u1ed5 c\u1ee9ng NVMe UGREEN 15512 max 2TB t\u1ed1c \u0111\u1ed9 10Gbps\" class=\"wp-image-81790\" title=\"H\u1ed9 d\u1ef1ng \u1ed5 c\u1ee9ng NVMe UGREEN 15512 max 2TB t\u1ed1c \u0111\u1ed9 10Gbps 12\" loading=\"lazy\"><figcaption class=\"wp-element-caption\">H\u1ed9 d\u1ef1ng \u1ed5 c\u1ee9ng NVMe UGREEN 15512 max 2TB t\u1ed1c \u0111\u1ed9 10Gbps<\/figcaption><\/figure>\n<h2 class=\"wp-block-heading\">Nh\u1eefng t\u00ednh n\u0103ng n\u1ed5i b\u1eadt c\u1ee7a s\u1ea3n ph\u1ea9m<\/h2>\n<h3 class=\"wp-block-heading\">H\u1ed7 tr\u1ee3 giao di\u1ec7n USB-C 3.1 Gen 2 t\u1ed1c \u0111\u1ed9 cao<\/h3>\n<p>Ugreen 15512 t\u00edch h\u1ee3p c\u1ed5ng USB-C 3.1 Gen 2, cho t\u1ed1c \u0111\u1ed9 truy\u1ec1n t\u1ea3i l\u00ean \u0111\u1ebfn <strong>10Gbps<\/strong>, gi\u00fap r\u00fat ng\u1eafn \u0111\u00e1ng k\u1ec3 th\u1eddi gian sao ch\u00e9p c\u00e1c t\u1ec7p dung l\u01b0\u1ee3ng l\u1edbn nh\u01b0 video 4K, d\u1eef li\u1ec7u thi\u1ebft k\u1ebf ho\u1eb7c game.<\/p>\n<h3 class=\"wp-block-heading\">T\u01b0\u01a1ng th\u00edch nhi\u1ec1u chu\u1ea9n \u1ed5 SSD NVMe<\/h3>\n<p>Thi\u1ebft b\u1ecb h\u1ed7 tr\u1ee3 SSD M.2 NVMe chu\u1ea9n M-Key v\u00e0 M+B Key, t\u01b0\u01a1ng th\u00edch v\u1edbi chu\u1ea9n PCIe 3.0. Ngo\u00e0i ra, n\u00f3 c\u00f3 th\u1ec3 l\u1eafp \u0111\u01b0\u1ee3c 4 k\u00edch th\u01b0\u1edbc \u1ed5 th\u00f4ng d\u1ee5ng: 2230, 2242, 2260 v\u00e0 2280.<\/p>\n<h3 class=\"wp-block-heading\">Dung l\u01b0\u1ee3ng h\u1ed7 tr\u1ee3 l\u00ean \u0111\u1ebfn 2TB<\/h3>\n<p>H\u1ed9p \u0111\u1ef1ng Ugreen 15512 c\u00f3 th\u1ec3 s\u1eed d\u1ee5ng v\u1edbi c\u00e1c \u1ed5 SSD NVMe c\u00f3 dung l\u01b0\u1ee3ng t\u1ed1i \u0111a <strong>2TB<\/strong>, \u0111\u1ea3m b\u1ea3o kh\u00f4ng gian l\u01b0u tr\u1eef d\u1ed3i d\u00e0o cho c\u1ea3 ng\u01b0\u1eddi d\u00f9ng c\u00e1 nh\u00e2n l\u1eabn chuy\u00ean nghi\u1ec7p.<\/p>\n<h3 class=\"wp-block-heading\">C\u00e0i \u0111\u1eb7t nhanh ch\u00f3ng, kh\u00f4ng c\u1ea7n d\u1ee5ng c\u1ee5<\/h3>\n<p>Ng\u01b0\u1eddi d\u00f9ng c\u00f3 th\u1ec3 d\u1ec5 d\u00e0ng l\u1eafp \u0111\u1eb7t ho\u1eb7c thay th\u1ebf \u1ed5 SSD m\u00e0 kh\u00f4ng c\u1ea7n \u0111\u1ebfn tua v\u00edt hay c\u00f4ng c\u1ee5 h\u1ed7 tr\u1ee3. Thi\u1ebft k\u1ebf th\u00e1o l\u1eafp th\u00f4ng minh gi\u00fap ti\u1ebft ki\u1ec7m th\u1eddi gian v\u00e0 c\u00f4ng s\u1ee9c.<\/p>\n<h3 class=\"wp-block-heading\">B\u1ea3o v\u1ec7 to\u00e0n di\u1ec7n, ch\u1ed1ng t\u0129nh \u0111i\u1ec7n v\u00e0 \u0111o\u1ea3n m\u1ea1ch<\/h3>\n<p>Thi\u1ebft b\u1ecb \u0111\u01b0\u1ee3c trang b\u1ecb m\u1ea1ch b\u1ea3o v\u1ec7 ng\u1eafn m\u1ea1ch v\u00e0 ch\u1ed1ng t\u0129nh \u0111i\u1ec7n ESD l\u00ean \u0111\u1ebfn <strong>4KV<\/strong>, gi\u00fap b\u1ea3o v\u1ec7 \u1ed5 SSD v\u00e0 d\u1eef li\u1ec7u c\u1ee7a b\u1ea1n an to\u00e0n trong qu\u00e1 tr\u00ecnh s\u1eed d\u1ee5ng.<\/p>\n<h3 class=\"wp-block-heading\">H\u1ed7 tr\u1ee3 \u0111\u1ea7y \u0111\u1ee7 c\u00e1c giao th\u1ee9c hi\u1ec7n \u0111\u1ea1i<\/h3>\n<p>H\u1ed9p \u0111\u1ef1ng h\u1ed7 tr\u1ee3 c\u00e1c t\u00ednh n\u0103ng quan tr\u1ecdng nh\u01b0 <strong>UASP<\/strong>, <strong>TRIM<\/strong> v\u00e0 <strong>S.M.A.R.T<\/strong>, gi\u00fap t\u1ed1i \u01b0u hi\u1ec7u su\u1ea5t \u1ed5 c\u1ee9ng, k\u00e9o d\u00e0i tu\u1ed5i th\u1ecd v\u00e0 theo d\u00f5i t\u00ecnh tr\u1ea1ng \u1ed5 SSD m\u1ed9t c\u00e1ch ch\u00ednh x\u00e1c.<\/p>\n<h3 class=\"wp-block-heading\">T\u1ea3n nhi\u1ec7t hi\u1ec7u qu\u1ea3 v\u1edbi v\u1ecf h\u1ee3p kim nh\u00f4m<\/h3>\n<p>V\u1edbi thi\u1ebft k\u1ebf v\u1ecf nh\u00f4m cao c\u1ea5p, s\u1ea3n ph\u1ea9m mang l\u1ea1i kh\u1ea3 n\u0103ng t\u1ea3n nhi\u1ec7t t\u1ed1t, gi\u00fap \u1ed5 c\u1ee9ng ho\u1ea1t \u0111\u1ed9ng \u1ed5n \u0111\u1ecbnh ngay c\u1ea3 khi x\u1eed l\u00fd kh\u1ed1i l\u01b0\u1ee3ng c\u00f4ng vi\u1ec7c l\u1edbn.<\/p>\n<h2 class=\"wp-block-heading\">M\u1ed9t s\u1ed1 t\u00ecnh hu\u1ed1ng s\u1eed d\u1ee5ng th\u1ef1c t\u1ebf<\/h2>\n<ul class=\"wp-block-list\">\n<li><strong>D\u00e0nh cho ng\u01b0\u1eddi d\u00f9ng c\u00f4ng ngh\u1ec7:<\/strong> Bi\u1ebfn \u1ed5 SSD c\u0169 th\u00e0nh \u1ed5 l\u01b0u tr\u1eef di \u0111\u1ed9ng, th\u1eed nghi\u1ec7m c\u00e1c h\u1ec7 \u0111i\u1ec1u h\u00e0nh ho\u1eb7c sao ch\u00e9p d\u1eef li\u1ec7u t\u1ed1c \u0111\u1ed9 cao.<\/li>\n<li><strong>D\u00e0nh cho game th\u1ee7:<\/strong> M\u1edf r\u1ed9ng kh\u00f4ng gian l\u01b0u tr\u1eef cho PS4, Xbox; ch\u01a1i game tr\u1ef1c ti\u1ebfp t\u1eeb \u1ed5 SSD \u0111\u1ec3 gi\u1ea3m th\u1eddi gian t\u1ea3i game.<\/li>\n<li><strong>D\u00e0nh cho nh\u00e0 s\u00e1ng t\u1ea1o n\u1ed9i dung:<\/strong> Bi\u00ean t\u1eadp video 4K\/8K, l\u01b0u tr\u1eef th\u01b0 vi\u1ec7n \u1ea3nh RAW ho\u1eb7c l\u00e0m \u1ed5 l\u01b0u tr\u1eef d\u1ef1 ph\u00f2ng d\u1ef1 \u00e1n.<\/li>\n<li><strong>D\u00e0nh cho ng\u01b0\u1eddi hay di chuy\u1ec3n:<\/strong> Thi\u1ebft k\u1ebf nh\u1ecf g\u1ecdn, d\u1ec5 d\u00e0ng mang theo \u0111\u1ec3 sao l\u01b0u d\u1eef li\u1ec7u nhanh ch\u00f3ng tr\u00ean \u0111i\u1ec7n tho\u1ea1i ho\u1eb7c laptop khi \u0111i c\u00f4ng t\u00e1c.<\/li>\n<\/ul>\n<h2 class=\"wp-block-heading\">Th\u00f4ng s\u1ed1 k\u1ef9 thu\u1eadt c\u01a1 b\u1ea3n<\/h2>\n<ul class=\"wp-block-list\">\n<li>Giao di\u1ec7n: USB-C 3.1 Gen 2 (t\u01b0\u01a1ng th\u00edch ng\u01b0\u1ee3c v\u1edbi USB 3.0\/2.0\/1.1)<\/li>\n<li>H\u1ed7 tr\u1ee3 \u1ed5 SSD: M.2 NVMe M-Key \/ M+B Key<\/li>\n<li>K\u00edch th\u01b0\u1edbc \u1ed5 SSD h\u1ed7 tr\u1ee3: 2230 \/ 2242 \/ 2260 \/ 2280<\/li>\n<li>Dung l\u01b0\u1ee3ng t\u1ed1i \u0111a: 2TB<\/li>\n<li>H\u1ed7 tr\u1ee3 giao th\u1ee9c: UASP, TRIM, S.M.A.R.T<\/li>\n<li>B\u1ea3o v\u1ec7: Ch\u1ed1ng \u0111o\u1ea3n m\u1ea1ch, ch\u1ed1ng t\u0129nh \u0111i\u1ec7n ESD 4KV<\/li>\n<li>H\u1ec7 \u0111i\u1ec1u h\u00e0nh t\u01b0\u01a1ng th\u00edch: Windows, macOS, Linux, Chrome OS<\/li>\n<li>Thi\u1ebft b\u1ecb t\u01b0\u01a1ng th\u00edch: PS4, PS3, Xbox, router, \u0111i\u1ec7n tho\u1ea1i h\u1ed7 tr\u1ee3 OTG<\/li>\n<li>C\u00e1p \u0111i k\u00e8m: USB-C 3.1 Gen2 d\u00e0i 50cm<\/li>\n<li>K\u00edch th\u01b0\u1edbc s\u1ea3n ph\u1ea9m: 119 x 37 x 12 mm<\/li>\n<li>Ch\u1ea5t li\u1ec7u: H\u1ee3p kim nh\u00f4m<\/li>\n<\/ul>\n<figure class=\"wp-block-image size-full\"><img decoding=\"async\" src=\"https:\/\/dienmay1.pluginaz.com\/wp-content\/uploads\/2025\/09\/ho-dung-o-cung-nvme-ugreen-15512-max-2tb-toc-do-10gbps-3.jpg\" width=\"930\" height=\"343\" alt=\"H\u1ed9 d\u1ef1ng \u1ed5 c\u1ee9ng NVMe UGREEN 15512 max 2TB t\u1ed1c \u0111\u1ed9 10Gbps 1\" class=\"wp-image-81787\" title=\"H\u1ed9 d\u1ef1ng \u1ed5 c\u1ee9ng NVMe UGREEN 15512 max 2TB t\u1ed1c \u0111\u1ed9 10Gbps 13\" loading=\"lazy\"><figcaption>H\u1ed9 d\u1ef1ng \u1ed5 c\u1ee9ng NVMe UGREEN 15512 max 2TB t\u1ed1c \u0111\u1ed9 10Gbps<\/figcaption><\/figure>\n<figure class=\"wp-block-image size-full\"><img decoding=\"async\" src=\"https:\/\/dienmay1.pluginaz.com\/wp-content\/uploads\/2025\/09\/ho-dung-o-cung-nvme-ugreen-15512-max-2tb-toc-do-10gbps-2.jpg\" width=\"930\" height=\"881\" alt=\"H\u1ed9 d\u1ef1ng \u1ed5 c\u1ee9ng NVMe UGREEN 15512 max 2TB t\u1ed1c \u0111\u1ed9 10Gbps 2\" class=\"wp-image-81788\" title=\"H\u1ed9 d\u1ef1ng \u1ed5 c\u1ee9ng NVMe UGREEN 15512 max 2TB t\u1ed1c \u0111\u1ed9 10Gbps 14\" loading=\"lazy\"><figcaption>H\u1ed9 d\u1ef1ng \u1ed5 c\u1ee9ng NVMe UGREEN 15512 max 2TB t\u1ed1c \u0111\u1ed9 10Gbps<\/figcaption><\/figure>\n<h2 class=\"wp-block-heading\">T\u1ea1i sao l\u1ef1a ch\u1ecdn Ugreen 15512?<\/h2>\n<p>V\u1edbi nh\u1eefng t\u00ednh n\u0103ng v\u01b0\u1ee3t tr\u1ed9i nh\u01b0 t\u1ed1c \u0111\u1ed9 truy\u1ec1n d\u1eef li\u1ec7u c\u1ef1c nhanh, h\u1ed7 tr\u1ee3 dung l\u01b0\u1ee3ng l\u1edbn, kh\u1ea3 n\u0103ng t\u01b0\u01a1ng th\u00edch \u0111a n\u1ec1n t\u1ea3ng v\u00e0 thi\u1ebft k\u1ebf cao c\u1ea5p, <strong>Ugreen 15512<\/strong> kh\u00f4ng ch\u1ec9 l\u00e0 thi\u1ebft b\u1ecb l\u01b0u tr\u1eef m\u00e0 c\u00f2n l\u00e0 c\u00f4ng c\u1ee5 h\u1ed7 tr\u1ee3 l\u00e0m vi\u1ec7c, gi\u1ea3i tr\u00ed v\u00e0 sao l\u01b0u an to\u00e0n. \u0110\u00e2y l\u00e0 l\u1ef1a ch\u1ecdn ho\u00e0n h\u1ea3o cho nh\u1eefng ai mong mu\u1ed1n s\u1ef1 \u1ed5n \u0111\u1ecbnh, b\u1ec1n b\u1ec9 v\u00e0 hi\u1ec7u su\u1ea5t v\u01b0\u1ee3t tr\u1ed9i trong m\u1ed9t thi\u1ebft b\u1ecb nh\u1ecf g\u1ecdn.<\/p>\n<p>S\u1ea3n ph\u1ea9m c\u0169ng \u0111\u00e3 \u0111\u01b0\u1ee3c nhi\u1ec1u ng\u01b0\u1eddi d\u00f9ng \u0111\u00e1nh gi\u00e1 cao v\u1ec1 \u0111\u1ed9 ti\u1ec7n l\u1ee3i v\u00e0 ch\u1ea5t l\u01b0\u1ee3ng ho\u00e0n thi\u1ec7n. H\u01a1n n\u1eefa, phi\u00ean b\u1ea3n <strong>Ugreen CM578<\/strong> t\u01b0\u01a1ng \u0111\u01b0\u01a1ng c\u0169ng nh\u1eadn \u0111\u01b0\u1ee3c s\u1ef1 tin t\u01b0\u1edfng t\u1eeb gi\u1edbi chuy\u00ean m\u00f4n trong l\u0129nh v\u1ef1c thi\u1ebft b\u1ecb l\u01b0u tr\u1eef.<\/p>\n<p>N\u1ebfu b\u1ea1n \u0111ang t\u00ecm ki\u1ebfm m\u1ed9t gi\u1ea3i ph\u00e1p l\u01b0u tr\u1eef t\u1ed1c \u0111\u1ed9 cao, an to\u00e0n v\u00e0 d\u1ec5 s\u1eed d\u1ee5ng th\u00ec <strong>Ugreen 15512<\/strong> ch\u00ednh l\u00e0 s\u1ea3n ph\u1ea9m \u0111\u00e1ng \u0111\u1ec3 \u0111\u1ea7u t\u01b0. Ph\u00f9 h\u1ee3p v\u1edbi nhi\u1ec1u nhu c\u1ea7u s\u1eed d\u1ee5ng t\u1eeb c\u00e1 nh\u00e2n \u0111\u1ebfn chuy\u00ean nghi\u1ec7p, s\u1ea3n ph\u1ea9m mang l\u1ea1i gi\u00e1 tr\u1ecb th\u1ef1c s\u1ef1 cho ng\u01b0\u1eddi d\u00f9ng hi\u1ec7n \u0111\u1ea1i.<\/p>\n<p>\ud83d\udc49 <strong>\u0110\u1eb7t mua ngay h\u1ed9p \u0111\u1ef1ng \u1ed5 c\u1ee9ng SSD Ugreen 15512 \u0111\u1ec3 n\u00e2ng c\u1ea5p tr\u1ea3i nghi\u1ec7m l\u01b0u tr\u1eef c\u1ee7a b\u1ea1n!<\/strong><\/p>\n<\/div>\n","protected":false},"excerpt":{"rendered":"<ul>\n<li data-start=\"304\" data-end=\"365\">Giao di\u1ec7n USB-C 3.1 Gen 2 truy\u1ec1n t\u1ea3i d\u1eef li\u1ec7u l\u00ean \u0111\u1ebfn 10Gbps<\/li>\n<li data-start=\"368\" data-end=\"425\">H\u1ed7 tr\u1ee3 SSD M.2 NVMe M-Key\/M+B Key dung l\u01b0\u1ee3ng t\u1ed1i \u0111a 2TB<\/li>\n<li data-start=\"428\" data-end=\"488\">V\u1ecf nh\u00f4m cao c\u1ea5p, b\u1ea3o v\u1ec7 ESD 4KV, c\u00e0i \u0111\u1eb7t kh\u00f4ng c\u1ea7n d\u1ee5ng c\u1ee5<\/li>\n<\/ul>\n","protected":false},"featured_media":879,"comment_status":"closed","ping_status":"closed","template":"","meta":{"_acf_changed":false},"product_brand":[25],"product_cat":[15],"product_tag":[],"class_list":{"0":"post-878","1":"product","2":"type-product","3":"status-publish","4":"has-post-thumbnail","6":"product_brand-ugreen","7":"product_cat-phu-kien-laptop-va-pc","9":"first","10":"instock","11":"sale","12":"shipping-taxable","13":"purchasable","14":"product-type-simple"},"acf":[],"_links":{"self":[{"href":"https:\/\/dienmay1.pluginaz.com\/index.php\/wp-json\/wp\/v2\/product\/878","targetHints":{"allow":["GET"]}}],"collection":[{"href":"https:\/\/dienmay1.pluginaz.com\/index.php\/wp-json\/wp\/v2\/product"}],"about":[{"href":"https:\/\/dienmay1.pluginaz.com\/index.php\/wp-json\/wp\/v2\/types\/product"}],"replies":[{"embeddable":true,"href":"https:\/\/dienmay1.pluginaz.com\/index.php\/wp-json\/wp\/v2\/comments?post=878"}],"wp:featuredmedia":[{"embeddable":true,"href":"https:\/\/dienmay1.pluginaz.com\/index.php\/wp-json\/wp\/v2\/media\/879"}],"wp:attachment":[{"href":"https:\/\/dienmay1.pluginaz.com\/index.php\/wp-json\/wp\/v2\/media?parent=878"}],"wp:term":[{"taxonomy":"product_brand","embeddable":true,"href":"https:\/\/dienmay1.pluginaz.com\/index.php\/wp-json\/wp\/v2\/product_brand?post=878"},{"taxonomy":"product_cat","embeddable":true,"href":"https:\/\/dienmay1.pluginaz.com\/index.php\/wp-json\/wp\/v2\/product_cat?post=878"},{"taxonomy":"product_tag","embeddable":true,"href":"https:\/\/dienmay1.pluginaz.com\/index.php\/wp-json\/wp\/v2\/product_tag?post=878"}],"curies":[{"name":"wp","href":"https:\/\/api.w.org\/{rel}","templated":true}]}}