{"id":927,"date":"2025-09-27T22:30:11","date_gmt":"2025-09-27T15:30:11","guid":{"rendered":"https:\/\/dienmay1.pluginaz.com\/index.php\/san-pham\/cu-sac-nhanh-ugreen-45w-cd294-chan-det\/"},"modified":"2025-09-27T22:30:35","modified_gmt":"2025-09-27T15:30:35","slug":"cu-sac-nhanh-ugreen-45w-cd294-chan-det","status":"publish","type":"product","link":"https:\/\/dienmay1.pluginaz.com\/index.php\/san-pham\/cu-sac-nhanh-ugreen-45w-cd294-chan-det\/","title":{"rendered":"C\u1ee7 s\u1ea1c nhanh Ugreen 45W CD294 ch\u00e2n d\u1eb9t"},"content":{"rendered":"<div class=\"luanlt_excerpt\">\n<h2>\u0110\u1eb7c \u0111i\u1ec3m n\u1ed5i b\u1eadt  CD294-Det<\/h2>\n<ul>\n<li><strong>C\u00f4ng ngh\u1ec7 GaN ti\u00ean ti\u1ebfn<\/strong> \u2013 Gi\u00fap c\u1ee7 s\u1ea1c nh\u1ecf g\u1ecdn h\u01a1n, t\u1ecfa nhi\u1ec7t \u00edt v\u00e0 ho\u1ea1t \u0111\u1ed9ng hi\u1ec7u qu\u1ea3 h\u01a1n c\u00e1c lo\u1ea1i c\u1ee7 s\u1ea1c truy\u1ec1n th\u1ed1ng.<\/li>\n<li><strong>H\u1ed7 tr\u1ee3 s\u1ea1c nhanh \u0111a chu\u1ea9n<\/strong> \u2013 T\u01b0\u01a1ng th\u00edch c\u00e1c chu\u1ea9n s\u1ea1c nhanh ph\u1ed5 bi\u1ebfn nh\u01b0 Power Delivery 3.0, Quick Charge 4.0, PPS, FCP, AFC.<\/li>\n<li><strong>S\u1ea1c 2 thi\u1ebft b\u1ecb c\u00f9ng l\u00fac<\/strong> \u2013 V\u1edbi 2 c\u1ed5ng USB-C th\u00f4ng minh, ph\u00e2n chia c\u00f4ng su\u1ea5t linh ho\u1ea1t m\u00e0 v\u1eabn \u0111\u1ea3m b\u1ea3o t\u1ed1c \u0111\u1ed9 s\u1ea1c \u1ed5n \u0111\u1ecbnh.<\/li>\n<li><strong>T\u1ef1 \u0111\u1ed9ng nh\u1eadn di\u1ec7n thi\u1ebft b\u1ecb<\/strong> \u2013 \u0110i\u1ec1u ch\u1ec9nh d\u00f2ng \u0111i\u1ec7n ph\u00f9 h\u1ee3p \u0111\u1ec3 b\u1ea3o v\u1ec7 thi\u1ebft b\u1ecb v\u00e0 t\u1ed1i \u01b0u t\u1ed1c \u0111\u1ed9 s\u1ea1c.<\/li>\n<li><strong>T\u00edch h\u1ee3p b\u1ea3o v\u1ec7 an to\u00e0n<\/strong> \u2013 B\u1ea3o v\u1ec7 qu\u00e1 \u00e1p, qu\u00e1 d\u00f2ng, ng\u1eafn m\u1ea1ch v\u00e0 ch\u1ed1ng qu\u00e1 nhi\u1ec7t, \u0111\u1ea3m b\u1ea3o an to\u00e0n tuy\u1ec7t \u0111\u1ed1i khi s\u1eed d\u1ee5ng.<\/li>\n<\/ul>\n<\/div>\n<div class=\"luanlt_content_tab\">\n<p>C\u1ee7 s\u1ea1c nhanh GaN Ugreen l\u00e0 b\u1ed9 s\u1ea1c mini cao c\u1ea5p v\u1edbi s\u1ef1 ho\u00e0n thi\u1ec7n cao v\u1ec1 thi\u1ebft k\u1ebf v\u00e0 c\u00f4ng ngh\u1ec7.<\/p>\n<p>C\u1ee7 s\u1ea1c nhanh 45W: C\u1ed5ng USB-C xu\u1ea5t t\u1ed1i \u0111a 45W cho Macbook Air M2 2022 c\u1ee7a b\u1ea1n T\u0103ng t\u1eeb 0% l\u00ean 72% trong v\u00f2ng m\u1ed9t gi\u1edd.<\/p>\n<p>S\u1ea1c \u0111\u1ed3ng th\u1eddi hai c\u1ed5ng: S\u1ea1c iPhone 14 v\u00e0 iPad Air c\u1ee7a b\u1ea1n nhanh ch\u00f3ng v\u00e0 \u0111\u1ed3ng th\u1eddi.<\/p>\n<p>C\u1ee7 s\u1ea1c Mini cho nhi\u1ec1u thi\u1ebft b\u1ecb: B\u1ed9 s\u1ea1c 45W n\u00e0y t\u01b0\u01a1ng th\u00edch v\u1edbi Macbook Air, iPad Pro, iPhone 8-14, Samsung S22 Ultra-S10 Series, Steam Deck, Apple Watch Ultra, Apple Watch 8 v\u00e0 h\u01a1n th\u1ebf n\u1eefa.<\/p>\n<p>An to\u00e0n:H\u1ec7 th\u1ed1ng ph\u00e2n ph\u1ed1i \u0111i\u1ec7n c\u1ee7a Ugreen \u0111i\u1ec1u ch\u1ec9nh th\u00f4ng minh \u0111\u1ea7u ra \u0111i\u1ec7n b\u1ea3o v\u1ec7 pin c\u1ee7a thi\u1ebft b\u1ecb. Nhi\u1ec1u h\u1ec7 th\u1ed1ng an to\u00e0n c\u0169ng b\u1ea3o v\u1ec7 c\u00e1c thi\u1ebft b\u1ecb kh\u1ecfi qu\u00e1 nhi\u1ec7t, qu\u00e1 t\u1ea3i v\u00e0 qu\u00e1 \u00e1p.<\/p>\n<p>\u0110\u00f3ng g\u00f3i nh\u1ecf: K\u00edch th\u01b0\u1edbc nh\u01b0 c\u1ee5m iPhone v\u00e0 si\u00eau nh\u1eb9 (3,35 oz), v\u1edbi d\u1ea3i \u0111i\u1ec7n \u00e1p s\u1eed d\u1ee5ng ti\u00eau chu\u1ea9n 100-240V, b\u1ed9 s\u1ea1c n\u00e0y l\u00e0 ng\u01b0\u1eddi b\u1ea1n \u0111\u1ed3ng h\u00e0nh ho\u00e0n h\u1ea3o cho ng\u01b0\u1eddi \u0111i l\u00e0m v\u00e0 \u0111i ph\u01b0\u1ee3t.<\/p>\n<figure class=\"wp-block-image size-full\"><img decoding=\"async\" src=\"https:\/\/dienmay1.pluginaz.com\/wp-content\/uploads\/2025\/09\/cu-sac-nhanh-gan-45w-ugreen-90572-5.png\" width=\"1000\" height=\"364\" class=\"wp-image-56448\" alt=\"C\u1ee7 s\u1ea1c nhanh Ugreen 45W CD294 ch\u00e2n d\u1eb9t 1\" title=\"C\u1ee7 s\u1ea1c nhanh Ugreen 45W CD294 ch\u00e2n d\u1eb9t 16\" loading=\"lazy\"><figcaption class=\"wp-element-caption\">S\u1ea1c nhanh mini 45w 2 c\u1ed5ng<\/figcaption><\/figure>\n<figure class=\"wp-block-image size-full is-resized\"><img decoding=\"async\" src=\"https:\/\/dienmay1.pluginaz.com\/wp-content\/uploads\/2025\/09\/cu-sac-nhanh-gan-45w-ugreen-90572-2.png\" width=\"1000\" height=\"364\" class=\"wp-image-56444\" alt=\"C\u1ee7 s\u1ea1c nhanh Ugreen 45W CD294 ch\u00e2n d\u1eb9t 2\" title=\"C\u1ee7 s\u1ea1c nhanh Ugreen 45W CD294 ch\u00e2n d\u1eb9t 17\" loading=\"lazy\"><figcaption>C\u1ee7 s\u1ea1c nhanh Ugreen 45W CD294 ch\u00e2n d\u1eb9t<\/figcaption><\/figure>\n<figure class=\"wp-block-image size-full\"><img decoding=\"async\" src=\"https:\/\/dienmay1.pluginaz.com\/wp-content\/uploads\/2025\/09\/cu-sac-nhanh-gan-45w-ugreen-90572.png\" width=\"1000\" height=\"769\" class=\"wp-image-56443\" alt=\"C\u1ee7 s\u1ea1c nhanh Ugreen 45W CD294 ch\u00e2n d\u1eb9t 3\" title=\"C\u1ee7 s\u1ea1c nhanh Ugreen 45W CD294 ch\u00e2n d\u1eb9t 18\" loading=\"lazy\"><figcaption class=\"wp-element-caption\">T\u01b0\u01a1ng th\u00edch v\u1edbi nhi\u1ec1u thi\u1ebft b\u1ecb<\/figcaption><\/figure>\n<figure class=\"wp-block-image size-full\"><img decoding=\"async\" src=\"https:\/\/dienmay1.pluginaz.com\/wp-content\/uploads\/2025\/09\/cu-sac-nhanh-gan-45w-ugreen-90572-4.png\" width=\"1000\" height=\"364\" class=\"wp-image-56447\" alt=\"C\u1ee7 s\u1ea1c nhanh Ugreen 45W CD294 ch\u00e2n d\u1eb9t 4\" title=\"C\u1ee7 s\u1ea1c nhanh Ugreen 45W CD294 ch\u00e2n d\u1eb9t 19\" loading=\"lazy\"><figcaption class=\"wp-element-caption\">C\u1ee7 s\u1ea1c nhanh GaN Ugreen c\u00f4ng su\u1ea5t 45W<\/figcaption><\/figure>\n<figure class=\"wp-block-image size-full\"><img decoding=\"async\" src=\"https:\/\/dienmay1.pluginaz.com\/wp-content\/uploads\/2025\/09\/cu-sac-nhanh-gan-45w-ugreen-90572-3.png\" width=\"1000\" height=\"364\" class=\"wp-image-56446\" alt=\"C\u1ee7 s\u1ea1c nhanh Ugreen 45W CD294 ch\u00e2n d\u1eb9t 5\" title=\"C\u1ee7 s\u1ea1c nhanh Ugreen 45W CD294 ch\u00e2n d\u1eb9t 20\" loading=\"lazy\"><figcaption>C\u1ee7 s\u1ea1c nhanh Ugreen 45W CD294 ch\u00e2n d\u1eb9t<\/figcaption><\/figure>\n<p>D\u00e0nh cho M\u00e1y t\u00ednh x\u00e1ch tay, ch\u1eb3ng h\u1ea1n nh\u01b0 MacBook Air 13\u2032(2018) \/ MacBook 12\u2032 \/ MacBook Pro 13\u2032 \/ MacBook Pro 15, Dell XPS 13 , Chromebook, v.v.<\/p>\n<p>D\u00e0nh cho M\u00e1y t\u00ednh b\u1ea3ng, ch\u1eb3ng h\u1ea1n nh\u01b0 iPad Pro \/ iPad Air \/ iPad \/ iPad mini T\u01b0\u01a1ng th\u00edch v\u1edbi Nintendo Switch, Airpods Pro, v.v.<\/p>\n<p>D\u00e0nh cho iPhone, ch\u1eb3ng h\u1ea1n nh\u01b0 iPhone 13 \/ iPhone 13 Pro \/ iPhone 13 Pro Max \/ iPhone 13 Mini \/ iPhone 12 Pro \/ iPhone 12 Pro Max \/ iPhone 12 mini \/ iPhone 12 \/ iPhone 11 Pro \/ iPhone 11 Pro Max \/ iPhone 11 \/ iPhone SE 2020 \/ iPhone XS \/ iPhone XS Max \/ iPhone XR \/ iPhone X \/ iPhone 8 \/ iPhone 8 Plus<\/p>\n<p>D\u00e0nh cho Samsung, Galaxy S22 Ultra\/S22\/S22 Plus\/S21 FE\/S21\/S21 Ultra\/S21 Plus\/S20\/S20 Ultra\/S20 Plus\/S20 FE\/Note 20\/Note 10\/S10\/S9\/S8\/Z Fold3\/ Z Flip 3 \/ Z Fold 2 \/ Z Flip 5G \/ Z Flip \/ Fold 5G \/ Fold \/ Galaxy Note 20 \/ Note 20 5G \/ Note 20 Ultra 5G \/ Note 10 \/ Note 10 5G \/ Note 10 Plus \/ Note 10 Plus 5G \/ Note 9\/ L\u01b0u \u00fd 8;\u00a0\u0110\u1ed1i v\u1edbi Google, Pixel 6 \/ Pixel 6 Pro \/ Pixel 5 \/ Pixel 4a \/ 4XL<\/p>\n<p>\u0110\u1ed1i v\u1edbi Tai nghe nh\u00e9t tai, AirPods \/ AirPods Pro \/ AirPods Max \/ B\u1ed9 s\u1ea1c kh\u00f4ng d\u00e2y MagSafe \/ MagSafe Duo\uff1bXperia 1 II\/Xperia 1 IV\/Xperia PRO-I\/Xperia 1 III\/Xperia 5 III,Moto edge S30\/edge s pro\/edge\/moto g71<\/p>\n<\/div>\n","protected":false},"excerpt":{"rendered":"<ul>\n<li>C\u00f4ng su\u1ea5t t\u1ed1i \u0111a: 45W (qua c\u1ed5ng USB-C, h\u1ed7 tr\u1ee3 s\u1ea1c nhanh PD 3.0, QC 4.0, PPS).<\/li>\n<li>S\u1ed1 c\u1ed5ng s\u1ea1c: 2 c\u1ed5ng USB-C (chia c\u00f4ng su\u1ea5t: 25W + 20W khi s\u1ea1c c\u00f9ng l\u00fac).<\/li>\n<li>C\u00f4ng ngh\u1ec7: GaN (Gallium Nitride) \u2013 gi\u00fap gi\u1ea3m k\u00edch th\u01b0\u1edbc, t\u1ecfa nhi\u1ec7t th\u1ea5p v\u00e0 hi\u1ec7u su\u1ea5t cao.<\/li>\n<\/ul>\n","protected":false},"featured_media":928,"comment_status":"closed","ping_status":"closed","template":"","meta":{"_acf_changed":false},"product_brand":[25],"product_cat":[17],"product_tag":[],"class_list":{"0":"post-927","1":"product","2":"type-product","3":"status-publish","4":"has-post-thumbnail","6":"product_brand-ugreen","7":"product_cat-phu-kien-apple","9":"first","10":"instock","11":"sale","12":"shipping-taxable","13":"purchasable","14":"product-type-simple"},"acf":[],"_links":{"self":[{"href":"https:\/\/dienmay1.pluginaz.com\/index.php\/wp-json\/wp\/v2\/product\/927","targetHints":{"allow":["GET"]}}],"collection":[{"href":"https:\/\/dienmay1.pluginaz.com\/index.php\/wp-json\/wp\/v2\/product"}],"about":[{"href":"https:\/\/dienmay1.pluginaz.com\/index.php\/wp-json\/wp\/v2\/types\/product"}],"replies":[{"embeddable":true,"href":"https:\/\/dienmay1.pluginaz.com\/index.php\/wp-json\/wp\/v2\/comments?post=927"}],"wp:featuredmedia":[{"embeddable":true,"href":"https:\/\/dienmay1.pluginaz.com\/index.php\/wp-json\/wp\/v2\/media\/928"}],"wp:attachment":[{"href":"https:\/\/dienmay1.pluginaz.com\/index.php\/wp-json\/wp\/v2\/media?parent=927"}],"wp:term":[{"taxonomy":"product_brand","embeddable":true,"href":"https:\/\/dienmay1.pluginaz.com\/index.php\/wp-json\/wp\/v2\/product_brand?post=927"},{"taxonomy":"product_cat","embeddable":true,"href":"https:\/\/dienmay1.pluginaz.com\/index.php\/wp-json\/wp\/v2\/product_cat?post=927"},{"taxonomy":"product_tag","embeddable":true,"href":"https:\/\/dienmay1.pluginaz.com\/index.php\/wp-json\/wp\/v2\/product_tag?post=927"}],"curies":[{"name":"wp","href":"https:\/\/api.w.org\/{rel}","templated":true}]}}