{"id":950,"date":"2025-09-27T22:31:26","date_gmt":"2025-09-27T15:31:26","guid":{"rendered":"https:\/\/dienmay1.pluginaz.com\/index.php\/san-pham\/cu-sac-nhanh-gan-20w-ugreen-cd318-sac-nhanh-cho-iphone-samsung-xiaomi-oppo\/"},"modified":"2025-09-27T22:34:31","modified_gmt":"2025-09-27T15:34:31","slug":"cu-sac-nhanh-gan-20w-ugreen-cd318-sac-nhanh-cho-iphone-samsung-xiaomi-oppo","status":"publish","type":"product","link":"https:\/\/dienmay1.pluginaz.com\/index.php\/san-pham\/cu-sac-nhanh-gan-20w-ugreen-cd318-sac-nhanh-cho-iphone-samsung-xiaomi-oppo\/","title":{"rendered":"C\u1ee7 s\u1ea1c nhanh GaN 20W Ugreen CD318 s\u1ea1c nhanh cho IPhone, SamSung, Xiaomi, Oppo"},"content":{"rendered":"<div class=\"luanlt_excerpt\">\n<h2>\u0110\u1eb7c \u0111i\u1ec3m n\u1ed5i b\u1eadt  CD318<\/h2>\n<p>C\u1ee7 s\u1ea1c nhanh GaN 20W Ugreen CD318 s\u1ea1c nhanh cho IPhone, SamSung, Xiaomi, Oppo s\u1ea1c nhanh<\/p>\n<p>\u0110\u1ea7u v\u00e0o: 100-240V~ 50\/60Hz 500mA Max<\/p>\n<p>\u0110\u1ea7u ra: 5V\/3A 9V\/2.22A 12V\/1.67A 3.3-5.9 = 3A-11V\/1.8A<\/p>\n<p>C\u00f4ng su\u1ea5t t\u1ed1i \u0111a: 20W Max<\/p>\n<\/div>\n<div class=\"luanlt_content_tab\">\n<h2 class=\"wp-block-heading\">C\u1ee7 s\u1ea1c nhanh GaN 20W s\u1ea1c nhanh cho \u0111i\u1ec7n tho\u1ea1i, m\u00e1y t\u00ednh b\u1ea3ng<\/h2>\n<h2 class=\"wp-block-heading\">Ph\u00f9 h\u1ee3p nhi\u1ec1u thi\u1ebft b\u1ecb<\/h2>\n<p><strong>C\u1ee7 s\u1ea1c nhanh<\/strong> GaN 20W t\u01b0\u01a1ng th\u00edch v\u1edbi Macbook Air, iPad Pro, iPhone 8-14, Samsung S22 Ultra-S10 Series, Steam Deck, Apple Watch Ultra, Apple Watch 8, v.v.<\/p>\n<h2 class=\"wp-block-heading\">\u0110\u01b0\u1ee3c thi\u1ebft k\u1ebf v\u1edbi c\u00f4ng ngh\u1ec7 GaN ti\u00ean ti\u1ebfn<\/h2>\n<p>Gallium nitride MOS t\u00edch h\u1ee3p, ch\u1ec9nh l\u01b0u \u0111\u1ed3ng b\u1ed9, c\u1ea5p ngu\u1ed3n chuy\u1ec3n m\u1ea1ch, chip IC giao th\u1ee9c gi\u00fap cho hi\u1ec7u qu\u1ea3 n\u0103ng l\u01b0\u1ee3ng cao h\u01a1n, gi\u1ea3m k\u00edch th\u01b0\u1edbc v\u00e0 t\u1ea3n nhi\u1ec7t \u0111\u01b0\u1ee3c n\u00e2ng c\u1ea5p.<\/p>\n<figure class=\"wp-block-image aligncenter size-large\"><img decoding=\"async\" src=\"https:\/\/dienmay1.pluginaz.com\/wp-content\/uploads\/2025\/09\/cu-sac-nhanh-gan-20w-ugreen-cd318-sac-nhanh-cho-iphone-samsung-xiaomi-oppo-8-639x1024-1.png\" width=\"639\" height=\"1024\" class=\"wp-image-62195\" alt=\"C\u1ee7 s\u1ea1c nhanh GaN 20W Ugreen CD318 s\u1ea1c nhanh cho IPhone, SamSung, Xiaomi, Oppo 1\" title=\"C\u1ee7 s\u1ea1c nhanh GaN 20W Ugreen CD318 s\u1ea1c nhanh cho IPhone, SamSung, Xiaomi, Oppo 24\" loading=\"lazy\"><figcaption class=\"wp-element-caption\">C\u1ee7 s\u1ea1c nhanh GaN 20W Ugreen CD318 s\u1ea1c nhanh cho IPhone, SamSung, Xiaomi, Oppo<\/figcaption><\/figure>\n<figure class=\"wp-block-image aligncenter size-large\"><img decoding=\"async\" src=\"https:\/\/dienmay1.pluginaz.com\/wp-content\/uploads\/2025\/09\/cu-sac-nhanh-gan-20w-ugreen-cd318-sac-nhanh-cho-iphone-samsung-xiaomi-oppo-11-635x1024-1.png\" width=\"635\" height=\"1024\" class=\"wp-image-62192\" alt=\"C\u1ee7 s\u1ea1c nhanh GaN 20W Ugreen CD318 s\u1ea1c nhanh cho IPhone, SamSung, Xiaomi, Oppo 2\" title=\"C\u1ee7 s\u1ea1c nhanh GaN 20W Ugreen CD318 s\u1ea1c nhanh cho IPhone, SamSung, Xiaomi, Oppo 25\" loading=\"lazy\"><figcaption class=\"wp-element-caption\">C\u1ee7 s\u1ea1c nhanh GaN 20W Ugreen CD318<\/figcaption><\/figure>\n<h2 class=\"wp-block-heading\">C\u1ee7 s\u1ea1c san to\u00e0n cho c\u00e1c thi\u1ebft b\u1ecb<\/h2>\n<p>H\u1ec7 th\u1ed1ng c\u1ea5p ngu\u1ed3n c\u1ee7a Ugreen \u0111i\u1ec1u ch\u1ec9nh th\u00f4ng minh \u0111\u1ea7u ra ngu\u1ed3n \u0111\u1ec3 b\u1ea3o v\u1ec7 pin c\u1ee7a thi\u1ebft b\u1ecb. Nhi\u1ec1u h\u1ec7 th\u1ed1ng an to\u00e0n c\u0169ng b\u1ea3o v\u1ec7 c\u00e1c thi\u1ebft b\u1ecb kh\u1ecfi qu\u00e1 n\u00f3ng, s\u1ea1c qu\u00e1 m\u1ee9c v\u00e0 qu\u00e1 \u0111i\u1ec7n \u00e1p.<\/p>\n<figure class=\"wp-block-image aligncenter size-large\"><img decoding=\"async\" src=\"https:\/\/dienmay1.pluginaz.com\/wp-content\/uploads\/2025\/09\/cu-sac-nhanh-gan-20w-ugreen-cd318-sac-nhanh-cho-iphone-samsung-xiaomi-oppo-5-701x1024-1.png\" width=\"701\" height=\"1024\" class=\"wp-image-62198\" alt=\"C\u1ee7 s\u1ea1c nhanh GaN 20W Ugreen CD318 s\u1ea1c nhanh cho IPhone, SamSung, Xiaomi, Oppo 3\" title=\"C\u1ee7 s\u1ea1c nhanh GaN 20W Ugreen CD318 s\u1ea1c nhanh cho IPhone, SamSung, Xiaomi, Oppo 26\" loading=\"lazy\"><figcaption class=\"wp-element-caption\">C\u1ee7 s\u1ea1c nhanh GaN 20W Ugreen CD318 c\u00f3 nhi\u1ec1u chu\u1ea9n ch\u00e2n c\u1eafm<\/figcaption><\/figure>\n<\/div>\n","protected":false},"excerpt":{"rendered":"<ul>\n<li><strong>\u0110\u1ea7u v\u00e0o<\/strong>: 100~240V 50\/60Hz 500mA t\u1ed1i \u0111a<\/li>\n<li><strong>\u0110\u1ea7u ra<\/strong>: 1 c\u1ed5ng USB-C PD 3.0\/PPS\/QC 3.0, c\u00f4ng su\u1ea5t t\u1ed1i \u0111a 20W<\/li>\n<li><strong>Thi\u1ebft b\u1ecb t\u01b0\u01a1ng th\u00edch<\/strong>: MacBook Air, iPad Pro, iPhone 8-14, Samsung S22 Ultra-S10 Series, Steam Deck, Apple Watch Ultra, Apple Watch 8, v\u00e0 c\u00e1c thi\u1ebft b\u1ecb h\u1ed7 tr\u1ee3 USB-C kh\u00e1c.<\/li>\n<\/ul>\n","protected":false},"featured_media":951,"comment_status":"closed","ping_status":"closed","template":"","meta":{"_acf_changed":false},"product_brand":[25],"product_cat":[18],"product_tag":[],"class_list":{"0":"post-950","1":"product","2":"type-product","3":"status-publish","4":"has-post-thumbnail","6":"product_brand-ugreen","7":"product_cat-sac-va-bo-sac","9":"first","10":"instock","11":"sale","12":"shipping-taxable","13":"purchasable","14":"product-type-simple"},"acf":[],"_links":{"self":[{"href":"https:\/\/dienmay1.pluginaz.com\/index.php\/wp-json\/wp\/v2\/product\/950","targetHints":{"allow":["GET"]}}],"collection":[{"href":"https:\/\/dienmay1.pluginaz.com\/index.php\/wp-json\/wp\/v2\/product"}],"about":[{"href":"https:\/\/dienmay1.pluginaz.com\/index.php\/wp-json\/wp\/v2\/types\/product"}],"replies":[{"embeddable":true,"href":"https:\/\/dienmay1.pluginaz.com\/index.php\/wp-json\/wp\/v2\/comments?post=950"}],"wp:featuredmedia":[{"embeddable":true,"href":"https:\/\/dienmay1.pluginaz.com\/index.php\/wp-json\/wp\/v2\/media\/951"}],"wp:attachment":[{"href":"https:\/\/dienmay1.pluginaz.com\/index.php\/wp-json\/wp\/v2\/media?parent=950"}],"wp:term":[{"taxonomy":"product_brand","embeddable":true,"href":"https:\/\/dienmay1.pluginaz.com\/index.php\/wp-json\/wp\/v2\/product_brand?post=950"},{"taxonomy":"product_cat","embeddable":true,"href":"https:\/\/dienmay1.pluginaz.com\/index.php\/wp-json\/wp\/v2\/product_cat?post=950"},{"taxonomy":"product_tag","embeddable":true,"href":"https:\/\/dienmay1.pluginaz.com\/index.php\/wp-json\/wp\/v2\/product_tag?post=950"}],"curies":[{"name":"wp","href":"https:\/\/api.w.org\/{rel}","templated":true}]}}