{"id":994,"date":"2025-09-27T22:34:06","date_gmt":"2025-09-27T15:34:06","guid":{"rendered":"https:\/\/dienmay1.pluginaz.com\/index.php\/san-pham\/gia-treo-tai-nghe-ugreen-80701-bang-nhom\/"},"modified":"2025-09-27T22:34:23","modified_gmt":"2025-09-27T15:34:23","slug":"gia-treo-tai-nghe-ugreen-80701-bang-nhom","status":"publish","type":"product","link":"https:\/\/dienmay1.pluginaz.com\/index.php\/san-pham\/gia-treo-tai-nghe-ugreen-80701-bang-nhom\/","title":{"rendered":"Gi\u00e1 treo tai nghe Ugreen 80701 b\u1eb1ng nh\u00f4m"},"content":{"rendered":"<div class=\"luanlt_excerpt\">\n<h2>\u0110\u1eb7c \u0111i\u1ec3m n\u1ed5i b\u1eadt  80701<\/h2>\n<ul>\n<li><strong>Thi\u1ebft k\u1ebf ch\u1eafc ch\u1eafn v\u00e0 b\u1ec1n b\u1ec9<\/strong>: C\u1ea5u tr\u00fac tam gi\u00e1c b\u1eb1ng h\u1ee3p kim nh\u00f4m cao c\u1ea5p \u0111\u1ea3m b\u1ea3o \u0111\u1ed9 \u1ed5n \u0111\u1ecbnh, gi\u00fap tai nghe kh\u00f4ng b\u1ecb r\u01a1i ho\u1eb7c l\u1eadt.<\/li>\n<li><strong>T\u01b0\u01a1ng th\u00edch r\u1ed9ng r\u00e3i<\/strong>: H\u1ed7 tr\u1ee3 nhi\u1ec1u lo\u1ea1i tai nghe t\u1eeb c\u00e1c th\u01b0\u01a1ng hi\u1ec7u n\u1ed5i ti\u1ebfng nh\u01b0 Bose, Sony, Sennheiser, Beats, AKG, Audio-Technica, v.v.<\/li>\n<li><strong>Qu\u1ea3n l\u00fd kh\u00f4ng gian hi\u1ec7u qu\u1ea3<\/strong>: Gi\u00fap s\u1eafp x\u1ebfp g\u1ecdn g\u00e0ng d\u00e2y c\u00e1p \u00e2m thanh v\u00e0 gi\u1ea3i ph\u00f3ng kh\u00f4ng gian tr\u00ean b\u00e0n l\u00e0m vi\u1ec7c ho\u1eb7c ph\u00f2ng l\u00e0m vi\u1ec7c.<\/li>\n<li><strong>\u0110\u1ebf silicon ch\u1ed1ng tr\u01a1n tr\u01b0\u1ee3t<\/strong>: L\u1edbp silicon \u1edf ph\u1ea7n \u0111\u1ebf gi\u00fap gi\u1eef s\u1ea3n ph\u1ea9m ch\u1eafc ch\u1eafn tr\u00ean m\u1ecdi b\u1ec1 m\u1eb7t, tr\u00e1nh tr\u1ea7y x\u01b0\u1edbc v\u00e0 tr\u01a1n tr\u01b0\u1ee3t.<\/li>\n<li><strong>Thi\u1ebft k\u1ebf th\u1eddi trang, tinh t\u1ebf<\/strong>: V\u1edbi ki\u1ec3u d\u00e1ng hi\u1ec7n \u0111\u1ea1i, thanh l\u1ecbch, s\u1ea3n ph\u1ea9m kh\u00f4ng ch\u1ec9 l\u00e0 gi\u00e1 \u0111\u1ee1 tai nghe m\u00e0 c\u00f2n l\u00e0 ph\u1ee5 ki\u1ec7n trang tr\u00ed \u0111\u1eb9p m\u1eaft cho kh\u00f4ng gian l\u00e0m vi\u1ec7c, ph\u00f2ng ng\u1ee7 hay ph\u00f2ng<\/li>\n<\/ul>\n<\/div>\n<div class=\"luanlt_content_tab\">\n<p>Gi\u00e1 treo tai nghe Ugreen 80701 (model LP143) l\u00e0 l\u1ef1a ch\u1ecdn tuy\u1ec7t v\u1eddi cho nh\u1eefng ai \u0111ang t\u00ecm ki\u1ebfm m\u1ed9t s\u1ea3n ph\u1ea9m v\u1eeba c\u00f3 t\u00ednh th\u1ea9m m\u1ef9 cao, v\u1eeba \u0111\u1ea3m b\u1ea3o s\u1ef1 ti\u1ec7n l\u1ee3i trong vi\u1ec7c s\u1eafp x\u1ebfp kh\u00f4ng gian l\u00e0m vi\u1ec7c. \u0110\u01b0\u1ee3c l\u00e0m t\u1eeb ch\u1ea5t li\u1ec7u nh\u00f4m cao c\u1ea5p, s\u1ea3n ph\u1ea9m mang l\u1ea1i s\u1ef1 ch\u1eafc ch\u1eafn v\u00e0 b\u1ec1n b\u1ec9, gi\u00fap b\u1ea3o v\u1ec7 tai nghe c\u1ee7a b\u1ea1n kh\u1ecfi nguy c\u01a1 b\u1ecb r\u01a1i, l\u1eadt ho\u1eb7c tr\u1ea7y x\u01b0\u1edbc. V\u1edbi thi\u1ebft k\u1ebf thanh l\u1ecbch v\u00e0 tinh t\u1ebf, gi\u00e1 treo tai nghe Ugreen 80701 kh\u00f4ng ch\u1ec9 l\u00e0 m\u1ed9t ph\u1ee5 ki\u1ec7n h\u1ed7 tr\u1ee3 m\u00e0 c\u00f2n l\u00e0 \u0111i\u1ec3m nh\u1ea5n trang tr\u00ed cho kh\u00f4ng gian c\u1ee7a b\u1ea1n.<\/p>\n<figure class=\"wp-block-image aligncenter size-full\"><img decoding=\"async\" src=\"https:\/\/dienmay1.pluginaz.com\/wp-content\/uploads\/2025\/09\/items_1639820634_88b1ea2c-a404-440d-ada1-dd77591092c0_r50242.jpg\" width=\"975\" height=\"600\" alt=\"Gi\u00e1 treo tai nghe Ugreen 80701 b\u1eb1ng nh\u00f4m 1\" class=\"wp-image-75586\" title=\"Gi\u00e1 treo tai nghe Ugreen 80701 b\u1eb1ng nh\u00f4m 26\" loading=\"lazy\"><figcaption class=\"wp-element-caption\">Gi\u00e1 treo tai nghe Ugreen 80701 b\u1eb1ng nh\u00f4m<\/figcaption><\/figure>\n<h2 class=\"wp-block-heading\">Thi\u1ebft k\u1ebf Ugreen 80701<\/h2>\n<p>Gi\u00e1 treo tai nghe Ugreen 80701 \u0111\u01b0\u1ee3c ch\u1ebf t\u00e1c t\u1eeb h\u1ee3p kim nh\u00f4m v\u00e0 k\u1ebdm, k\u1ebft h\u1ee3p v\u1edbi l\u1edbp th\u1ea3m silicon \u1edf ph\u1ea7n \u0111\u1ebf, gi\u00fap s\u1ea3n ph\u1ea9m lu\u00f4n v\u1eefng ch\u1eafc tr\u00ean b\u1ec1 m\u1eb7t b\u00e0n m\u00e0 kh\u00f4ng lo b\u1ecb tr\u01a1n tr\u01b0\u1ee3t hay tr\u1ea7y x\u01b0\u1edbc. K\u1ebft c\u1ea5u tam gi\u00e1c \u0111\u1ed9c \u0111\u00e1o gi\u00fap \u0111\u1ea3m b\u1ea3o s\u1ef1 \u1ed5n \u0111\u1ecbnh cao khi treo tai nghe, h\u1ea1n ch\u1ebf t\u00ecnh tr\u1ea1ng l\u1eadt \u0111\u1ed5. V\u1edbi k\u00edch th\u01b0\u1edbc t\u1ed5ng th\u1ec3 98 x 98 x 287.2 mm, gi\u00e1 treo c\u00f3 chi\u1ec1u cao 11,3 inch, \u0111\u1ee7 l\u1edbn \u0111\u1ec3 treo tho\u1ea3i m\u00e1i h\u1ea7u h\u1ebft c\u00e1c lo\u1ea1i tai nghe ph\u1ed5 bi\u1ebfn hi\u1ec7n nay.<\/p>\n<h2 class=\"wp-block-heading\">C\u00e1c t\u00ednh n\u0103ng n\u1ed5i b\u1eadt Gi\u00e1 treo tai nghe Ugreen<\/h2>\n<ul class=\"wp-block-list\">\n<li><strong>T\u00ednh t\u01b0\u01a1ng th\u00edch r\u1ed9ng r\u00e3i<\/strong>: Ugreen 80701 t\u01b0\u01a1ng th\u00edch v\u1edbi nhi\u1ec1u m\u1eabu tai nghe kh\u00e1c nhau, t\u1eeb c\u00e1c d\u00f2ng Bose QC35, Sennheiser PXC 550, \u0111\u1ebfn Sony MDR-1000X, Beats solo3, AKG K612, Audio-Technica v\u00e0 nhi\u1ec1u h\u01a1n th\u1ebf n\u1eefa.<\/li>\n<li><strong>Thi\u1ebft k\u1ebf th\u1eddi trang, ti\u1ec7n \u00edch<\/strong>: V\u1edbi ki\u1ec3u d\u00e1ng hi\u1ec7n \u0111\u1ea1i, s\u1ea3n ph\u1ea9m kh\u00f4ng ch\u1ec9 l\u00e0 gi\u00e1 treo tai nghe m\u00e0 c\u00f2n gi\u00fap s\u1eafp x\u1ebfp g\u1ecdn g\u00e0ng d\u00e2y c\u00e1p \u00e2m thanh, ti\u1ebft ki\u1ec7m kh\u00f4ng gian tr\u00ean b\u00e0n l\u00e0m vi\u1ec7c, mang l\u1ea1i s\u1ef1 ng\u0103n n\u1eafp v\u00e0 tho\u1ea3i m\u00e1i.<\/li>\n<li><strong>B\u1ea3o v\u1ec7 tai nghe hi\u1ec7u qu\u1ea3<\/strong>: Nh\u1edd c\u1ea5u tr\u00fac ch\u1eafc ch\u1eafn c\u00f9ng ch\u1ea5t li\u1ec7u cao c\u1ea5p, gi\u00e1 treo Ugreen 80701 gi\u1eef cho tai nghe c\u1ee7a b\u1ea1n an to\u00e0n, tr\u00e1nh r\u01a1i v\u1ee1 v\u00e0 k\u00e9o d\u00e0i tu\u1ed5i th\u1ecd cho thi\u1ebft b\u1ecb.<\/li>\n<li><strong>Th\u1ea3m silicon ch\u1ed1ng tr\u01a1n tr\u01b0\u1ee3t<\/strong>: Ph\u1ea7n \u0111\u1ebf \u0111\u01b0\u1ee3c trang b\u1ecb l\u1edbp silicon m\u1ec1m m\u1ea1i, kh\u00f4ng ch\u1ec9 gi\u00fap gi\u1eef ch\u1eafc tr\u00ean c\u00e1c b\u1ec1 m\u1eb7t m\u00e0 c\u00f2n ng\u0103n ng\u1eeba tr\u1ea7y x\u01b0\u1edbc.<\/li>\n<\/ul>\n<h2 class=\"wp-block-heading\">\u1ee8ng d\u1ee5ng th\u1ef1c t\u1ebf Ugreen 80701<\/h2>\n<p>Gi\u00e1 treo tai nghe Ugreen 80701 l\u00e0 l\u1ef1a ch\u1ecdn l\u00fd t\u01b0\u1edfng cho nh\u1eefng ai s\u1edf h\u1eefu c\u00e1c d\u00f2ng tai nghe cao c\u1ea5p v\u00e0 c\u1ea7n m\u1ed9t gi\u1ea3i ph\u00e1p l\u01b0u tr\u1eef ti\u1ec7n l\u1ee3i, an to\u00e0n. S\u1ea3n ph\u1ea9m th\u00edch h\u1ee3p cho ng\u01b0\u1eddi d\u00f9ng t\u1ea1i gia \u0111\u00ecnh, v\u0103n ph\u00f2ng, studio, ph\u00f2ng ng\u1ee7 ho\u1eb7c b\u1ea5t k\u1ef3 kh\u00f4ng gian n\u00e0o y\u00eau c\u1ea7u s\u1ef1 g\u1ecdn g\u00e0ng v\u00e0 ng\u0103n n\u1eafp.<\/p>\n<h2 class=\"wp-block-heading\">K\u1ebft lu\u1eadn<\/h2>\n<p>V\u1edbi s\u1ef1 k\u1ebft h\u1ee3p ho\u00e0n h\u1ea3o gi\u1eefa thi\u1ebft k\u1ebf tinh t\u1ebf, ch\u1ea5t li\u1ec7u b\u1ec1n b\u1ec9 v\u00e0 t\u00ednh n\u0103ng \u0111a d\u1ee5ng, gi\u00e1 treo tai nghe Ugreen 80701 l\u00e0 gi\u1ea3i ph\u00e1p ho\u00e0n h\u1ea3o gi\u00fap b\u1ea1n b\u1ea3o v\u1ec7 v\u00e0 s\u1eafp x\u1ebfp tai nghe m\u1ed9t c\u00e1ch chuy\u00ean nghi\u1ec7p. H\u00e3y s\u1edf h\u1eefu ngay s\u1ea3n ph\u1ea9m n\u00e0y \u0111\u1ec3 tr\u1ea3i nghi\u1ec7m s\u1ef1 ti\u1ec7n l\u1ee3i v\u00e0 \u0111\u1eb3ng c\u1ea5p cho kh\u00f4ng gian c\u1ee7a b\u1ea1n!<\/p>\n<\/div>\n","protected":false},"excerpt":{"rendered":"<ul>\n<li><strong>Thi\u1ebft k\u1ebf ch\u1eafc ch\u1eafn v\u00e0 b\u1ec1n b\u1ec9:<\/strong> C\u1ea5u tr\u00fac tam gi\u00e1c b\u1eb1ng h\u1ee3p kim nh\u00f4m cao c\u1ea5p \u0111\u1ea3m b\u1ea3o \u0111\u1ed9 \u1ed5n \u0111\u1ecbnh, gi\u00fap tai nghe kh\u00f4ng b\u1ecb r\u01a1i ho\u1eb7c l\u1eadt.<\/li>\n<li><strong>T\u01b0\u01a1ng th\u00edch r\u1ed9ng r\u00e3i<\/strong>: H\u1ed7 tr\u1ee3 nhi\u1ec1u lo\u1ea1i tai nghe t\u1eeb c\u00e1c th\u01b0\u01a1ng hi\u1ec7u n\u1ed5i ti\u1ebfng nh\u01b0 Bose, Sony, Sennheiser, Beats, AKG, Audio-Technica, v.v. \u200b<\/li>\n<li><strong>Qu\u1ea3n l\u00fd kh\u00f4ng gian hi\u1ec7u qu\u1ea3:<\/strong> Gi\u00fap s\u1eafp x\u1ebfp g\u1ecdn g\u00e0ng d\u00e2y c\u00e1p \u00e2m thanh v\u00e0 gi\u1ea3i ph\u00f3ng kh\u00f4ng gian tr\u00ean b\u00e0n l\u00e0m vi\u1ec7c ho\u1eb7c ph\u00f2ng l\u00e0m vi\u1ec7c.<\/li>\n<\/ul>\n","protected":false},"featured_media":995,"comment_status":"closed","ping_status":"closed","template":"","meta":{"_acf_changed":false},"product_brand":[25],"product_cat":[15],"product_tag":[],"class_list":{"0":"post-994","1":"product","2":"type-product","3":"status-publish","4":"has-post-thumbnail","6":"product_brand-ugreen","7":"product_cat-phu-kien-laptop-va-pc","9":"first","10":"instock","11":"sale","12":"shipping-taxable","13":"purchasable","14":"product-type-simple"},"acf":[],"_links":{"self":[{"href":"https:\/\/dienmay1.pluginaz.com\/index.php\/wp-json\/wp\/v2\/product\/994","targetHints":{"allow":["GET"]}}],"collection":[{"href":"https:\/\/dienmay1.pluginaz.com\/index.php\/wp-json\/wp\/v2\/product"}],"about":[{"href":"https:\/\/dienmay1.pluginaz.com\/index.php\/wp-json\/wp\/v2\/types\/product"}],"replies":[{"embeddable":true,"href":"https:\/\/dienmay1.pluginaz.com\/index.php\/wp-json\/wp\/v2\/comments?post=994"}],"wp:featuredmedia":[{"embeddable":true,"href":"https:\/\/dienmay1.pluginaz.com\/index.php\/wp-json\/wp\/v2\/media\/995"}],"wp:attachment":[{"href":"https:\/\/dienmay1.pluginaz.com\/index.php\/wp-json\/wp\/v2\/media?parent=994"}],"wp:term":[{"taxonomy":"product_brand","embeddable":true,"href":"https:\/\/dienmay1.pluginaz.com\/index.php\/wp-json\/wp\/v2\/product_brand?post=994"},{"taxonomy":"product_cat","embeddable":true,"href":"https:\/\/dienmay1.pluginaz.com\/index.php\/wp-json\/wp\/v2\/product_cat?post=994"},{"taxonomy":"product_tag","embeddable":true,"href":"https:\/\/dienmay1.pluginaz.com\/index.php\/wp-json\/wp\/v2\/product_tag?post=994"}],"curies":[{"name":"wp","href":"https:\/\/api.w.org\/{rel}","templated":true}]}}